{"id":1115431,"date":"2022-08-25T18:00:08","date_gmt":"2022-08-25T16:00:08","guid":{"rendered":"https:\/\/www.swisslens.ch\/orbis\/"},"modified":"2026-01-29T09:15:26","modified_gmt":"2026-01-29T08:15:26","slug":"orbis","status":"publish","type":"page","link":"https:\/\/www.swisslens.ch\/pt\/orbis\/","title":{"rendered":"Orbis"},"content":{"rendered":"<p>[et_pb_section fb_built=&#8221;1&#8243; specialty=&#8221;on&#8221; padding_bottom_2=&#8221;40px&#8221; admin_label=&#8221;Services&#8221; _builder_version=&#8221;4.25.1&#8243; background_color=&#8221;RGBA(255,255,255,0)&#8221; custom_padding=&#8221;54px|0px|0px|0|false|false&#8221; bottom_divider_height=&#8221;50px&#8221; bottom_divider_arrangement=&#8221;above_content&#8221; global_colors_info=&#8221;{}&#8221;][et_pb_column type=&#8221;1_2&#8243; _builder_version=&#8221;4.16&#8243; custom_padding=&#8221;|||&#8221; global_colors_info=&#8221;{}&#8221; custom_padding__hover=&#8221;|||&#8221;][et_pb_image src=&#8221;http:\/\/www.swisslens.ch\/wp-content\/uploads\/Illustration-Lentille-souple.png&#8221; alt=&#8221;Lentes de contacto esf\u00e9ricas hidr\u00f3filas Orbis&#8221; title_text=&#8221;Ilustra\u00e7\u00e3o Lente Hidr\u00f3fila&#8221; show_bottom_space=&#8221;off&#8221; align=&#8221;center&#8221; align_tablet=&#8221;center&#8221; align_phone=&#8221;&#8221; align_last_edited=&#8221;on|desktop&#8221; disabled_on=&#8221;off|off|off&#8221; _builder_version=&#8221;4.27.2&#8243; parallax=&#8221;on&#8221; background_blend=&#8221;hard-light&#8221; width=&#8221;60%&#8221; width_tablet=&#8221;60%&#8221; width_phone=&#8221;70%&#8221; width_last_edited=&#8221;on|phone&#8221; max_width=&#8221;100%&#8221; module_alignment=&#8221;right&#8221; custom_padding=&#8221;|20%|||false|false&#8221; custom_padding_tablet=&#8221;|20%|||false|false&#8221; custom_padding_phone=&#8221;|30%|||false|false&#8221; custom_padding_last_edited=&#8221;on|phone&#8221; animation_style=&#8221;slide&#8221; animation_direction=&#8221;right&#8221; animation_intensity_slide=&#8221;2%&#8221; custom_css_free_form=&#8221;@media(max-width:769px){.et_pb_image_0 .et_pb_image_wrap img {||        width: auto;||        max-width: 100% !important;||    }||}&#8221; global_colors_info=&#8221;{}&#8221;][\/et_pb_image][\/et_pb_column][et_pb_column type=&#8221;1_2&#8243; specialty_columns=&#8221;2&#8243; _builder_version=&#8221;4.16&#8243; custom_padding=&#8221;|||&#8221; global_colors_info=&#8221;{}&#8221; custom_padding__hover=&#8221;|||&#8221;][et_pb_row_inner _builder_version=&#8221;4.27.2&#8243; custom_margin=&#8221;54px|||-30px|false|false&#8221; custom_margin_tablet=&#8221;|||0px|false|false&#8221; custom_margin_phone=&#8221;0px|||0px|false|false&#8221; custom_margin_last_edited=&#8221;on|phone&#8221; custom_padding=&#8221;24px|0px|15px|0px|false|false&#8221; global_colors_info=&#8221;{}&#8221;][et_pb_column_inner saved_specialty_column_type=&#8221;1_2&#8243; _builder_version=&#8221;4.16&#8243; custom_padding=&#8221;|||&#8221; global_colors_info=&#8221;{}&#8221; custom_padding__hover=&#8221;|||&#8221;][et_pb_text _builder_version=&#8221;4.25.1&#8243; text_font=&#8221;Roboto|300|||||||&#8221; text_font_size=&#8221;16px&#8221; text_line_height=&#8221;1.8em&#8221; link_font=&#8221;Montserrat|700|||||||&#8221; link_text_color=&#8221;#fa546d&#8221; link_font_size=&#8221;22px&#8221; link_line_height=&#8221;1.5em&#8221; header_font=&#8221;||||||||&#8221; header_2_font=&#8221;SwissLens|700|||||||&#8221; header_2_font_size=&#8221;40px&#8221; header_2_line_height=&#8221;1.4em&#8221; header_6_font=&#8221;Montserrat|600||on|||||&#8221; header_6_text_color=&#8221;#ffb342&#8243; header_6_font_size=&#8221;16px&#8221; header_6_letter_spacing=&#8221;2px&#8221; header_6_line_height=&#8221;1.5em&#8221; max_width_last_edited=&#8221;off|desktop&#8221; module_alignment=&#8221;left&#8221; custom_margin=&#8221;-9px|||||&#8221; custom_padding=&#8221;|||&#8221; header_2_font_size_tablet=&#8221;&#8221; header_2_font_size_phone=&#8221;24px&#8221; header_2_font_size_last_edited=&#8221;on|phone&#8221; locked=&#8221;off&#8221; global_colors_info=&#8221;{}&#8221;]<\/p>\n<h2 style=\"text-align: justify;\">Orbis<\/h2>\n<p style=\"text-align: justify;\"><span>Uma lente de contacto Hidr\u00f3fila individual para todos os erros refractivos esf\u00e9ricos. A sua vasta gama de par\u00e2metros e materiais permite uma adapta\u00e7\u00e3o \u00f3ptima ao olho e, por conseguinte, um maior conforto de utiliza\u00e7\u00e3o e longos per\u00edodos de utiliza\u00e7\u00e3o. <\/span><\/p>\n<p>[\/et_pb_text][\/et_pb_column_inner][\/et_pb_row_inner][et_pb_row_inner column_structure=&#8221;1_2,1_2&#8243; use_custom_gutter=&#8221;on&#8221; gutter_width=&#8221;2&#8243; module_class=&#8221;doc-button&#8221; _builder_version=&#8221;4.27.0&#8243; custom_margin=&#8221;0px||50px|-30px|false|false&#8221; custom_margin_tablet=&#8221;|||0px|false|false&#8221; custom_margin_phone=&#8221;0px||-1px|0px|false|false&#8221; custom_margin_last_edited=&#8221;on|phone&#8221; global_colors_info=&#8221;{}&#8221;][et_pb_column_inner type=&#8221;1_2&#8243; saved_specialty_column_type=&#8221;1_2&#8243; _builder_version=&#8221;4.16&#8243; custom_padding=&#8221;|||&#8221; global_colors_info=&#8221;{}&#8221; custom_padding__hover=&#8221;|||&#8221;][et_pb_text module_class=&#8221;doc-button&#8221; _builder_version=&#8221;4.27.4&#8243; text_font=&#8221;Roboto||||||||&#8221; link_font=&#8221;||||||||&#8221; link_text_color=&#8221;#ffffff&#8221; header_4_font=&#8221;Roboto|900|||||||&#8221; header_4_font_size=&#8221;16px&#8221; background_color=&#8221;#1392B1&#8243; background_layout=&#8221;dark&#8221; custom_padding=&#8221;10px|20px|10px|20px|true|true&#8221; animation_style=&#8221;zoom&#8221; animation_delay=&#8221;300ms&#8221; animation_intensity_zoom=&#8221;20%&#8221; hover_enabled=&#8221;0&#8243; border_radii=&#8221;on|6px|6px|6px|6px&#8221; locked=&#8221;off&#8221; global_colors_info=&#8221;{}&#8221; sticky_enabled=&#8221;0&#8243;]<\/p>\n<div style=\"display: flex;\">\n<div style=\"margin-right: 10px;\"><img loading=\"lazy\" decoding=\"async\" src=\"\/wp-content\/uploads\/icon-tecnical-file-pdf.svg\" width=\"48\" height=\"48\" alt=\"\" class=\"wp-image-1118673 alignnone size-full\" \/><\/div>\n<div>\n<h4>Fitting guide<\/h4>\n<p>Download pdf<\/p>\n<\/div>\n<p>[\/et_pb_text][\/et_pb_column_inner][et_pb_column_inner type=&#8221;1_2&#8243; saved_specialty_column_type=&#8221;1_2&#8243; _builder_version=&#8221;4.16&#8243; custom_padding=&#8221;|||&#8221; global_colors_info=&#8221;{}&#8221; custom_padding__hover=&#8221;|||&#8221;][et_pb_text module_class=&#8221;guide-button&#8221; _builder_version=&#8221;4.27.4&#8243; text_font=&#8221;Roboto||||||||&#8221; link_font=&#8221;||||||||&#8221; link_text_color=&#8221;#666666&#8243; header_4_font=&#8221;Montserrat|700|||||||&#8221; header_4_font_size=&#8221;16px&#8221; header_4_line_height=&#8221;0.9em&#8221; background_color=&#8221;#ffffff&#8221; custom_padding=&#8221;10px|20px|10px|20px|true|true&#8221; animation_style=&#8221;zoom&#8221; animation_delay=&#8221;150ms&#8221; animation_intensity_zoom=&#8221;20%&#8221; hover_enabled=&#8221;0&#8243; border_radii=&#8221;on|6px|6px|6px|6px&#8221; box_shadow_style=&#8221;preset1&#8243; box_shadow_vertical=&#8221;0px&#8221; box_shadow_blur=&#8221;40px&#8221; box_shadow_color=&#8221;rgba(0,0,0,0.1)&#8221; locked=&#8221;off&#8221; global_colors_info=&#8221;{}&#8221; sticky_enabled=&#8221;0&#8243; disabled_on=&#8221;on|on|on&#8221; disabled=&#8221;on&#8221;]<\/p>\n<div style=\"display: flex;\">\n<div style=\"margin-right: 10px;\"><img loading=\"lazy\" decoding=\"async\" src=\"\/wp-content\/uploads\/icon-tecnical-file-pdf.svg\" width=\"48\" height=\"48\" alt=\"\" class=\"wp-image-1118673 alignnone size-full\" \/><\/div>\n<div>\n<h4>Fitting guide<\/h4>\n<p>Download pdf<\/p>\n<\/div>\n<\/div>\n<p>[\/et_pb_text][\/et_pb_column_inner][\/et_pb_row_inner][\/et_pb_column][\/et_pb_section][et_pb_section fb_built=&#8221;1&#8243; admin_label=&#8221;Products&#8221; _builder_version=&#8221;4.25.1&#8243; background_color=&#8221;RGBA(255,255,255,0)&#8221; custom_padding=&#8221;2.6px|0px|53.625px|0|false|false&#8221; global_colors_info=&#8221;{}&#8221;][et_pb_row _builder_version=&#8221;4.16&#8243; locked=&#8221;off&#8221; global_colors_info=&#8221;{}&#8221;][et_pb_column type=&#8221;4_4&#8243; _builder_version=&#8221;4.16&#8243; custom_padding=&#8221;|||&#8221; global_colors_info=&#8221;{}&#8221; custom_padding__hover=&#8221;|||&#8221;][et_pb_text _builder_version=&#8221;4.27.2&#8243; text_font=&#8221;Montserrat||||||||&#8221; text_font_size=&#8221;16px&#8221; text_line_height=&#8221;1.8em&#8221; link_font=&#8221;Montserrat|700|||||||&#8221; link_text_color=&#8221;#fa546d&#8221; link_font_size=&#8221;22px&#8221; link_line_height=&#8221;1.5em&#8221; header_font=&#8221;||||||||&#8221; header_2_font=&#8221;&#8211;et_global_heading_font|700|||||||&#8221; header_2_font_size=&#8221;40px&#8221; header_2_line_height=&#8221;1.4em&#8221; header_6_font=&#8221;&#8211;et_global_heading_font|||on|||||&#8221; header_6_text_color=&#8221;#ffb342&#8243; header_6_font_size=&#8221;16px&#8221; header_6_letter_spacing=&#8221;2px&#8221; header_6_line_height=&#8221;1.5em&#8221; text_orientation=&#8221;center&#8221; max_width=&#8221;700px&#8221; max_width_last_edited=&#8221;off|desktop&#8221; module_alignment=&#8221;center&#8221; custom_margin=&#8221;|||&#8221; custom_padding=&#8221;|||&#8221; header_2_font_size_tablet=&#8221;&#8221; header_2_font_size_phone=&#8221;24px&#8221; header_2_font_size_last_edited=&#8221;on|phone&#8221; locked=&#8221;off&#8221; global_colors_info=&#8221;{}&#8221;]<\/p>\n<h6><span class=\"ILfuVd\" lang=\"en\"><span class=\"hgKElc\" style=\"color: #404040!important;\">Acerca do produto<\/span><\/span><\/h6>\n<h2>Informa\u00e7\u00e3o<\/h2>\n<p>[\/et_pb_text][\/et_pb_column][\/et_pb_row][et_pb_row column_structure=&#8221;1_2,1_2&#8243; use_custom_gutter=&#8221;on&#8221; gutter_width=&#8221;2&#8243; make_equal=&#8221;on&#8221; _builder_version=&#8221;4.25.1&#8243; _module_preset=&#8221;default&#8221; custom_padding=&#8221;3px|||||&#8221; global_colors_info=&#8221;{}&#8221;][et_pb_column type=&#8221;1_2&#8243; _builder_version=&#8221;4.21.0&#8243; _module_preset=&#8221;default&#8221; global_colors_info=&#8221;{}&#8221;][et_pb_text _builder_version=&#8221;4.27.0&#8243; _module_preset=&#8221;default&#8221; text_font=&#8221;|300|||||||&#8221; text_font_size=&#8221;16px&#8221; text_line_height=&#8221;27px&#8221; background_color=&#8221;#FFFFFF&#8221; height=&#8221;100%&#8221; custom_padding=&#8221;20px|30px|20px|30px|false|false&#8221; border_radii=&#8221;on|20px|20px|20px|20px&#8221; box_shadow_style=&#8221;preset1&#8243; box_shadow_color=&#8221;rgba(0,0,0,0.1)&#8221; global_colors_info=&#8221;{}&#8221;]<\/p>\n<h3>Geometrias<\/h3>\n<p style=\"text-align: justify;\"><span>Com as suas zonas \u00f3pticas esf\u00e9ricas anterior e posterior, a lente Orbis assegura uma corre\u00e7\u00e3o precisa e exacta da vis\u00e3o para indiv\u00edduos com v\u00e1rios erros refractivos.<\/span><\/p>\n<p style=\"text-align: justify;\"><span><\/span><\/p>\n<p style=\"text-align: justify;\"><span>Orbis oferece uma adapta\u00e7\u00e3o \u00f3ptima \u00e0 curvatura do olho, resultando num conforto e estabilidade superiores. As v\u00e1rias periferias de aplanamento dispon\u00edveis proporcionam um ajuste personalizado que melhora a intera\u00e7\u00e3o lente-esclera, promovendo um conforto excecional e tempos de utiliza\u00e7\u00e3o prolongados. <\/span><\/p>\n<p><span><\/span><\/p>\n<p>[\/et_pb_text][\/et_pb_column][et_pb_column type=&#8221;1_2&#8243; _builder_version=&#8221;4.21.0&#8243; _module_preset=&#8221;default&#8221; global_colors_info=&#8221;{}&#8221;][et_pb_text _builder_version=&#8221;4.27.2&#8243; _module_preset=&#8221;default&#8221; text_font=&#8221;|600|||||||&#8221; background_color=&#8221;#FFFFFF&#8221; custom_padding=&#8221;20px|30px|20px|30px|false|false&#8221; border_radii=&#8221;on|20px|20px|20px|20px&#8221; box_shadow_style=&#8221;preset1&#8243; box_shadow_color=&#8221;rgba(0,0,0,0.1)&#8221; global_colors_info=&#8221;{}&#8221;]<\/p>\n<h3>Par\u00e2metros<\/h3>\n<div class=\"table-block\">\n<table border=\"1\" style=\"height: 192px; width: 100%; border-collapse: collapse; border-style: hidden;\">\n<tbody>\n<tr style=\"height: 24px;\">\n<td style=\"width: 50%; text-align: left; height: 24px;\">Di\u00e2metro total (mm)<\/td>\n<td style=\"width: 50%; height: 24px; text-align: left;\">12,00 a 15,00 (0,01)<\/td>\n<\/tr>\n<tr style=\"height: 24px;\">\n<td style=\"width: 50%; height: 24px;\">Curva de base (mm)<\/td>\n<td style=\"width: 50%; height: 24px; text-align: left;\">7,00 a 12,00 (0,01)<\/td>\n<\/tr>\n<tr style=\"height: 24px;\">\n<td style=\"width: 50%; height: 24px;\">Esfera D<\/td>\n<td style=\"width: 50%; height: 24px; text-align: left;\">-40.00 to +40.00 (0.01)<\/td>\n<\/tr>\n<tr style=\"height: 24px;\">\n<td style=\"width: 50%; height: 24px;\">Aplanamento <\/td>\n<td style=\"width: 50%; height: 24px; text-align: left;\">-1 a +2 (1)<\/td>\n<\/tr>\n<tr>\n<td style=\"width: 50%;\">Renova\u00e7\u00e3o<\/td>\n<td style=\"width: 50%; text-align: left;\">3, 6 ou 12 meses<\/td>\n<\/tr>\n<\/tbody>\n<\/table>\n<\/div>\n<p>[\/et_pb_text][et_pb_text _builder_version=&#8221;4.27.2&#8243; _dynamic_attributes=&#8221;link_option_url&#8221; _module_preset=&#8221;default&#8221; text_font=&#8221;|300|||||||&#8221; text_font_size=&#8221;16px&#8221; text_line_height=&#8221;27px&#8221; background_color=&#8221;#FFFFFF&#8221; position_origin_a=&#8221;bottom_center&#8221; position_origin_r=&#8221;bottom_right&#8221; width=&#8221;100%&#8221; custom_margin=&#8221;30px||||false|false&#8221; custom_margin_tablet=&#8221;30px||||false|false&#8221; custom_margin_phone=&#8221;80px||||false|false&#8221; custom_margin_last_edited=&#8221;on|phone&#8221; custom_padding=&#8221;20px|30px|20px|30px|false|false&#8221; link_option_url=&#8221;@ET-DC@eyJkeW5hbWljIjp0cnVlLCJjb250ZW50IjoicG9zdF9saW5rX3VybF9wYWdlIiwic2V0dGluZ3MiOnsicG9zdF9pZCI6IjY4IiwiZW5hYmxlX2h0bWwiOiJvZmYifX0=@&#8221; border_radii=&#8221;on|20px|20px|20px|20px&#8221; box_shadow_style=&#8221;preset1&#8243; box_shadow_color=&#8221;rgba(0,0,0,0.1)&#8221; global_colors_info=&#8221;{}&#8221;]<\/p>\n<h3>Materiais<\/h3>\n<p style=\"text-align: justify;\"><span>Descobre uma vasta gama de materiais de ponta meticulosamente trabalhados para proporcionar um conforto e uma clareza visual inigual\u00e1veis com a Orbis. Quer desejes a suavidade do Silicone de Hidrogel ou o conforto de confian\u00e7a do Hidrogel, as nossas op\u00e7\u00f5es de materiais avan\u00e7ados oferecem o equil\u00edbrio perfeito entre conforto, respirabilidade e durabilidade. <\/span><\/p>\n<p style=\"text-align: justify;\"><span><\/span><\/p>\n<h6 style=\"text-align: justify;\">Ver mais <img decoding=\"async\" style=\"position: relative; top: 3px;\" src=\"http:\/\/www.swisslens.ch\/wp-content\/uploads\/teenyicons_arrow-up-solid.svg\"><\/h6>\n<p>[\/et_pb_text][\/et_pb_column][\/et_pb_row][\/et_pb_section]<\/p>\n","protected":false},"excerpt":{"rendered":"<p>Orbis Uma lente de contacto Hidr\u00f3fila individual para todos os erros refractivos esf\u00e9ricos. A sua vasta gama de par\u00e2metros e materiais permite uma adapta\u00e7\u00e3o \u00f3ptima ao olho e, por conseguinte, [&hellip;]<\/p>\n","protected":false},"author":1,"featured_media":0,"parent":0,"menu_order":900,"comment_status":"closed","ping_status":"closed","template":"","meta":{"_et_pb_use_builder":"on","_et_pb_old_content":"","_et_gb_content_width":"","_price":"","_stock":"","_tribe_ticket_header":"","_tribe_default_ticket_provider":"","_tribe_ticket_capacity":"0","_ticket_start_date":"","_ticket_end_date":"","_tribe_ticket_show_description":"","_tribe_ticket_show_not_going":false,"_tribe_ticket_use_global_stock":"","_tribe_ticket_global_stock_level":"","_global_stock_mode":"","_global_stock_cap":"","_tribe_rsvp_for_event":"","_tribe_ticket_going_count":"","_tribe_ticket_not_going_count":"","_tribe_tickets_list":"[]","_tribe_ticket_has_attendee_info_fields":false,"footnotes":""},"class_list":["post-1115431","page","type-page","status-publish","hentry"],"_links":{"self":[{"href":"https:\/\/www.swisslens.ch\/pt\/wp-json\/wp\/v2\/pages\/1115431","targetHints":{"allow":["GET"]}}],"collection":[{"href":"https:\/\/www.swisslens.ch\/pt\/wp-json\/wp\/v2\/pages"}],"about":[{"href":"https:\/\/www.swisslens.ch\/pt\/wp-json\/wp\/v2\/types\/page"}],"author":[{"embeddable":true,"href":"https:\/\/www.swisslens.ch\/pt\/wp-json\/wp\/v2\/users\/1"}],"replies":[{"embeddable":true,"href":"https:\/\/www.swisslens.ch\/pt\/wp-json\/wp\/v2\/comments?post=1115431"}],"version-history":[{"count":6,"href":"https:\/\/www.swisslens.ch\/pt\/wp-json\/wp\/v2\/pages\/1115431\/revisions"}],"predecessor-version":[{"id":1167481,"href":"https:\/\/www.swisslens.ch\/pt\/wp-json\/wp\/v2\/pages\/1115431\/revisions\/1167481"}],"wp:attachment":[{"href":"https:\/\/www.swisslens.ch\/pt\/wp-json\/wp\/v2\/media?parent=1115431"}],"curies":[{"name":"wp","href":"https:\/\/api.w.org\/{rel}","templated":true}]}}