{"id":1115290,"date":"2022-08-25T18:03:43","date_gmt":"2022-08-25T16:03:43","guid":{"rendered":"https:\/\/www.swisslens.ch\/hydromed\/"},"modified":"2026-03-24T16:18:13","modified_gmt":"2026-03-24T15:18:13","slug":"hydromed","status":"publish","type":"page","link":"https:\/\/www.swisslens.ch\/pt\/hydromed\/","title":{"rendered":"HydroMed"},"content":{"rendered":"<p>[et_pb_section fb_built=&#8221;1&#8243; specialty=&#8221;on&#8221; padding_bottom_2=&#8221;40px&#8221; admin_label=&#8221;Services&#8221; _builder_version=&#8221;4.25.1&#8243; background_color=&#8221;RGBA(255,255,255,0)&#8221; custom_padding=&#8221;54px|0px|0px|0|false|false&#8221; bottom_divider_height=&#8221;50px&#8221; bottom_divider_arrangement=&#8221;above_content&#8221; global_colors_info=&#8221;{}&#8221;][et_pb_column type=&#8221;1_2&#8243; _builder_version=&#8221;4.16&#8243; custom_padding=&#8221;|||&#8221; global_colors_info=&#8221;{}&#8221; custom_padding__hover=&#8221;|||&#8221;][et_pb_image src=&#8221;https:\/\/www.swisslens.ch\/wp-content\/uploads\/Illustration-souple-medicale-hydrocone-hydroMed.png&#8221; title_text=&#8221;Ilustra\u00e7\u00e3o m\u00e9dica simples hydrocone hydroMed&#8221; show_bottom_space=&#8221;off&#8221; align_tablet=&#8221;center&#8221; align_phone=&#8221;&#8221; align_last_edited=&#8221;on|desktop&#8221; disabled_on=&#8221;off|off|off&#8221; _builder_version=&#8221;4.27.2&#8243; parallax=&#8221;on&#8221; background_blend=&#8221;hard-light&#8221; width=&#8221;60%&#8221; max_width=&#8221;100%&#8221; module_alignment=&#8221;right&#8221; custom_margin=&#8221;21px|||||&#8221; custom_margin_tablet=&#8221;21px|||||&#8221; custom_margin_phone=&#8221;0px||||false|false&#8221; custom_margin_last_edited=&#8221;on|phone&#8221; custom_padding=&#8221;|20%|||false|false&#8221; animation_style=&#8221;slide&#8221; animation_direction=&#8221;right&#8221; animation_intensity_slide=&#8221;2%&#8221; custom_css_free_form=&#8221;@media(max-width:769px){.et_pb_image_0 .et_pb_image_wrap img {||        width: auto;||        max-width: 100% !important;||  \tmargin-left:-80px;||    }||}&#8221; global_colors_info=&#8221;{}&#8221;][\/et_pb_image][\/et_pb_column][et_pb_column type=&#8221;1_2&#8243; specialty_columns=&#8221;2&#8243; _builder_version=&#8221;4.16&#8243; custom_padding=&#8221;|||&#8221; global_colors_info=&#8221;{}&#8221; custom_padding__hover=&#8221;|||&#8221;][et_pb_row_inner _builder_version=&#8221;4.16&#8243; custom_padding=&#8221;24px|0px|15px|0px|false|false&#8221; global_colors_info=&#8221;{}&#8221;][et_pb_column_inner saved_specialty_column_type=&#8221;1_2&#8243; _builder_version=&#8221;4.16&#8243; custom_padding=&#8221;|||&#8221; global_colors_info=&#8221;{}&#8221; custom_padding__hover=&#8221;|||&#8221;][et_pb_text _builder_version=&#8221;4.25.1&#8243; text_font=&#8221;Roboto|300|||||||&#8221; text_font_size=&#8221;16px&#8221; text_line_height=&#8221;1.8em&#8221; link_font=&#8221;Montserrat|700|||||||&#8221; link_text_color=&#8221;#fa546d&#8221; link_font_size=&#8221;22px&#8221; link_line_height=&#8221;1.5em&#8221; header_font=&#8221;||||||||&#8221; header_2_font=&#8221;SwissLens|700|||||||&#8221; header_2_font_size=&#8221;40px&#8221; header_2_line_height=&#8221;1.4em&#8221; header_6_font=&#8221;Montserrat|600||on|||||&#8221; header_6_text_color=&#8221;#ffb342&#8243; header_6_font_size=&#8221;16px&#8221; header_6_letter_spacing=&#8221;2px&#8221; header_6_line_height=&#8221;1.5em&#8221; max_width_last_edited=&#8221;off|desktop&#8221; module_alignment=&#8221;left&#8221; custom_margin=&#8221;|||&#8221; custom_padding=&#8221;|||&#8221; header_2_font_size_tablet=&#8221;&#8221; header_2_font_size_phone=&#8221;24px&#8221; header_2_font_size_last_edited=&#8221;on|phone&#8221; global_colors_info=&#8221;{}&#8221;]<\/p>\n<h2>HydroMed<\/h2>\n<h6 style=\"color: #000!important;\"><\/h6>\n<p style=\"text-align: justify;\"><span>Uma lente de contacto suave p\u00f3s-cir\u00fargica excecional, feita por medida, com um desenho \u00fanico e totalmente personaliz\u00e1vel. A estabiliza\u00e7\u00e3o din\u00e2mica patenteada assegura um fornecimento consistente de oxig\u00e9nio no limbo, ultrapassando as lentes de contacto prism\u00e1ticas normais. <\/span><\/p>\n<p>[\/et_pb_text][\/et_pb_column_inner][\/et_pb_row_inner][et_pb_row_inner column_structure=&#8221;1_2,1_2&#8243; use_custom_gutter=&#8221;on&#8221; gutter_width=&#8221;2&#8243; _builder_version=&#8221;4.25.1&#8243; custom_margin=&#8221;0px||0px||false|false&#8221; global_colors_info=&#8221;{}&#8221;][et_pb_column_inner type=&#8221;1_2&#8243; saved_specialty_column_type=&#8221;1_2&#8243; _builder_version=&#8221;4.16&#8243; custom_padding=&#8221;|||&#8221; global_colors_info=&#8221;{}&#8221; custom_padding__hover=&#8221;|||&#8221;][et_pb_text module_class=&#8221;doc-button guide-button&#8221; _builder_version=&#8221;4.27.4&#8243; text_font=&#8221;Roboto||||||||&#8221; link_font=&#8221;||||||||&#8221; link_text_color=&#8221;#ffffff&#8221; header_4_font=&#8221;Roboto|900|||||||&#8221; header_4_font_size=&#8221;16px&#8221; background_color=&#8221;#1392B1&#8243; background_layout=&#8221;dark&#8221; custom_padding=&#8221;10px|20px|10px|20px|true|true&#8221; animation_style=&#8221;zoom&#8221; animation_delay=&#8221;300ms&#8221; animation_intensity_zoom=&#8221;20%&#8221; link_option_url=&#8221;http:\/\/www.swisslens.ch\/wp-content\/uploads\/Fittingguide_multifocal_pt.pdf&#8221; link_option_url_new_window=&#8221;on&#8221; hover_enabled=&#8221;0&#8243; border_radii=&#8221;on|6px|6px|6px|6px&#8221; locked=&#8221;off&#8221; global_colors_info=&#8221;{}&#8221; sticky_enabled=&#8221;0&#8243;]<\/p>\n<div style=\"display: flex;\">\n<div style=\"margin-right: 10px;\"><img loading=\"lazy\" decoding=\"async\" src=\"\/wp-content\/uploads\/icon-tecnical-file-pdf.svg\" width=\"48\" height=\"48\" alt=\"\" class=\"wp-image-1118673 alignnone size-full\" \/><\/div>\n<div>\n<h4>Fitting guide<\/h4>\n<p>Multifocal Lenses<\/p>\n<p>Download pdf<\/p>\n<\/div>\n<\/div>\n<p>[\/et_pb_text][\/et_pb_column_inner][et_pb_column_inner type=&#8221;1_2&#8243; saved_specialty_column_type=&#8221;1_2&#8243; _builder_version=&#8221;4.16&#8243; custom_padding=&#8221;|||&#8221; global_colors_info=&#8221;{}&#8221; custom_padding__hover=&#8221;|||&#8221;][\/et_pb_column_inner][\/et_pb_row_inner][\/et_pb_column][\/et_pb_section][et_pb_section fb_built=&#8221;1&#8243; admin_label=&#8221;Products&#8221; _builder_version=&#8221;4.25.1&#8243; background_color=&#8221;RGBA(255,255,255,0)&#8221; custom_padding=&#8221;4px|0px|53.625px|0|false|false&#8221; global_colors_info=&#8221;{}&#8221;][et_pb_row _builder_version=&#8221;4.16&#8243; locked=&#8221;off&#8221; global_colors_info=&#8221;{}&#8221;][et_pb_column type=&#8221;4_4&#8243; _builder_version=&#8221;4.16&#8243; custom_padding=&#8221;|||&#8221; global_colors_info=&#8221;{}&#8221; custom_padding__hover=&#8221;|||&#8221;][et_pb_text _builder_version=&#8221;4.27.2&#8243; text_font=&#8221;Montserrat||||||||&#8221; text_font_size=&#8221;16px&#8221; text_line_height=&#8221;1.8em&#8221; link_font=&#8221;Montserrat|700|||||||&#8221; link_text_color=&#8221;#fa546d&#8221; link_font_size=&#8221;22px&#8221; link_line_height=&#8221;1.5em&#8221; header_font=&#8221;||||||||&#8221; header_2_font=&#8221;&#8211;et_global_heading_font|700|||||||&#8221; header_2_font_size=&#8221;40px&#8221; header_2_line_height=&#8221;1.4em&#8221; header_6_font=&#8221;&#8211;et_global_heading_font|||on|||||&#8221; header_6_text_color=&#8221;#ffb342&#8243; header_6_font_size=&#8221;16px&#8221; header_6_letter_spacing=&#8221;2px&#8221; header_6_line_height=&#8221;1.5em&#8221; text_orientation=&#8221;center&#8221; max_width=&#8221;700px&#8221; max_width_last_edited=&#8221;off|desktop&#8221; module_alignment=&#8221;center&#8221; custom_margin=&#8221;|||&#8221; custom_padding=&#8221;|||&#8221; header_2_font_size_tablet=&#8221;&#8221; header_2_font_size_phone=&#8221;24px&#8221; header_2_font_size_last_edited=&#8221;on|phone&#8221; locked=&#8221;off&#8221; global_colors_info=&#8221;{}&#8221;]<\/p>\n<h6><span class=\"ILfuVd\" lang=\"en\"><span class=\"hgKElc\" style=\"color: #404040!important;\">About product<\/span><\/span><\/h6>\n<h2>Information<\/h2>\n<p>[\/et_pb_text][\/et_pb_column][\/et_pb_row][et_pb_row column_structure=&#8221;1_2,1_2&#8243; use_custom_gutter=&#8221;on&#8221; gutter_width=&#8221;2&#8243; make_equal=&#8221;on&#8221; _builder_version=&#8221;4.25.1&#8243; _module_preset=&#8221;default&#8221; custom_padding=&#8221;2px|||||&#8221; global_colors_info=&#8221;{}&#8221;][et_pb_column type=&#8221;1_2&#8243; _builder_version=&#8221;4.21.0&#8243; _module_preset=&#8221;default&#8221; global_colors_info=&#8221;{}&#8221;][et_pb_text _builder_version=&#8221;4.27.2&#8243; _module_preset=&#8221;default&#8221; text_font=&#8221;|300|||||||&#8221; text_font_size=&#8221;16px&#8221; text_line_height=&#8221;27px&#8221; background_color=&#8221;#FFFFFF&#8221; height=&#8221;100%&#8221; custom_padding=&#8221;20px|30px|20px|30px|false|false&#8221; custom_css_free_form=&#8221;.et_pb_column_3 .entry-content tr td {||  text-align:center !important;||}&#8221; border_radii=&#8221;on|20px|20px|20px|20px&#8221; box_shadow_style=&#8221;preset1&#8243; box_shadow_color=&#8221;rgba(0,0,0,0.1)&#8221; global_colors_info=&#8221;{}&#8221;]<\/p>\n<h3>Geometries<\/h3>\n<p>&nbsp;<\/p>\n<p style=\"text-align: justify;\"><span>Dependendo da topografia, o HydroMed est\u00e1 dispon\u00edvel com um ou dois perif\u00e9ricos  <\/span><span>curvas personaliz\u00e1veis. Esta abordagem personalizada garante um conforto semelhante ao das lentes de contacto gelatinosas normais, ao mesmo tempo que permite o ajuste da zona \u00f3tica para obter uma acuidade visual compar\u00e1vel \u00e0 das lentes r\u00edgidas. <\/span><\/p>\n<div class=\"table-block-g\">\n<table border=\"1\" style=\"width: 100%; border-collapse: collapse; border-style: hidden;\">\n<tbody>\n<tr>\n<td style=\"width: 69.95px;\"><\/td>\n<td style=\"width: 125.412px; text-align: center;\">Superf\u00edcie traseira<\/td>\n<td style=\"width: 105.438px; text-align: center;\">Superf\u00edcie frontal<\/td>\n<\/tr>\n<tr>\n<td style=\"width: 69.95px; text-align: center;\"><img loading=\"lazy\" decoding=\"async\" src=\"https:\/\/www.swisslens.ch\/wp-content\/uploads\/ext@4x-8.png\" width=\"22\" height=\"32\" alt=\"\" class=\"wp-image-1089586 alignnone size-full\">  <img loading=\"lazy\" decoding=\"async\" src=\"https:\/\/www.swisslens.ch\/wp-content\/uploads\/Dyn@4x-8.png\" width=\"22\" height=\"32\" alt=\"\" class=\"wp-image-1089568 alignnone size-full\"><\/td>\n<td style=\"width: 105.412px; text-align: center !important;\">Esf\u00e9rico<\/td>\n<td style=\"width: 105.438px; text-align: center;\">T\u00f3rica din\u00e2mica<\/td>\n<\/tr>\n<\/tbody>\n<\/table>\n<\/div>\n<p style=\"text-align: justify;\"><span>Dispon\u00edvel nas vers\u00f5es vis\u00e3o simples e multifocal.  <\/span>Tr\u00eas designs multifocais distintos para responder a necessidades visuais \u00fanicas. Desfruta de transi\u00e7\u00f5es perfeitas, de uma nitidez excecional e da liberdade de te concentrares no que \u00e9 mais importante para ti. <\/p>\n<div class=\"table-block-g\">\n<table border=\"1\" style=\"width: 100%; border-collapse: collapse; border-style: hidden;\">\n<tbody>\n<tr>\n<td style=\"width: 69.95px; text-align: center;\"><img loading=\"lazy\" decoding=\"async\" src=\"https:\/\/www.swisslens.ch\/wp-content\/uploads\/BF@4x-8.png\" width=\"22\" height=\"32\" alt=\"\" class=\"wp-image-1089637 alignnone size-full\"><\/td>\n<td style=\"width: 105.412px; text-align: center;\">Bifocal<\/td>\n<td style=\"width: 105.438px; text-align: center;\">CD ou CN<\/td>\n<\/tr>\n<tr>\n<td style=\"width: 69.95px; text-align: center;\"><img loading=\"lazy\" decoding=\"async\" src=\"https:\/\/www.swisslens.ch\/wp-content\/uploads\/Sp@4x-8.png\" width=\"22\" height=\"32\" alt=\"\" class=\"wp-image-1089654 alignnone size-full\"><\/td>\n<td style=\"width: 105.412px; text-align: center;\">Simples Progressivo<\/td>\n<td style=\"width: 105.438px; text-align: center;\">CD ou CN<\/td>\n<\/tr>\n<tr>\n<td style=\"width: 69.95px; text-align: center;\"><img loading=\"lazy\" decoding=\"async\" src=\"https:\/\/www.swisslens.ch\/wp-content\/uploads\/MP@4x-8.png\" width=\"22\" height=\"32\" alt=\"\" class=\"wp-image-1089671 alignnone size-full\"><\/td>\n<td style=\"width: 105.412px; text-align: center;\">Multi Progressivo<\/td>\n<td style=\"width: 105.438px; text-align: center;\">CN<\/td>\n<\/tr>\n<\/tbody>\n<\/table>\n<\/div>\n<p>[\/et_pb_text][\/et_pb_column][et_pb_column type=&#8221;1_2&#8243; _builder_version=&#8221;4.21.0&#8243; _module_preset=&#8221;default&#8221; global_colors_info=&#8221;{}&#8221;][et_pb_text _builder_version=&#8221;4.27.2&#8243; _module_preset=&#8221;default&#8221; text_font=&#8221;|600|||||||&#8221; background_color=&#8221;#FFFFFF&#8221; custom_padding=&#8221;20px|30px|20px|30px|false|false&#8221; border_radii=&#8221;on|20px|20px|20px|20px&#8221; box_shadow_style=&#8221;preset1&#8243; box_shadow_color=&#8221;rgba(0,0,0,0.1)&#8221; global_colors_info=&#8221;{}&#8221;]<\/p>\n<h3>Parameters<\/h3>\n<div class=\"table-block\">\n<table border=\"1\" style=\"height: 192px; width: 100%; border-collapse: collapse; border-style: hidden;\">\n<tbody>\n<tr style=\"height: 24px;\">\n<td style=\"width: 50%; text-align: left; height: 24px;\">Di\u00e2metro total (mm)<\/td>\n<td style=\"width: 50%; height: 24px; text-align: left;\">12,00 a 17,00 (0,01)<\/td>\n<\/tr>\n<tr style=\"height: 24px;\">\n<td style=\"width: 50%; height: 24px;\">Curva de base (mm)<\/td>\n<td style=\"width: 50%; height: 24px; text-align: left;\">7,00 a 12,00 (0,01)<\/td>\n<\/tr>\n<tr style=\"height: 24px;\">\n<td style=\"width: 50%; height: 24px;\">Esfera D<\/td>\n<td style=\"width: 50%; height: 24px; text-align: left;\">-40.00 a +40.00 (0.01)<\/td>\n<\/tr>\n<tr style=\"height: 24px;\">\n<td style=\"width: 50%; height: 24px;\">Cilindro D<\/td>\n<td style=\"width: 50%; height: 24px; text-align: left;\">-0,25 a -8,00 (0,01)<\/td>\n<\/tr>\n<tr style=\"height: 24px;\">\n<td style=\"width: 50%; height: 24px;\">Eixo<span>(\u00b0<\/span>)<\/td>\n<td style=\"width: 50%; height: 24px; text-align: left;\">0 a 180 (1)<\/td>\n<\/tr>\n<tr style=\"height: 24px;\">\n<td style=\"width: 50%; height: 24px;\">Adi\u00e7\u00e3o D<\/td>\n<td style=\"width: 50%; height: 24px; text-align: left;\">+0,50 a +4,00 (0,01)<\/td>\n<\/tr>\n<tr style=\"height: 24px;\">\n<td style=\"width: 50%; height: 24px;\">Zona \u00f3tica central (mm)<\/td>\n<td style=\"width: 50%; height: 24px; text-align: left;\">1,00 a 5,50 (0,01)<\/td>\n<\/tr>\n<tr style=\"height: 24px;\">\n<td style=\"width: 50%; height: 24px;\">Achatamento<\/td>\n<td style=\"width: 50%; height: 24px; text-align: left;\"><span>1 ou 2 zonas perif\u00e9ricas personaliz\u00e1veis<\/span><\/td>\n<\/tr>\n<tr>\n<td style=\"width: 50%;\">Renova\u00e7\u00e3o<\/td>\n<td style=\"width: 50%; text-align: left;\">3 ou 6 meses<\/td>\n<\/tr>\n<\/tbody>\n<\/table>\n<\/div>\n<p>[\/et_pb_text][et_pb_text _builder_version=&#8221;4.27.2&#8243; _dynamic_attributes=&#8221;link_option_url&#8221; _module_preset=&#8221;default&#8221; text_font=&#8221;|300|||||||&#8221; text_font_size=&#8221;16px&#8221; background_color=&#8221;#FFFFFF&#8221; position_origin_a=&#8221;bottom_center&#8221; position_origin_r=&#8221;bottom_right&#8221; width=&#8221;100%&#8221; custom_margin=&#8221;30px||||false|false&#8221; custom_margin_tablet=&#8221;30px||||false|false&#8221; custom_margin_phone=&#8221;80px||||false|false&#8221; custom_margin_last_edited=&#8221;on|phone&#8221; custom_padding=&#8221;20px|30px|20px|30px|false|false&#8221; link_option_url=&#8221;@ET-DC@eyJkeW5hbWljIjp0cnVlLCJjb250ZW50IjoicG9zdF9saW5rX3VybF9wYWdlIiwic2V0dGluZ3MiOnsicG9zdF9pZCI6IjY4In19@&#8221; border_radii=&#8221;on|20px|20px|20px|20px&#8221; box_shadow_style=&#8221;preset1&#8243; box_shadow_color=&#8221;rgba(0,0,0,0.1)&#8221; global_colors_info=&#8221;{}&#8221;]<\/p>\n<h3>Materials<\/h3>\n<p style=\"text-align: justify;\"><span>Descobre uma vasta gama de materiais de ponta meticulosamente trabalhados para proporcionar um conforto e uma clareza visual sem paralelo com a HydroMed. Quer desejes a suavidade do hidrogel de silicone ou o conforto fi\u00e1vel do hidrogel, as nossas op\u00e7\u00f5es de materiais avan\u00e7ados oferecem o equil\u00edbrio perfeito entre conforto, respirabilidade e durabilidade. <\/p>\n<p><\/span><\/p>\n<h6 style=\"text-align: justify;\">View more <img decoding=\"async\" style=\"position: relative; top: 3px;\" src=\"https:\/\/www.swisslens.ch\/wp-content\/uploads\/teenyicons_arrow-up-solid.svg\"><\/h6>\n<p>[\/et_pb_text][\/et_pb_column][\/et_pb_row][\/et_pb_section]<\/p>\n","protected":false},"excerpt":{"rendered":"<p>HydroMed Uma lente de contacto suave p\u00f3s-cir\u00fargica excecional, feita por medida, com um desenho \u00fanico e totalmente personaliz\u00e1vel. A estabiliza\u00e7\u00e3o din\u00e2mica patenteada assegura um fornecimento consistente de oxig\u00e9nio no limbo, [&hellip;]<\/p>\n","protected":false},"author":1,"featured_media":0,"parent":0,"menu_order":906,"comment_status":"closed","ping_status":"closed","template":"","meta":{"_et_pb_use_builder":"on","_et_pb_old_content":"","_et_gb_content_width":"","_price":"","_stock":"","_tribe_ticket_header":"","_tribe_default_ticket_provider":"","_tribe_ticket_capacity":"0","_ticket_start_date":"","_ticket_end_date":"","_tribe_ticket_show_description":"","_tribe_ticket_show_not_going":false,"_tribe_ticket_use_global_stock":"","_tribe_ticket_global_stock_level":"","_global_stock_mode":"","_global_stock_cap":"","_tribe_rsvp_for_event":"","_tribe_ticket_going_count":"","_tribe_ticket_not_going_count":"","_tribe_tickets_list":"[]","_tribe_ticket_has_attendee_info_fields":false,"footnotes":""},"class_list":["post-1115290","page","type-page","status-publish","hentry"],"_links":{"self":[{"href":"https:\/\/www.swisslens.ch\/pt\/wp-json\/wp\/v2\/pages\/1115290","targetHints":{"allow":["GET"]}}],"collection":[{"href":"https:\/\/www.swisslens.ch\/pt\/wp-json\/wp\/v2\/pages"}],"about":[{"href":"https:\/\/www.swisslens.ch\/pt\/wp-json\/wp\/v2\/types\/page"}],"author":[{"embeddable":true,"href":"https:\/\/www.swisslens.ch\/pt\/wp-json\/wp\/v2\/users\/1"}],"replies":[{"embeddable":true,"href":"https:\/\/www.swisslens.ch\/pt\/wp-json\/wp\/v2\/comments?post=1115290"}],"version-history":[{"count":7,"href":"https:\/\/www.swisslens.ch\/pt\/wp-json\/wp\/v2\/pages\/1115290\/revisions"}],"predecessor-version":[{"id":1169355,"href":"https:\/\/www.swisslens.ch\/pt\/wp-json\/wp\/v2\/pages\/1115290\/revisions\/1169355"}],"wp:attachment":[{"href":"https:\/\/www.swisslens.ch\/pt\/wp-json\/wp\/v2\/media?parent=1115290"}],"curies":[{"name":"wp","href":"https:\/\/api.w.org\/{rel}","templated":true}]}}