{"id":1114887,"date":"2022-08-26T00:05:56","date_gmt":"2022-08-25T22:05:56","guid":{"rendered":"https:\/\/www.swisslens.ch\/tiras-de-diagnostico\/"},"modified":"2026-01-29T09:11:46","modified_gmt":"2026-01-29T08:11:46","slug":"tiras-de-diagnostico","status":"publish","type":"page","link":"https:\/\/www.swisslens.ch\/pt\/tiras-de-diagnostico\/","title":{"rendered":"Tiras de diagn\u00f3stico"},"content":{"rendered":"<p>[et_pb_section fb_built=&#8221;1&#8243; specialty=&#8221;on&#8221; custom_padding_last_edited=&#8221;on|phone&#8221; padding_bottom_2=&#8221;40px&#8221; admin_label=&#8221;Services&#8221; _builder_version=&#8221;4.27.2&#8243; background_color=&#8221;RGBA(255,255,255,0)&#8221; custom_padding=&#8221;54px|0px|0px|0|false|false&#8221; custom_padding_tablet=&#8221;54px|0px|0px|0|false|false&#8221; custom_padding_phone=&#8221;30px|0px|0px|0|false|false&#8221; bottom_divider_height=&#8221;50px&#8221; bottom_divider_arrangement=&#8221;above_content&#8221; global_colors_info=&#8221;{}&#8221;][et_pb_column type=&#8221;1_2&#8243; _builder_version=&#8221;4.16&#8243; custom_padding=&#8221;|||&#8221; global_colors_info=&#8221;{}&#8221; custom_padding__hover=&#8221;|||&#8221;][et_pb_image src=&#8221;http:\/\/www.swisslens.ch\/wp-content\/uploads\/Group-138.png&#8221; title_text=&#8221;Grupo 138&#8243; show_bottom_space=&#8221;off&#8221; align_tablet=&#8221;center&#8221; align_phone=&#8221;&#8221; align_last_edited=&#8221;on|desktop&#8221; _builder_version=&#8221;4.27.2&#8243; parallax=&#8221;on&#8221; background_blend=&#8221;hard-light&#8221; width=&#8221;100%&#8221; max_width=&#8221;100%&#8221; module_alignment=&#8221;left&#8221; custom_margin=&#8221;7.4%||||false|false&#8221; custom_margin_tablet=&#8221;7.4%||||false|false&#8221; custom_margin_phone=&#8221;0%||||false|false&#8221; custom_margin_last_edited=&#8221;on|phone&#8221; custom_padding=&#8221;|||30%|false|false&#8221; custom_padding_tablet=&#8221;|||30%|false|false&#8221; custom_padding_phone=&#8221;|||0%|false|false&#8221; custom_padding_last_edited=&#8221;on|phone&#8221; animation_style=&#8221;slide&#8221; animation_direction=&#8221;right&#8221; animation_intensity_slide=&#8221;2%&#8221; custom_css_free_form=&#8221;@media(max-width:769px){.et_pb_image_0 .et_pb_image_wrap img {||        width: auto;||        max-width: 90% !important;||    }||}&#8221; global_colors_info=&#8221;{}&#8221;][\/et_pb_image][\/et_pb_column][et_pb_column type=&#8221;1_2&#8243; specialty_columns=&#8221;2&#8243; _builder_version=&#8221;4.16&#8243; custom_padding=&#8221;|||&#8221; global_colors_info=&#8221;{}&#8221; custom_padding__hover=&#8221;|||&#8221;][et_pb_row_inner custom_padding_last_edited=&#8221;on|phone&#8221; _builder_version=&#8221;4.27.2&#8243; custom_padding=&#8221;24px|0px|15px|0px|false|false&#8221; custom_padding_tablet=&#8221;24px|0px|15px|0px|false|false&#8221; custom_padding_phone=&#8221;0px|0px|15px|0px|false|false&#8221; global_colors_info=&#8221;{}&#8221;][et_pb_column_inner saved_specialty_column_type=&#8221;1_2&#8243; _builder_version=&#8221;4.16&#8243; custom_padding=&#8221;|||&#8221; global_colors_info=&#8221;{}&#8221; custom_padding__hover=&#8221;|||&#8221;][et_pb_text _builder_version=&#8221;4.25.1&#8243; text_font=&#8221;Roboto|300|||||||&#8221; text_font_size=&#8221;16px&#8221; text_line_height=&#8221;1.8em&#8221; link_font=&#8221;Montserrat|700|||||||&#8221; link_text_color=&#8221;#fa546d&#8221; link_font_size=&#8221;22px&#8221; link_line_height=&#8221;1.5em&#8221; header_font=&#8221;||||||||&#8221; header_2_font=&#8221;Roboto|700|||||||&#8221; header_2_font_size=&#8221;40px&#8221; header_2_line_height=&#8221;1.4em&#8221; header_6_font=&#8221;Montserrat|600||on|||||&#8221; header_6_text_color=&#8221;#ffb342&#8243; header_6_font_size=&#8221;16px&#8221; header_6_letter_spacing=&#8221;2px&#8221; header_6_line_height=&#8221;1.5em&#8221; max_width_last_edited=&#8221;off|desktop&#8221; module_alignment=&#8221;left&#8221; custom_margin=&#8221;26px|||||&#8221; custom_padding=&#8221;|||&#8221; header_2_font_size_tablet=&#8221;&#8221; header_2_font_size_phone=&#8221;24px&#8221; header_2_font_size_last_edited=&#8221;on|phone&#8221; global_colors_info=&#8221;{}&#8221;]<\/p>\n<h2>Tiras de diagn\u00f3stico<\/h2>\n<h6 style=\"color: #000!important;\"><\/h6>\n<p style=\"text-align: justify;\"><span>Com as tiras de diagn\u00f3stico CE, os profissionais de sa\u00fade ocular podem contar com ferramentas de diagn\u00f3stico precisas e fi\u00e1veis para avaliar com precis\u00e3o a adapta\u00e7\u00e3o das lentes de contacto, a qualidade da pel\u00edcula lacrimal, a sa\u00fade da c\u00f3rnea e a produ\u00e7\u00e3o de l\u00e1grimas. Confia na excel\u00eancia das nossas tiras de diagn\u00f3stico para uma avalia\u00e7\u00e3o abrangente dos cuidados oculares. <\/span><\/p>\n<p>[\/et_pb_text][\/et_pb_column_inner][\/et_pb_row_inner][et_pb_row_inner column_structure=&#8221;1_2,1_2&#8243; use_custom_gutter=&#8221;on&#8221; gutter_width=&#8221;2&#8243; _builder_version=&#8221;4.25.1&#8243; custom_margin=&#8221;0px||0px||false|false&#8221; global_colors_info=&#8221;{}&#8221;][et_pb_column_inner type=&#8221;1_2&#8243; saved_specialty_column_type=&#8221;1_2&#8243; _builder_version=&#8221;4.16&#8243; custom_padding=&#8221;|||&#8221; global_colors_info=&#8221;{}&#8221; custom_padding__hover=&#8221;|||&#8221;][et_pb_text module_class=&#8221;doc-button&#8221; _builder_version=&#8221;4.27.4&#8243; text_font=&#8221;Roboto||||||||&#8221; link_font=&#8221;||||||||&#8221; link_text_color=&#8221;#ffffff&#8221; header_4_font=&#8221;Roboto|900|||||||&#8221; header_4_font_size=&#8221;16px&#8221; background_color=&#8221;#1392B1&#8243; background_layout=&#8221;dark&#8221; custom_padding=&#8221;10px|20px|10px|20px|true|true&#8221; animation_style=&#8221;zoom&#8221; animation_delay=&#8221;300ms&#8221; animation_intensity_zoom=&#8221;20%&#8221; hover_enabled=&#8221;0&#8243; border_radii=&#8221;on|6px|6px|6px|6px&#8221; locked=&#8221;off&#8221; global_colors_info=&#8221;{}&#8221; sticky_enabled=&#8221;0&#8243;]<\/p>\n<div style=\"display: flex;\">\n<div style=\"margin-right: 10px;\"><img loading=\"lazy\" decoding=\"async\" src=\"\/wp-content\/uploads\/icon-tecnical-file-pdf.svg\" width=\"48\" height=\"48\" alt=\"\" class=\"wp-image-1118673 alignnone size-full\" \/><\/div>\n<div>\n<h4>Fitting guide<\/h4>\n<p>Download pdf<\/p>\n<\/div>\n<p>[\/et_pb_text][\/et_pb_column_inner][et_pb_column_inner type=&#8221;1_2&#8243; saved_specialty_column_type=&#8221;1_2&#8243; _builder_version=&#8221;4.16&#8243; custom_padding=&#8221;|||&#8221; global_colors_info=&#8221;{}&#8221; custom_padding__hover=&#8221;|||&#8221;][et_pb_text disabled_on=&#8221;on|on|on&#8221; module_class=&#8221;guide-button&#8221; _builder_version=&#8221;4.27.0&#8243; text_font=&#8221;Roboto||||||||&#8221; link_font=&#8221;||||||||&#8221; link_text_color=&#8221;#666666&#8243; header_4_font=&#8221;Montserrat|700|||||||&#8221; header_4_font_size=&#8221;16px&#8221; header_4_line_height=&#8221;0.9em&#8221; background_color=&#8221;#ffffff&#8221; custom_padding=&#8221;10px|20px|10px|20px|true|true&#8221; animation_style=&#8221;zoom&#8221; animation_delay=&#8221;150ms&#8221; animation_intensity_zoom=&#8221;20%&#8221; border_radii=&#8221;on|6px|6px|6px|6px&#8221; box_shadow_style=&#8221;preset1&#8243; box_shadow_vertical=&#8221;0px&#8221; box_shadow_blur=&#8221;40px&#8221; box_shadow_color=&#8221;rgba(0,0,0,0.1)&#8221; disabled=&#8221;on&#8221; locked=&#8221;off&#8221; global_colors_info=&#8221;{}&#8221;]<\/p>\n<div style=\"display: flex;\">\n<div style=\"margin-right: 10px;\"><img loading=\"lazy\" decoding=\"async\" src=\"\/wp-content\/uploads\/icon-fitting-guide.svg\" width=\"48\" height=\"48\" alt=\"\" class=\"wp-image-1118673 alignnone size-full\"><\/div>\n<div>\n<h4>Fitting Guide<\/h4>\n<p><a href=\"\/?p=711&amp;wpdmdl=711&amp;masterkey=e4Ub2S0DWwfCDcrT-SGXUWKfWTjY07flvstgstC-Oft41zOt3Psjgd5h8thuuNBt3sCBbki7Sh-TLj2GQjZGpHwP3v8nQSDwyzXoFYuFzeUmpro#\">Descarrega o PDF<\/a><\/p>\n<\/div>\n<\/div>\n<p>[\/et_pb_text][\/et_pb_column_inner][\/et_pb_row_inner][\/et_pb_column][\/et_pb_section][et_pb_section fb_built=&#8221;1&#8243; admin_label=&#8221;Products&#8221; _builder_version=&#8221;4.25.1&#8243; background_color=&#8221;RGBA(255,255,255,0)&#8221; custom_padding=&#8221;1.6px|0px|53.625px|0|false|false&#8221; global_colors_info=&#8221;{}&#8221;][et_pb_row _builder_version=&#8221;4.16&#8243; locked=&#8221;off&#8221; global_colors_info=&#8221;{}&#8221;][et_pb_column type=&#8221;4_4&#8243; _builder_version=&#8221;4.16&#8243; custom_padding=&#8221;|||&#8221; global_colors_info=&#8221;{}&#8221; custom_padding__hover=&#8221;|||&#8221;][et_pb_text _builder_version=&#8221;4.27.2&#8243; text_font=&#8221;Montserrat||||||||&#8221; text_font_size=&#8221;16px&#8221; text_line_height=&#8221;1.8em&#8221; link_font=&#8221;Montserrat|700|||||||&#8221; link_text_color=&#8221;#fa546d&#8221; link_font_size=&#8221;22px&#8221; link_line_height=&#8221;1.5em&#8221; header_font=&#8221;||||||||&#8221; header_2_font=&#8221;Roboto|700|||||||&#8221; header_2_font_size=&#8221;40px&#8221; header_2_line_height=&#8221;1.4em&#8221; header_6_font=&#8221;Roboto|||on|||||&#8221; header_6_text_color=&#8221;#ffb342&#8243; header_6_font_size=&#8221;16px&#8221; header_6_letter_spacing=&#8221;2px&#8221; header_6_line_height=&#8221;1.5em&#8221; text_orientation=&#8221;center&#8221; max_width=&#8221;700px&#8221; max_width_last_edited=&#8221;off|desktop&#8221; module_alignment=&#8221;center&#8221; custom_margin=&#8221;|||&#8221; custom_padding=&#8221;|||&#8221; header_2_font_size_tablet=&#8221;&#8221; header_2_font_size_phone=&#8221;24px&#8221; header_2_font_size_last_edited=&#8221;on|phone&#8221; locked=&#8221;off&#8221; global_colors_info=&#8221;{}&#8221;]<\/p>\n<h6><span class=\"ILfuVd\" lang=\"en\"><span class=\"hgKElc\" style=\"color: #404040!important;\">Sobre o produtoS<\/span><\/span><\/h6>\n<h2>Information<\/h2>\n<p>[\/et_pb_text][\/et_pb_column][\/et_pb_row][et_pb_row column_structure=&#8221;1_3,1_3,1_3&#8243; _builder_version=&#8221;4.21.0&#8243; _module_preset=&#8221;default&#8221; custom_padding=&#8221;5px|||||&#8221; global_colors_info=&#8221;{}&#8221;][et_pb_column type=&#8221;1_3&#8243; _builder_version=&#8221;4.21.0&#8243; _module_preset=&#8221;default&#8221; global_colors_info=&#8221;{}&#8221;][et_pb_blurb title=&#8221;Fluoresce\u00edna&#8221; image=&#8221;http:\/\/www.swisslens.ch\/wp-content\/uploads\/swisslens-fluorescein-strips.jpeg&#8221; module_class=&#8221;productBlock&#8221; _builder_version=&#8221;4.27.2&#8243; _module_preset=&#8221;default&#8221; body_font=&#8221;|300|||||||&#8221; border_radii_image=&#8221;on|20px|20px|20px|20px&#8221; box_shadow_style_image=&#8221;preset1&#8243; box_shadow_vertical_image=&#8221;0px&#8221; box_shadow_blur_image=&#8221;40px&#8221; box_shadow_color_image=&#8221;rgba(10,10,10,0.1)&#8221; global_colors_info=&#8221;{}&#8221;]<\/p>\n<p style=\"text-align: left;\"><span>As nossas tiras de fluoresce\u00edna foram especialmente concebidas para ajudar os profissionais de sa\u00fade ocular a avaliar a adapta\u00e7\u00e3o das lentes de contacto RGP, a integridade da pel\u00edcula lacrimal e a detetar irregularidades na c\u00f3rnea. Estas tiras s\u00e3o utilizadas com uma luz azul-cobalto para visualizar a rutura da pel\u00edcula lacrimal e identificar quaisquer anomalias na superf\u00edcie da c\u00f3rnea. Recomendamos a utiliza\u00e7\u00e3o do filtro amarelo para aumentar o contraste.  <\/span><\/p>\n<p>[\/et_pb_blurb][\/et_pb_column][et_pb_column type=&#8221;1_3&#8243; _builder_version=&#8221;4.21.0&#8243; _module_preset=&#8221;default&#8221; global_colors_info=&#8221;{}&#8221;][et_pb_blurb title=&#8221;Tiras de fluoresce\u00edna de elevada molecularidade&#8221; image=&#8221;http:\/\/www.swisslens.ch\/wp-content\/uploads\/swisslens-high-molecular-fluorescein-strips.jpeg&#8221; _builder_version=&#8221;4.27.2&#8243; _module_preset=&#8221;default&#8221; body_font=&#8221;|300|||||||&#8221; border_radii_image=&#8221;on|20px|20px|20px|20px&#8221; box_shadow_style_image=&#8221;preset1&#8243; box_shadow_vertical_image=&#8221;0px&#8221; box_shadow_blur_image=&#8221;40px&#8221; box_shadow_color_image=&#8221;rgba(10,10,10,0.1)&#8221; global_colors_info=&#8221;{}&#8221;]<\/p>\n<p style=\"text-align: left;\"><span>Ao utilizar tiras de fluoresce\u00edna de alto peso molecular, os profissionais de sa\u00fade ocular podem obter informa\u00e7\u00f5es precisas e detalhadas sobre a intera\u00e7\u00e3o lente-c\u00f3rnea, assegurando uma adapta\u00e7\u00e3o e um conforto ideais para os pacientes que usam lentes de contacto h\u00edbridas. Estas tiras desempenham um papel vital na obten\u00e7\u00e3o de uma adapta\u00e7\u00e3o bem sucedida e confort\u00e1vel das lentes h\u00edbridas, melhorando a experi\u00eancia geral de utiliza\u00e7\u00e3o das lentes de contacto pelos doentes. <\/span><\/p>\n<p>[\/et_pb_blurb][\/et_pb_column][et_pb_column type=&#8221;1_3&#8243; _builder_version=&#8221;4.21.0&#8243; _module_preset=&#8221;default&#8221; global_colors_info=&#8221;{}&#8221;][et_pb_blurb title=&#8221;Tiras de Schirmer&#8221; image=&#8221;http:\/\/www.swisslens.ch\/wp-content\/uploads\/swisslens-schirmer-strips.jpeg&#8221; _builder_version=&#8221;4.27.2&#8243; _module_preset=&#8221;default&#8221; body_font=&#8221;|300|||||||&#8221; border_radii_image=&#8221;on|20px|20px|20px|20px&#8221; box_shadow_style_image=&#8221;preset1&#8243; box_shadow_vertical_image=&#8221;0px&#8221; box_shadow_blur_image=&#8221;40px&#8221; box_shadow_color_image=&#8221;rgba(10,10,10,0.1)&#8221; global_colors_info=&#8221;{}&#8221;]<\/p>\n<p style=\"text-align: left;\"><span>As nossas tiras de Schirmer s\u00e3o ferramentas valiosas para medir a produ\u00e7\u00e3o de l\u00e1grimas e avaliar a quantidade de l\u00e1grimas no olho. Utilizadas para diagnosticar doen\u00e7as como a s\u00edndrome do olho seco, as tiras de Schirmer fornecem informa\u00e7\u00f5es essenciais sobre a secre\u00e7\u00e3o lacrimal e a sa\u00fade da superf\u00edcie ocular. <\/span><\/p>\n<p>[\/et_pb_blurb][\/et_pb_column][\/et_pb_row][\/et_pb_section]<\/p>\n","protected":false},"excerpt":{"rendered":"<p>Tiras de diagn\u00f3stico Com as tiras de diagn\u00f3stico CE, os profissionais de sa\u00fade ocular podem contar com ferramentas de diagn\u00f3stico precisas e fi\u00e1veis para avaliar com precis\u00e3o a adapta\u00e7\u00e3o das [&hellip;]<\/p>\n","protected":false},"author":1,"featured_media":0,"parent":0,"menu_order":303,"comment_status":"closed","ping_status":"closed","template":"","meta":{"_et_pb_use_builder":"on","_et_pb_old_content":"","_et_gb_content_width":"","_price":"","_stock":"","_tribe_ticket_header":"","_tribe_default_ticket_provider":"","_tribe_ticket_capacity":"0","_ticket_start_date":"","_ticket_end_date":"","_tribe_ticket_show_description":"","_tribe_ticket_show_not_going":false,"_tribe_ticket_use_global_stock":"","_tribe_ticket_global_stock_level":"","_global_stock_mode":"","_global_stock_cap":"","_tribe_rsvp_for_event":"","_tribe_ticket_going_count":"","_tribe_ticket_not_going_count":"","_tribe_tickets_list":"[]","_tribe_ticket_has_attendee_info_fields":false,"footnotes":""},"class_list":["post-1114887","page","type-page","status-publish","hentry"],"_links":{"self":[{"href":"https:\/\/www.swisslens.ch\/pt\/wp-json\/wp\/v2\/pages\/1114887","targetHints":{"allow":["GET"]}}],"collection":[{"href":"https:\/\/www.swisslens.ch\/pt\/wp-json\/wp\/v2\/pages"}],"about":[{"href":"https:\/\/www.swisslens.ch\/pt\/wp-json\/wp\/v2\/types\/page"}],"author":[{"embeddable":true,"href":"https:\/\/www.swisslens.ch\/pt\/wp-json\/wp\/v2\/users\/1"}],"replies":[{"embeddable":true,"href":"https:\/\/www.swisslens.ch\/pt\/wp-json\/wp\/v2\/comments?post=1114887"}],"version-history":[{"count":3,"href":"https:\/\/www.swisslens.ch\/pt\/wp-json\/wp\/v2\/pages\/1114887\/revisions"}],"predecessor-version":[{"id":1167454,"href":"https:\/\/www.swisslens.ch\/pt\/wp-json\/wp\/v2\/pages\/1114887\/revisions\/1167454"}],"wp:attachment":[{"href":"https:\/\/www.swisslens.ch\/pt\/wp-json\/wp\/v2\/media?parent=1114887"}],"curies":[{"name":"wp","href":"https:\/\/api.w.org\/{rel}","templated":true}]}}