{"id":1114747,"date":"2023-12-07T10:42:59","date_gmt":"2023-12-07T09:42:59","guid":{"rendered":"https:\/\/www.swisslens.ch\/perguntas-mais-frequentes\/"},"modified":"2025-01-07T13:11:35","modified_gmt":"2025-01-07T12:11:35","slug":"perguntas-mais-frequentes","status":"publish","type":"page","link":"https:\/\/www.swisslens.ch\/pt\/perguntas-mais-frequentes\/","title":{"rendered":"Perguntas frequentes"},"content":{"rendered":"<p>[et_pb_section fb_built=&#8221;1&#8243; next_background_color=&#8221;#ffffff&#8221; padding_bottom_2=&#8221;40px&#8221; _builder_version=&#8221;4.23.1&#8243; _module_preset=&#8221;default&#8221; background_color=&#8221;#e6f1f6&#8243; custom_padding=&#8221;54px|0px|0px|0|false|false&#8221; bottom_divider_style=&#8221;asymmetric&#8221; bottom_divider_height=&#8221;50px&#8221; bottom_divider_arrangement=&#8221;above_content&#8221; global_colors_info=&#8221;{}&#8221;][et_pb_row column_structure=&#8221;1_2,1_2&#8243; _builder_version=&#8221;4.22.1&#8243; _module_preset=&#8221;default&#8221; custom_padding=&#8221;||60px||false|false&#8221; global_colors_info=&#8221;{}&#8221;][et_pb_column type=&#8221;1_2&#8243; _builder_version=&#8221;4.22.1&#8243; _module_preset=&#8221;default&#8221; global_colors_info=&#8221;{}&#8221;][\/et_pb_column][et_pb_column type=&#8221;1_2&#8243; _builder_version=&#8221;4.22.1&#8243; _module_preset=&#8221;default&#8221; global_colors_info=&#8221;{}&#8221;][et_pb_text _builder_version=&#8221;4.23.1&#8243; _module_preset=&#8221;default&#8221; text_font=&#8221;Montserrat||||||||&#8221; text_font_size=&#8221;16px&#8221; text_line_height=&#8221;1.8em&#8221; link_font=&#8221;Montserrat|700|||||||&#8221; link_text_color=&#8221;#fa546d&#8221; link_font_size=&#8221;22px&#8221; link_line_height=&#8221;1.5em&#8221; header_font=&#8221;||||||||&#8221; header_2_font=&#8221;Montserrat|700|||||||&#8221; header_2_font_size=&#8221;40px&#8221; header_2_line_height=&#8221;1.4em&#8221; header_6_font=&#8221;Montserrat|600||on|||||&#8221; header_6_text_color=&#8221;#ffb342&#8243; header_6_font_size=&#8221;16px&#8221; header_6_letter_spacing=&#8221;2px&#8221; header_6_line_height=&#8221;1.5em&#8221; module_alignment=&#8221;left&#8221; custom_margin=&#8221;|||&#8221; custom_padding=&#8221;|||&#8221; header_2_font_size_tablet=&#8221;40px&#8221; header_2_font_size_phone=&#8221;24px&#8221; header_2_font_size_last_edited=&#8221;on|phone&#8221; locked=&#8221;off&#8221; global_colors_info=&#8221;{}&#8221;]<\/p>\n<h2 style=\"text-align: justify;\"><\/h2>\n<h2 style=\"text-align: left;\">Perguntas frequentes<\/h2>\n<p style=\"text-align: justify;\">[\/et_pb_text][et_pb_text _builder_version=&#8221;4.23.1&#8243; text_font=&#8221;Montserrat||||||||&#8221; text_font_size=&#8221;16px&#8221; text_line_height=&#8221;1.8em&#8221; link_font=&#8221;Montserrat|700|||||||&#8221; link_text_color=&#8221;#fa546d&#8221; link_font_size=&#8221;22px&#8221; link_line_height=&#8221;1.5em&#8221; header_font=&#8221;||||||||&#8221; header_2_font=&#8221;Montserrat|700|||||||&#8221; header_2_font_size=&#8221;40px&#8221; header_2_line_height=&#8221;1.4em&#8221; header_6_font=&#8221;Montserrat|600||on|||||&#8221; header_6_text_color=&#8221;#ffb342&#8243; header_6_font_size=&#8221;16px&#8221; header_6_letter_spacing=&#8221;2px&#8221; header_6_line_height=&#8221;1.5em&#8221; max_width_last_edited=&#8221;off|desktop&#8221; module_alignment=&#8221;left&#8221; custom_margin=&#8221;|||&#8221; custom_padding=&#8221;|||&#8221; hover_enabled=&#8221;0&#8243; header_2_font_size_tablet=&#8221;&#8221; header_2_font_size_phone=&#8221;24px&#8221; header_2_font_size_last_edited=&#8221;on|phone&#8221; locked=&#8221;off&#8221; global_colors_info=&#8221;{}&#8221; sticky_enabled=&#8221;0&#8243;]<\/p>\n<p class=\"elementor-heading-title elementor-size-default\">L\u00ea as perguntas e respostas mais frequentes sobre a SwissLens<\/p>\n<p>[\/et_pb_text][\/et_pb_column][\/et_pb_row][\/et_pb_section][et_pb_section fb_built=&#8221;1&#8243; admin_label=&#8221;Quality&#8221; module_id=&#8221;certificado&#8221; _builder_version=&#8221;4.23.1&#8243; global_colors_info=&#8221;{}&#8221;][et_pb_row use_custom_gutter=&#8221;on&#8221; gutter_width=&#8221;2&#8243; make_equal=&#8221;on&#8221; _builder_version=&#8221;4.23.1&#8243; global_colors_info=&#8221;{}&#8221;][et_pb_column type=&#8221;4_4&#8243; _builder_version=&#8221;4.16&#8243; custom_padding=&#8221;|||&#8221; global_colors_info=&#8221;{}&#8221; custom_padding__hover=&#8221;|||&#8221;][et_pb_image src=&#8221;https:\/\/www.swisslens.ch\/wp-content\/uploads\/technologie-lathe.jpg&#8221; title_text=&#8221;tecnologia-torno&#8221; align=&#8221;center&#8221; _builder_version=&#8221;4.23.1&#8243; _module_preset=&#8221;default&#8221; global_colors_info=&#8221;{}&#8221;][\/et_pb_image][et_pb_text _builder_version=&#8221;4.23.1&#8243; _module_preset=&#8221;default&#8221; global_colors_info=&#8221;{}&#8221;]<\/p>\n<h3 style=\"text-align: center;\">S\u00edtio Web em constru\u00e7\u00e3o<\/h3>\n<p>[\/et_pb_text][\/et_pb_column][\/et_pb_row][\/et_pb_section][et_pb_section fb_built=&#8221;1&#8243; disabled_on=&#8221;on|on|on&#8221; admin_label=&#8221;Quality&#8221; module_id=&#8221;certificado&#8221; _builder_version=&#8221;4.23.1&#8243; disabled=&#8221;on&#8221; global_colors_info=&#8221;{}&#8221;][et_pb_row use_custom_gutter=&#8221;on&#8221; gutter_width=&#8221;2&#8243; _builder_version=&#8221;4.16&#8243; global_colors_info=&#8221;{}&#8221;][et_pb_column type=&#8221;4_4&#8243; _builder_version=&#8221;4.16&#8243; custom_padding=&#8221;|||&#8221; global_colors_info=&#8221;{}&#8221; custom_padding__hover=&#8221;|||&#8221;][et_pb_accordion _builder_version=&#8221;4.23.1&#8243; _module_preset=&#8221;default&#8221; global_colors_info=&#8221;{}&#8221;][et_pb_accordion_item title=&#8221;O teu t\u00edtulo vai para aqui&#8221; open=&#8221;on&#8221; _builder_version=&#8221;4.23.1&#8243; _module_preset=&#8221;default&#8221; global_colors_info=&#8221;{}&#8221;]<\/p>\n<p>O teu conte\u00fado fica aqui. Edita ou remove este texto em linha ou no m\u00f3dulo Defini\u00e7\u00f5es de conte\u00fado. Tamb\u00e9m podes estilizar todos os aspectos deste conte\u00fado no m\u00f3dulo Defini\u00e7\u00f5es de design e at\u00e9 aplicar CSS personalizado a este texto no m\u00f3dulo Defini\u00e7\u00f5es avan\u00e7adas.  <\/p>\n<p>[\/et_pb_accordion_item][et_pb_accordion_item title=&#8221;O teu t\u00edtulo vai para aqui&#8221; _builder_version=&#8221;4.23.1&#8243; _module_preset=&#8221;default&#8221; global_colors_info=&#8221;{}&#8221; open=&#8221;off&#8221;]<\/p>\n<p>O teu conte\u00fado fica aqui. Edita ou remove este texto em linha ou no m\u00f3dulo Defini\u00e7\u00f5es de conte\u00fado. Tamb\u00e9m podes estilizar todos os aspectos deste conte\u00fado no m\u00f3dulo Defini\u00e7\u00f5es de design e at\u00e9 aplicar CSS personalizado a este texto no m\u00f3dulo Defini\u00e7\u00f5es avan\u00e7adas.  <\/p>\n<p>[\/et_pb_accordion_item][\/et_pb_accordion][\/et_pb_column][\/et_pb_row][\/et_pb_section]<\/p>\n","protected":false},"excerpt":{"rendered":"<p>Perguntas frequentes L\u00ea as perguntas e respostas mais frequentes sobre a SwissLensS\u00edtio Web em constru\u00e7\u00e3oO teu conte\u00fado fica aqui. Edita ou remove este texto em linha ou no m\u00f3dulo Defini\u00e7\u00f5es [&hellip;]<\/p>\n","protected":false},"author":1,"featured_media":0,"parent":0,"menu_order":999,"comment_status":"closed","ping_status":"closed","template":"","meta":{"_et_pb_use_builder":"on","_et_pb_old_content":"","_et_gb_content_width":"","_price":"","_stock":"","_tribe_ticket_header":"","_tribe_default_ticket_provider":"","_tribe_ticket_capacity":"0","_ticket_start_date":"","_ticket_end_date":"","_tribe_ticket_show_description":"","_tribe_ticket_show_not_going":false,"_tribe_ticket_use_global_stock":"","_tribe_ticket_global_stock_level":"","_global_stock_mode":"","_global_stock_cap":"","_tribe_rsvp_for_event":"","_tribe_ticket_going_count":"","_tribe_ticket_not_going_count":"","_tribe_tickets_list":"[]","_tribe_ticket_has_attendee_info_fields":false,"footnotes":""},"class_list":["post-1114747","page","type-page","status-publish","hentry"],"_links":{"self":[{"href":"https:\/\/www.swisslens.ch\/pt\/wp-json\/wp\/v2\/pages\/1114747","targetHints":{"allow":["GET"]}}],"collection":[{"href":"https:\/\/www.swisslens.ch\/pt\/wp-json\/wp\/v2\/pages"}],"about":[{"href":"https:\/\/www.swisslens.ch\/pt\/wp-json\/wp\/v2\/types\/page"}],"author":[{"embeddable":true,"href":"https:\/\/www.swisslens.ch\/pt\/wp-json\/wp\/v2\/users\/1"}],"replies":[{"embeddable":true,"href":"https:\/\/www.swisslens.ch\/pt\/wp-json\/wp\/v2\/comments?post=1114747"}],"version-history":[{"count":0,"href":"https:\/\/www.swisslens.ch\/pt\/wp-json\/wp\/v2\/pages\/1114747\/revisions"}],"wp:attachment":[{"href":"https:\/\/www.swisslens.ch\/pt\/wp-json\/wp\/v2\/media?parent=1114747"}],"curies":[{"name":"wp","href":"https:\/\/api.w.org\/{rel}","templated":true}]}}