{"id":1100165,"date":"2022-08-25T17:56:26","date_gmt":"2022-08-25T15:56:26","guid":{"rendered":"https:\/\/www.swisslens.ch\/kolorowe-soczewki-kontaktowe\/"},"modified":"2025-08-23T21:05:54","modified_gmt":"2025-08-23T19:05:54","slug":"kolorowe-soczewki-kontaktowe","status":"publish","type":"page","link":"https:\/\/www.swisslens.ch\/pl\/kolorowe-soczewki-kontaktowe\/","title":{"rendered":"Kolorowe soczewki kontaktowe"},"content":{"rendered":"<p>[et_pb_section fb_built=&#8221;1&#8243; specialty=&#8221;on&#8221; padding_bottom_2=&#8221;40px&#8221; admin_label=&#8221;Services&#8221; _builder_version=&#8221;4.27.2&#8243; background_color=&#8221;RGBA(255,255,255,0)&#8221; custom_padding=&#8221;54px|0px|0px|0|false|false&#8221; bottom_divider_height=&#8221;50px&#8221; bottom_divider_arrangement=&#8221;above_content&#8221; custom_css_free_form=&#8221;@media(min-width:1600px){||  footer{||  position: absolute;||    bottom: 0;||    width: 100%;||}||}&#8221; global_colors_info=&#8221;{}&#8221;][et_pb_column type=&#8221;1_2&#8243; _builder_version=&#8221;4.16&#8243; custom_padding=&#8221;|||&#8221; global_colors_info=&#8221;{}&#8221; custom_padding__hover=&#8221;|||&#8221;][et_pb_image src=&#8221;https:\/\/www.swisslens.ch\/wp-content\/uploads\/Illustration-HydroColor-coloree.png&#8221; title_text=&#8221;Ilustracja HydroColor &#8211; kolorowa&#8221; show_bottom_space=&#8221;off&#8221; align_tablet=&#8221;center&#8221; align_phone=&#8221;&#8221; align_last_edited=&#8221;on|desktop&#8221; disabled_on=&#8221;off|off|off&#8221; _builder_version=&#8221;4.27.4&#8243; parallax=&#8221;on&#8221; background_blend=&#8221;hard-light&#8221; width=&#8221;100%&#8221; max_width=&#8221;100%&#8221; module_alignment=&#8221;left&#8221; min_height_tablet=&#8221;&#8221; min_height_phone=&#8221;300px&#8221; min_height_last_edited=&#8221;on|phone&#8221; height=&#8221;370px&#8221; height_tablet=&#8221;370px&#8221; height_phone=&#8221;300px&#8221; height_last_edited=&#8221;on|phone&#8221; max_height=&#8221;370px&#8221; custom_margin=&#8221;-2px|||-3px|false|false&#8221; animation_style=&#8221;slide&#8221; animation_direction=&#8221;right&#8221; animation_intensity_slide=&#8221;2%&#8221; global_colors_info=&#8221;{}&#8221;][\/et_pb_image][\/et_pb_column][et_pb_column type=&#8221;1_2&#8243; specialty_columns=&#8221;2&#8243; _builder_version=&#8221;4.16&#8243; custom_padding=&#8221;|||&#8221; global_colors_info=&#8221;{}&#8221; custom_padding__hover=&#8221;|||&#8221;][et_pb_row_inner _builder_version=&#8221;4.27.2&#8243; custom_padding=&#8221;4px|0px|0px|0px|false|false&#8221; global_colors_info=&#8221;{}&#8221;][et_pb_column_inner saved_specialty_column_type=&#8221;1_2&#8243; _builder_version=&#8221;4.16&#8243; custom_padding=&#8221;|||&#8221; global_colors_info=&#8221;{}&#8221; custom_padding__hover=&#8221;|||&#8221;][et_pb_text _builder_version=&#8221;4.25.1&#8243; text_font=&#8221;Roboto|300|||||||&#8221; text_font_size=&#8221;16px&#8221; text_line_height=&#8221;1.8em&#8221; link_font=&#8221;Montserrat|700|||||||&#8221; link_text_color=&#8221;#fa546d&#8221; link_font_size=&#8221;22px&#8221; link_line_height=&#8221;1.5em&#8221; header_font=&#8221;||||||||&#8221; header_2_font=&#8221;Roboto|700|||||||&#8221; header_2_font_size=&#8221;40px&#8221; header_2_line_height=&#8221;1.4em&#8221; header_6_font=&#8221;Montserrat|600||on|||||&#8221; header_6_text_color=&#8221;#ffb342&#8243; header_6_font_size=&#8221;16px&#8221; header_6_letter_spacing=&#8221;2px&#8221; header_6_line_height=&#8221;1.5em&#8221; max_width_last_edited=&#8221;off|desktop&#8221; module_alignment=&#8221;left&#8221; custom_margin=&#8221;||-3px|||&#8221; custom_padding=&#8221;||0px|||&#8221; header_2_font_size_tablet=&#8221;&#8221; header_2_font_size_phone=&#8221;24px&#8221; header_2_font_size_last_edited=&#8221;on|phone&#8221; global_colors_info=&#8221;{}&#8221;]<\/p>\n<h2 style=\"text-align: left;\">Kolorowe soczewki kontaktowe<\/h2>\n<p style=\"text-align: justify;\">Poznaj HydroColor \u2013 nasz\u0105 ekskluzywn\u0105 lini\u0119 indywidualnie wykonanych kolorowych soczewek kontaktowych, b\u0119d\u0105c\u0105 wyrazem precyzji i jako\u015bci SwissLens. Stworzone z my\u015bl\u0105 o maksymalnym komforcie i wyj\u0105tkowej estetyce, soczewki HydroColor to doskona\u0142y wyb\u00f3r dla os\u00f3b, kt\u00f3re pragn\u0105 spersonalizowanego i naturalnego wygl\u0105du.<\/p>\n<p style=\"text-align: justify;\">Naturalne kolory zosta\u0142y harmonijnie wkomponowane w r\u00f3\u017cne typy soczewek, takie jak Orbis, Toris, Borelis czy Torelis.<br \/>Tym, co wyr\u00f3\u017cnia HydroColor, jest zachowanie wsp\u00f3\u0142czynnika DK por\u00f3wnywalnego z przezroczystymi soczewkami kontaktowymi. Dzi\u0119ki temu pacjent mo\u017ce cieszy\u0107 si\u0119 \u017cywymi kolorami, nie rezygnuj\u0105c z odpowiedniej przepuszczalno\u015bci tlenu, kluczowej dla zdrowia oczu.<\/p>\n<p>[\/et_pb_text][\/et_pb_column_inner][\/et_pb_row_inner][\/et_pb_column][\/et_pb_section][et_pb_section fb_built=&#8221;1&#8243; _builder_version=&#8221;4.27.4&#8243; _module_preset=&#8221;default&#8221; background_color=&#8221;rgba(206,206,206,0)&#8221; min_height=&#8221;0px&#8221; locked=&#8221;off&#8221; global_colors_info=&#8221;{}&#8221;][et_pb_row column_structure=&#8221;1_4,1_4,1_4,1_4&#8243; _builder_version=&#8221;4.27.4&#8243; _module_preset=&#8221;default&#8221; width=&#8221;1300px&#8221; max_width=&#8221;100%&#8221; max_width_tablet=&#8221;100%&#8221; max_width_phone=&#8221;100%&#8221; max_width_last_edited=&#8221;on|desktop&#8221; global_colors_info=&#8221;{}&#8221;][et_pb_column type=&#8221;1_4&#8243; _builder_version=&#8221;4.27.4&#8243; _module_preset=&#8221;default&#8221; global_colors_info=&#8221;{}&#8221;][et_pb_button button_url=&#8221;\/pl\/hydrocolor-tints\/&#8221; button_text=&#8221;HydroColor Tint&#8221; module_class=&#8221;color-button&#8221; _builder_version=&#8221;4.27.4&#8243; _module_preset=&#8221;default&#8221; custom_css_free_form=&#8221;.color-button {||      font-family: 'SwissLens&#8217;, Helvetica, Arial, Lucida, sans-serif !important;||    font-weight: 700;||  text-align: center;||  color: #1392B0;||  background-color: #f1f3f5;||  border-radius: 10px;||  box-shadow: 0 4px 10px rgba(0, 150, 199, 0.15);||  text-decoration: none;||  transition: all 0.3s ease;||  position: relative;||  width:100%;||}||||.color-button::after {||display:none;||}||||.color-button:hover {||  background-color: #0096c7;||  box-shadow: 0 8px 20px rgba(0, 150, 199, 0.3);||    padding-left:20px !important;||       padding-right:20px !important;||       padding-top:0px !important;||       padding-bottom:10px !important;||}||||.color-button:hover::after {||display: none !important;||}||&#8221; global_colors_info=&#8221;{}&#8221;][\/et_pb_button][\/et_pb_column][et_pb_column type=&#8221;1_4&#8243; _builder_version=&#8221;4.27.4&#8243; _module_preset=&#8221;default&#8221; global_colors_info=&#8221;{}&#8221;][et_pb_button button_url=&#8221;\/pl\/hydrocolor-intense&#8221; button_text=&#8221;HydroColor Intense&#8221; admin_label=&#8221;Button&#8221; module_class=&#8221;color-button&#8221; _builder_version=&#8221;4.27.4&#8243; _module_preset=&#8221;default&#8221; custom_button=&#8221;on&#8221; button_text_size=&#8221;19px&#8221; global_colors_info=&#8221;{}&#8221;][\/et_pb_button][\/et_pb_column][et_pb_column type=&#8221;1_4&#8243; _builder_version=&#8221;4.27.4&#8243; _module_preset=&#8221;default&#8221; global_colors_info=&#8221;{}&#8221;][et_pb_button button_url=&#8221;\/pl\/hydrocolor-filter\/&#8221; button_text=&#8221;HydroColor Filter&#8221; module_class=&#8221;color-button&#8221; _builder_version=&#8221;4.27.4&#8243; _module_preset=&#8221;default&#8221; global_colors_info=&#8221;{}&#8221;][\/et_pb_button][\/et_pb_column][et_pb_column type=&#8221;1_4&#8243; _builder_version=&#8221;4.27.4&#8243; _module_preset=&#8221;default&#8221; global_colors_info=&#8221;{}&#8221;][et_pb_button button_url=&#8221;\/pl\/hydrocolor-prosthetic\/&#8221; button_text=&#8221;HydroColor Pro&#8221; module_class=&#8221;color-button&#8221; _builder_version=&#8221;4.27.4&#8243; _module_preset=&#8221;default&#8221; custom_css_free_form=&#8221;||&#8221; global_colors_info=&#8221;{}&#8221;][\/et_pb_button][\/et_pb_column][\/et_pb_row][\/et_pb_section]<\/p>\n","protected":false},"excerpt":{"rendered":"<p>Kolorowe soczewki kontaktowe Poznaj HydroColor \u2013 nasz\u0105 ekskluzywn\u0105 lini\u0119 indywidualnie wykonanych kolorowych soczewek kontaktowych, b\u0119d\u0105c\u0105 wyrazem precyzji i jako\u015bci SwissLens. Stworzone z my\u015bl\u0105 o maksymalnym komforcie i wyj\u0105tkowej estetyce, soczewki [&hellip;]<\/p>\n","protected":false},"author":1,"featured_media":0,"parent":0,"menu_order":216,"comment_status":"closed","ping_status":"closed","template":"","meta":{"_et_pb_use_builder":"on","_et_pb_old_content":"","_et_gb_content_width":"","_price":"","_stock":"","_tribe_ticket_header":"","_tribe_default_ticket_provider":"","_tribe_ticket_capacity":"0","_ticket_start_date":"","_ticket_end_date":"","_tribe_ticket_show_description":"","_tribe_ticket_show_not_going":false,"_tribe_ticket_use_global_stock":"","_tribe_ticket_global_stock_level":"","_global_stock_mode":"","_global_stock_cap":"","_tribe_rsvp_for_event":"","_tribe_ticket_going_count":"","_tribe_ticket_not_going_count":"","_tribe_tickets_list":"[]","_tribe_ticket_has_attendee_info_fields":false,"footnotes":""},"class_list":["post-1100165","page","type-page","status-publish","hentry"],"_links":{"self":[{"href":"https:\/\/www.swisslens.ch\/pl\/wp-json\/wp\/v2\/pages\/1100165","targetHints":{"allow":["GET"]}}],"collection":[{"href":"https:\/\/www.swisslens.ch\/pl\/wp-json\/wp\/v2\/pages"}],"about":[{"href":"https:\/\/www.swisslens.ch\/pl\/wp-json\/wp\/v2\/types\/page"}],"author":[{"embeddable":true,"href":"https:\/\/www.swisslens.ch\/pl\/wp-json\/wp\/v2\/users\/1"}],"replies":[{"embeddable":true,"href":"https:\/\/www.swisslens.ch\/pl\/wp-json\/wp\/v2\/comments?post=1100165"}],"version-history":[{"count":33,"href":"https:\/\/www.swisslens.ch\/pl\/wp-json\/wp\/v2\/pages\/1100165\/revisions"}],"predecessor-version":[{"id":1162857,"href":"https:\/\/www.swisslens.ch\/pl\/wp-json\/wp\/v2\/pages\/1100165\/revisions\/1162857"}],"wp:attachment":[{"href":"https:\/\/www.swisslens.ch\/pl\/wp-json\/wp\/v2\/media?parent=1100165"}],"curies":[{"name":"wp","href":"https:\/\/api.w.org\/{rel}","templated":true}]}}