{"id":1100117,"date":"2022-08-26T00:02:52","date_gmt":"2022-08-25T22:02:52","guid":{"rendered":"https:\/\/www.swisslens.ch\/webinaria\/"},"modified":"2025-05-30T14:01:34","modified_gmt":"2025-05-30T12:01:34","slug":"webinaria","status":"publish","type":"page","link":"https:\/\/www.swisslens.ch\/pl\/webinaria\/","title":{"rendered":"Webinaria"},"content":{"rendered":"<p>[et_pb_section fb_built=&#8221;1&#8243; specialty=&#8221;on&#8221; padding_bottom_2=&#8221;40px&#8221; admin_label=&#8221;Services&#8221; _builder_version=&#8221;4.25.1&#8243; background_color=&#8221;RGBA(255,255,255,0)&#8221; custom_padding=&#8221;54px|0px|0px|0|false|false&#8221; bottom_divider_height=&#8221;50px&#8221; bottom_divider_arrangement=&#8221;above_content&#8221; hover_enabled=&#8221;0&#8243; locked=&#8221;off&#8221; global_colors_info=&#8221;{}&#8221; sticky_enabled=&#8221;0&#8243;][et_pb_column type=&#8221;1_2&#8243; _builder_version=&#8221;4.16&#8243; custom_padding=&#8221;|||&#8221; global_colors_info=&#8221;{}&#8221; custom_padding__hover=&#8221;|||&#8221;][et_pb_image src=&#8221;https:\/\/www.swisslens.ch\/wp-content\/uploads\/Group-1.png&#8221; title_text=&#8221;Grupa (1)&#8221; show_bottom_space=&#8221;off&#8221; align_tablet=&#8221;center&#8221; align_phone=&#8221;&#8221; align_last_edited=&#8221;on|desktop&#8221; _builder_version=&#8221;4.25.1&#8243; parallax=&#8221;on&#8221; background_blend=&#8221;hard-light&#8221; width=&#8221;60%&#8221; max_width=&#8221;100%&#8221; module_alignment=&#8221;center&#8221; animation_style=&#8221;slide&#8221; animation_direction=&#8221;right&#8221; animation_intensity_slide=&#8221;2%&#8221; hover_enabled=&#8221;0&#8243; global_colors_info=&#8221;{}&#8221; align=&#8221;center&#8221; sticky_enabled=&#8221;0&#8243;][\/et_pb_image][\/et_pb_column][et_pb_column type=&#8221;1_2&#8243; specialty_columns=&#8221;2&#8243; _builder_version=&#8221;4.16&#8243; custom_padding=&#8221;|||&#8221; global_colors_info=&#8221;{}&#8221; custom_padding__hover=&#8221;|||&#8221;][et_pb_row_inner _builder_version=&#8221;4.21.0&#8243; custom_margin=&#8221;||50px||false|false&#8221; custom_padding=&#8221;24px|0px|25px|0px|false|false&#8221; hover_enabled=&#8221;0&#8243; global_colors_info=&#8221;{}&#8221; sticky_enabled=&#8221;0&#8243;][et_pb_column_inner saved_specialty_column_type=&#8221;1_2&#8243; _builder_version=&#8221;4.16&#8243; custom_padding=&#8221;|||&#8221; global_colors_info=&#8221;{}&#8221; custom_padding__hover=&#8221;|||&#8221;][et_pb_text _builder_version=&#8221;4.25.1&#8243; text_font=&#8221;Montserrat|300|||||||&#8221; text_font_size=&#8221;16px&#8221; text_line_height=&#8221;1.8em&#8221; link_font=&#8221;Montserrat|700|||||||&#8221; link_text_color=&#8221;#fa546d&#8221; link_font_size=&#8221;22px&#8221; link_line_height=&#8221;1.5em&#8221; header_font=&#8221;||||||||&#8221; header_2_font=&#8221;&#8211;et_global_body_font|700|||||||&#8221; header_2_font_size=&#8221;40px&#8221; header_2_line_height=&#8221;1.4em&#8221; header_6_font=&#8221;Montserrat|600||on|||||&#8221; header_6_text_color=&#8221;#ffb342&#8243; header_6_font_size=&#8221;16px&#8221; header_6_letter_spacing=&#8221;2px&#8221; header_6_line_height=&#8221;1.5em&#8221; max_width_last_edited=&#8221;off|desktop&#8221; module_alignment=&#8221;left&#8221; custom_margin=&#8221;43px|||||&#8221; custom_padding=&#8221;|||&#8221; hover_enabled=&#8221;0&#8243; header_2_font_size_tablet=&#8221;&#8221; header_2_font_size_phone=&#8221;24px&#8221; header_2_font_size_last_edited=&#8221;on|phone&#8221; global_colors_info=&#8221;{}&#8221; sticky_enabled=&#8221;0&#8243;]<\/p>\n<h2 style=\"text-align: justify;\">Webinaria<\/h2>\n<p style=\"text-align: left;\"><span>SwissLens z dum\u0105 przedstawia seri\u0119 inspiruj\u0105cych webinari\u00f3w prowadzonych przez nasz zesp\u00f3\u0142 ds. Profesjonalnej Obs\u0142ugi. Webinaria te zosta\u0142y stworzone z my\u015bl\u0105 o specjalistach ochrony wzroku, aby dostarczy\u0107 im najnowsz\u0105 wiedz\u0119, informacje na temat dopasowywania soczewek kontaktowych, topografii rog\u00f3wki oraz nowoczesnych technologii w \u015bwiecie soczewek kontaktowych. <\/span><\/p>\n<p>[\/et_pb_text][\/et_pb_column_inner][\/et_pb_row_inner][\/et_pb_column][\/et_pb_section][et_pb_section fb_built=&#8221;1&#8243; admin_label=&#8221;Contact Info&#8221; _builder_version=&#8221;4.25.1&#8243; background_color_gradient_direction=&#8221;0deg&#8221; custom_padding=&#8221;|||&#8221; hover_enabled=&#8221;0&#8243; locked=&#8221;off&#8221; global_colors_info=&#8221;{}&#8221; background_color=&#8221;RGBA(255,255,255,0)&#8221; sticky_enabled=&#8221;0&#8243;][et_pb_row _builder_version=&#8221;4.16&#8243; locked=&#8221;off&#8221; global_colors_info=&#8221;{}&#8221;][et_pb_column type=&#8221;4_4&#8243; _builder_version=&#8221;4.16&#8243; custom_padding=&#8221;|||&#8221; global_colors_info=&#8221;{}&#8221; custom_padding__hover=&#8221;|||&#8221;][et_pb_text _builder_version=&#8221;4.25.1&#8243; text_font=&#8221;Montserrat||||||||&#8221; text_font_size=&#8221;16px&#8221; text_line_height=&#8221;1.8em&#8221; link_font=&#8221;Montserrat|700|||||||&#8221; link_text_color=&#8221;#fa546d&#8221; link_font_size=&#8221;22px&#8221; link_line_height=&#8221;1.5em&#8221; header_font=&#8221;||||||||&#8221; header_2_font=&#8221;&#8211;et_global_heading_font|700|||||||&#8221; header_2_font_size=&#8221;40px&#8221; header_2_line_height=&#8221;1.4em&#8221; header_6_font=&#8221;&#8211;et_global_body_font|||on|||||&#8221; header_6_text_color=&#8221;#ffb342&#8243; header_6_font_size=&#8221;16px&#8221; header_6_letter_spacing=&#8221;2px&#8221; header_6_line_height=&#8221;1.5em&#8221; text_orientation=&#8221;center&#8221; max_width=&#8221;700px&#8221; max_width_last_edited=&#8221;off|desktop&#8221; module_alignment=&#8221;center&#8221; custom_margin=&#8221;|||&#8221; custom_padding=&#8221;|||&#8221; hover_enabled=&#8221;0&#8243; header_2_font_size_tablet=&#8221;&#8221; header_2_font_size_phone=&#8221;24px&#8221; header_2_font_size_last_edited=&#8221;on|phone&#8221; locked=&#8221;off&#8221; global_colors_info=&#8221;{}&#8221; sticky_enabled=&#8221;0&#8243;]<\/p>\n<h6><span style=\"color: #000000;\"><span>Do\u0142\u0105cz do naszych webinari\u00f3w<\/span>!<\/span><\/h6>\n<h2>Kalendarz<\/h2>\n<p>[\/et_pb_text][\/et_pb_column][\/et_pb_row][et_pb_row _builder_version=&#8221;4.25.1&#8243; custom_margin=&#8221;25px||25px||false|false&#8221; custom_padding=&#8221;20px|20px|20px|20px|false|false&#8221; hover_enabled=&#8221;0&#8243; border_radii=&#8221;on|20px|20px|20px|20px&#8221; box_shadow_style=&#8221;preset1&#8243; global_colors_info=&#8221;{}&#8221; box_shadow_vertical=&#8221;0px&#8221; box_shadow_blur=&#8221;40px&#8221; box_shadow_color=&#8221;rgba(0,0,0,0.1)&#8221; sticky_enabled=&#8221;0&#8243; background_color=&#8221;#FFFFFF&#8221;][et_pb_column type=&#8221;4_4&#8243; _builder_version=&#8221;4.16&#8243; custom_padding=&#8221;|||&#8221; global_colors_info=&#8221;{}&#8221; custom_padding__hover=&#8221;|||&#8221;][et_pb_code _builder_version=&#8221;4.22.1&#8243; _module_preset=&#8221;default&#8221; text_orientation=&#8221;left&#8221; custom_padding=&#8221;10px|10px|10px|10px|false|false&#8221; global_colors_info=&#8221;{}&#8221;]<div class=\"ecs-no-events\">Brak nadchodz\u0105cych wydarzenia.<\/div>[\/et_pb_code][\/et_pb_column][\/et_pb_row][et_pb_row _builder_version=&#8221;4.22.1&#8243; _module_preset=&#8221;default&#8221; global_colors_info=&#8221;{}&#8221;][et_pb_column type=&#8221;4_4&#8243; _builder_version=&#8221;4.22.1&#8243; _module_preset=&#8221;default&#8221; global_colors_info=&#8221;{}&#8221;][et_pb_accordion _builder_version=&#8221;4.22.1&#8243; _module_preset=&#8221;default&#8221; global_colors_info=&#8221;{}&#8221;][et_pb_accordion_item title=&#8221;Dlaczego warto uczestniczy\u0107 w naszych webinarach&#8221; open=&#8221;on&#8221; _builder_version=&#8221;4.22.1&#8243; _module_preset=&#8221;default&#8221; global_colors_info=&#8221;{}&#8221;]<\/p>\n<ul>\n<li>\n<p><strong>Spostrze\u017cenia ekspert\u00f3w:<\/strong> Nasze webinaria prowadzone s\u0105 przez do\u015bwiadczonych ekspert\u00f3w bran\u017cowych, kt\u00f3rzy dziel\u0105 si\u0119 swoj\u0105 bogat\u0105 wiedz\u0105 i do\u015bwiadczeniem. Uzyskaj cenne informacje na temat dopasowywania soczewek kontaktowych, opieki nad pacjentami i najnowszych osi\u0105gni\u0119\u0107 w dziedzinie korekcji wzroku. <\/p>\n<\/li>\n<li>\n<p><strong>B\u0105d\u017a na bie\u017c\u0105co<\/strong>: \u015aled\u017a dynamicznie rozwijaj\u0105c\u0105 si\u0119 dziedzin\u0119 ochrony wzroku. Omawiamy tematy od kontroli kr\u00f3tkowzroczno\u015bci po dopasowywanie soczewek specjalistycznych, aby\u015b zawsze by\u0142 dobrze poinformowany o najnowszych osi\u0105gni\u0119ciach. <\/p>\n<\/li>\n<li>\n<p><strong>Interaktywna nauka:<\/strong> Nasze webinaria stanowi\u0105 platform\u0119 do interaktywnej nauki. Bierz udzia\u0142 w dyskusjach, zadawaj pytania i \u0142\u0105cz si\u0119 ze specjalistami ochrony wzroku z ca\u0142ego \u015bwiata. <\/p>\n<\/li>\n<li>\n<p><strong>Praktyczne wskaz\u00f3wki<\/strong>: Otrzymasz konkretne porady i techniki, kt\u00f3re mo\u017cesz od razu zastosowa\u0107 w swojej praktyce, poprawiaj\u0105c efekty leczenia i satysfakcj\u0119 pacjent\u00f3w.<\/p>\n<\/li>\n<\/ul>\n<p>[\/et_pb_accordion_item][et_pb_accordion_item title=&#8221;Omawiane tematy:&#8221; _builder_version=&#8221;4.22.1&#8243; _module_preset=&#8221;default&#8221; global_colors_info=&#8221;{}&#8221; open=&#8221;off&#8221;]<\/p>\n<p>Tematy naszych webinar\u00f3w s\u0105 zr\u00f3\u017cnicowane i dotycz\u0105 r\u00f3\u017cnych aspekt\u00f3w opieki nad oczami. Niekt\u00f3re z badanych przez nas temat\u00f3w obejmuj\u0105: <\/p>\n<ul>\n<li>\n<p><strong>Zarz\u0105dzanie kr\u00f3tkowzroczno\u015bci\u0105:<\/strong> Odkryj skuteczne strategie i najnowsze narz\u0119dzia do kontroli kr\u00f3tkowzroczno\u015bci, kt\u00f3re pomog\u0105 Ci zapewni\u0107 kompleksow\u0105 opiek\u0119 m\u0142odym pacjentom.<\/p>\n<\/li>\n<li>\n<p><strong>Dopasowanie soczewek specjalistycznych:<\/strong> Dowiedz si\u0119 wi\u0119cej o dopasowywaniu i stosowaniu specjalistycznych soczewek kontaktowych, w tym soczewek torycznych, wieloogniskowych i ortokeratologicznych.<\/p>\n<\/li>\n<li>\n<p><strong>Wiedza kliniczna:<\/strong> Zdob\u0105d\u017a praktyczne informacje na temat post\u0119powania w z\u0142o\u017conych przypadkach, aby by\u0107 dobrze przygotowanym do radzenia sobie z trudnymi sytuacjami klinicznymi.<\/p>\n<\/li>\n<li>\n<p><strong>Aktualno\u015bci produktowe:<\/strong> B\u0105d\u017a na bie\u017c\u0105co z najnowszymi produktami i innowacjami od SwissLens, co pozwoli Ci podejmowa\u0107 \u015bwiadome decyzje w trosce o swoich pacjent\u00f3w.<\/p>\n<\/li>\n<\/ul>\n<p>[\/et_pb_accordion_item][\/et_pb_accordion][\/et_pb_column][\/et_pb_row][et_pb_row column_structure=&#8221;1_3,2_3&#8243; make_equal=&#8221;on&#8221; padding_top_bottom_link_1=&#8221;true&#8221; padding_left_right_link_1=&#8221;false&#8221; _builder_version=&#8221;4.25.1&#8243; background_color=&#8221;#ffffff&#8221; custom_margin=&#8221;||40px|&#8221; custom_padding=&#8221;0|0px|0|0px|false|false&#8221; animation_style=&#8221;fold&#8221; animation_intensity_fold=&#8221;10%&#8221; hover_enabled=&#8221;0&#8243; border_radii=&#8221;on|20px|20px|20px|20px&#8221; box_shadow_style=&#8221;preset1&#8243; box_shadow_color=&#8221;rgba(0,0,0,0.1)&#8221; global_colors_info=&#8221;{}&#8221; box_shadow_vertical=&#8221;0px&#8221; box_shadow_blur=&#8221;40px&#8221; sticky_enabled=&#8221;0&#8243;][et_pb_column type=&#8221;1_3&#8243; _builder_version=&#8221;4.16&#8243; custom_padding=&#8221;60px||60px|40px&#8221; custom_padding_tablet=&#8221;40px|30px|0px|30px|false|true&#8221; custom_padding_phone=&#8221;&#8221; custom_padding_last_edited=&#8221;on|tablet&#8221; global_colors_info=&#8221;{}&#8221; padding_tablet=&#8221;40px|30px|0px|30px|false|true&#8221; padding_last_edited=&#8221;on|tablet&#8221; custom_padding__hover=&#8221;|||&#8221; padding_phone=&#8221;40px|30px|0px|30px|false|true&#8221;][et_pb_image src=&#8221;https:\/\/www.swisslens.ch\/wp-content\/uploads\/SwissLens-Logo.png&#8221; title_text=&#8221;SwissLens-Logo&#8221; _builder_version=&#8221;4.21.0&#8243; _module_preset=&#8221;default&#8221; global_colors_info=&#8221;{}&#8221;][\/et_pb_image][et_pb_blurb title=&#8221;Adres&#8221; use_icon=&#8221;on&#8221; font_icon=&#8221;&#xf275;||fa||900&#8243; icon_color=&#8221;#1392B1&#8243; icon_placement=&#8221;left&#8221; image_icon_width=&#8221;20px&#8221; admin_label=&#8221;Contact Info&#8221; _builder_version=&#8221;4.25.1&#8243; header_font=&#8221;&#8211;et_global_heading_font||||||||&#8221; header_font_size=&#8221;16px&#8221; header_line_height=&#8221;1.5em&#8221; body_font=&#8221;&#8211;et_global_body_font|300|||||||&#8221; body_text_color=&#8221;#404040&#8243; body_line_height=&#8221;1.8em&#8221; custom_margin=&#8221;|||&#8221; custom_padding=&#8221;|||&#8221; hover_enabled=&#8221;0&#8243; border_radii=&#8221;on|10px|10px|10px|10px&#8221; global_colors_info=&#8221;{}&#8221; sticky_enabled=&#8221;0&#8243;]<\/p>\n<p>Chemin des Creuses 9<br \/>CH &#8211; 1008 Prilly<br \/>Szwajcaria<\/p>\n<p>[\/et_pb_blurb][et_pb_code _builder_version=&#8221;4.21.0&#8243; _module_preset=&#8221;default&#8221; global_colors_info=&#8221;{}&#8221;]<script>jQuery('body').delegate('span[data-replace]', 'click', function(event){    event.preventDefault();    var older_value = jQuery(this).html();    jQuery(this)        .html(jQuery(this)        .attr('data-replace'))        .attr('data-replace',older_value);});<\/script>[\/et_pb_code][et_pb_blurb title=&#8221;Media spo\u0142eczno\u015bciowe&#8221; use_icon=&#8221;on&#8221; font_icon=&#8221;&#xe0a0;||divi||400&#8243; icon_color=&#8221;#1392B1&#8243; icon_placement=&#8221;left&#8221; image_icon_width=&#8221;20px&#8221; admin_label=&#8221;Social Media&#8221; _builder_version=&#8221;4.25.1&#8243; _module_preset=&#8221;default&#8221; body_font=&#8221;Roboto||||||||&#8221; body_text_align=&#8221;justify&#8221; body_font_size=&#8221;12px&#8221; body_link_font=&#8221;Roboto||||||||&#8221; body_link_text_color=&#8221;#1392B1&#8243; hover_enabled=&#8221;0&#8243; global_colors_info=&#8221;{}&#8221; custom_margin=&#8221;||10px|||&#8221; header_font=&#8221;&#8211;et_global_heading_font||||||||&#8221; sticky_enabled=&#8221;0&#8243;][\/et_pb_blurb][et_pb_social_media_follow icon_color=&#8221;#FFFFFF&#8221; use_icon_font_size=&#8221;on&#8221; _builder_version=&#8221;4.25.1&#8243; _module_preset=&#8221;default&#8221; hover_enabled=&#8221;0&#8243; text_orientation_tablet=&#8221;center&#8221; text_orientation_phone=&#8221;center&#8221; text_orientation_last_edited=&#8221;on|desktop&#8221; global_colors_info=&#8221;{}&#8221; theme_builder_area=&#8221;post_content&#8221; custom_margin=&#8221;|||50px|false|false&#8221; sticky_enabled=&#8221;0&#8243;][et_pb_social_media_follow_network social_network=&#8221;facebook&#8221; url=&#8221;https:\/\/www.facebook.com\/swisslens\/&#8221; _builder_version=&#8221;4.25.1&#8243; _module_preset=&#8221;default&#8221; background_color=&#8221;#1392B0&#8243; background_enable_color=&#8221;on&#8221; global_colors_info=&#8221;{}&#8221; theme_builder_area=&#8221;post_content&#8221; follow_button=&#8221;off&#8221; url_new_window=&#8221;on&#8221;]facebook[\/et_pb_social_media_follow_network][et_pb_social_media_follow_network social_network=&#8221;linkedin&#8221; url=&#8221;https:\/\/www.linkedin.com\/company\/swisslens&#8221; _builder_version=&#8221;4.25.1&#8243; _module_preset=&#8221;default&#8221; background_color=&#8221;#1392B0&#8243; background_enable_color=&#8221;on&#8221; global_colors_info=&#8221;{}&#8221; theme_builder_area=&#8221;post_content&#8221; follow_button=&#8221;off&#8221; url_new_window=&#8221;on&#8221;]linkedin[\/et_pb_social_media_follow_network][et_pb_social_media_follow_network social_network=&#8221;instagram&#8221; url=&#8221;https:\/\/www.instagram.com\/swisslens_sa\/&#8221; _builder_version=&#8221;4.25.1&#8243; _module_preset=&#8221;default&#8221; background_color=&#8221;#1392B0&#8243; background_enable_color=&#8221;on&#8221; global_colors_info=&#8221;{}&#8221; theme_builder_area=&#8221;post_content&#8221; follow_button=&#8221;off&#8221; url_new_window=&#8221;on&#8221;]instagram[\/et_pb_social_media_follow_network][et_pb_social_media_follow_network social_network=&#8221;youtube&#8221; url=&#8221;https:\/\/www.youtube.com\/c\/swisslens&#8221; _builder_version=&#8221;4.25.1&#8243; _module_preset=&#8221;default&#8221; background_color=&#8221;#1392B0&#8243; background_enable_color=&#8221;on&#8221; global_colors_info=&#8221;{}&#8221; theme_builder_area=&#8221;post_content&#8221; follow_button=&#8221;off&#8221; url_new_window=&#8221;on&#8221;]youtube[\/et_pb_social_media_follow_network][\/et_pb_social_media_follow][\/et_pb_column][et_pb_column type=&#8221;2_3&#8243; _builder_version=&#8221;4.16&#8243; custom_padding=&#8221;|||&#8221; global_colors_info=&#8221;{}&#8221; custom_padding__hover=&#8221;|||&#8221;][et_pb_map address=&#8221;swiss&#8221; admin_label=&#8221;Map&#8221; _builder_version=&#8221;4.21.0&#8243; _module_preset=&#8221;default&#8221; height=&#8221;500px&#8221; custom_padding=&#8221;20px|20px|20px|20px|true|true&#8221; module_alignment_tablet=&#8221;&#8221; module_alignment_phone=&#8221;&#8221; module_alignment_last_edited=&#8221;on|desktop&#8221; global_colors_info=&#8221;{}&#8221;][et_pb_map_pin _builder_version=&#8221;4.21.0&#8243; _module_preset=&#8221;default&#8221; global_colors_info=&#8221;{}&#8221;][\/et_pb_map_pin][\/et_pb_map][\/et_pb_column][\/et_pb_row][\/et_pb_section]<\/p>\n","protected":false},"excerpt":{"rendered":"<p>Webinaria SwissLens z dum\u0105 przedstawia seri\u0119 inspiruj\u0105cych webinari\u00f3w prowadzonych przez nasz zesp\u00f3\u0142 ds. Profesjonalnej Obs\u0142ugi. Webinaria te zosta\u0142y stworzone z my\u015bl\u0105 o specjalistach ochrony wzroku, aby dostarczy\u0107 im najnowsz\u0105 wiedz\u0119, [&hellip;]<\/p>\n","protected":false},"author":1,"featured_media":0,"parent":0,"menu_order":501,"comment_status":"closed","ping_status":"closed","template":"","meta":{"_et_pb_use_builder":"on","_et_pb_old_content":"","_et_gb_content_width":"","_price":"","_stock":"","_tribe_ticket_header":"","_tribe_default_ticket_provider":"","_tribe_ticket_capacity":"0","_ticket_start_date":"","_ticket_end_date":"","_tribe_ticket_show_description":"","_tribe_ticket_show_not_going":false,"_tribe_ticket_use_global_stock":"","_tribe_ticket_global_stock_level":"","_global_stock_mode":"","_global_stock_cap":"","_tribe_rsvp_for_event":"","_tribe_ticket_going_count":"","_tribe_ticket_not_going_count":"","_tribe_tickets_list":"[]","_tribe_ticket_has_attendee_info_fields":false,"footnotes":""},"class_list":["post-1100117","page","type-page","status-publish","hentry"],"_links":{"self":[{"href":"https:\/\/www.swisslens.ch\/pl\/wp-json\/wp\/v2\/pages\/1100117","targetHints":{"allow":["GET"]}}],"collection":[{"href":"https:\/\/www.swisslens.ch\/pl\/wp-json\/wp\/v2\/pages"}],"about":[{"href":"https:\/\/www.swisslens.ch\/pl\/wp-json\/wp\/v2\/types\/page"}],"author":[{"embeddable":true,"href":"https:\/\/www.swisslens.ch\/pl\/wp-json\/wp\/v2\/users\/1"}],"replies":[{"embeddable":true,"href":"https:\/\/www.swisslens.ch\/pl\/wp-json\/wp\/v2\/comments?post=1100117"}],"version-history":[{"count":2,"href":"https:\/\/www.swisslens.ch\/pl\/wp-json\/wp\/v2\/pages\/1100117\/revisions"}],"predecessor-version":[{"id":1154187,"href":"https:\/\/www.swisslens.ch\/pl\/wp-json\/wp\/v2\/pages\/1100117\/revisions\/1154187"}],"wp:attachment":[{"href":"https:\/\/www.swisslens.ch\/pl\/wp-json\/wp\/v2\/media?parent=1100117"}],"curies":[{"name":"wp","href":"https:\/\/api.w.org\/{rel}","templated":true}]}}