{"id":1100022,"date":"2022-08-26T00:06:58","date_gmt":"2022-08-25T22:06:58","guid":{"rendered":"https:\/\/www.swisslens.ch\/one-step-t\/"},"modified":"2025-05-30T14:01:39","modified_gmt":"2025-05-30T12:01:39","slug":"one-step-t","status":"publish","type":"page","link":"https:\/\/www.swisslens.ch\/pl\/one-step-t\/","title":{"rendered":"One Step T"},"content":{"rendered":"<p>[et_pb_section fb_built=&#8221;1&#8243; specialty=&#8221;on&#8221; custom_padding_last_edited=&#8221;on|phone&#8221; padding_bottom_2=&#8221;40px&#8221; admin_label=&#8221;Services&#8221; _builder_version=&#8221;4.27.2&#8243; background_color=&#8221;RGBA(255,255,255,0)&#8221; custom_padding=&#8221;54px|0px|0px|0|false|false&#8221; custom_padding_tablet=&#8221;54px|0px|0px|0|false|false&#8221; custom_padding_phone=&#8221;0px|0px|0px|0|false|false&#8221; bottom_divider_height=&#8221;50px&#8221; bottom_divider_arrangement=&#8221;above_content&#8221; global_colors_info=&#8221;{}&#8221;][et_pb_column type=&#8221;1_2&#8243; _builder_version=&#8221;4.16&#8243; custom_padding=&#8221;|||&#8221; global_colors_info=&#8221;{}&#8221; custom_padding__hover=&#8221;|||&#8221;][et_pb_image src=&#8221;https:\/\/www.swisslens.ch\/wp-content\/uploads\/One-step-T-3&#215;360-x1.png&#8221; title_text=&#8221;One step T- 3&#215;360 &#8211; x1&#8243; show_bottom_space=&#8221;off&#8221; align=&#8221;right&#8221; align_tablet=&#8221;center&#8221; align_phone=&#8221;&#8221; align_last_edited=&#8221;on|desktop&#8221; _builder_version=&#8221;4.27.2&#8243; parallax=&#8221;on&#8221; background_blend=&#8221;hard-light&#8221; width=&#8221;100%&#8221; max_width=&#8221;100%&#8221; module_alignment=&#8221;left&#8221; height=&#8221;370px&#8221; max_height=&#8221;370px&#8221; custom_padding=&#8221;30px|||||&#8221; animation_style=&#8221;slide&#8221; animation_direction=&#8221;right&#8221; animation_intensity_slide=&#8221;2%&#8221; custom_css_free_form=&#8221;@media(max-width:769px){.et_pb_image_0 .et_pb_image_wrap img {||        width: auto;||        max-width: 90% !important;||    }||}&#8221; global_colors_info=&#8221;{}&#8221;][\/et_pb_image][\/et_pb_column][et_pb_column type=&#8221;1_2&#8243; specialty_columns=&#8221;2&#8243; _builder_version=&#8221;4.16&#8243; custom_padding=&#8221;|||&#8221; global_colors_info=&#8221;{}&#8221; custom_padding__hover=&#8221;|||&#8221;][et_pb_row_inner custom_padding_last_edited=&#8221;on|phone&#8221; _builder_version=&#8221;4.27.2&#8243; custom_padding=&#8221;84px|0px|15px|0px|false|false&#8221; custom_padding_tablet=&#8221;84px|0px|15px|0px|false|false&#8221; custom_padding_phone=&#8221;0px|0px|15px|0px|false|false&#8221; global_colors_info=&#8221;{}&#8221;][et_pb_column_inner saved_specialty_column_type=&#8221;1_2&#8243; _builder_version=&#8221;4.16&#8243; custom_padding=&#8221;|||&#8221; global_colors_info=&#8221;{}&#8221; custom_padding__hover=&#8221;|||&#8221;][et_pb_text _builder_version=&#8221;4.27.2&#8243; text_font=&#8221;Roboto|300|||||||&#8221; text_font_size=&#8221;16px&#8221; text_line_height=&#8221;1.8em&#8221; link_font=&#8221;Montserrat|700|||||||&#8221; link_text_color=&#8221;#fa546d&#8221; link_font_size=&#8221;22px&#8221; link_line_height=&#8221;1.5em&#8221; header_font=&#8221;||||||||&#8221; header_2_font=&#8221;SwissLens|700|||||||&#8221; header_2_font_size=&#8221;38px&#8221; header_2_line_height=&#8221;1.4em&#8221; header_3_text_color=&#8221;#404040&#8243; header_3_font_size=&#8221;30px&#8221; header_6_font=&#8221;Montserrat|600||on|||||&#8221; header_6_text_color=&#8221;#ffb342&#8243; header_6_font_size=&#8221;16px&#8221; header_6_letter_spacing=&#8221;2px&#8221; header_6_line_height=&#8221;1.5em&#8221; max_width_last_edited=&#8221;off|desktop&#8221; module_alignment=&#8221;left&#8221; custom_margin=&#8221;|||&#8221; custom_padding=&#8221;|||&#8221; header_2_font_size_tablet=&#8221;&#8221; header_2_font_size_phone=&#8221;24px&#8221; header_2_font_size_last_edited=&#8221;on|phone&#8221; header_3_font_size_tablet=&#8221;30px&#8221; header_3_font_size_phone=&#8221;24px&#8221; header_3_font_size_last_edited=&#8221;on|phone&#8221; global_colors_info=&#8221;{}&#8221;]<\/p>\n<h2>Acuacare<\/h2>\n<h3>one step t<\/h3>\n<h6 style=\"color: #000!important;\"><\/h6>\n<p style=\"text-align: justify;\"><span>Szybki, jednoetapowy system nadtlenkowy z kolorowym wska\u017anikiem do czyszczenia wszystkich rodzaj\u00f3w soczewek kontaktowych: konwencjonalnych, jednorazowych, silikonowo-hydro\u017celowych i RGP.<\/span><\/p>\n<p>[\/et_pb_text][\/et_pb_column_inner][\/et_pb_row_inner][et_pb_row_inner column_structure=&#8221;1_2,1_2&#8243; use_custom_gutter=&#8221;on&#8221; gutter_width=&#8221;2&#8243; _builder_version=&#8221;4.25.1&#8243; custom_margin=&#8221;0px||0px||false|false&#8221; global_colors_info=&#8221;{}&#8221;][et_pb_column_inner type=&#8221;1_2&#8243; saved_specialty_column_type=&#8221;1_2&#8243; _builder_version=&#8221;4.16&#8243; custom_padding=&#8221;|||&#8221; global_colors_info=&#8221;{}&#8221; custom_padding__hover=&#8221;|||&#8221;][et_pb_text module_class=&#8221;doc-button&#8221; _builder_version=&#8221;4.27.0&#8243; text_font=&#8221;Roboto||||||||&#8221; link_font=&#8221;||||||||&#8221; link_text_color=&#8221;#ffffff&#8221; header_4_font=&#8221;Roboto|900|||||||&#8221; header_4_font_size=&#8221;16px&#8221; background_color=&#8221;#1392B1&#8243; background_layout=&#8221;dark&#8221; custom_padding=&#8221;10px|20px|10px|20px|true|true&#8221; animation_style=&#8221;zoom&#8221; animation_delay=&#8221;300ms&#8221; animation_intensity_zoom=&#8221;20%&#8221; border_radii=&#8221;on|6px|6px|6px|6px&#8221; locked=&#8221;off&#8221; global_colors_info=&#8221;{}&#8221;]<\/p>\n<div style=\"display: flex;\">\n<div style=\"margin-right: 10px;\"><img loading=\"lazy\" decoding=\"async\" src=\"\/wp-content\/uploads\/icon-tecnical-file-pdf.svg\" width=\"48\" height=\"48\" alt=\"\" class=\"wp-image-1118673 alignnone size-full\"><\/div>\n<div>\n<h4>Plik techniczny<\/h4>\n<p><a href=\"\/?p=711&amp;wpdmdl=711&amp;masterkey=e4Ub2S0DWwfCDcrT-SGXUWKfWTjY07flvstgstC-Oft41zOt3Psjgd5h8thuuNBt3sCBbki7Sh-TLj2GQjZGpHwP3v8nQSDwyzXoFYuFzeUmpro#\">Pobierz PDF<\/a><\/p>\n<\/div>\n<\/div>\n<p>[\/et_pb_text][\/et_pb_column_inner][et_pb_column_inner type=&#8221;1_2&#8243; saved_specialty_column_type=&#8221;1_2&#8243; _builder_version=&#8221;4.16&#8243; custom_padding=&#8221;|||&#8221; global_colors_info=&#8221;{}&#8221; custom_padding__hover=&#8221;|||&#8221;][et_pb_text disabled_on=&#8221;on|on|on&#8221; module_class=&#8221;guide-button&#8221; _builder_version=&#8221;4.27.0&#8243; text_font=&#8221;Roboto||||||||&#8221; link_font=&#8221;||||||||&#8221; link_text_color=&#8221;#666666&#8243; header_4_font=&#8221;Montserrat|700|||||||&#8221; header_4_font_size=&#8221;16px&#8221; header_4_line_height=&#8221;0.9em&#8221; background_color=&#8221;#ffffff&#8221; custom_padding=&#8221;10px|20px|10px|20px|true|true&#8221; animation_style=&#8221;zoom&#8221; animation_delay=&#8221;150ms&#8221; animation_intensity_zoom=&#8221;20%&#8221; border_radii=&#8221;on|6px|6px|6px|6px&#8221; box_shadow_style=&#8221;preset1&#8243; box_shadow_vertical=&#8221;0px&#8221; box_shadow_blur=&#8221;40px&#8221; box_shadow_color=&#8221;rgba(0,0,0,0.1)&#8221; disabled=&#8221;on&#8221; locked=&#8221;off&#8221; global_colors_info=&#8221;{}&#8221;]<\/p>\n<div style=\"display: flex;\">\n<div style=\"margin-right: 10px;\"><img loading=\"lazy\" decoding=\"async\" src=\"\/wp-content\/uploads\/icon-fitting-guide.svg\" width=\"48\" height=\"48\" alt=\"\" class=\"wp-image-1118673 alignnone size-full\"><\/div>\n<div>\n<h4>Instrukcja u\u017cytkowania<\/h4>\n<p><a href=\"\/?p=711&amp;wpdmdl=711&amp;masterkey=e4Ub2S0DWwfCDcrT-SGXUWKfWTjY07flvstgstC-Oft41zOt3Psjgd5h8thuuNBt3sCBbki7Sh-TLj2GQjZGpHwP3v8nQSDwyzXoFYuFzeUmpro#\">Pobierz PDF<\/a><\/p>\n<\/div>\n<\/div>\n<p>[\/et_pb_text][\/et_pb_column_inner][\/et_pb_row_inner][\/et_pb_column][\/et_pb_section][et_pb_section fb_built=&#8221;1&#8243; admin_label=&#8221;Products&#8221; _builder_version=&#8221;4.25.1&#8243; background_color=&#8221;RGBA(255,255,255,0)&#8221; custom_padding=&#8221;2.6px|0px|53.625px|0|false|false&#8221; global_colors_info=&#8221;{}&#8221;][et_pb_row _builder_version=&#8221;4.16&#8243; locked=&#8221;off&#8221; global_colors_info=&#8221;{}&#8221;][et_pb_column type=&#8221;4_4&#8243; _builder_version=&#8221;4.16&#8243; custom_padding=&#8221;|||&#8221; global_colors_info=&#8221;{}&#8221; custom_padding__hover=&#8221;|||&#8221;][et_pb_text _builder_version=&#8221;4.27.2&#8243; text_font=&#8221;Montserrat||||||||&#8221; text_font_size=&#8221;16px&#8221; text_line_height=&#8221;1.8em&#8221; link_font=&#8221;Montserrat|700|||||||&#8221; link_text_color=&#8221;#fa546d&#8221; link_font_size=&#8221;22px&#8221; link_line_height=&#8221;1.5em&#8221; header_font=&#8221;||||||||&#8221; header_2_font=&#8221;&#8211;et_global_heading_font|700|||||||&#8221; header_2_font_size=&#8221;40px&#8221; header_2_line_height=&#8221;1.4em&#8221; header_6_font=&#8221;&#8211;et_global_body_font|||on|||||&#8221; header_6_text_color=&#8221;#404040&#8243; header_6_font_size=&#8221;16px&#8221; header_6_letter_spacing=&#8221;2px&#8221; header_6_line_height=&#8221;1.5em&#8221; text_orientation=&#8221;center&#8221; max_width=&#8221;700px&#8221; max_width_last_edited=&#8221;off|desktop&#8221; module_alignment=&#8221;center&#8221; custom_margin=&#8221;|||&#8221; custom_padding=&#8221;|||&#8221; hover_enabled=&#8221;0&#8243; header_2_font_size_tablet=&#8221;&#8221; header_2_font_size_phone=&#8221;24px&#8221; header_2_font_size_last_edited=&#8221;on|phone&#8221; locked=&#8221;off&#8221; global_colors_info=&#8221;{}&#8221; sticky_enabled=&#8221;0&#8243;]<\/p>\n<h6><span class=\"ILfuVd\" lang=\"en\"><span class=\"hgKElc\" style=\"color: #404040!important;\">Informacje o produkcie<\/span><\/span><\/h6>\n<h2>Informacje<\/h2>\n<p>[\/et_pb_text][\/et_pb_column][\/et_pb_row][et_pb_row column_structure=&#8221;1_2,1_2&#8243; use_custom_gutter=&#8221;on&#8221; gutter_width=&#8221;2&#8243; make_equal=&#8221;on&#8221; _builder_version=&#8221;4.25.1&#8243; _module_preset=&#8221;default&#8221; custom_padding=&#8221;3px|||||&#8221; global_colors_info=&#8221;{}&#8221;][et_pb_column type=&#8221;1_2&#8243; _builder_version=&#8221;4.21.0&#8243; _module_preset=&#8221;default&#8221; global_colors_info=&#8221;{}&#8221;][et_pb_text _builder_version=&#8221;4.27.0&#8243; _module_preset=&#8221;default&#8221; text_font=&#8221;|300|||||||&#8221; text_font_size=&#8221;16px&#8221; text_line_height=&#8221;27px&#8221; background_color=&#8221;#FFFFFF&#8221; height=&#8221;100%&#8221; custom_padding=&#8221;20px|30px|20px|30px|false|false&#8221; border_radii=&#8221;on|20px|20px|20px|20px&#8221; box_shadow_style=&#8221;preset1&#8243; box_shadow_color=&#8221;rgba(0,0,0,0.1)&#8221; global_colors_info=&#8221;{}&#8221;]<\/p>\n<h3 style=\"text-align: justify;\">Co zapewnia<\/h3>\n<p style=\"text-align: justify;\">Najwy\u017cszy poziom dezynfekcji: 100% Dezynfekcja 100% powierzchni soczewki. Tabletka neutralizuj\u0105ca generuje p\u0119cherzyki dopiero po 12 minutach, wi\u0119c w tym czasie soczewki s\u0105 zanurzone w 3% roztworze nadtlenku wodoru, w kt\u00f3rym nie pojawiaj\u0105 si\u0119 p\u0119cherzyki, co mog\u0142oby uniemo\u017cliwi\u0107 dezynfekcj\u0119 niekt\u00f3rych obszar\u00f3w soczewki. <\/p>\n<p style=\"text-align: justify;\"><strong>Najszybciej:<\/strong> Ca\u0142y proces (dezynfekcja + neutralizacja) ko\u0144czy si\u0119 w ci\u0105gu godziny.<\/p>\n<p style=\"text-align: justify;\">Eliminuje bia\u0142ka i nawil\u017ca soczewk\u0119.<\/p>\n<h3 style=\"text-align: justify;\">Dla kogo?<\/h3>\n<p style=\"text-align: justify;\">Szczeg\u00f3lnie polecany dla u\u017cytkownik\u00f3w soczewek konwencjonalnych, RGP i Ortho-K.<\/p>\n<h3 style=\"text-align: justify;\">Inne specyfikacje<\/h3>\n<p style=\"text-align: justify;\"><i>Oczy normalne lub ze sk\u0142onno\u015bci\u0105 do podra\u017cnie\u0144<\/i><\/p>\n<p style=\"text-align: justify;\">U\u017cytkownicy soczewek silikonowo-hydro\u017celowych, konwencjonalnych hydro\u017celowych, RGP i Ortho-K o oczach wra\u017cliwych lub normalnych. W razie potrzeby nale\u017cy u\u017cy\u0107 <span> <\/span>roztw\u00f3ru soli fizjologicznej<span> <\/span>do p\u0142ukania przed za\u0142o\u017ceniem soczewek.<\/p>\n<p style=\"text-align: justify;\"><i>Oczy z filmem \u0142zowym bogatym w lipidy<\/i><\/p>\n<p style=\"text-align: justify;\">U\u017cytkownicy soczewek konwencjonalnych, RGP i Ortho-K z problemem osadzaj\u0105cych si\u0119 lipid\u00f3w. Czyszczenie mo\u017cna przeprowadzi\u0107 za pomoc\u0105 <a href=\"..\/allclean\">AllClean<\/a> a<span> <\/span>\u015brodek czyszcz\u0105cy z alkoholem izopropylowym<span> <\/span>oraz<span> <\/span>roztw\u00f3r soli fizjologicznej zastosowa\u0107<span> <\/span>do p\u0142ukania.<\/p>\n<p style=\"text-align: justify;\"><i>Oko z problemem sucho\u015bci<\/i><\/p>\n<p style=\"text-align: justify;\">W przypadku u\u017cytkownik\u00f3w soczewek RGP i Ortho-K z zespo\u0142em suchego oka zaleca si\u0119 uzupe\u0142nienie procesu czyszczenia roztworem soli fizjologicznej<span> <\/span><span> <\/span> i nawil\u017caj\u0105cymi kroplami do oczu.<\/p>\n<p>[\/et_pb_text][\/et_pb_column][et_pb_column type=&#8221;1_2&#8243; _builder_version=&#8221;4.21.0&#8243; _module_preset=&#8221;default&#8221; global_colors_info=&#8221;{}&#8221;][et_pb_text _builder_version=&#8221;4.27.0&#8243; _module_preset=&#8221;default&#8221; text_font=&#8221;|300|||||||&#8221; text_font_size=&#8221;16px&#8221; background_color=&#8221;#FFFFFF&#8221; custom_padding=&#8221;20px|30px|20px|30px|false|false&#8221; border_radii=&#8221;on|20px|20px|20px|20px&#8221; box_shadow_style=&#8221;preset1&#8243; box_shadow_color=&#8221;rgba(0,0,0,0.1)&#8221; global_colors_info=&#8221;{}&#8221;]<\/p>\n<h3>Sk\u0142ad<\/h3>\n<ul>\n<li><strong><span style=\"text-decoration: underline;\">Roztw\u00f3r dezynfekuj\u0105cy:  <\/span><\/strong>\n<ul>\n<li>Nadtlenek wodoru 3%<\/li>\n<li>fosforan monosodowy<\/li>\n<li>edetynian disodu w wodzie oczyszczonej.<\/li>\n<\/ul>\n<\/li>\n<li><strong><span style=\"text-decoration: underline;\">Tabletka neutralizuj\u0105ca:  <\/span><\/strong>\n<ul>\n<li>Chlorek sodu<\/li>\n<li>Poliwinylopirolidon<\/li>\n<li>fosforan disodu<\/li>\n<li>witamina B2 0,075 mg<\/li>\n<li>katalaza 0,1 mg.<\/li>\n<\/ul>\n<\/li>\n<\/ul>\n<p><strong>Nie zawiera konserwant\u00f3w.<\/strong><\/p>\n<p>[\/et_pb_text][et_pb_text _builder_version=&#8221;4.27.2&#8243; _module_preset=&#8221;default&#8221; text_font=&#8221;|300|||||||&#8221; text_font_size=&#8221;16px&#8221; text_line_height=&#8221;27px&#8221; background_color=&#8221;#FFFFFF&#8221; position_origin_a=&#8221;bottom_center&#8221; position_origin_r=&#8221;bottom_right&#8221; width=&#8221;100%&#8221; height=&#8221;450px&#8221; height_tablet=&#8221;450px&#8221; height_phone=&#8221;480px&#8221; height_last_edited=&#8221;on|phone&#8221; custom_margin=&#8221;30px||||false|false&#8221; custom_margin_tablet=&#8221;30px||||false|false&#8221; custom_margin_phone=&#8221;80px||||false|false&#8221; custom_margin_last_edited=&#8221;on|phone&#8221; custom_padding=&#8221;20px|30px|20px|30px|false|false&#8221; text_letter_spacing_tablet=&#8221;&#8221; text_letter_spacing_phone=&#8221;&#8221; text_letter_spacing_last_edited=&#8221;on|desktop&#8221; border_radii=&#8221;on|20px|20px|20px|20px&#8221; box_shadow_style=&#8221;preset1&#8243; box_shadow_color=&#8221;rgba(0,0,0,0.1)&#8221; global_colors_info=&#8221;{}&#8221;]<\/p>\n<h3>Opakowanie<\/h3>\n<p style=\"text-align: justify;\">Acuacare One Step T jest dost\u0119pny w wielu praktycznych formatach:<\/p>\n<ul>\n<li style=\"text-align: justify;\">60 ml (6 tabletek)<\/li>\n<li style=\"text-align: justify;\">360 ml (36 tabletek)<\/li>\n<li style=\"text-align: justify;\">ekonomiczne opakowanie 3 * 360 ml (3 * 36 tabletek)<\/li>\n<\/ul>\n<p style=\"text-align: justify;\">Niezale\u017cnie od potrzeb, znajdziesz format, kt\u00f3ry odpowiada Twoim preferencjom, aby zapewni\u0107 pe\u0142n\u0105 i skuteczn\u0105 piel\u0119gnacj\u0119 soczewek kontaktowych. Wybierz Acuacare All-in-One i skorzystaj z wszechstronnego i niezawodnego rozwi\u0105zania piel\u0119gnacyjnego, aby uzyska\u0107 optymalne wra\u017cenia podczas noszenia soczewek. <\/p>\n<p>[\/et_pb_text][\/et_pb_column][\/et_pb_row][\/et_pb_section]<\/p>\n","protected":false},"excerpt":{"rendered":"<p>Acuacare one step t Szybki, jednoetapowy system nadtlenkowy z kolorowym wska\u017anikiem do czyszczenia wszystkich rodzaj\u00f3w soczewek kontaktowych: konwencjonalnych, jednorazowych, silikonowo-hydro\u017celowych i RGP. Plik techniczny Pobierz PDF Instrukcja u\u017cytkowania Pobierz PDF [&hellip;]<\/p>\n","protected":false},"author":1,"featured_media":0,"parent":0,"menu_order":311,"comment_status":"closed","ping_status":"closed","template":"","meta":{"_et_pb_use_builder":"on","_et_pb_old_content":"","_et_gb_content_width":"","_price":"","_stock":"","_tribe_ticket_header":"","_tribe_default_ticket_provider":"","_tribe_ticket_capacity":"0","_ticket_start_date":"","_ticket_end_date":"","_tribe_ticket_show_description":"","_tribe_ticket_show_not_going":false,"_tribe_ticket_use_global_stock":"","_tribe_ticket_global_stock_level":"","_global_stock_mode":"","_global_stock_cap":"","_tribe_rsvp_for_event":"","_tribe_ticket_going_count":"","_tribe_ticket_not_going_count":"","_tribe_tickets_list":"[]","_tribe_ticket_has_attendee_info_fields":false,"footnotes":""},"class_list":["post-1100022","page","type-page","status-publish","hentry"],"_links":{"self":[{"href":"https:\/\/www.swisslens.ch\/pl\/wp-json\/wp\/v2\/pages\/1100022","targetHints":{"allow":["GET"]}}],"collection":[{"href":"https:\/\/www.swisslens.ch\/pl\/wp-json\/wp\/v2\/pages"}],"about":[{"href":"https:\/\/www.swisslens.ch\/pl\/wp-json\/wp\/v2\/types\/page"}],"author":[{"embeddable":true,"href":"https:\/\/www.swisslens.ch\/pl\/wp-json\/wp\/v2\/users\/1"}],"replies":[{"embeddable":true,"href":"https:\/\/www.swisslens.ch\/pl\/wp-json\/wp\/v2\/comments?post=1100022"}],"version-history":[{"count":4,"href":"https:\/\/www.swisslens.ch\/pl\/wp-json\/wp\/v2\/pages\/1100022\/revisions"}],"predecessor-version":[{"id":1154188,"href":"https:\/\/www.swisslens.ch\/pl\/wp-json\/wp\/v2\/pages\/1100022\/revisions\/1154188"}],"wp:attachment":[{"href":"https:\/\/www.swisslens.ch\/pl\/wp-json\/wp\/v2\/media?parent=1100022"}],"curies":[{"name":"wp","href":"https:\/\/api.w.org\/{rel}","templated":true}]}}