{"id":1156047,"date":"2023-12-07T15:24:06","date_gmt":"2023-12-07T14:24:06","guid":{"rendered":"https:\/\/www.swisslens.ch\/naujienlaiskis\/"},"modified":"2025-06-25T10:52:03","modified_gmt":"2025-06-25T08:52:03","slug":"naujienlaiskis","status":"publish","type":"page","link":"https:\/\/www.swisslens.ch\/lt\/naujienlaiskis\/","title":{"rendered":"Naujienlai\u0161kis"},"content":{"rendered":"<p>[et_pb_section fb_built=&#8221;1&#8243; specialty=&#8221;on&#8221; padding_bottom_2=&#8221;40px&#8221; admin_label=&#8221;Services&#8221; _builder_version=&#8221;4.25.1&#8243; background_color=&#8221;RGBA(255,255,255,0)&#8221; custom_padding=&#8221;54px|0px|6px|0|false|false&#8221; bottom_divider_height=&#8221;50px&#8221; bottom_divider_arrangement=&#8221;above_content&#8221; locked=&#8221;off&#8221; global_colors_info=&#8221;{}&#8221;][et_pb_column type=&#8221;1_2&#8243; _builder_version=&#8221;4.16&#8243; custom_padding=&#8221;|||&#8221; global_colors_info=&#8221;{}&#8221; custom_padding__hover=&#8221;|||&#8221;][et_pb_image src=&#8221;https:\/\/www.swisslens.ch\/wp-content\/uploads\/6823d5a89a28a0dcec4b111a84260a99.png&#8221; title_text=&#8221;6823d5a89a28a0dcec4b111a84260a99&#8243; show_bottom_space=&#8221;off&#8221; align_tablet=&#8221;center&#8221; align_phone=&#8221;&#8221; align_last_edited=&#8221;on|desktop&#8221; _builder_version=&#8221;4.27.2&#8243; parallax=&#8221;on&#8221; background_blend=&#8221;hard-light&#8221; width=&#8221;100%&#8221; max_width=&#8221;100%&#8221; module_alignment=&#8221;left&#8221; height=&#8221;370px&#8221; height_tablet=&#8221;370px&#8221; height_phone=&#8221;370px&#8221; height_last_edited=&#8221;on|phone&#8221; max_height=&#8221;370px&#8221; animation_style=&#8221;slide&#8221; animation_direction=&#8221;right&#8221; animation_intensity_slide=&#8221;2%&#8221; global_colors_info=&#8221;{}&#8221;][\/et_pb_image][\/et_pb_column][et_pb_column type=&#8221;1_2&#8243; specialty_columns=&#8221;2&#8243; _builder_version=&#8221;4.16&#8243; custom_padding=&#8221;|||&#8221; global_colors_info=&#8221;{}&#8221; custom_padding__hover=&#8221;|||&#8221;][et_pb_row_inner _builder_version=&#8221;4.23.1&#8243; custom_margin=&#8221;||50px||false|false&#8221; custom_padding=&#8221;24px|0px|25px|0px|false|false&#8221; global_colors_info=&#8221;{}&#8221;][et_pb_column_inner saved_specialty_column_type=&#8221;1_2&#8243; _builder_version=&#8221;4.16&#8243; custom_padding=&#8221;|||&#8221; global_colors_info=&#8221;{}&#8221; custom_padding__hover=&#8221;|||&#8221;][et_pb_text _builder_version=&#8221;4.27.2&#8243; text_font=&#8221;Roboto|300|||||||&#8221; text_font_size=&#8221;16px&#8221; text_line_height=&#8221;1.8em&#8221; link_font=&#8221;Montserrat|700|||||||&#8221; link_text_color=&#8221;#fa546d&#8221; link_font_size=&#8221;22px&#8221; link_line_height=&#8221;1.5em&#8221; header_font=&#8221;Roboto||||||||&#8221; header_2_font=&#8221;&#8211;et_global_heading_font|700|||||||&#8221; header_2_font_size=&#8221;40px&#8221; header_2_line_height=&#8221;1.4em&#8221; header_6_font=&#8221;SwissLens|600||on|||||&#8221; header_6_text_color=&#8221;#ffb342&#8243; header_6_font_size=&#8221;16px&#8221; header_6_letter_spacing=&#8221;2px&#8221; header_6_line_height=&#8221;1.5em&#8221; max_width_last_edited=&#8221;off|desktop&#8221; module_alignment=&#8221;left&#8221; custom_margin=&#8221;||||false|false&#8221; custom_padding=&#8221;70px||||false|false&#8221; custom_padding_tablet=&#8221;70px||||false|false&#8221; custom_padding_phone=&#8221;0px||||false|false&#8221; custom_padding_last_edited=&#8221;on|phone&#8221; header_2_font_size_tablet=&#8221;&#8221; header_2_font_size_phone=&#8221;24px&#8221; header_2_font_size_last_edited=&#8221;on|phone&#8221; global_colors_info=&#8221;{}&#8221;]<\/p>\n<h2><span>Naujienlai\u0161kis<\/span><\/h2>\n<h6 style=\"color: #000!important;\"><\/h6>\n<p style=\"text-align: justify;\">Atraskite i\u0161skirtines naujienas ir pasi\u016blymus \u2013 u\u017esiprenumeruokite m\u016bs\u0173 naujienlai\u0161k\u012f!<\/p>\n<p style=\"text-align: justify;\">Prad\u0117kite atradim\u0173 kelion\u0119 su m\u016bs\u0173 naujienlai\u0161kiu! U\u017esiprenumeruodami gausite i\u0161skirtin\u0119 prieig\u0105 prie specialaus turinio, ypating\u0173 pasi\u016blym\u0173 ir ekspert\u0173 patarim\u0173. B\u016bkite pirmieji, kurie su\u017eino apie naujausius produktus, naudingus patarimus ir svarbiausias tendencijas \u2013 visa tai tiesiai \u012f j\u016bs\u0173 el. pa\u0161t\u0105.  <\/p>\n<p>[\/et_pb_text][\/et_pb_column_inner][\/et_pb_row_inner][\/et_pb_column][\/et_pb_section][et_pb_section fb_built=&#8221;1&#8243; admin_label=&#8221;Contact Info&#8221; _builder_version=&#8221;4.25.1&#8243; background_color=&#8221;RGBA(255,255,255,0)&#8221; background_color_gradient_direction=&#8221;0deg&#8221; custom_padding=&#8221;12px|||||&#8221; global_colors_info=&#8221;{}&#8221;][et_pb_row _builder_version=&#8221;4.16&#8243; locked=&#8221;off&#8221; global_colors_info=&#8221;{}&#8221;][et_pb_column type=&#8221;4_4&#8243; _builder_version=&#8221;4.16&#8243; custom_padding=&#8221;|||&#8221; global_colors_info=&#8221;{}&#8221; custom_padding__hover=&#8221;|||&#8221;][et_pb_text _builder_version=&#8221;4.27.2&#8243; text_font=&#8221;SwissLens||||||||&#8221; text_font_size=&#8221;16px&#8221; text_line_height=&#8221;1.8em&#8221; link_font=&#8221;Montserrat|700|||||||&#8221; link_text_color=&#8221;#fa546d&#8221; link_font_size=&#8221;22px&#8221; link_line_height=&#8221;1.5em&#8221; header_font=&#8221;||||||||&#8221; header_2_font=&#8221;Roboto|700|||||||&#8221; header_2_font_size=&#8221;40px&#8221; header_2_line_height=&#8221;1.4em&#8221; header_6_font=&#8221;&#8211;et_global_heading_font|||on|||||&#8221; header_6_text_color=&#8221;#ffb342&#8243; header_6_font_size=&#8221;16px&#8221; header_6_letter_spacing=&#8221;2px&#8221; header_6_line_height=&#8221;1.5em&#8221; text_orientation=&#8221;center&#8221; max_width=&#8221;700px&#8221; max_width_last_edited=&#8221;off|desktop&#8221; module_alignment=&#8221;center&#8221; custom_margin=&#8221;|||&#8221; custom_padding=&#8221;|||&#8221; header_2_font_size_tablet=&#8221;&#8221; header_2_font_size_phone=&#8221;24px&#8221; header_2_font_size_last_edited=&#8221;on|phone&#8221; locked=&#8221;off&#8221; global_colors_info=&#8221;{}&#8221;]<\/p>\n<h6><span style=\"color: #404040;\">Aki\u0173 prie\u017ei\u016bros profesionalai<\/span><\/h6>\n<h2>Naujienlai\u0161kis<\/h2>\n<p>[\/et_pb_text][\/et_pb_column][\/et_pb_row][et_pb_row admin_label=&#8221;kontaktin\u0117 forma&#8221; module_id=&#8221;contactform&#8221; _builder_version=&#8221;4.27.2&#8243; background_color=&#8221;#FFFFFF&#8221; custom_margin=&#8221;25px||25px||false|false&#8221; custom_padding=&#8221;20px|20px|20px|20px|false|false&#8221; border_radii=&#8221;on|20px|20px|20px|20px&#8221; box_shadow_style=&#8221;preset1&#8243; box_shadow_vertical=&#8221;0px&#8221; box_shadow_blur=&#8221;40px&#8221; box_shadow_color=&#8221;rgba(0,0,0,0.1)&#8221; global_colors_info=&#8221;{}&#8221;][et_pb_column type=&#8221;4_4&#8243; _builder_version=&#8221;4.27.2&#8243; background_color=&#8221;RGBA(255,255,255,0)&#8221; custom_padding=&#8221;|||&#8221; global_colors_info=&#8221;{}&#8221; custom_padding__hover=&#8221;|||&#8221;][et_pb_signup mailchimp_list=&#8221;SwissLens|79e589c53c&#8221; use_custom_fields=&#8221;on&#8221; title=&#8221;Prisijunkite&#8221; description=&#8221;<\/p>\n<p><strong>B\u016bkite pirmieji, kurie su\u017eino:<\/strong> gaukite i\u0161ankstin\u012f pristatym\u0105 apie naujus produktus, akcijas ir renginius. Sekite naujienas ir pirmieji i\u0161bandykite tai, kas nauja. <\/p>\n<p><strong>I\u0161skirtiniai pasi\u016blymai:<\/strong> m\u0117gaukit\u0117s tik prenumeratoriams skirtomis nuolaidomis ir akcijomis. M\u016bs\u0173 naujienlai\u0161kis \u2013 j\u016bs\u0173 raktas \u012f ypatingus pasi\u016blymus, paruo\u0161tus specialiai jums. <\/p>\n<p><strong>Ekspert\u0173 patarimai ir rekomendacijos<\/strong>: tiesiai i\u0161 srities specialist\u0173. M\u016bs\u0173 naujienlai\u0161kis pilnas nauding\u0173 \u012f\u017evalg\u0173, kurios pad\u0117s jums pasiekti geriausius rezultatus. <\/p>\n<p><strong>Mokomasis turinys: <\/strong>su\u017einokite daugiau apie m\u016bs\u0173 produktus, naujausias technologijas ir naujoves, kad gal\u0117tum\u0117te geriau suprasti ir i\u0161naudoti visas galimybes.<\/p>\n<p><strong>Bendruomen\u0117:<\/strong> prisijunkite prie \u017emoni\u0173, kurie taip pat r\u016bpinasi aki\u0173 sveikata ir gera rega. Dalinkit\u0117s savo patirtimi, semkit\u0117s \u017eini\u0173 i\u0161 kit\u0173 ir b\u016bkite aktyvi bendruomen\u0117s dalis. <\/p>\n<p>&#8221; _builder_version=&#8221;4.27.4&#8243; _module_preset=&#8221;default&#8221; form_field_custom_padding=&#8221;14px||14px|0px|false|false&#8221; body_font=&#8221;|300|||||||&#8221; body_font_size=&#8221;16px&#8221; background_color=&#8221;RGBA(255,255,255,0)&#8221; custom_button=&#8221;on&#8221; button_text_color=&#8221;#FFFFFF&#8221; button_bg_color=&#8221;#1392B0&#8243; text_orientation=&#8221;justified&#8221; background_layout=&#8221;light&#8221; hover_enabled=&#8221;0&#8243; custom_css_free_form=&#8221;input{||      background: transparent !important;||    border-bottom: 1px solid #c9c9c9  !important;||    border-radius: 0px  !important;||  padding-left:0px !important;||}||textarea{||  background:#f7f7f7 !important;||  color:#404040 !important; ||  border-radius:10px !important;||}||||.et_pb_contact_field_options_title{||  font-family: Roboto;||font-size: 28.05px;||font-weight: 700;||line-height: 56.1px;||letter-spacing: -1.0403341054916382px;||text-align: left;||||}||.et_pb_contact_field_options_wrapper .et_pb_contact_field_options_title {||    margin-bottom: .5em;||    font-weight: 600;||    letter-spacing: normal;||}||label{||  font-weight:300 !important;||}||.et_contact_bottom_container {||    float: right;||    text-align: right;||    margin-top: -7%;||}||.et_pb_signup_0 .et_pb_newsletter_form p input%91type=%22text%22%93, .et_pb_signup_0 .et_pb_newsletter_form p textarea, .et_pb_signup_0 .et_pb_newsletter_form p select, .et_pb_signup_0 .et_pb_newsletter_form p .input%91type=%22radio%22%93+label i, .et_pb_signup_0 .et_pb_newsletter_form p .input%91type=%22checkbox%22%93+label i {||    border-width: 0px !important;||    border-color: #1392B0;||  padding-left: 0px !important;||}||body #page-container .et_pb_section .et_pb_signup_0.et_pb_subscribe .et_pb_newsletter_button.et_pb_button {||    color: #fff !important;||    font-family: &#8216;Roboto&#8217; !important;||    background: #1392B0 !important;||    width: 50%;||    border-radius: 10px;||}||.et_pb_newsletter_button_wrap{||  padding-top:20px;||}&#8221; border_color_all_fields=&#8221;#1392B0&#8243; global_colors_info=&#8221;{}&#8221; sticky_enabled=&#8221;0&#8243;][et_pb_signup_custom_field field_id=&#8221;3&#8243; field_title=&#8221;Company name&#8221; field_type=&#8221;input&#8221; _builder_version=&#8221;4.27.4&#8243; _module_preset=&#8221;default&#8221; global_colors_info=&#8221;{}&#8221; predefined_field=&#8221;3&#8243;][\/et_pb_signup_custom_field][et_pb_signup_custom_field _builder_version=&#8221;4.27.4&#8243; _module_preset=&#8221;default&#8221; predefined_field=&#8221;4&#8243; field_id=&#8221;4&#8243; field_title=&#8221;City&#8221; field_type=&#8221;input&#8221; hover_enabled=&#8221;0&#8243; sticky_enabled=&#8221;0&#8243;][\/et_pb_signup_custom_field][et_pb_signup_custom_field _builder_version=&#8221;4.27.4&#8243; _module_preset=&#8221;default&#8221; predefined_field=&#8221;6&#8243; field_id=&#8221;6&#8243; field_title=&#8221;Country&#8221; field_type=&#8221;input&#8221; hover_enabled=&#8221;0&#8243; sticky_enabled=&#8221;0&#8243;][\/et_pb_signup_custom_field][et_pb_signup_custom_field _builder_version=&#8221;4.27.4&#8243; _module_preset=&#8221;default&#8221; predefined_field=&#8221;7&#8243; field_id=&#8221;7&#8243; field_title=&#8221;Language&#8221; field_type=&#8221;input&#8221; hover_enabled=&#8221;0&#8243; sticky_enabled=&#8221;0&#8243;][\/et_pb_signup_custom_field][\/et_pb_signup][\/et_pb_column][\/et_pb_row][\/et_pb_section]<\/p>\n","protected":false},"excerpt":{"rendered":"<p>Naujienlai\u0161kis Atraskite i\u0161skirtines naujienas ir pasi\u016blymus \u2013 u\u017esiprenumeruokite m\u016bs\u0173 naujienlai\u0161k\u012f! Prad\u0117kite atradim\u0173 kelion\u0119 su m\u016bs\u0173 naujienlai\u0161kiu! U\u017esiprenumeruodami gausite i\u0161skirtin\u0119 prieig\u0105 prie specialaus turinio, ypating\u0173 pasi\u016blym\u0173 ir ekspert\u0173 patarim\u0173. B\u016bkite pirmieji, [&hellip;]<\/p>\n","protected":false},"author":1,"featured_media":0,"parent":0,"menu_order":998,"comment_status":"closed","ping_status":"closed","template":"","meta":{"_et_pb_use_builder":"on","_et_pb_old_content":"","_et_gb_content_width":"","_price":"","_stock":"","_tribe_ticket_header":"","_tribe_default_ticket_provider":"","_tribe_ticket_capacity":"0","_ticket_start_date":"","_ticket_end_date":"","_tribe_ticket_show_description":"","_tribe_ticket_show_not_going":false,"_tribe_ticket_use_global_stock":"","_tribe_ticket_global_stock_level":"","_global_stock_mode":"","_global_stock_cap":"","_tribe_rsvp_for_event":"","_tribe_ticket_going_count":"","_tribe_ticket_not_going_count":"","_tribe_tickets_list":"[]","_tribe_ticket_has_attendee_info_fields":false,"footnotes":""},"class_list":["post-1156047","page","type-page","status-publish","hentry"],"_links":{"self":[{"href":"https:\/\/www.swisslens.ch\/lt\/wp-json\/wp\/v2\/pages\/1156047","targetHints":{"allow":["GET"]}}],"collection":[{"href":"https:\/\/www.swisslens.ch\/lt\/wp-json\/wp\/v2\/pages"}],"about":[{"href":"https:\/\/www.swisslens.ch\/lt\/wp-json\/wp\/v2\/types\/page"}],"author":[{"embeddable":true,"href":"https:\/\/www.swisslens.ch\/lt\/wp-json\/wp\/v2\/users\/1"}],"replies":[{"embeddable":true,"href":"https:\/\/www.swisslens.ch\/lt\/wp-json\/wp\/v2\/comments?post=1156047"}],"version-history":[{"count":2,"href":"https:\/\/www.swisslens.ch\/lt\/wp-json\/wp\/v2\/pages\/1156047\/revisions"}],"predecessor-version":[{"id":1156049,"href":"https:\/\/www.swisslens.ch\/lt\/wp-json\/wp\/v2\/pages\/1156047\/revisions\/1156049"}],"wp:attachment":[{"href":"https:\/\/www.swisslens.ch\/lt\/wp-json\/wp\/v2\/media?parent=1156047"}],"curies":[{"name":"wp","href":"https:\/\/api.w.org\/{rel}","templated":true}]}}