{"id":1155872,"date":"2022-08-25T17:46:45","date_gmt":"2022-08-25T15:46:45","guid":{"rendered":"https:\/\/www.swisslens.ch\/atsisiuntimai\/"},"modified":"2025-06-23T10:00:34","modified_gmt":"2025-06-23T08:00:34","slug":"atsisiuntimai","status":"publish","type":"page","link":"https:\/\/www.swisslens.ch\/lt\/atsisiuntimai\/","title":{"rendered":"Atsisiuntimai"},"content":{"rendered":"<p>[et_pb_section fb_built=&#8221;1&#8243; specialty=&#8221;on&#8221; padding_bottom_2=&#8221;40px&#8221; admin_label=&#8221;Services&#8221; _builder_version=&#8221;4.25.1&#8243; background_color=&#8221;RGBA(255,255,255,0)&#8221; custom_padding=&#8221;54px|0px|0px|0|false|false&#8221; bottom_divider_height=&#8221;50px&#8221; bottom_divider_arrangement=&#8221;above_content&#8221; locked=&#8221;off&#8221; global_colors_info=&#8221;{}&#8221;][et_pb_column type=&#8221;1_2&#8243; _builder_version=&#8221;4.16&#8243; custom_padding=&#8221;|||&#8221; global_colors_info=&#8221;{}&#8221; custom_padding__hover=&#8221;|||&#8221;][et_pb_image src=&#8221;https:\/\/www.swisslens.ch\/wp-content\/uploads\/new-colors-AdobeStock_546262836b-simplified-1-1.png&#8221; title_text=&#8221;new colors &#8211; AdobeStock_546262836b &#8211; simplified 1 1&#8243; show_bottom_space=&#8221;off&#8221; align_tablet=&#8221;center&#8221; align_phone=&#8221;&#8221; align_last_edited=&#8221;on|desktop&#8221; _builder_version=&#8221;4.25.1&#8243; parallax=&#8221;on&#8221; background_blend=&#8221;hard-light&#8221; width=&#8221;100%&#8221; max_width=&#8221;100%&#8221; module_alignment=&#8221;left&#8221; height=&#8221;370px&#8221; max_height=&#8221;370px&#8221; custom_margin=&#8221;-45px|||||&#8221; animation_style=&#8221;slide&#8221; animation_direction=&#8221;right&#8221; animation_intensity_slide=&#8221;2%&#8221; global_colors_info=&#8221;{}&#8221;][\/et_pb_image][\/et_pb_column][et_pb_column type=&#8221;1_2&#8243; specialty_columns=&#8221;2&#8243; _builder_version=&#8221;4.16&#8243; custom_padding=&#8221;|||&#8221; global_colors_info=&#8221;{}&#8221; custom_padding__hover=&#8221;|||&#8221;][et_pb_row_inner _builder_version=&#8221;4.21.0&#8243; custom_margin=&#8221;||13px||false|false&#8221; custom_padding=&#8221;5px|0px|25px|0px|false|false&#8221; global_colors_info=&#8221;{}&#8221;][et_pb_column_inner saved_specialty_column_type=&#8221;1_2&#8243; _builder_version=&#8221;4.16&#8243; custom_padding=&#8221;|||&#8221; global_colors_info=&#8221;{}&#8221; custom_padding__hover=&#8221;|||&#8221;][et_pb_text _builder_version=&#8221;4.25.1&#8243; text_font=&#8221;Roboto|300|||||||&#8221; text_font_size=&#8221;16px&#8221; text_line_height=&#8221;1.8em&#8221; link_font=&#8221;Montserrat|700|||||||&#8221; link_text_color=&#8221;#fa546d&#8221; link_font_size=&#8221;22px&#8221; link_line_height=&#8221;1.5em&#8221; header_font=&#8221;SwissLens||||||||&#8221; header_2_font=&#8221;Roboto|700|||||||&#8221; header_2_font_size=&#8221;40px&#8221; header_2_line_height=&#8221;1.4em&#8221; header_6_font=&#8221;Montserrat|600||on|||||&#8221; header_6_text_color=&#8221;#ffb342&#8243; header_6_font_size=&#8221;16px&#8221; header_6_letter_spacing=&#8221;2px&#8221; header_6_line_height=&#8221;1.5em&#8221; max_width_last_edited=&#8221;off|desktop&#8221; module_alignment=&#8221;left&#8221; custom_margin=&#8221;63px|||||&#8221; custom_padding=&#8221;|||&#8221; header_2_font_size_tablet=&#8221;&#8221; header_2_font_size_phone=&#8221;24px&#8221; header_2_font_size_last_edited=&#8221;on|phone&#8221; global_colors_info=&#8221;{}&#8221;]<\/p>\n<h2>Atsisiuntimai<\/h2>\n<h6 style=\"color: #000!important;\"><\/h6>\n<p style=\"text-align: justify;\"><span>Atsisiuntimo puslapis sukurtas tam, kad suteikt\u0173 jums reikiam\u0173 \u017eini\u0173 ir informacijos, padedan\u010di\u0173 priimti pagr\u012fstus sprendimus ir maksimaliai i\u0161naudoti m\u016bs\u0173 produktus. Laisvai nar\u0161ykite ir naudokit\u0117s reikalingais i\u0161tekliais, o jei prireiks papildomos pagalbos ar informacijos, nedvejodami kreipkit\u0117s. J\u016bs\u0173 s\u0117km\u0117 ir pasitenkinimas yra m\u016bs\u0173 prioritetas.  <\/span><\/p>\n<p>[\/et_pb_text][\/et_pb_column_inner][\/et_pb_row_inner][\/et_pb_column][\/et_pb_section][et_pb_section fb_built=&#8221;1&#8243; admin_label=&#8221;Services&#8221; _builder_version=&#8221;4.25.1&#8243; background_color=&#8221;RGBA(255,255,255,0)&#8221; custom_padding=&#8221;||4px|||&#8221; global_colors_info=&#8221;{}&#8221;][et_pb_row _builder_version=&#8221;4.20.0&#8243; global_colors_info=&#8221;{}&#8221;][et_pb_column type=&#8221;4_4&#8243; _builder_version=&#8221;4.20.0&#8243; vertical_offset=&#8221;0px&#8221; custom_padding=&#8221;|||&#8221; global_colors_info=&#8221;{}&#8221; custom_padding__hover=&#8221;|||&#8221;][et_pb_text _builder_version=&#8221;4.27.2&#8243; text_font=&#8221;Montserrat||||||||&#8221; text_font_size=&#8221;16px&#8221; text_line_height=&#8221;1.8em&#8221; link_font=&#8221;Montserrat|700|||||||&#8221; link_text_color=&#8221;#fa546d&#8221; link_font_size=&#8221;22px&#8221; link_line_height=&#8221;1.5em&#8221; header_font=&#8221;Roboto||||||||&#8221; header_2_font=&#8221;Roboto|700|||||||&#8221; header_2_font_size=&#8221;40px&#8221; header_2_line_height=&#8221;1.4em&#8221; header_6_font=&#8221;&#8211;et_global_body_font|||on|||||&#8221; header_6_text_color=&#8221;#404040&#8243; header_6_font_size=&#8221;16px&#8221; header_6_letter_spacing=&#8221;2px&#8221; header_6_line_height=&#8221;1.5em&#8221; text_orientation=&#8221;center&#8221; max_width=&#8221;700px&#8221; max_width_last_edited=&#8221;off|desktop&#8221; module_alignment=&#8221;center&#8221; custom_margin=&#8221;0px|0px|0px|0px|false|false&#8221; custom_padding=&#8221;0px|0px|0px|0px|false|false&#8221; hover_enabled=&#8221;0&#8243; header_2_font_size_tablet=&#8221;&#8221; header_2_font_size_phone=&#8221;24px&#8221; header_2_font_size_last_edited=&#8221;on|phone&#8221; global_colors_info=&#8221;{}&#8221; sticky_enabled=&#8221;0&#8243;]<\/p>\n<h6 style=\"color: #404040!important;\">Viskas vienoje vietoje<\/h6>\n<h2>Atsisi\u0173sti med\u017eiag\u0105<\/h2>\n<p>[\/et_pb_text][\/et_pb_column][\/et_pb_row][\/et_pb_section][et_pb_section fb_built=&#8221;1&#8243; _builder_version=&#8221;4.25.1&#8243; _module_preset=&#8221;default&#8221; background_color=&#8221;RGBA(255,255,255,0)&#8221; custom_padding=&#8221;7px||145px|||&#8221; global_colors_info=&#8221;{}&#8221;][et_pb_row _builder_version=&#8221;4.22.1&#8243; _module_preset=&#8221;default&#8221; global_colors_info=&#8221;{}&#8221;][et_pb_column type=&#8221;4_4&#8243; _builder_version=&#8221;4.22.1&#8243; _module_preset=&#8221;default&#8221; global_colors_info=&#8221;{}&#8221;][et_pb_code _builder_version=&#8221;4.24.2&#8243; _module_preset=&#8221;default&#8221; global_colors_info=&#8221;{}&#8221;]\n    <script>\n        jQuery(function($){\n\n            var __dt = $('#wpdmmydls-5c9d4dc284aff4b13e38d95988ae21c9').dataTable({\n                \"dom\": '<\"wpdmdt-toolbar\"lfrB>t<\"wpdmdt-toolbarb\"ip>',\n                responsive: true,\n                \"order\": [[ 0, \"asc\" ]],\n                \"language\": {\n                    \"lengthMenu\": \"Display _MENU_ downloads per page\",\n                    \"zeroRecords\": \"Nothing _START_ to - sorry\",\n                    \"info\": \"Showing _START_ to _END_ of _TOTAL_ downloads\",\n                    \"infoEmpty\": \"No downloads available\",\n                    \"infoFiltered\": \"(filtered from _MAX_ total downloads)\",\n                    \"emptyTable\":     \"No data available in table\",\n                    \"infoPostFix\":    \"\",\n                    \"thousands\":      \",\",\n                    \"loadingRecords\": \"Loading...\",\n                    \"processing\":     \"Processing...\",\n                    \"search\":         \"Search:\",\n                    \"paginate\": {\n                        \"first\":      \"First\",\n                        \"last\":       \"Last\",\n                        \"next\":       \"Next\",\n                        \"previous\":   \"Previous\"\n                    },\n                    \"aria\": {\n                        \"sortAscending\":  \" : activate to sort column ascending\",\n                        \"sortDescending\": \": activate to sort column descending\"\n                    }\n                },\n                \"iDisplayLength\": 20,\n                \"aLengthMenu\": [[20, 10, 25, 50, -1], [20, 10, 25, 50, \"All\"]]\n            });\n\n                    });\n    <\/script>\n<style>\n    .wpdmdt-toolbar {\n        padding: 10px;\n    }\n    .wpdmdt-toolbarb {\n        padding: 5px 10px 10px;\n    }\n    .wpdmdt-toolbar > div {\n        display: inline-block;\n    }\n    table,td,th{\n        border: 0;\n    }\n    #wpdm-all-packages .card{\n        overflow: hidden;\n    }\n    .dataTables_wrapper .table{\n        margin: 0;\n    }\n    #wpdmmydls-5c9d4dc284aff4b13e38d95988ae21c9{\n        border-bottom: 1px solid #dddddd;\n        border-top: 1px solid #dddddd;\n        font-size: 10pt;\n        min-width: 100%;\n    }\n    #wpdmmydls-5c9d4dc284aff4b13e38d95988ae21c9 .wpdm-download-link img{\n        box-shadow: none !important;\n        max-width: 100%;\n    }\n    .w3eden .pagination{\n        margin: 0 !important;\n    }\n    #wpdmmydls-5c9d4dc284aff4b13e38d95988ae21c9 td:not(:first-child){\n        vertical-align: middle !important;\n    }\n    #wpdmmydls-5c9d4dc284aff4b13e38d95988ae21c9 td.__dt_col_download_link .btn{\n        display: block;\n        width: 100%;\n    }\n    #wpdmmydls-5c9d4dc284aff4b13e38d95988ae21c9 td.__dt_col_download_link,\n    #wpdmmydls-5c9d4dc284aff4b13e38d95988ae21c9 th#download_link{\n        max-width: 155px !important;\n        width: 155px;\n\n    }\n    #wpdmmydls-5c9d4dc284aff4b13e38d95988ae21c9 th{\n        background-color: rgba(0,0,0,0.04);\n        border-bottom: 1px solid rgba(0,0,0,0.025);\n    }\n    #wpdmmydls-5c9d4dc284aff4b13e38d95988ae21c9_length label,\n    #wpdmmydls-5c9d4dc284aff4b13e38d95988ae21c9_filter label{\n        font-weight: 400;\n    }\n    #wpdmmydls-5c9d4dc284aff4b13e38d95988ae21c9_filter input[type=search]{\n        display: inline-block;\n        width: 200px;\n    }\n    #wpdmmydls-5c9d4dc284aff4b13e38d95988ae21c9_length select{\n        display: inline-block;\n        width: 60px;\n    }\n\n    #wpdmmydls-5c9d4dc284aff4b13e38d95988ae21c9 .package-title{\n        color:#36597C;\n        font-size: 11pt;\n        font-weight: 700;\n    }\n    #wpdmmydls-5c9d4dc284aff4b13e38d95988ae21c9 .small-txt{\n        margin-right: 7px;\n    }\n    #wpdmmydls-5c9d4dc284aff4b13e38d95988ae21c9 td{\n        min-width: 150px;\n    }\n\n    #wpdmmydls-5c9d4dc284aff4b13e38d95988ae21c9 td.__dt_col_categories{\n        max-width: 300px;\n    }\n\n    #wpdmmydls-5c9d4dc284aff4b13e38d95988ae21c9 .small-txt,\n    #wpdmmydls-5c9d4dc284aff4b13e38d95988ae21c9 small{\n        font-size: 9pt;\n    }\n    .w3eden .table-striped tbody tr:nth-of-type(2n+1) {\n        background-color: rgba(0,0,0,0.015);\n    }\n    .dataTables_wrapper .dataTables_paginate .paginate_button:active,\n    .dataTables_wrapper .dataTables_paginate .paginate_button:focus,\n    .dataTables_wrapper .dataTables_paginate .paginate_button:hover,\n    .dataTables_wrapper .dataTables_paginate .paginate_button{\n        margin: 0 !important;\n        padding: 0 !important;\n        border: 0 !important;\n        background: transparent !important;\n    }\n\n\n    @media (max-width: 799px) {\n        #wpdmmydls-5c9d4dc284aff4b13e38d95988ae21c9 tr {\n            display: block;\n            border: 3px solid rgba(0,0,0,0.3) !important;\n            margin-bottom: 10px !important;\n            position: relative;\n        }\n        #wpdmmydls-5c9d4dc284aff4b13e38d95988ae21c9 thead{\n            display: none;\n        }\n        #wpdmmydls-5c9d4dc284aff4b13e38d95988ae21c9,\n        #wpdmmydls-5c9d4dc284aff4b13e38d95988ae21c9 td:first-child {\n            border: 0 !important;\n        }\n        #wpdmmydls-5c9d4dc284aff4b13e38d95988ae21c9 td {\n            display: block;\n        }\n        #wpdmmydls-5c9d4dc284aff4b13e38d95988ae21c9 td.__dt_col_download_link {\n            display: block;\n            max-width: 100% !important;\n            width: auto !important;\n\n        }\n    }\n\n\n<\/style>\n<div class=\"w3eden\">\n    <div id=\"wpdm-all-packages\">\n        <table id=\"wpdmmydls-5c9d4dc284aff4b13e38d95988ae21c9\" class=\"table table-striped wpdm-all-packages-table\">\n            <thead>\n            <tr>\n                                <th style=\"\"  id=\"title\" class=\"\">Title<\/th>\n                                <th style=\"\"  id=\"categories\" class=\"hidden-sm hidden-xs\">Categories<\/th>\n                                <th style=\"\"  id=\"tags\" class=\"hidden-sm hidden-xs\">Languages<\/th>\n                                <th style=\"\"  id=\"updatedate\" class=\"hidden-sm hidden-xs\">Update Date<\/th>\n                                <th style=\"width: 155px !important;max-width: 155px !important;\"  id=\"downloadlink\" class=\"hidden-sm hidden-xs\">Download<\/th>\n                \n            <\/tr>\n            <\/thead>\n            <tbody>\n                                    <\/tbody>\n        <\/table>\n\n        <div class='text-center'><ul class='pagination wpdm-pagination pagination-centered text-center'><\/ul><\/div>\n    <\/div>\n<\/div>\n[\/et_pb_code][et_pb_text _builder_version=&#8221;4.22.1&#8243; _module_preset=&#8221;default&#8221; global_colors_info=&#8221;{}&#8221;]<\/p>\n<h4><strong>Produkt\u0173 katalogai <\/strong><\/h4>\n<p><span>Per\u017ei\u016br\u0117kite m\u016bs\u0173 naujausius produkt\u0173 katalogus, kuriuose rasite plat\u0173 kontaktini\u0173 l\u0119\u0161i\u0173 pasirinkim\u0105 ir gal\u0117site i\u0161sirinkti idealiai j\u016bs\u0173 poreikiams tinkant\u012f sprendim\u0105.<\/span><\/p>\n<p>[\/et_pb_text][et_pb_text _builder_version=&#8221;4.22.1&#8243; _module_preset=&#8221;default&#8221; global_colors_info=&#8221;{}&#8221;]<\/p>\n<h4><strong>Parinkimo gidai<\/strong><\/h4>\n<p><span>Aki\u0173 prie\u017ei\u016bros specialistams si\u016blome detalias parinkimo gaires ir protokolus, kurie palengvina m\u016bs\u0173 kontaktini\u0173 l\u0119\u0161i\u0173 parinkim\u0105 ir pritaikym\u0105.<\/span><\/p>\n<p>[\/et_pb_text][et_pb_text _builder_version=&#8221;4.22.1&#8243; _module_preset=&#8221;default&#8221; global_colors_info=&#8221;{}&#8221;]<\/p>\n<h4><strong>Mokomoji med\u017eiaga<\/strong><\/h4>\n<p>I\u0161samiai susipa\u017einkite su m\u016bs\u0173 mokom\u0105ja med\u017eiaga \u2013 naudotojo vadovais, instrukcijomis ir mokymais, kad tur\u0117tum\u0117te vis\u0105 reikiam\u0105 informacij\u0105, kaip maksimaliai i\u0161naudoti m\u016bs\u0173 pasi\u016blymus.<\/p>\n<p>[\/et_pb_text][et_pb_text _builder_version=&#8221;4.24.2&#8243; _module_preset=&#8221;default&#8221; global_colors_info=&#8221;{}&#8221;]<\/p>\n<h4><strong>Moksliniai straipsniai<\/strong><\/h4>\n<p><span>Gaukite prieig\u0105 prie pa\u017eangiausi\u0173 mokslini\u0173 straipsni\u0173 ir tyrim\u0173, kurie atskleid\u017eia m\u016bs\u0173 produkt\u0173 mokslin\u012f ir technologin\u012f pagrind\u0105 bei suteikia verting\u0173 \u012f\u017evalg\u0173 apie j\u0173 veiksmingum\u0105 ir prana\u0161umus.<\/span><\/p>\n<p>[\/et_pb_text][\/et_pb_column][\/et_pb_row][\/et_pb_section]<\/p>\n","protected":false},"excerpt":{"rendered":"<p>Atsisiuntimai Atsisiuntimo puslapis sukurtas tam, kad suteikt\u0173 jums reikiam\u0173 \u017eini\u0173 ir informacijos, padedan\u010di\u0173 priimti pagr\u012fstus sprendimus ir maksimaliai i\u0161naudoti m\u016bs\u0173 produktus. Laisvai nar\u0161ykite ir naudokit\u0117s reikalingais i\u0161tekliais, o jei prireiks [&hellip;]<\/p>\n","protected":false},"author":1,"featured_media":0,"parent":0,"menu_order":600,"comment_status":"closed","ping_status":"closed","template":"","meta":{"_et_pb_use_builder":"on","_et_pb_old_content":"","_et_gb_content_width":"","_price":"","_stock":"","_tribe_ticket_header":"","_tribe_default_ticket_provider":"","_tribe_ticket_capacity":"0","_ticket_start_date":"","_ticket_end_date":"","_tribe_ticket_show_description":"","_tribe_ticket_show_not_going":false,"_tribe_ticket_use_global_stock":"","_tribe_ticket_global_stock_level":"","_global_stock_mode":"","_global_stock_cap":"","_tribe_rsvp_for_event":"","_tribe_ticket_going_count":"","_tribe_ticket_not_going_count":"","_tribe_tickets_list":"[]","_tribe_ticket_has_attendee_info_fields":false,"footnotes":""},"class_list":["post-1155872","page","type-page","status-publish","hentry"],"_links":{"self":[{"href":"https:\/\/www.swisslens.ch\/lt\/wp-json\/wp\/v2\/pages\/1155872","targetHints":{"allow":["GET"]}}],"collection":[{"href":"https:\/\/www.swisslens.ch\/lt\/wp-json\/wp\/v2\/pages"}],"about":[{"href":"https:\/\/www.swisslens.ch\/lt\/wp-json\/wp\/v2\/types\/page"}],"author":[{"embeddable":true,"href":"https:\/\/www.swisslens.ch\/lt\/wp-json\/wp\/v2\/users\/1"}],"replies":[{"embeddable":true,"href":"https:\/\/www.swisslens.ch\/lt\/wp-json\/wp\/v2\/comments?post=1155872"}],"version-history":[{"count":2,"href":"https:\/\/www.swisslens.ch\/lt\/wp-json\/wp\/v2\/pages\/1155872\/revisions"}],"predecessor-version":[{"id":1155874,"href":"https:\/\/www.swisslens.ch\/lt\/wp-json\/wp\/v2\/pages\/1155872\/revisions\/1155874"}],"wp:attachment":[{"href":"https:\/\/www.swisslens.ch\/lt\/wp-json\/wp\/v2\/media?parent=1155872"}],"curies":[{"name":"wp","href":"https:\/\/api.w.org\/{rel}","templated":true}]}}