{"id":1154701,"date":"2022-08-25T17:53:56","date_gmt":"2022-08-25T15:53:56","guid":{"rendered":"https:\/\/www.swisslens.ch\/keratokonusas\/"},"modified":"2026-04-23T09:40:13","modified_gmt":"2026-04-23T07:40:13","slug":"keratokonusas","status":"publish","type":"page","link":"https:\/\/www.swisslens.ch\/lt\/keratokonusas\/","title":{"rendered":"Keratokonusas"},"content":{"rendered":"<p>[et_pb_section fb_built=&#8221;1&#8243; specialty=&#8221;on&#8221; padding_bottom_2=&#8221;40px&#8221; admin_label=&#8221;Services&#8221; _builder_version=&#8221;4.27.4&#8243; background_color=&#8221;RGBA(255,255,255,0)&#8221; custom_padding=&#8221;54px|0px|0px|0|false|false&#8221; bottom_divider_height=&#8221;50px&#8221; bottom_divider_arrangement=&#8221;above_content&#8221; custom_css_free_form=&#8221;@media(min-width:1600px){||  footer{||  position: absolute;||    bottom: 0;||    width: 100%;||}||}&#8221; locked=&#8221;off&#8221; global_colors_info=&#8221;{}&#8221;][et_pb_column type=&#8221;1_2&#8243; _builder_version=&#8221;4.16&#8243; custom_padding=&#8221;|||&#8221; global_colors_info=&#8221;{}&#8221; custom_padding__hover=&#8221;|||&#8221;][et_pb_image src=&#8221;https:\/\/www.swisslens.ch\/wp-content\/uploads\/photo_2026-03-03_14-12-28-removebg-preview.png&#8221; title_text=&#8221;photo_2026-03-03_14-12-28-removebg-preview&#8221; show_bottom_space=&#8221;off&#8221; align_tablet=&#8221;center&#8221; align_phone=&#8221;&#8221; align_last_edited=&#8221;on|desktop&#8221; disabled_on=&#8221;off|off|off&#8221; _builder_version=&#8221;4.27.4&#8243; parallax=&#8221;on&#8221; background_blend=&#8221;hard-light&#8221; width=&#8221;100%&#8221; max_width=&#8221;100%&#8221; module_alignment=&#8221;center&#8221; min_height_tablet=&#8221;&#8221; min_height_phone=&#8221;&#8221; min_height_last_edited=&#8221;on|phone&#8221; height=&#8221;599px&#8221; height_tablet=&#8221;370px&#8221; height_phone=&#8221;238px&#8221; height_last_edited=&#8221;on|phone&#8221; max_height=&#8221;450px&#8221; custom_margin=&#8221;-50px|||-3px|false|false&#8221; custom_padding=&#8221;||3px|||&#8221; animation_style=&#8221;slide&#8221; animation_direction=&#8221;right&#8221; animation_intensity_slide=&#8221;2%&#8221; global_colors_info=&#8221;{}&#8221;][\/et_pb_image][\/et_pb_column][et_pb_column type=&#8221;1_2&#8243; specialty_columns=&#8221;2&#8243; _builder_version=&#8221;4.16&#8243; custom_padding=&#8221;|||&#8221; global_colors_info=&#8221;{}&#8221; custom_padding__hover=&#8221;|||&#8221;][et_pb_row_inner _builder_version=&#8221;4.27.4&#8243; custom_padding=&#8221;4px|0px|0px|0px|false|false&#8221; global_colors_info=&#8221;{}&#8221;][et_pb_column_inner saved_specialty_column_type=&#8221;1_2&#8243; _builder_version=&#8221;4.16&#8243; custom_padding=&#8221;|||&#8221; global_colors_info=&#8221;{}&#8221; custom_padding__hover=&#8221;|||&#8221;][et_pb_text _builder_version=&#8221;4.27.4&#8243; text_font=&#8221;Roboto|300|||||||&#8221; text_font_size=&#8221;16px&#8221; text_line_height=&#8221;1.8em&#8221; link_font=&#8221;Montserrat|700|||||||&#8221; link_text_color=&#8221;#fa546d&#8221; link_font_size=&#8221;22px&#8221; link_line_height=&#8221;1.5em&#8221; header_font=&#8221;||||||||&#8221; header_2_font=&#8221;Roboto|700|||||||&#8221; header_2_font_size=&#8221;40px&#8221; header_2_line_height=&#8221;1.4em&#8221; header_6_font=&#8221;Montserrat|600||on|||||&#8221; header_6_text_color=&#8221;#ffb342&#8243; header_6_font_size=&#8221;16px&#8221; header_6_letter_spacing=&#8221;2px&#8221; header_6_line_height=&#8221;1.5em&#8221; max_width_last_edited=&#8221;off|desktop&#8221; module_alignment=&#8221;left&#8221; custom_margin=&#8221;||-3px|||&#8221; custom_padding=&#8221;||0px|||&#8221; header_2_font_size_tablet=&#8221;&#8221; header_2_font_size_phone=&#8221;24px&#8221; header_2_font_size_last_edited=&#8221;on|phone&#8221; global_colors_info=&#8221;{}&#8221; locked=&#8221;off&#8221;]<\/p>\n<h2 style=\"text-align: left;\">Keratoconus<\/h2>\n<p>Keratokonusas \u2013 tai progresuojanti aki\u0173 liga, kurios metu ragena suplon\u0117ja ir palaipsniui netaisyklingai i\u0161sigaubia. D\u0117l to \u0161viesa tinklain\u0117je nebesufokusuojama tiksliai, tod\u0117l atsiranda nery\u0161kus ir i\u0161kraipytas matymas, \u0161viesos ratilai bei padid\u0117j\u0119s jautrumas \u0161viesai. Ligai progresuojant, akiniai da\u017enai nebesuteikia pakankamos reg\u0117jimo korekcijos d\u0117l pakitusios ragenos formos.  <\/p>\n<p>Specializuoti kontaktiniai l\u0119\u0161iai atlieka svarb\u0173 vaidmen\u012f gerinant reg\u0117jimo funkcij\u0105 \u017emon\u0117ms, sergantiems keratokonusu. Sukurdami lyg\u0173 ir taisykling\u0105 optin\u012f pavir\u0161i\u0173 vir\u0161 netaisyklingos ragenos, kontaktiniai l\u0119\u0161iai gali \u017eymiai pagerinti reg\u0117jimo a\u0161trum\u0105, suma\u017einti i\u0161kraipymus ir pagerinti bendr\u0105 vaizdo ai\u0161kum\u0105 bei kontrasto jautrum\u0105. Daugelis pacient\u0173, naudodami kontaktinius l\u0119\u0161ius, pasiekia gerokai auk\u0161tesn\u0119 reg\u0117jimo kokyb\u0119 nei su akiniais.  <\/p>\n<p>SwissLens si\u016blo kelis keratokonusui skirt\u0173 l\u0119\u0161i\u0173 variantus, \u012fskaitant tiek mink\u0161tuosius, tiek RGP l\u0119\u0161ius, taip suteikdama individualiai pritaikytus sprendimus pagal kiekvieno paciento ragenos form\u0105 ir reg\u0117jimo poreikius.<\/p>\n<p>[\/et_pb_text][\/et_pb_column_inner][\/et_pb_row_inner][\/et_pb_column][\/et_pb_section][et_pb_section fb_built=&#8221;1&#8243; _builder_version=&#8221;4.27.4&#8243; _module_preset=&#8221;default&#8221; background_color=&#8221;rgba(206,206,206,0)&#8221; min_height=&#8221;0px&#8221; locked=&#8221;off&#8221; global_colors_info=&#8221;{}&#8221;][et_pb_row column_structure=&#8221;1_3,1_3,1_3&#8243; _builder_version=&#8221;4.27.4&#8243; _module_preset=&#8221;default&#8221; width=&#8221;1300px&#8221; max_width=&#8221;100%&#8221; max_width_tablet=&#8221;100%&#8221; max_width_phone=&#8221;100%&#8221; max_width_last_edited=&#8221;on|desktop&#8221; global_colors_info=&#8221;{}&#8221;][et_pb_column type=&#8221;1_3&#8243; _builder_version=&#8221;4.27.4&#8243; _module_preset=&#8221;default&#8221; global_colors_info=&#8221;{}&#8221;][et_pb_button button_url=&#8221;\/flexcone\/&#8221; button_text=&#8221;FlexCone&#8221; module_class=&#8221;color-button&#8221; _builder_version=&#8221;4.27.4&#8243; _module_preset=&#8221;default&#8221; custom_css_free_form=&#8221;.color-button {||      font-family: &#8216;SwissLens&#8217;, Helvetica, Arial, Lucida, sans-serif !important;||    font-weight: 700;||  text-align: center;||  color: #1392B1;||  background-color: #f1f3f5;||  border-radius: 10px;||  box-shadow: 0 4px 10px rgba(0, 150, 199, 0.15);||  text-decoration: none;||  transition: all 0.3s ease;||  position: relative;||  width:100%;||}||||.color-button::after {||display:none;||}||||.color-button:hover {||  background-color: #0096c7;||  box-shadow: 0 8px 20px rgba(0, 150, 199, 0.3);||    padding-left:20px !important;||       padding-right:20px !important;||       padding-top:0px !important;||       padding-bottom:10px !important;||}||||.color-button:hover::after {||display: none !important;||}||&#8221; global_colors_info=&#8221;{}&#8221;][\/et_pb_button][\/et_pb_column][et_pb_column type=&#8221;1_3&#8243; _builder_version=&#8221;4.27.4&#8243; _module_preset=&#8221;default&#8221; global_colors_info=&#8221;{}&#8221;][et_pb_button button_url=&#8221;\/scleraflex-mini\/&#8221; button_text=&#8221;ScleraFlex&#8221; admin_label=&#8221;Button&#8221; module_class=&#8221;color-button&#8221; _builder_version=&#8221;4.27.4&#8243; _module_preset=&#8221;default&#8221; custom_button=&#8221;on&#8221; button_text_size=&#8221;19px&#8221; global_colors_info=&#8221;{}&#8221;][\/et_pb_button][\/et_pb_column][et_pb_column type=&#8221;1_3&#8243; _builder_version=&#8221;4.27.4&#8243; _module_preset=&#8221;default&#8221; global_colors_info=&#8221;{}&#8221;][et_pb_button button_url=&#8221;\/hydrocone\/&#8221; button_text=&#8221;HydroCone&#8221; module_class=&#8221;color-button&#8221; _builder_version=&#8221;4.27.4&#8243; _module_preset=&#8221;default&#8221; global_colors_info=&#8221;{}&#8221;][\/et_pb_button][\/et_pb_column][\/et_pb_row][\/et_pb_section]<\/p>\n","protected":false},"excerpt":{"rendered":"<p>Keratoconus Keratokonusas \u2013 tai progresuojanti aki\u0173 liga, kurios metu ragena suplon\u0117ja ir palaipsniui netaisyklingai i\u0161sigaubia. D\u0117l to \u0161viesa tinklain\u0117je nebesufokusuojama tiksliai, tod\u0117l atsiranda nery\u0161kus ir i\u0161kraipytas matymas, \u0161viesos ratilai bei [&hellip;]<\/p>\n","protected":false},"author":1,"featured_media":0,"parent":0,"menu_order":212,"comment_status":"closed","ping_status":"closed","template":"","meta":{"_et_pb_use_builder":"on","_et_pb_old_content":"<!-- wp:divi\/placeholder \/-->","_et_gb_content_width":"","_price":"","_stock":"","_tribe_ticket_header":"","_tribe_default_ticket_provider":"","_tribe_ticket_capacity":"0","_ticket_start_date":"","_ticket_end_date":"","_tribe_ticket_show_description":"","_tribe_ticket_show_not_going":false,"_tribe_ticket_use_global_stock":"","_tribe_ticket_global_stock_level":"","_global_stock_mode":"","_global_stock_cap":"","_tribe_rsvp_for_event":"","_tribe_ticket_going_count":"","_tribe_ticket_not_going_count":"","_tribe_tickets_list":"[]","_tribe_ticket_has_attendee_info_fields":false,"footnotes":""},"class_list":["post-1154701","page","type-page","status-publish","hentry"],"_links":{"self":[{"href":"https:\/\/www.swisslens.ch\/lt\/wp-json\/wp\/v2\/pages\/1154701","targetHints":{"allow":["GET"]}}],"collection":[{"href":"https:\/\/www.swisslens.ch\/lt\/wp-json\/wp\/v2\/pages"}],"about":[{"href":"https:\/\/www.swisslens.ch\/lt\/wp-json\/wp\/v2\/types\/page"}],"author":[{"embeddable":true,"href":"https:\/\/www.swisslens.ch\/lt\/wp-json\/wp\/v2\/users\/1"}],"replies":[{"embeddable":true,"href":"https:\/\/www.swisslens.ch\/lt\/wp-json\/wp\/v2\/comments?post=1154701"}],"version-history":[{"count":4,"href":"https:\/\/www.swisslens.ch\/lt\/wp-json\/wp\/v2\/pages\/1154701\/revisions"}],"predecessor-version":[{"id":1170200,"href":"https:\/\/www.swisslens.ch\/lt\/wp-json\/wp\/v2\/pages\/1154701\/revisions\/1170200"}],"wp:attachment":[{"href":"https:\/\/www.swisslens.ch\/lt\/wp-json\/wp\/v2\/media?parent=1154701"}],"curies":[{"name":"wp","href":"https:\/\/api.w.org\/{rel}","templated":true}]}}