{"id":1101116,"date":"2022-08-25T17:58:37","date_gmt":"2022-08-25T15:58:37","guid":{"rendered":"https:\/\/www.swisslens.ch\/materiali-rigidi\/"},"modified":"2026-02-04T15:17:26","modified_gmt":"2026-02-04T14:17:26","slug":"materiali-rigidi","status":"publish","type":"page","link":"https:\/\/www.swisslens.ch\/it\/materiali-rigidi\/","title":{"rendered":"Materiali rigidi"},"content":{"rendered":"<p>[et_pb_section fb_built=&#8221;1&#8243; specialty=&#8221;on&#8221; padding_bottom_2=&#8221;40px&#8221; admin_label=&#8221;Services&#8221; _builder_version=&#8221;4.27.2&#8243; background_color=&#8221;RGBA(255,255,255,0)&#8221; module_alignment=&#8221;center&#8221; inner_module_alignment=&#8221;center&#8221; custom_margin_tablet=&#8221;&#8221; custom_margin_phone=&#8221;&#8221; custom_margin_last_edited=&#8221;on|phone&#8221; custom_padding=&#8221;5px|15px|0px|15px|false|true&#8221; bottom_divider_height=&#8221;50px&#8221; bottom_divider_arrangement=&#8221;above_content&#8221; custom_css_free_form=&#8221;@media(max-width:769px){||  .et_pb_row {||    width: 90%;||    max-width: 1080px;||    margin: auto;||    position: relative;||}||}&#8221; global_colors_info=&#8221;{}&#8221;][et_pb_column type=&#8221;1_2&#8243; _builder_version=&#8221;4.16&#8243; custom_padding=&#8221;|||&#8221; global_colors_info=&#8221;{}&#8221; custom_padding__hover=&#8221;|||&#8221;][et_pb_image src=&#8221;http:\/\/www.swisslens.ch\/wp-content\/uploads\/Illustration-Lentille-rigide.png&#8221; title_text=&#8221;Illustrazione Lente rigida&#8221; show_bottom_space=&#8221;off&#8221; align=&#8221;center&#8221; align_tablet=&#8221;center&#8221; align_phone=&#8221;&#8221; align_last_edited=&#8221;on|desktop&#8221; _builder_version=&#8221;4.27.2&#8243; parallax=&#8221;on&#8221; background_blend=&#8221;hard-light&#8221; width=&#8221;50%&#8221; width_tablet=&#8221;50%&#8221; width_phone=&#8221;50%&#8221; width_last_edited=&#8221;on|desktop&#8221; max_width=&#8221;100%&#8221; max_width_tablet=&#8221;100%&#8221; max_width_phone=&#8221;100%&#8221; max_width_last_edited=&#8221;on|phone&#8221; module_alignment=&#8221;center&#8221; max_height=&#8221;370px&#8221; custom_margin=&#8221;8px|44px||-60px||&#8221; custom_padding=&#8221;20%||||false|false&#8221; animation_style=&#8221;slide&#8221; animation_direction=&#8221;right&#8221; animation_intensity_slide=&#8221;2%&#8221; custom_css_free_form=&#8221;@media(max-width:769px){.et_pb_image_0 .et_pb_image_wrap img {||        width: auto;||        max-width: 100% !important;||    }||}&#8221; global_colors_info=&#8221;{}&#8221;][\/et_pb_image][\/et_pb_column][et_pb_column type=&#8221;1_2&#8243; specialty_columns=&#8221;2&#8243; _builder_version=&#8221;4.16&#8243; custom_padding=&#8221;|||&#8221; global_colors_info=&#8221;{}&#8221; custom_padding__hover=&#8221;|||&#8221;][et_pb_row_inner custom_padding_last_edited=&#8221;on|phone&#8221; _builder_version=&#8221;4.27.2&#8243; custom_margin=&#8221;|||-50px|false|false&#8221; custom_margin_tablet=&#8221;|||0px|false|false&#8221; custom_margin_phone=&#8221;|||0px|false|false&#8221; custom_margin_last_edited=&#8221;on|phone&#8221; custom_padding=&#8221;60px|0px|15px|0px|false|false&#8221; custom_padding_tablet=&#8221;60px|0px|15px|0px|false|false&#8221; custom_padding_phone=&#8221;24px||||false|false&#8221; global_colors_info=&#8221;{}&#8221;][et_pb_column_inner saved_specialty_column_type=&#8221;1_2&#8243; _builder_version=&#8221;4.16&#8243; custom_padding=&#8221;|||&#8221; global_colors_info=&#8221;{}&#8221; custom_padding__hover=&#8221;|||&#8221;][et_pb_text _builder_version=&#8221;4.25.1&#8243; text_font=&#8221;Roboto|300|||||||&#8221; text_font_size=&#8221;16px&#8221; text_line_height=&#8221;1.8em&#8221; link_font=&#8221;Montserrat|700|||||||&#8221; link_text_color=&#8221;#fa546d&#8221; link_font_size=&#8221;22px&#8221; link_line_height=&#8221;1.5em&#8221; header_font=&#8221;||||||||&#8221; header_2_font=&#8221;Roboto|700|||||||&#8221; header_2_font_size=&#8221;40px&#8221; header_2_line_height=&#8221;1.4em&#8221; header_6_font=&#8221;Montserrat|600||on|||||&#8221; header_6_text_color=&#8221;#ffb342&#8243; header_6_font_size=&#8221;16px&#8221; header_6_letter_spacing=&#8221;2px&#8221; header_6_line_height=&#8221;1.5em&#8221; max_width_last_edited=&#8221;off|desktop&#8221; module_alignment=&#8221;left&#8221; custom_margin=&#8221;|||&#8221; custom_padding=&#8221;||0px|||&#8221; header_2_font_size_tablet=&#8221;&#8221; header_2_font_size_phone=&#8221;24px&#8221; header_2_font_size_last_edited=&#8221;on|phone&#8221; global_colors_info=&#8221;{}&#8221;]<\/p>\n<h2>Materiali delle lenti a contatto rigide<\/h2>\n<h6 style=\"color: #000!important;\"><\/h6>\n<p style=\"text-align: justify;\"><span>Scoprite un&#8217;ampia gamma di materiali all&#8217;avanguardia, meticolosamente realizzati per offrire un comfort e una chiarezza visiva senza pari. Se desiderate la massima trasmissibilit\u00e0 di ossigeno o la massima resistenza ai depositi, le nostre scelte di materiali avanzati offrono il perfetto equilibrio tra comfort, traspirabilit\u00e0 e durata. <\/span><\/p>\n<p>[\/et_pb_text][\/et_pb_column_inner][\/et_pb_row_inner][et_pb_row_inner column_structure=&#8221;1_2,1_2&#8243; use_custom_gutter=&#8221;on&#8221; gutter_width=&#8221;2&#8243; _builder_version=&#8221;4.27.0&#8243; custom_margin=&#8221;0px||50px|-50px|false|false&#8221; custom_margin_tablet=&#8221;|||0px|false|false&#8221; custom_margin_phone=&#8221;0px||1px|0px|false|false&#8221; custom_margin_last_edited=&#8221;on|phone&#8221; global_colors_info=&#8221;{}&#8221;][et_pb_column_inner type=&#8221;1_2&#8243; saved_specialty_column_type=&#8221;1_2&#8243; _builder_version=&#8221;4.16&#8243; custom_padding=&#8221;|||&#8221; global_colors_info=&#8221;{}&#8221; custom_padding__hover=&#8221;|||&#8221;][et_pb_text module_class=&#8221;doc-button&#8221; _builder_version=&#8221;4.27.4&#8243; text_font=&#8221;Roboto||||||||&#8221; link_font=&#8221;||||||||&#8221; link_text_color=&#8221;#ffffff&#8221; header_4_font=&#8221;Roboto|900|||||||&#8221; header_4_font_size=&#8221;16px&#8221; background_color=&#8221;#1392B1&#8243; background_layout=&#8221;dark&#8221; custom_padding=&#8221;10px|20px|10px|20px|true|true&#8221; animation_style=&#8221;zoom&#8221; animation_delay=&#8221;300ms&#8221; animation_intensity_zoom=&#8221;20%&#8221; border_radii=&#8221;on|6px|6px|6px|6px&#8221; locked=&#8221;off&#8221; global_colors_info=&#8221;{}&#8221;]<\/p>\n<div style=\"display: flex;\">\n<div style=\"margin-right: 10px;\"><img loading=\"lazy\" decoding=\"async\" src=\"\/wp-content\/uploads\/icon-tecnical-file-pdf.svg\" width=\"48\" height=\"48\" alt=\"\" class=\"wp-image-1118673 alignnone size-full\" \/><\/div>\n<div>\n<h4>Fitting guide<\/h4>\n<p>Download pdf<\/p>\n<\/div>\n<\/div>\n<p>[\/et_pb_text][\/et_pb_column_inner][et_pb_column_inner type=&#8221;1_2&#8243; saved_specialty_column_type=&#8221;1_2&#8243; _builder_version=&#8221;4.16&#8243; custom_padding=&#8221;|||&#8221; global_colors_info=&#8221;{}&#8221; custom_padding__hover=&#8221;|||&#8221;][et_pb_text disabled_on=&#8221;on|on|on&#8221; module_class=&#8221;guide-button&#8221; _builder_version=&#8221;4.27.4&#8243; text_font=&#8221;Roboto||||||||&#8221; link_font=&#8221;||||||||&#8221; link_text_color=&#8221;#666666&#8243; header_4_font=&#8221;Montserrat|700|||||||&#8221; header_4_font_size=&#8221;16px&#8221; header_4_line_height=&#8221;0.9em&#8221; background_color=&#8221;#ffffff&#8221; custom_padding=&#8221;10px|20px|10px|20px|true|true&#8221; animation_style=&#8221;zoom&#8221; animation_delay=&#8221;150ms&#8221; animation_intensity_zoom=&#8221;20%&#8221; border_radii=&#8221;on|6px|6px|6px|6px&#8221; box_shadow_style=&#8221;preset1&#8243; box_shadow_vertical=&#8221;0px&#8221; box_shadow_blur=&#8221;40px&#8221; box_shadow_color=&#8221;rgba(0,0,0,0.1)&#8221; disabled=&#8221;on&#8221; locked=&#8221;off&#8221; global_colors_info=&#8221;{}&#8221;]<\/p>\n<div style=\"display: flex;\">\n<div style=\"margin-right: 10px;\"><img loading=\"lazy\" decoding=\"async\" src=\"\/wp-content\/uploads\/icon-fitting-guide.svg\" width=\"48\" height=\"48\" alt=\"\" class=\"wp-image-1118673 alignnone size-full\" \/><\/div>\n<div>\n<h4>Guida applicativa<\/h4>\n<p><a href=\"\/?p=711&amp;wpdmdl=711&amp;masterkey=e4Ub2S0DWwfCDcrT-SGXUWKfWTjY07flvstgstC-Oft41zOt3Psjgd5h8thuuNBt3sCBbki7Sh-TLj2GQjZGpHwP3v8nQSDwyzXoFYuFzeUmpro#\">Scaricare PDF<\/a><\/p>\n<\/div>\n<\/div>\n<p>[\/et_pb_text][\/et_pb_column_inner][\/et_pb_row_inner][\/et_pb_column][\/et_pb_section][et_pb_section fb_built=&#8221;1&#8243; custom_padding_last_edited=&#8221;on|desktop&#8221; admin_label=&#8221;Products&#8221; _builder_version=&#8221;4.27.2&#8243; background_color=&#8221;RGBA(255,255,255,0)&#8221; custom_padding=&#8221;3.6px|0px|53.625px|0|false|false&#8221; custom_padding_tablet=&#8221;3.6px|0px|53.625px|0|false|false&#8221; custom_padding_phone=&#8221;3.6px|15px|53.625px|15px|false|true&#8221; global_colors_info=&#8221;{}&#8221;][et_pb_row _builder_version=&#8221;4.27.0&#8243; _module_preset=&#8221;default&#8221; background_color=&#8221;#FFFFFF&#8221; custom_margin=&#8221;||||false|false&#8221; custom_padding=&#8221;15px|15px|0px|15px|false|false&#8221; border_radii=&#8221;on|20px|20px|20px|20px&#8221; box_shadow_style=&#8221;preset1&#8243; box_shadow_color=&#8221;rgba(0,0,0,0.1)&#8221; global_colors_info=&#8221;{}&#8221;][et_pb_column type=&#8221;4_4&#8243; _builder_version=&#8221;4.25.1&#8243; _module_preset=&#8221;default&#8221; global_colors_info=&#8221;{}&#8221;][et_pb_text _builder_version=&#8221;4.27.2&#8243; _module_preset=&#8221;default&#8221; text_font=&#8221;|300|||||||&#8221; text_letter_spacing=&#8221;-1px&#8221; text_line_height=&#8221;1.5em&#8221; module_alignment=&#8221;center&#8221; custom_margin=&#8221;||-5px||false|false&#8221; custom_css_free_form=&#8221;.entry-content tr td {||    border-color: #f2f2f2 !important;||}||.entry-content tr td {||    border-top: 0px solid #9a9a9a !important;||    padding: 6px 20px;||}||.entry-content table:not(.variations) {||    border: 1px solid #eee;||    margin: 0 0 15px;||    text-align: left;||    border: none;||    width: 100%;||}&#8221; global_colors_info=&#8221;{}&#8221;]<\/p>\n<div class=\"table-block\">\n<table border=\"1\" style=\"height: 528px; width: 100%; border-collapse: collapse; margin-left: auto; margin-right: auto;\">\n<thead>\n<tr style=\"height: 48px; background-color: #fff;\">\n<th style=\"width: 15%; height: 48px; text-align: left;\">\n<h6><strong>Caratteristiche<\/strong><\/h6>\n<\/th>\n<th style=\"width: 12.14%; height: 48px;\">\n<h6><strong>Optimum Infinite<\/strong><\/h6>\n<\/th>\n<th style=\"width: 12.14%; height: 48px;\">\n<h6><strong>Boston XO<\/strong><\/h6>\n<\/th>\n<th style=\"width: 12.14%; height: 48px;\">\n<h6><strong>Optimum Comfort<\/strong><\/h6>\n<\/th>\n<th style=\"width: 12.14%; height: 48px;\">\n<h6><strong>Boston EO<\/strong><\/h6>\n<\/th>\n<th style=\"width: 12.14%; height: 48px;\">\n<h6><strong>Optimum Classic<\/strong><\/h6>\n<\/th>\n<th style=\"width: 12.14%; height: 48px;\">\n<h6><strong>Boston ES<\/strong><\/h6>\n<\/th>\n<th style=\"width: 12.14%; height: 48px;\">\n<h6><strong>Contaperm F2 low<\/strong><\/h6>\n<\/th>\n<\/tr>\n<\/thead>\n<tbody>\n<tr>\n<td style=\"width: 15%;\">DK Fatt ISO 9913-1<\/td>\n<td style=\"width: 12.14%; text-align: center;\">180*\/ 135**<\/td>\n<td style=\"width: 12.14%; text-align: center;\">100*\/75**<\/td>\n<td style=\"width: 12.14%; text-align: center;\">65*\/49**<\/td>\n<td style=\"width: 12.14%; text-align: center;\">58*\/44**<\/td>\n<td style=\"width: 12.14%; text-align: center;\">26*\/19.5**<\/td>\n<td style=\"width: 12.14%; text-align: center;\">18*\/15**<\/td>\n<td style=\"width: 12.14%; text-align: center;\">11*\/8**<\/td>\n<\/tr>\n<tr>\n<td style=\"width: 15%;\">Produttore<\/td>\n<td style=\"width: 12.14%; text-align: center;\">Contamac<\/td>\n<td style=\"width: 12.14%; text-align: center;\">Polymertechnology<\/td>\n<td style=\"width: 12.14%; text-align: center;\">Contamac<\/td>\n<td style=\"width: 12.14%; text-align: center;\">Polymertechnology<\/td>\n<td style=\"width: 12.14%; text-align: center;\">Contamac<\/td>\n<td style=\"width: 12.14%; text-align: center;\">Polymertechnology<\/td>\n<td style=\"width: 12.14%; text-align: center;\">Contamac<\/td>\n<\/tr>\n<tr>\n<td style=\"width: 15%;\">Angolo di bagnabilit\u00e0<\/td>\n<td style=\"width: 12.14%; text-align: center;\"><\/td>\n<td style=\"width: 12.14%; text-align: center;\">49\u00b0 (2)<\/td>\n<td style=\"width: 12.14%; text-align: center;\">6\u00b0 (3)<\/td>\n<td style=\"width: 12.14%; text-align: center;\">49\u00b0 (2)<\/td>\n<td style=\"width: 12.14%; text-align: center;\">12\u00b0 (3)<\/td>\n<td style=\"width: 12.14%; text-align: center;\">52\u00b0 (2)<\/td>\n<td style=\"width: 12.14%; text-align: center;\">19\u00b0 (2)<\/td>\n<\/tr>\n<tr>\n<td style=\"width: 15%;\">Durata (4)<\/td>\n<td style=\"width: 12.14%; text-align: center;\">81<\/td>\n<td style=\"width: 12.14%; text-align: center;\">79.9<\/td>\n<td style=\"width: 12.14%; text-align: center;\">79<\/td>\n<td style=\"width: 12.14%; text-align: center;\">83<\/td>\n<td style=\"width: 12.14%; text-align: center;\">83<\/td>\n<td style=\"width: 12.14%; text-align: center;\">85.4<\/td>\n<td style=\"width: 12.14%; text-align: center;\">83<\/td>\n<\/tr>\n<tr>\n<td style=\"width: 15%;\">Indice di rifrazione<\/td>\n<td style=\"width: 12.14%; text-align: center;\">1.44<\/td>\n<td style=\"width: 12.14%; text-align: center;\">1.415<\/td>\n<td style=\"width: 12.14%; text-align: center;\">1.437<\/td>\n<td style=\"width: 12.14%; text-align: center;\">1.429<\/td>\n<td style=\"width: 12.14%; text-align: center;\">1.45<\/td>\n<td style=\"width: 12.14%; text-align: center;\">1.443<\/td>\n<td style=\"width: 12.14%; text-align: center;\">1.46<\/td>\n<\/tr>\n<tr>\n<td style=\"width: 15%;\">Tinta di manipolazione<\/td>\n<td style=\"width: 12.14%; text-align: center;\">blu rosso verde chiaro<\/td>\n<td style=\"width: 12.14%; text-align: center;\">blu rosso verde viola<\/td>\n<td style=\"width: 12.14%; text-align: center;\">blu verde<\/td>\n<td style=\"width: 12.14%; text-align: center;\">blu<\/td>\n<td style=\"width: 12.14%; text-align: center;\">blu verde<\/td>\n<td style=\"width: 12.14%; text-align: center;\">blu verde<\/td>\n<td style=\"width: 12.14%; text-align: center;\">blu verde chiaro<\/td>\n<\/tr>\n<tr>\n<td style=\"width: 15%;\">UV<\/td>\n<td style=\"width: 12.14%; text-align: center;\">\u221a<\/td>\n<td style=\"width: 12.14%; text-align: center;\">\u221a<\/td>\n<td style=\"width: 12.14%; text-align: center;\">\u221a<\/td>\n<td style=\"width: 12.14%; text-align: center;\">\u221a<\/td>\n<td style=\"width: 12.14%; text-align: center;\">\u221a<\/td>\n<td style=\"width: 12.14%; text-align: center;\">\u221a<\/td>\n<td style=\"width: 12.14%; text-align: center;\">\u221a<\/td>\n<\/tr>\n<tr>\n<td style=\"width: 15%;\">Resistenza alla rottura<\/td>\n<td style=\"width: 12.14%; text-align: center;\">++<\/td>\n<td style=\"width: 12.14%; text-align: center;\">++<\/td>\n<td style=\"width: 12.14%; text-align: center;\">+++<\/td>\n<td style=\"width: 12.14%; text-align: center;\">++<\/td>\n<td style=\"width: 12.14%; text-align: center;\">+++<\/td>\n<td style=\"width: 12.14%; text-align: center;\">+++<\/td>\n<td style=\"width: 12.14%; text-align: center;\">+++<\/td>\n<\/tr>\n<tr>\n<td style=\"width: 15%;\">Resistenza alla deformazione (5)<\/td>\n<td style=\"width: 12.14%; text-align: center;\">++<\/td>\n<td style=\"width: 12.14%; text-align: center;\">++<\/td>\n<td style=\"width: 12.14%; text-align: center;\">++<\/td>\n<td style=\"width: 12.14%; text-align: center;\">++<\/td>\n<td style=\"width: 12.14%; text-align: center;\">+++<\/td>\n<td style=\"width: 12.14%; text-align: center;\">+++<\/td>\n<td style=\"width: 12.14%; text-align: center;\">++<\/td>\n<\/tr>\n<tr>\n<td style=\"width: 15%;\">Porto prolungato<\/td>\n<td style=\"width: 12.14%; text-align: center;\">+++<\/td>\n<td style=\"width: 12.14%; text-align: center;\">+++<\/td>\n<td style=\"width: 12.14%; text-align: center;\">++<\/td>\n<td style=\"width: 12.14%; text-align: center;\">++<\/td>\n<td style=\"width: 12.14%; text-align: center;\">+<\/td>\n<td style=\"width: 12.14%; text-align: center;\">+<\/td>\n<td style=\"width: 12.14%; text-align: center;\">+<\/td>\n<\/tr>\n<tr>\n<td style=\"width: 15%;\">Film lacrimale lipidico<\/td>\n<td style=\"width: 12.14%; text-align: center;\">+<\/td>\n<td style=\"width: 12.14%; text-align: center;\">+<\/td>\n<td style=\"width: 12.14%; text-align: center;\">++<\/td>\n<td style=\"width: 12.14%; text-align: center;\">++<\/td>\n<td style=\"width: 12.14%; text-align: center;\">++<\/td>\n<td style=\"width: 12.14%; text-align: center;\">+++<\/td>\n<td style=\"width: 12.14%; text-align: center;\">++<\/td>\n<\/tr>\n<tr>\n<td style=\"width: 15%;\">Film lacrimale proteico<\/td>\n<td style=\"width: 12.14%; text-align: center;\">+<\/td>\n<td style=\"width: 12.14%; text-align: center;\">+<\/td>\n<td style=\"width: 12.14%; text-align: center;\">++<\/td>\n<td style=\"width: 12.14%; text-align: center;\">++<\/td>\n<td style=\"width: 12.14%; text-align: center;\">++<\/td>\n<td style=\"width: 12.14%; text-align: center;\">+++<\/td>\n<td style=\"width: 12.14%; text-align: center;\">++<\/td>\n<\/tr>\n<tr>\n<td style=\"width: 15%;\">Bagnabilit\u00e0<\/td>\n<td style=\"width: 12.14%; text-align: center;\">++<\/td>\n<td style=\"width: 12.14%; text-align: center;\">++<\/td>\n<td style=\"width: 12.14%; text-align: center;\">+++<\/td>\n<td style=\"width: 12.14%; text-align: center;\">++<\/td>\n<td style=\"width: 12.14%; text-align: center;\">++<\/td>\n<td style=\"width: 12.14%; text-align: center;\">+++<\/td>\n<td style=\"width: 12.14%; text-align: center;\">+++<\/td>\n<\/tr>\n<\/tbody>\n<\/table>\n<p style=\"text-align: center;\">\n<\/div>\n<p>[\/et_pb_text][et_pb_text _builder_version=&#8221;4.27.2&#8243; _module_preset=&#8221;default&#8221; text_font_size=&#8221;12px&#8221; text_line_height=&#8221;1em&#8221; text_orientation=&#8221;right&#8221; custom_margin=&#8221;||8px|||&#8221; custom_padding=&#8221;|20px|20px|20px|false|false&#8221; global_colors_info=&#8221;{}&#8221;]<\/p>\n<p>* \u00d710-11 (cm2\/sec)  [ml 02\/(ml \u00d7 mm Hg)]<\/p>\n<p>** \u00d710-11 (cm2\/sec)  [ml 02\/(ml \u00d7 hPa)]<\/p>\n<p>2 Angolo di bagnabilit\u00e0 = metodo CLMA<\/p>\n<p>3 Receding contact angle (DCA)<\/p>\n<p>4 Shore D<\/p>\n<p>5 Astigmatismo corneale<\/p>\n<p><strong>Materiale predefinito: Optimum Classic Blue<\/strong><\/p>\n<p>[\/et_pb_text][\/et_pb_column][\/et_pb_row][et_pb_row column_structure=&#8221;1_2,1_2&#8243; use_custom_gutter=&#8221;on&#8221; gutter_width=&#8221;2&#8243; make_equal=&#8221;on&#8221; _builder_version=&#8221;4.27.0&#8243; _module_preset=&#8221;default&#8221; custom_margin=&#8221;5px||||false|false&#8221; custom_padding=&#8221;||0px|||&#8221; global_colors_info=&#8221;{}&#8221;][et_pb_column type=&#8221;1_2&#8243; _builder_version=&#8221;4.27.0&#8243; _module_preset=&#8221;default&#8221; background_color=&#8221;#FFFFFF&#8221; custom_padding=&#8221;20px|20px|20px|20px|true|true&#8221; border_radii=&#8221;on|20px|20px|20px|20px&#8221; box_shadow_style=&#8221;preset1&#8243; box_shadow_color=&#8221;rgba(0,0,0,0.1)&#8221; global_colors_info=&#8221;{}&#8221;][et_pb_testimonial url_new_window=&#8221;on&#8221; portrait_url=&#8221;http:\/\/www.swisslens.ch\/wp-content\/uploads\/Contamac-Shorthand-Logo-RGB-X.png&#8221; quote_icon=&#8221;off&#8221; _builder_version=&#8221;4.27.0&#8243; _module_preset=&#8221;default&#8221; body_font=&#8221;|300|||||||&#8221; body_font_size=&#8221;16px&#8221; use_background_color=&#8221;off&#8221; custom_padding=&#8221;|15px|||false|false&#8221; link_option_url=&#8221;https:\/\/www.contamac.com\/&#8221; link_option_url_new_window=&#8221;on&#8221; border_radii=&#8221;on|20px|20px|20px|20px&#8221; locked=&#8221;off&#8221; global_colors_info=&#8221;{}&#8221;]<\/p>\n<p style=\"text-align: justify;\">Contamac \u00e8 un&#8217;azienda rinomata e all&#8217;avanguardia nel campo dei materiali e della tecnologia delle lenti a contatto. Con una ricca storia che abbraccia diversi decenni, Contamac si \u00e8 affermata come leader globale, spingendo continuamente i confini dell&#8217;innovazione nel settore delle lenti a contatto. <\/p>\n<p style=\"text-align: justify;\">In qualit\u00e0 di produttore e fornitore di fiducia, Contamac \u00e8 specializzata nello sviluppo e nella produzione di materiali di alta qualit\u00e0 utilizzati nella produzione di vari tipi di lenti a contatto. I loro materiali avanzati sono conosciuti per l&#8217;eccezionale biocompatibilit\u00e0, la durata e le propriet\u00e0 ottiche, che assicurano ai portatori di lenti a contatto comfort e prestazioni visive ottimali. <\/p>\n<p style=\"text-align: justify;\">La dedizione di Contamac alla ricerca e allo sviluppo, unita all&#8217;impegno per il rispetto di rigorosi standard di qualit\u00e0, le ha fatto guadagnare una solida reputazione nel settore. La collaborazione con i professionisti della visione e gli esperti della visione ha portato a progressi rivoluzionari che hanno contribuito all&#8217;avanzamento della tecnologia delle lenti a contatto. <\/p>\n<p style=\"text-align: justify;\">Con una costante attenzione all&#8217;innovazione, Contamac continua a introdurre nuovi materiali e soluzioni che rispondono alle esigenze in continua evoluzione dei portatori di lenti a contatto di tutto il mondo.<br \/>\nLa loro incrollabile dedizione all&#8217;eccellenza li ha resi un partner di fiducia per i professionisti della visione e una scelta privilegiata per chi cerca materiali per lenti a contatto eccezionali. <\/p>\n<p>[\/et_pb_testimonial][\/et_pb_column][et_pb_column type=&#8221;1_2&#8243; _builder_version=&#8221;4.27.0&#8243; _module_preset=&#8221;default&#8221; background_color=&#8221;#FFFFFF&#8221; custom_padding=&#8221;20px|20px|20px|20px|true|true&#8221; border_radii=&#8221;on|20px|20px|20px|20px&#8221; box_shadow_style=&#8221;preset1&#8243; box_shadow_color=&#8221;rgba(0,0,0,0.1)&#8221; global_colors_info=&#8221;{}&#8221;][et_pb_testimonial url_new_window=&#8221;on&#8221; portrait_url=&#8221;http:\/\/www.swisslens.ch\/wp-content\/uploads\/Boston-Materials.png&#8221; quote_icon=&#8221;off&#8221; _builder_version=&#8221;4.27.0&#8243; _module_preset=&#8221;default&#8221; body_font=&#8221;|300|||||||&#8221; body_font_size=&#8221;16px&#8221; use_background_color=&#8221;off&#8221; custom_padding=&#8221;|15px|||false|false&#8221; link_option_url=&#8221;https:\/\/www.bostonlensmaterials.com\/&#8221; link_option_url_new_window=&#8221;on&#8221; border_radii=&#8221;on|20px|20px|20px|20px&#8221; locked=&#8221;off&#8221; global_colors_info=&#8221;{}&#8221;]<\/p>\n<p style=\"text-align: justify;\">Boston Materials \u00e8 un&#8217;azienda rinomata specializzata nella produzione di materiali di alta qualit\u00e0 per lenti a contatto gas permeabili (GP).<br \/>Con una forte attenzione all&#8217;innovazione e alla precisione, Boston Materials \u00e8 diventato un nome di fiducia nel settore.<\/p>\n<p style=\"text-align: justify;\">Rinomata per la sua esperienza nei materiali gas permeabili, Boston Materials offre una gamma di opzioni all&#8217;avanguardia che garantisce un&#8217;eccezionale permeabilit\u00e0 all&#8217;ossigeno e durata delle lenti a contatto.<br \/>Questi materiali sono progettati per ottimizzare il comfort, migliorare l&#8217;acuit\u00e0 visiva e promuovere la salute degli occhi dei portatori di lenti a contatto.<\/p>\n<p style=\"text-align: justify;\">Boston Materials \u00e8 orgogliosa del suo impegno nella ricerca e nello sviluppo, cercando continuamente di superare i limiti della tecnologia delle lenti RGP. Grazie alla collaborazione con professionisti della visione e ricercatori, l&#8217;azienda introduce costantemente nuovi materiali e miglioramenti che elevano le prestazioni e l&#8217;esperienza di utilizzo delle lenti a contatto RGP.<\/p>\n<p style=\"text-align: justify;\">Con un&#8217;esperienza di eccellenza e una reputazione di produzione di materiali di alto livello, Boston Materials si \u00e8 affermata come scelta preferita dai professionisti e dai produttori di lenti a contatto di tutto il mondo. La loro dedizione alla qualit\u00e0 e all&#8217;innovazione li rende un partner affidabile nel campo delle lenti a contatto gas permeabili.<\/p>\n<p>[\/et_pb_testimonial][\/et_pb_column][\/et_pb_row][et_pb_row _builder_version=&#8221;4.27.0&#8243; custom_margin=&#8221;5px||||false|false&#8221; locked=&#8221;off&#8221; global_colors_info=&#8221;{}&#8221;][et_pb_column type=&#8221;4_4&#8243; _builder_version=&#8221;4.16&#8243; custom_padding=&#8221;|||&#8221; global_colors_info=&#8221;{}&#8221; custom_padding__hover=&#8221;|||&#8221;][et_pb_text _builder_version=&#8221;4.27.0&#8243; _module_preset=&#8221;default&#8221; text_font=&#8221;|300|||||||&#8221; text_font_size=&#8221;16px&#8221; background_color=&#8221;#FFFFFF&#8221; module_alignment=&#8221;center&#8221; height=&#8221;100%&#8221; custom_padding=&#8221;20px|20px|20px|20px|false|false&#8221; border_radii=&#8221;on|20px|20px|20px|20px&#8221; box_shadow_style=&#8221;preset1&#8243; box_shadow_color=&#8221;rgba(0,0,0,0.1)&#8221; global_colors_info=&#8221;{}&#8221;]<\/p>\n<h4>Garanzia di qualit\u00e0<\/h4>\n<p>Questi materiali sono conformi alla norma ISO 10993-1 che definisce la biocompatibilit\u00e0 dei materiali.<\/p>\n<p>Il processo di produzione di SwissLens garantisce questa biocompatibilit\u00e0 anche dopo il processo di produzione, in particolare senza l&#8217;aggiunta di materiale lucidante.<br \/>\nQuesto standard \u00e8 richiesto dal sistema di garanzia della qualit\u00e0 di SwissLens. <\/p>\n<p>[\/et_pb_text][\/et_pb_column][\/et_pb_row][\/et_pb_section]<\/p>\n","protected":false},"excerpt":{"rendered":"<p>Materiali delle lenti a contatto rigide Scoprite un&#8217;ampia gamma di materiali all&#8217;avanguardia, meticolosamente realizzati per offrire un comfort e una chiarezza visiva senza pari. Se desiderate la massima trasmissibilit\u00e0 di [&hellip;]<\/p>\n","protected":false},"author":1,"featured_media":0,"parent":0,"menu_order":219,"comment_status":"closed","ping_status":"closed","template":"","meta":{"_et_pb_use_builder":"on","_et_pb_old_content":"","_et_gb_content_width":"","_price":"","_stock":"","_tribe_ticket_header":"","_tribe_default_ticket_provider":"","_tribe_ticket_capacity":"0","_ticket_start_date":"","_ticket_end_date":"","_tribe_ticket_show_description":"","_tribe_ticket_show_not_going":false,"_tribe_ticket_use_global_stock":"","_tribe_ticket_global_stock_level":"","_global_stock_mode":"","_global_stock_cap":"","_tribe_rsvp_for_event":"","_tribe_ticket_going_count":"","_tribe_ticket_not_going_count":"","_tribe_tickets_list":"[]","_tribe_ticket_has_attendee_info_fields":false,"footnotes":""},"class_list":["post-1101116","page","type-page","status-publish","hentry"],"_links":{"self":[{"href":"https:\/\/www.swisslens.ch\/it\/wp-json\/wp\/v2\/pages\/1101116","targetHints":{"allow":["GET"]}}],"collection":[{"href":"https:\/\/www.swisslens.ch\/it\/wp-json\/wp\/v2\/pages"}],"about":[{"href":"https:\/\/www.swisslens.ch\/it\/wp-json\/wp\/v2\/types\/page"}],"author":[{"embeddable":true,"href":"https:\/\/www.swisslens.ch\/it\/wp-json\/wp\/v2\/users\/1"}],"replies":[{"embeddable":true,"href":"https:\/\/www.swisslens.ch\/it\/wp-json\/wp\/v2\/comments?post=1101116"}],"version-history":[{"count":32,"href":"https:\/\/www.swisslens.ch\/it\/wp-json\/wp\/v2\/pages\/1101116\/revisions"}],"predecessor-version":[{"id":1168078,"href":"https:\/\/www.swisslens.ch\/it\/wp-json\/wp\/v2\/pages\/1101116\/revisions\/1168078"}],"wp:attachment":[{"href":"https:\/\/www.swisslens.ch\/it\/wp-json\/wp\/v2\/media?parent=1101116"}],"curies":[{"name":"wp","href":"https:\/\/api.w.org\/{rel}","templated":true}]}}