{"id":1099919,"date":"2022-08-26T00:14:33","date_gmt":"2022-08-25T22:14:33","guid":{"rendered":"https:\/\/www.swisslens.ch\/informazioni-legali\/"},"modified":"2025-05-23T16:26:57","modified_gmt":"2025-05-23T14:26:57","slug":"informazioni-legali","status":"publish","type":"page","link":"https:\/\/www.swisslens.ch\/it\/informazioni-legali\/","title":{"rendered":"Informazioni legali"},"content":{"rendered":"<p>[et_pb_section fb_built=&#8221;1&#8243; admin_label=&#8221;section&#8221; _builder_version=&#8221;4.16&#8243; global_colors_info=&#8221;{}&#8221;][et_pb_row admin_label=&#8221;fila&#8221; _builder_version=&#8221;4.16&#8243; background_size=&#8221;initial&#8221; background_position=&#8221;top_left&#8221; background_repeat=&#8221;repeat&#8221; global_colors_info=&#8221;{}&#8221;][et_pb_column type=&#8221;4_4&#8243; _builder_version=&#8221;4.16&#8243; custom_padding=&#8221;|||&#8221; global_colors_info=&#8221;{}&#8221; custom_padding__hover=&#8221;|||&#8221;][et_pb_text admin_label=&#8221;Text&#8221; _builder_version=&#8221;4.16&#8243; background_size=&#8221;initial&#8221; background_position=&#8221;top_left&#8221; background_repeat=&#8221;repeat&#8221; global_colors_info=&#8221;{}&#8221;]<\/p>\n<p>&nbsp;<\/p>\n<h2 class=\"wp-block-heading\">Termini e condizioni generali<\/h2>\n<h4 class=\"wp-block-heading\">1 Introduzione<\/h4>\n<p>SwissLens \u00e8 soggetta alla legislazione sui dispositivi medici imposta dal marchio CE e come tale,<br \/>ogni operatore di SwissLens deve prendere atto del contenuto delle condizioni di<br \/>acquisto e consegna. Con l&#8217;ordine dei prodotti SwissLens, l&#8217;acquirente accetta automaticamente<br \/>le presenti condizioni generali di contratto.<\/p>\n<h4 class=\"wp-block-heading\">2 Uso e manipolazione previsti<\/h4>\n<p>Per informazioni sull&#8217;uso previsto dei vari prodotti e sulla loro manipolazione, consultare le istruzioni per l&#8217;uso.<\/p>\n<h4 class=\"wp-block-heading\">3 Tempi di costruzione e di consegna<\/h4>\n<p>Lenti a contatto su misura<br \/>Produzione: Da 1 a 3 giorni lavorativi.<br \/>Ordini urgenti (si applicano costi aggiuntivi): produzione il giorno stesso se gli ordini sono<br \/>inviati prima delle h.10:00; produzione il giorno lavorativo successivo per gli ordini effettuati dopo le h.10:00.<br \/>Tempi di consegna<br \/>Svizzera: 1 giorno lavorativo<br \/>Europa: 2 giorni lavorativi<br \/>Lenti a contatto disposable e soluzioni<br \/>Tempi di consegna: da 2 a 7 giorni lavorativi<\/p>\n<h4 class=\"wp-block-heading\">4 Fatturazione<\/h4>\n<p>Ogni cliente SwissLens riceve una fattura dettagliata, comprensiva dei crediti e delle spese correnti.<br \/>sconti. Se l&#8217;importo dovuto \u00e8 negativo o inferiore a 20,00 EUR\/CHF, \u00e8<br \/>automaticamente riportato nella fattura successiva. Non sono ammessi rimborsi per i crediti.<br \/>Ogni prodotto rimane di propriet\u00e0 di SwissLens fino al ricevimento del pagamento.<\/p>\n<h4 class=\"wp-block-heading\">5 Pagamento<\/h4>\n<p>I pagamenti devono essere effettuati entro 30 giorni dalla fattura. Eventuali ritardi comportano l&#8217;addebito di ulteriori spese (vedi listino). SwissLens si riserva il diritto di interrompere la consegna se un ritardo supera i 30 giorni.<\/p>\n<h4 class=\"wp-block-heading\">6 Crediti<\/h4>\n<p>I crediti vengono calcolati automaticamente nelle fatture. Il cliente non pu\u00f2 dedurre nessun importo.<br \/>Lenti a contatto su misura<br \/>Le lenti a contatto possono essere restituite online. La ricezione e la gestione del credito possono<br \/>comportano ritardi prima di apparire sulle fatture.<br \/>Lenti a contatto disposable e soluzioni<br \/>Non si accettano resi se non in caso di garanzia.<\/p>\n<h4 class=\"wp-block-heading\">7 Numero di serie SN<\/h4>\n<p>Ogni lente a contatto su misura prodotta da SwissLens \u00e8 contrassegnata da uno specifico<br \/>numero di serie che compare sulle etichette, sulla bolla di consegna e sui crediti. SwissLens archivia tutte le<br \/>informazioni relative alle lenti a contatto in base al numero di serie.<br \/>Al fine di garantire una riproducibilit\u00e0 ottimale al momento dell&#8217;ordine dei rinnovi, si prega di indicare<br \/>il numero di serie della lente a contatto o della lente da riordinare.<\/p>\n<h4 class=\"wp-block-heading\">8 Rinnovo lenti a contatto SL6 e SL3<\/h4>\n<p>Ordinando le lenti a contatto su misura con rinnovo semestrale o trimestrale,<br \/>l&#8217;applicatore si impegna a offrirli solo per la durata specificata al momento dell&#8217;ordine,<br \/>e di seguire attivamente il rinnovo. Ciascun contenitore specifica la durata di vita della<br \/>lente a contatto. Per facilitare la verifica del rinnovo, SwissLens mette a disposizione un\u00a0<br \/>promemoria on-line. SwissLens si riserva il diritto di interrompere le consegne in caso di<br \/>violazione delle presenti condizioni di rinnovo.<\/p>\n<h4 class=\"wp-block-heading\">9 Imballaggio<\/h4>\n<p>Lenti a contatto morbide su misura<br \/>Le lenti a contatto morbide prodotte da SwissLens sono idratate, sterilizzate e consegnate in una<br \/>soluzione speciale. La sterilizzazione non \u00e8 pi\u00f9 garantita in seguito all&#8217;apertura o al danneggiamento del<br \/>chiusura del sistema di sicurezza. Di conseguenza, le lenti a contatto non possono essere utilizzate se si riscontra un difetto<br \/>(rottura, incrinatura, inclusione) sul contenitore o se la soluzione non appare perfettamente limpida.<br \/>La lente a contatto difettosa deve essere restituita non utilizzata a SwissLens, che provveder\u00e0 a<br \/>sostituiirla senza indugio.<br \/>Lenti a contatto gas-permeabili su misura RGP<br \/>Le lenti a contatto gas-permeabili vengono pulite professionalmente e poi confezionate in appositi contenitori<br \/>destinati solo alla consegna. \u00c8 assolutamente necessario pulire le lenti a contatto prima di utilizzarle la prima volta.<br \/>Lenti a contatto disposable e soluzioni<br \/>Se viene rilevato un difetto nel sistema di confezionamento, il prodotto non deve essere utilizzato e deve<br \/>essere restituito a SwissLens.<\/p>\n<h4 class=\"wp-block-heading\">10 Scadenza<\/h4>\n<p>La data di scadenza del prodotto \u00e8 indicata sull&#8217;etichetta accanto al simbolo . Questa data<br \/>\u00e8 valido solo finch\u00e9 l&#8217; imballaggio \u00e8 intatto.<br \/>Il prodotto deve essere distrutto dopo la data di scadenza.<\/p>\n<h4 class=\"wp-block-heading\">11 Varie<\/h4>\n<p>SwissLens offre i suoi prodotti in vendita solo a persone, studi e negozi autorizzati,<br \/>in base alla legislazione specifica del Paese. I distributori non sono autorizzati a vendere<br \/>i prodotti SwissLens a terzi non autorizzati. La rivendita su Internet non \u00e8 tollerata<br \/>e sar\u00e0 perseguita. Il professionista deve avere almeno un contatto personale<br \/>con il cliente finale, per informarlo\/la sulle precauzioni necessarie per<br \/>quanto riguarda la manipolazione e l&#8217;uso dei prodotti SwissLens. Il professionista \u00e8 tenuto a<br \/>trasmettere ai propri clienti tutte le informazioni e le raccomandazioni necessarie relative\u00a0<br \/>all&#8217;uso e alla manipolazione dei prodotti SwissLens, nonch\u00e9 la nota informativa pubblicata da<br \/>SwissLens.<br \/>Il professionista \u00e8 inoltre tenuto a informare SwissLens di tutti gli incidenti e i reclami<br \/>riguardanti i prodotti SwissLens. Queste informazioni devono essere il pi\u00f9 possibile dettagliate e devono essere<br \/>trasmessi all&#8217;azienda con il minimo ritardo, insieme ai prodotti difettosi.<br \/>Tutta la documentazione relativa ai prodotti e al loro utilizzo deve essere conservata per<br \/>garantire un supporto a lungo termine.<br \/>In conformit\u00e0 alla legislazione sui dispositivi medici (marchio CE), il professionista deve<br \/>preservare la tracciabilit\u00e0 dei prodotti a magazzino o indossati dai clienti.<\/p>\n<h4 class=\"wp-block-heading\">Per la Francia:<\/h4>\n<p>Una lente a contatto su misura che \u00e8 stata a contatto con un cliente infetto<br \/>o a rischio di infezione da CJD (malattia di Creutzfeldt-Jakob) deve essere restituita a<br \/>SwissLens con un commento che specifica la situazione.<\/p>\n<p><strong><em>08. Maggio 2019<\/em><\/strong><\/p>\n<p>&nbsp;<\/p>\n<h2 class=\"wp-block-heading\">Avviso legale<\/h2>\n<h3 class=\"wp-block-heading\">Indirizzo:<\/h3>\n<p>SwissLens S.A.<\/p>\n<p>ch. delle Creuse 9<\/p>\n<p>CH &#8211; 1008 Prilly<\/p>\n<p>Svizzera<\/p>\n<p>Email: lens.info\u00a0at\u00a0swissLens.ch<\/p>\n<p>Tel: +41 (0)21 620 06 60<\/p>\n<p>Fax +41 (0)21 620 06 65<\/p>\n<h3 class=\"wp-block-heading\">Dettagli:<\/h3>\n<p>AMMINISTRATORE DELEGATO: Philippe K\u00e4ppeli<\/p>\n<p>Forma giuridica:\u00a0Societ\u00e0 anonima<\/p>\n<p>UID:\u00a0CHE 108 645 810<\/p>\n<p>Numero del registro di commercio: CH-550.0.093.912-4<\/p>\n<h2 class=\"wp-block-heading\">Condizioni di utilizzo<\/h2>\n<h3 class=\"wp-block-heading\">Condizioni generali d&#8217;uso per il cliente di Internet SwissLens<\/h3>\n<h4 class=\"wp-block-heading\"><strong>Applicazione<\/strong><\/h4>\n<p>Le Condizioni Generali d&#8217;Uso (d&#8217;ora in poi &#8220;CGU&#8221;) si applicano senza limitazioni o riserve a tutti i servizi offerti da SwissLens SA. (d&#8217;ora in poi &#8220;SwissLens Ltd.&#8221;) a qualsiasi persona fisica o societ\u00e0 (d&#8217;ora in poi &#8220;Cliente&#8221;).<\/p>\n<h4 class=\"wp-block-heading\"><strong>Presentazione di\u00a0\u00a0www.swisslens.ch<\/strong><\/h4>\n<h3 class=\"wp-block-heading\"><strong>Natura e portata dell&#8217;uso di\u00a0<\/strong><\/h3>\n<p>Le presenti condizioni generali regolano l&#8217;utilizzo di tutti i servizi Internet offerti da SwissLens AG.<\/p>\n<h4 class=\"wp-block-heading\"><strong>Ambito e requisiti<\/strong><\/h4>\n<p>I vantaggi del sito Internet www.swisslens.ch sono descritti nei documenti corrispondenti. Insieme ai Termini e <a href=\"https:\/\/www.swisslens.ch\/wp-content\/uploads\/2015\/05\/SwissLens_Products_2015-en-conditions.pdf\" target=\"_blank\" rel=\"noreferrer noopener\">Condizioni <\/a>di SwissLens Ltd. e ai listini prezzi in vigore costituiscono la base del rapporto contrattuale tra i clienti e SwissLens Ltd.<br \/>Nell&#8217;ambito delle possibilit\u00e0 tecniche e operative esistenti, SwissLens Ltd.\u00a0fornisce i servizi Internet a condizione che i clienti del materiale informatico, e una rete adeguata per fornire.<\/p>\n<h4 class=\"wp-block-heading\"><strong>Precauzioni di sicurezza di SwissLens AG<\/strong><\/h4>\n<p>SwissLens Ltd. si impegna a proteggere i dati dei clienti da accessi non autorizzati, usi impropri o perdite. Tuttavia, non \u00e8 possibile garantire una protezione assoluta contro gli accessi non autorizzati. SwissLens Ltd.\u00a0non pu\u00f2 essere ritenuta responsabile di tali abusi.<\/p>\n<h4 class=\"wp-block-heading\"><strong>Terze parti<\/strong><\/h4>\n<p>Durante terzi che possono SwissLens AG per soddisfare i loro servizi Internet in qualsiasi momento terzi consultare.<\/p>\n<h3 class=\"wp-block-heading\">Servizi\/obblighi del cliente<\/h3>\n<h4 class=\"wp-block-heading\"><strong>Generale<\/strong><\/h4>\n<p>I clienti sono responsabili dell&#8217;uso legale e contrattuale dei servizi Internet da loro fatti.<br \/>In fase di ordine, registrazione e altri contatti commerciali con i clienti di SwissLens AG sono richieste informazioni veritiere.<br \/>Qualsiasi altro obbligo del cliente risultante dai relativi documenti contrattuali.<\/p>\n<h4 class=\"wp-block-heading\"><strong>Requisiti tecnici dei clienti<\/strong><\/h4>\n<p>I clienti sono responsabili dell&#8217;acquisto, della creazione, del funzionamento, della manutenzione e della conformit\u00e0 legale delle loro apparecchiature in abbonamento necessarie per l&#8217;utilizzo dei servizi e delle connessioni Internet di SwissLens (ad es. linea fissa, connessione Internet, ecc.).<\/p>\n<p>SwissLens S.A. non garantisce che l&#8217;uso dei suoi servizi Internet sia possibile con tutte le installazioni e tutte le impostazioni dei clienti.<\/p>\n<h4 class=\"wp-block-heading\"><strong>Sicurezza dei clienti<\/strong><\/h4>\n<p>I clienti devono scegliere le password e cambiarle regolarmente o, in caso di sospetto abuso, immediatamente. Le password devono essere conservate con cura. I clienti sono pienamente responsabili dell&#8217;uso delle password.<\/p>\n<p>I clienti sono protetti da accessi non autorizzati da parte di terzi e proteggono le apparecchiature e i dati dei loro abbonati da www.swisslens.ch &#8211; l&#8217;uso da parte di terzi non \u00e8 consentito.<\/p>\n<h4 class=\"wp-block-heading\"><strong>Contenuto delle informazioni; uso legale e contrattuale;<\/strong><\/h4>\n<p>Contenuto delle informazioni che i clienti sono responsabili del contenuto delle informazioni che affidano alla trasmissione e di SwissLens AG, o di terzi che accedono possono abusare.<\/p>\n<h4 class=\"wp-block-heading\"><strong>Misure contro gli abusi<\/strong><\/h4>\n<p>Se ci sono segni ragionevoli di un uso illegale dei servizi Internet di SwissLens, verr\u00e0 mostrato alla persona interessata o a un&#8217;autorit\u00e0 o a SwissLens Ltd. \u00a0un\u00a0con sentenza definitiva. I dati dei clienti sospetti di abuso e\/o della persona interessata e\/o delle autorit\u00e0 competenti annunciano che la polizia sar\u00e0\u00a0informare e\/o altre autorit\u00e0 competenti in merito all&#8217;incidente, mantenere i clienti per le disposizioni legali e contrattuali, interrompere l&#8217;uso, adeguare i propri servizi senza preavviso di compensazione, accedere ai servizi per risolvere il tempo &#8211; e senza compensazione e\/o, se necessario, chiedere il risarcimento dei danni.<\/p>\n<p>SwissLens Ltd. pu\u00f2 adottare le stesse misure se ha motivo di credere che i clienti violino, o se i clienti nell&#8217;ottenere il loro accesso hanno fornito informazioni inesatte o incomplete.<\/p>\n<h3 class=\"wp-block-heading\">Informazioni fornite dal cliente<\/h3>\n<h4 class=\"wp-block-heading\"><strong>Generale<\/strong><\/h4>\n<p>Nel trattamento dei dati, SwissLens Ltd.\u00a0si attiene alla legislazione vigente, in particolare alla legge sulla protezione dei dati. SwissLens Ltd. raccoglie, memorizza ed elabora solo i dati necessari per l&#8217;adempimento degli obblighi, per il mantenimento e lo sviluppo del rapporto con il cliente, per garantire un&#8217;elevata qualit\u00e0 del servizio, per la sicurezza del funzionamento e dell&#8217;infrastruttura, nonch\u00e9 per la fatturazione.<\/p>\n<p><strong>Accettando i presenti termini e condizioni, il cliente consente a SwissLens Ltd. di raccogliere informazioni e di utilizzarle per la concezione e lo sviluppo dei propri servizi in base alle esigenze dei clienti e per la preparazione di offerte personalizzate.<\/strong><\/p>\n<h3 class=\"wp-block-heading\">Responsabilit\u00e0 di SwissLens AG<\/h3>\n<h4 class=\"wp-block-heading\"><strong>Disposizioni generali relative alla responsabilit\u00e0<\/strong><\/h4>\n<p>Per la rottura\u00a0del contratto, SwissLens Ltd.\u00a0per danni comprovati \u00e8 responsabile se non \u00e8 in grado di dimostrare che non ha alcuna colpa. SwissLens Ltd. sostituisce illimitatamente i danni causati intenzionalmente o per grave negligenza. La negligenza \u00e8 responsabile dei danni fino a un importo di 50.000 franchi svizzeri per caso. In questo caso SwissLens Ltd. non \u00e8 responsabile per danni conseguenti, n\u00e9 per la perdita di profitti o di dati. Inoltre, l&#8217;utente non \u00e8 responsabile per i danni causati da un uso illegale o illecito dei suoi servizi.<\/p>\n<h4 class=\"wp-block-heading\"><strong>Forza maggiore<\/strong><\/h4>\n<p>SwissLens Ltd. non \u00e8 responsabile se la fornitura di prestazioni per cause di forza maggiore \u00e8 temporaneamente interrotta, parzialmente limitata o impossibile. Per forza maggiore si intendono eventi naturali di particolare intensit\u00e0 (valanghe, inondazioni, ecc.), eventi bellici, terrorismo, scioperi, restrizioni ufficiali impreviste, interruzione del potere, virus informatici, worm, trojan, ecc.<\/p>\n<h3 class=\"wp-block-heading\">Durata e fine del contratto<\/h3>\n<p>Le offerte di SwissLens Ltd.\u00a0non comportano alcun obbligo. Ci\u00f2 significa che il contratto tra il cliente e SwissLens Ltd. inizia solo con l&#8217;accettazione delle presenti condizioni da parte del cliente. Per quanto SwissLens Ltd. si sia espressamente riservata, il contratto inizier\u00e0 solo con la firma di un documento scritto.<\/p>\n<p>Salvo disposizioni contrarie nei documenti contrattuali, il contratto \u00e8 a tempo indeterminato e non pu\u00f2 essere risolto da alcuna parte scritta per la fine del mese.<\/p>\n<p>Se la risoluzione riguarda solo una parte dei servizi forniti da SwissLens Ltd., restano applicabili le disposizioni contrattuali per i servizi restanti.<\/p>\n<h4 class=\"wp-block-heading\"><strong>Modifiche al contratto e alle condizioni di\u00a0<\/strong><\/h4>\n<p>SwissLens AG si riserva il diritto di sospendere in qualsiasi momento determinati servizi Internet e di adeguare le descrizioni dei servizi e le presenti condizioni generali.<\/p>\n<h3 class=\"wp-block-heading\">Trasferimento di diritti e obblighi<\/h3>\n<p>Il cliente pu\u00f2 trasferire altri diritti e obblighi dei servizi Internet di SwissLens senza l&#8217;approvazione di SwissLens SA.<\/p>\n<h3 class=\"wp-block-heading\">Legge applicabile e foro competente<\/h3>\n<p>Il contratto \u00e8 soggetto alla legge svizzera.<\/p>\n<p>Il foro competente \u00e8 Losanna. Ci riserviamo il diritto di rendere obbligatori i luoghi di giurisdizione.<\/p>\n<h3 class=\"wp-block-heading\"><strong>Importante:<\/strong> questa \u00e8 una traduzione dal documento di origine francese. Pertanto, la versione francese \u00e8 quella che conta legalmente. Eventuali errori di traduzione non sono fatti con alcuna intenzione e non sono legalmente validi.<\/h3>\n<p>&nbsp;<\/p>\n<h2 class=\"wp-block-heading\">Informativa sui cookie per SwissLens<\/h2>\n<h3 class=\"wp-block-heading\">Questa \u00e8 l&#8217;informativa sui cookie di SwissLens, accessibile da www.swisslens.ch.<\/h3>\n<p><strong>Cosa sono i cookie<\/strong><\/p>\n<p>Come \u00e8 prassi comune di quasi tutti i siti web professionali, questo sito utilizza i cookie, che sono piccoli file che vengono scaricati sul vostro computer, per migliorare la vostra esperienza. Questa pagina descrive quali informazioni raccolgono, come le utilizziamo e perch\u00e9 a volte abbiamo bisogno di memorizzare questi cookie. Vi comunicheremo anche come potete evitare che questi cookie vengano memorizzati, ma questo potrebbe ridurre o &#8220;interrompere&#8221; alcuni elementi della funzionalit\u00e0 del sito.<\/p>\n<p>Per informazioni pi\u00f9 generali sui cookie, consultare l&#8217;articolo di Wikipedia sui cookie HTTP.<\/p>\n<p><strong>Come utilizziamo i cookie<\/strong><\/p>\n<p>Utilizziamo i cookie per una serie di motivi illustrati di seguito. Purtroppo nella maggior parte dei casi non esistono opzioni standard del settore per disabilitare i cookie senza disattivare completamente le funzionalit\u00e0 e le caratteristiche che essi aggiungono a questo sito. Si consiglia di lasciare attivi tutti i cookie se non si \u00e8 sicuri di averne bisogno o meno, nel caso in cui vengano utilizzati per fornire un servizio che si utilizza.<\/p>\n<p><strong>Disabilitazione dei cookie<\/strong><\/p>\n<p>\u00c8 possibile impedire l&#8217;impostazione dei cookie modificando le impostazioni del browser (per informazioni su come farlo, consultare la Guida del browser). Tenete presente che la disabilitazione dei cookie influisce sulla funzionalit\u00e0 di questo e di molti altri siti web che visitate. La disabilitazione dei cookie di solito comporta anche la disabilitazione di alcune funzionalit\u00e0 e caratteristiche di questo sito. Si raccomanda pertanto di non disabilitare i cookie.<\/p>\n<p><strong>I cookie che impostiamo<\/strong><\/p>\n<ul>\n<li>Cookie relativi all&#8217;accountSe create un account con noi, utilizzeremo i cookie per la gestione del processo di iscrizione e per l&#8217;amministrazione generale. Questi cookie vengono solitamente eliminati al momento della disconnessione, ma in alcuni casi possono rimanere in seguito per ricordare le preferenze del sito quando si \u00e8 disconnessi.<\/li>\n<li>Cookie relativi all&#8217;accessoUtilizziamo i cookie quando l&#8217;utente ha effettuato l&#8217;accesso in modo da poterlo ricordare. In questo modo si evita di dover effettuare il login ogni volta che si visita una nuova pagina. Questi cookie vengono in genere rimossi o cancellati al momento della disconnessione, per garantire che l&#8217;utente possa accedere alle funzioni e alle aree riservate solo dopo aver effettuato il login.<\/li>\n<li>Cookie relativi alle newsletter via e-mailQuesto sito offre servizi di newsletter o di iscrizione via e-mail e i cookie possono essere utilizzati per ricordare se l&#8217;utente \u00e8 gi\u00e0 registrato e se mostrare determinate notifiche che potrebbero essere valide solo per gli utenti iscritti\/non iscritti.<\/li>\n<li>Cookie relativi all&#8217;elaborazione degli ordiniQuesto sito offre servizi di e-commerce o di pagamento e alcuni cookie sono essenziali per garantire che il vostro ordine venga ricordato tra le pagine in modo da poterlo elaborare correttamente.<\/li>\n<li>Cookie relativi ai moduliQuando l&#8217;utente invia dati attraverso un modulo, come quelli presenti nelle pagine di contatto o nei moduli di commento, \u00e8 possibile che vengano impostati dei cookie per ricordare i dati dell&#8217;utente per la corrispondenza futura.<\/li>\n<li>Cookie per le preferenze del sitoAll&#8217;ordine di fornirvi un&#8217;ottima esperienza su questo sito, forniamo la possibilit\u00e0 di impostare le vostre preferenze per il funzionamento del sito quando lo utilizzate. In ordine alle preferenze dell&#8217;utente, dobbiamo impostare dei cookie in modo che queste informazioni possano essere richiamate ogni volta che l&#8217;interazione con una pagina \u00e8 influenzata dalle preferenze dell&#8217;utente.<\/li>\n<\/ul>\n<p><strong>Cookie di terze parti<\/strong><\/p>\n<p>In alcuni casi particolari utilizziamo anche cookie forniti da terze parti fidate. La seguente sezione illustra in dettaglio i cookie di terze parti che potreste incontrare attraverso questo sito.<\/p>\n<ul>\n<li>Questo sito utilizza Google Analytics, una delle soluzioni analitiche pi\u00f9 diffuse e affidabili del web, per aiutarci a capire come gli utenti utilizzano il sito e come possiamo migliorare la loro esperienza. Questi cookie possono tracciare elementi quali la durata della permanenza sul sito e le pagine visitate, in modo da poter continuare a produrre contenuti interessanti.Per ulteriori informazioni sui cookie di Google Analytics, consultare la pagina ufficiale di Google Analytics.<\/li>\n<li>Di tanto in tanto testiamo nuove funzionalit\u00e0 e apportiamo lievi modifiche al modo in cui il sito viene fornito. Quando stiamo ancora testando nuove funzionalit\u00e0, questi cookie possono essere utilizzati per garantire che l&#8217;utente riceva un&#8217;esperienza coerente durante la navigazione sul sito, assicurandoci di capire quali ottimizzazioni i nostri utenti apprezzano di pi\u00f9.<\/li>\n<li>Poich\u00e9 vendiamo prodotti, \u00e8 importante per noi capire le statistiche relative al numero di visitatori del nostro sito che effettivamente effettuano un acquisto e quindi questo \u00e8 il tipo di dati che questi cookie tracceranno. Questo \u00e8 importante per voi perch\u00e9 significa che possiamo fare previsioni commerciali accurate che ci permettono di monitorare i costi della pubblicit\u00e0 e dei prodotti per garantire il miglior prezzo possibile.<\/li>\n<\/ul>\n<p><strong>Ulteriori informazioni<\/strong><\/p>\n<p>Speriamo che questo vi abbia chiarito le idee e, come gi\u00e0 detto, se c&#8217;\u00e8 qualcosa di cui non siete sicuri di aver bisogno o meno, di solito \u00e8 pi\u00f9 sicuro lasciare i cookie abilitati nel caso in cui interagiscano con una delle funzioni utilizzate sul nostro sito. La presente informativa sui cookie \u00e8 stata creata con l&#8217;aiuto di CookiePolicyGenerator.com.<\/p>\n<p>Tuttavia, se siete ancora alla ricerca di ulteriori informazioni, potete contattarci attraverso uno dei nostri metodi di contatto preferiti:<\/p>\n<ul>\n<li>Email: PolConf at swissLens .ch<\/li>\n<\/ul>\n<p>[\/et_pb_text][\/et_pb_column][\/et_pb_row][\/et_pb_section]<\/p>\n","protected":false},"excerpt":{"rendered":"<p>&nbsp; Termini e condizioni generali 1 Introduzione SwissLens \u00e8 soggetta alla legislazione sui dispositivi medici imposta dal marchio CE e come tale,ogni operatore di SwissLens deve prendere atto del contenuto [&hellip;]<\/p>\n","protected":false},"author":1,"featured_media":0,"parent":0,"menu_order":999,"comment_status":"closed","ping_status":"closed","template":"","meta":{"_et_pb_use_builder":"on","_et_pb_old_content":"","_et_gb_content_width":"","_price":"","_stock":"","_tribe_ticket_header":"","_tribe_default_ticket_provider":"","_tribe_ticket_capacity":"0","_ticket_start_date":"","_ticket_end_date":"","_tribe_ticket_show_description":"","_tribe_ticket_show_not_going":false,"_tribe_ticket_use_global_stock":"","_tribe_ticket_global_stock_level":"","_global_stock_mode":"","_global_stock_cap":"","_tribe_rsvp_for_event":"","_tribe_ticket_going_count":"","_tribe_ticket_not_going_count":"","_tribe_tickets_list":"[]","_tribe_ticket_has_attendee_info_fields":false,"footnotes":""},"class_list":["post-1099919","page","type-page","status-publish","hentry"],"_links":{"self":[{"href":"https:\/\/www.swisslens.ch\/it\/wp-json\/wp\/v2\/pages\/1099919","targetHints":{"allow":["GET"]}}],"collection":[{"href":"https:\/\/www.swisslens.ch\/it\/wp-json\/wp\/v2\/pages"}],"about":[{"href":"https:\/\/www.swisslens.ch\/it\/wp-json\/wp\/v2\/types\/page"}],"author":[{"embeddable":true,"href":"https:\/\/www.swisslens.ch\/it\/wp-json\/wp\/v2\/users\/1"}],"replies":[{"embeddable":true,"href":"https:\/\/www.swisslens.ch\/it\/wp-json\/wp\/v2\/comments?post=1099919"}],"version-history":[{"count":31,"href":"https:\/\/www.swisslens.ch\/it\/wp-json\/wp\/v2\/pages\/1099919\/revisions"}],"predecessor-version":[{"id":1153859,"href":"https:\/\/www.swisslens.ch\/it\/wp-json\/wp\/v2\/pages\/1099919\/revisions\/1153859"}],"wp:attachment":[{"href":"https:\/\/www.swisslens.ch\/it\/wp-json\/wp\/v2\/media?parent=1099919"}],"curies":[{"name":"wp","href":"https:\/\/api.w.org\/{rel}","templated":true}]}}