{"id":1115915,"date":"2022-08-25T17:58:04","date_gmt":"2022-08-25T15:58:04","guid":{"rendered":"https:\/\/www.swisslens.ch\/materiales-blandos\/"},"modified":"2026-02-03T09:49:57","modified_gmt":"2026-02-03T08:49:57","slug":"materiales-blandos","status":"publish","type":"page","link":"https:\/\/www.swisslens.ch\/es\/materiales-blandos\/","title":{"rendered":"Materiales blandos"},"content":{"rendered":"<p>[et_pb_section fb_built=\u00bb1&#8243; specialty=\u00bbon\u00bb custom_padding_last_edited=\u00bbon|desktop\u00bb padding_bottom_2=\u00bb40px\u00bb admin_label=\u00bbServices\u00bb _builder_version=\u00bb4.27.2&#8243; background_color=\u00bbRGBA(255,255,255,0)\u00bb custom_padding=\u00bb4px|10px|71px|10px|false|false\u00bb custom_padding_tablet=\u00bb4px|10px|0px|10px|false|false\u00bb custom_padding_phone=\u00bb|15px||15px|false|false\u00bb bottom_divider_height=\u00bb50px\u00bb bottom_divider_arrangement=\u00bbabove_content\u00bb custom_css_free_form=\u00bb@media(max-width:769px){||  .et_pb_row {||    width: 90%;||    max-width: 1080px;||    margin: auto;||    position: relative;||}||}\u00bb global_colors_info=\u00bb{}\u00bb][et_pb_column type=\u00bb1_2&#8243; _builder_version=\u00bb4.16&#8243; custom_padding=\u00bb|||\u00bb global_colors_info=\u00bb{}\u00bb custom_padding__hover=\u00bb|||\u00bb][et_pb_image src=\u00bbhttp:\/\/www.swisslens.ch\/wp-content\/uploads\/Illustration-Lentille-souple.png\u00bb title_text=\u00bbIlustraci\u00f3n Lentille souple\u00bb show_bottom_space=\u00bboff\u00bb align=\u00bbcenter\u00bb align_tablet=\u00bbcenter\u00bb align_phone=\u00bb\u00bb align_last_edited=\u00bbon|desktop\u00bb _builder_version=\u00bb4.27.2&#8243; parallax=\u00bbon\u00bb background_blend=\u00bbhard-light\u00bb width=\u00bb100%\u00bb max_width=\u00bb100%\u00bb module_alignment=\u00bbleft\u00bb height=\u00bb370px\u00bb max_height=\u00bb370px\u00bb custom_margin=\u00bb0px||||false|false\u00bb custom_margin_tablet=\u00bb0px||||false|false\u00bb custom_margin_phone=\u00bb30px||||false|false\u00bb custom_margin_last_edited=\u00bbon|phone\u00bb animation_style=\u00bbslide\u00bb animation_direction=\u00bbright\u00bb animation_intensity_slide=\u00bb2%\u00bb custom_css_free_form=\u00bb@media(max-width:769px){.et_pb_image_0 .et_pb_image_wrap img {||        width: auto;||        max-width: 70% !important;||    }||}\u00bb global_colors_info=\u00bb{}\u00bb][\/et_pb_image][\/et_pb_column][et_pb_column type=\u00bb1_2&#8243; specialty_columns=\u00bb2&#8243; _builder_version=\u00bb4.16&#8243; custom_padding=\u00bb|||\u00bb global_colors_info=\u00bb{}\u00bb custom_padding__hover=\u00bb|||\u00bb][et_pb_row_inner _builder_version=\u00bb4.27.2&#8243; custom_margin=\u00bb60px|||-50px|false|false\u00bb custom_margin_tablet=\u00bb|||0px|false|false\u00bb custom_margin_phone=\u00bb0px|||0px|false|false\u00bb custom_margin_last_edited=\u00bbon|phone\u00bb custom_padding=\u00bb2px|0px|0px|0px|false|false\u00bb global_colors_info=\u00bb{}\u00bb][et_pb_column_inner saved_specialty_column_type=\u00bb1_2&#8243; _builder_version=\u00bb4.16&#8243; custom_padding=\u00bb|||\u00bb global_colors_info=\u00bb{}\u00bb custom_padding__hover=\u00bb|||\u00bb][et_pb_text _builder_version=\u00bb4.25.1&#8243; text_font=\u00bbRoboto|300|||||||\u00bb text_font_size=\u00bb16px\u00bb text_line_height=\u00bb1.8em\u00bb link_font=\u00bbMontserrat|700|||||||\u00bb link_text_color=\u00bb#fa546d\u00bb link_font_size=\u00bb22px\u00bb link_line_height=\u00bb1.5em\u00bb header_font=\u00bbSwissLens||||||||\u00bb header_2_font=\u00bbRoboto|700|||||||\u00bb header_2_font_size=\u00bb40px\u00bb header_2_line_height=\u00bb1.4em\u00bb header_6_font=\u00bbMontserrat|600||on|||||\u00bb header_6_text_color=\u00bb#ffb342&#8243; header_6_font_size=\u00bb16px\u00bb header_6_letter_spacing=\u00bb2px\u00bb header_6_line_height=\u00bb1.5em\u00bb max_width_last_edited=\u00bboff|desktop\u00bb module_alignment=\u00bbleft\u00bb custom_margin=\u00bb|||\u00bb custom_padding=\u00bb0px||0px|||\u00bb header_2_font_size_tablet=\u00bb\u00bb header_2_font_size_phone=\u00bb24px\u00bb header_2_font_size_last_edited=\u00bbon|phone\u00bb global_colors_info=\u00bb{}\u00bb]<\/p>\n<h2>Materiales para lentes de contacto blandas<\/h2>\n<h6 style=\"color: #000!important;\"><\/h6>\n<p style=\"text-align: justify;\"><span>Descubra una amplia gama de materiales de vanguardia meticulosamente elaborados para proporcionar una comodidad y una claridad visual incomparables.<br \/>\nTanto si desea la suavidad sedosa del hidrogel de silicona como la comodidad de confianza del hidrogel, nuestras avanzadas opciones de materiales ofrecen el equilibrio perfecto entre comodidad, transpirabilidad y durabilidad. <\/span><\/p>\n<p>[\/et_pb_text][\/et_pb_column_inner][\/et_pb_row_inner][et_pb_row_inner column_structure=\u00bb1_2,1_2&#8243; use_custom_gutter=\u00bbon\u00bb gutter_width=\u00bb2&#8243; _builder_version=\u00bb4.27.2&#8243; custom_margin=\u00bb30px||50px|-50px|false|false\u00bb custom_margin_tablet=\u00bb|||0px|false|false\u00bb custom_margin_phone=\u00bb20px||20px|0px|true|false\u00bb custom_margin_last_edited=\u00bbon|phone\u00bb custom_padding=\u00bb2px|||||\u00bb global_colors_info=\u00bb{}\u00bb][et_pb_column_inner type=\u00bb1_2&#8243; saved_specialty_column_type=\u00bb1_2&#8243; _builder_version=\u00bb4.16&#8243; custom_padding=\u00bb|||\u00bb global_colors_info=\u00bb{}\u00bb custom_padding__hover=\u00bb|||\u00bb][et_pb_text module_class=\u00bbdoc-button\u00bb _builder_version=\u00bb4.27.4&#8243; text_font=\u00bbRoboto||||||||\u00bb link_font=\u00bb||||||||\u00bb link_text_color=\u00bb#ffffff\u00bb header_4_font=\u00bbRoboto|900|||||||\u00bb header_4_font_size=\u00bb16px\u00bb background_color=\u00bb#1392B1&#8243; background_layout=\u00bbdark\u00bb custom_padding=\u00bb10px|20px|10px|20px|true|true\u00bb animation_style=\u00bbzoom\u00bb animation_delay=\u00bb300ms\u00bb animation_intensity_zoom=\u00bb20%\u00bb border_radii=\u00bbon|6px|6px|6px|6px\u00bb locked=\u00bboff\u00bb global_colors_info=\u00bb{}\u00bb]<\/p>\n<div style=\"display: flex;\">\n<div style=\"margin-right: 10px;\"><img loading=\"lazy\" decoding=\"async\" src=\"\/wp-content\/uploads\/icon-tecnical-file-pdf.svg\" width=\"48\" height=\"48\" alt=\"\" class=\"wp-image-1118673 alignnone size-full\" \/><\/div>\n<div>\n<h4>Fitting guide<\/h4>\n<p>Download pdf<\/p>\n<\/div>\n<\/div>\n<p>[\/et_pb_text][\/et_pb_column_inner][et_pb_column_inner type=\u00bb1_2&#8243; saved_specialty_column_type=\u00bb1_2&#8243; _builder_version=\u00bb4.16&#8243; custom_padding=\u00bb|||\u00bb global_colors_info=\u00bb{}\u00bb custom_padding__hover=\u00bb|||\u00bb][et_pb_text module_class=\u00bbguide-button\u00bb _builder_version=\u00bb4.27.4&#8243; text_font=\u00bbRoboto||||||||\u00bb link_font=\u00bb||||||||\u00bb link_text_color=\u00bb#666666&#8243; header_4_font=\u00bbMontserrat|700|||||||\u00bb header_4_font_size=\u00bb16px\u00bb header_4_line_height=\u00bb0.9em\u00bb background_color=\u00bb#ffffff\u00bb custom_padding=\u00bb10px|20px|10px|20px|true|true\u00bb animation_style=\u00bbzoom\u00bb animation_delay=\u00bb150ms\u00bb animation_intensity_zoom=\u00bb20%\u00bb hover_enabled=\u00bb0&#8243; border_radii=\u00bbon|6px|6px|6px|6px\u00bb box_shadow_style=\u00bbpreset1&#8243; box_shadow_vertical=\u00bb0px\u00bb box_shadow_blur=\u00bb40px\u00bb box_shadow_color=\u00bbrgba(0,0,0,0.1)\u00bb locked=\u00bboff\u00bb global_colors_info=\u00bb{}\u00bb disabled_on=\u00bbon|on|on\u00bb disabled=\u00bbon\u00bb sticky_enabled=\u00bb0&#8243;]<\/p>\n<div style=\"display: flex;\">\n<div style=\"margin-right: 10px;\"><img loading=\"lazy\" decoding=\"async\" src=\"\/wp-content\/uploads\/icon-fitting-guide.svg\" width=\"48\" height=\"48\" alt=\"\" class=\"wp-image-1118673 alignnone size-full\" \/><\/div>\n<div>\n<h4>Gu\u00eda de montaje<\/h4>\n<p><a href=\"\/?p=711&amp;wpdmdl=711&amp;masterkey=e4Ub2S0DWwfCDcrT-SGXUWKfWTjY07flvstgstC-Oft41zOt3Psjgd5h8thuuNBt3sCBbki7Sh-TLj2GQjZGpHwP3v8nQSDwyzXoFYuFzeUmpro#\">Descargar PDF<\/a><\/p>\n<\/div>\n<\/div>\n<p>[\/et_pb_text][\/et_pb_column_inner][\/et_pb_row_inner][\/et_pb_column][\/et_pb_section][et_pb_section fb_built=\u00bb1&#8243; custom_padding_last_edited=\u00bbon|phone\u00bb admin_label=\u00bbProducts\u00bb _builder_version=\u00bb4.27.2&#8243; background_color=\u00bbRGBA(255,255,255,0)\u00bb custom_margin=\u00bb||||false|false\u00bb custom_padding=\u00bb5.6px||1px||false|false\u00bb custom_padding_tablet=\u00bb5.6px||1px||false|false\u00bb custom_padding_phone=\u00bb|15px||15px|false|false\u00bb global_colors_info=\u00bb{}\u00bb][et_pb_row _builder_version=\u00bb4.27.2&#8243; _module_preset=\u00bbdefault\u00bb background_color=\u00bb#FFFFFF\u00bb custom_margin=\u00bb50px|auto||auto|false|false\u00bb custom_margin_tablet=\u00bb||||false|false\u00bb custom_margin_phone=\u00bb1px|auto||auto|false|false\u00bb custom_margin_last_edited=\u00bbon|phone\u00bb custom_padding=\u00bb15px|15px|0px|15px|false|false\u00bb border_radii=\u00bbon|20px|20px|20px|20px\u00bb box_shadow_style=\u00bbpreset1&#8243; box_shadow_color=\u00bbrgba(0,0,0,0.1)\u00bb global_colors_info=\u00bb{}\u00bb][et_pb_column type=\u00bb4_4&#8243; _builder_version=\u00bb4.21.0&#8243; _module_preset=\u00bbdefault\u00bb global_colors_info=\u00bb{}\u00bb][et_pb_text _builder_version=\u00bb4.27.2&#8243; _module_preset=\u00bbdefault\u00bb text_font=\u00bb|300|||||||\u00bb text_font_size=\u00bb15px\u00bb text_letter_spacing=\u00bb-1px\u00bb text_line_height=\u00bb1.5em\u00bb module_alignment=\u00bbcenter\u00bb custom_margin=\u00bb||-5px||false|false\u00bb custom_css_free_form=\u00bb.entry-content tr td {||    border-color: #f2f2f2 !important;||      max-width: 100% !important;||}||.entry-content table:not(.variations) {||  ||    margin: 0 0 15px;||    text-align: left;||    border: none;||    width: 100%;||}||.entry-content tr td {||    max-width: 100% !important;||  hyphens: auto;||}||||table{||  width:100% !important;||}\u00bb global_colors_info=\u00bb{}\u00bb]<\/p>\n<div class=\"table-block\">\n<table border=\"1\" style=\"height: 528px; width: 89.2354%; border-collapse: collapse; margin-left: auto; margin-right: auto;\">\n<thead>\n<tr style=\"height: 48px; background-color: #fff;\">\n<th style=\"width: 25.2809%; height: 48px; text-align: left;\">\n<h6>Caracter\u00edsticas<\/h6>\n<\/th>\n<th style=\"width: 6.74157%; height: 48px;\">\n<h6>Definitive 74 (SiH)<\/h6>\n<\/th>\n<th style=\"width: 10.3531%; height: 48px;\">\n<h6>UniSil 62 (SiH)<\/h6>\n<\/th>\n<th style=\"width: 10.3531%; height: 48px;\">\n<h6>Igel 77<\/h6>\n<\/th>\n<th style=\"width: 5.53772%; height: 48px;\">\n<h6>ES70 UV<\/h6>\n<\/th>\n<th style=\"width: 5.17655%; height: 48px;\">\n<h6>CTF 67<\/h6>\n<\/th>\n<th style=\"width: 10.3531%; height: 48px;\">\n<h6>GM3 58<\/h6>\n<\/th>\n<th style=\"width: 10.3531%; height: 48px;\">\n<h6>GM3 49<\/h6>\n<\/th>\n<\/tr>\n<\/thead>\n<tbody>\n<tr style=\"text-align: center;\">\n<td style=\"width: 25.2809%; height: 24px; text-align: left;\">DK Fatt ISO 9913-1<\/td>\n<td style=\"width: 6.74157%; height: 24px;\">60*\/44**<\/td>\n<td style=\"width: 10.3531%; height: 24px;\">50*\/37**<\/td>\n<td style=\"width: 10.3531%; height: 24px;\">39*\/29**<\/td>\n<td style=\"width: 5.53772%; height: 24px;\">35*\/26**<\/td>\n<td style=\"width: 5.17655%; height: 24px;\">30*\/22**<\/td>\n<td style=\"width: 10.3531%; height: 24px;\">25*\/19**<\/td>\n<td style=\"width: 10.3531%; height: 24px;\">16*\/12**<\/td>\n<\/tr>\n<tr style=\"text-align: center;\">\n<td style=\"width: 25.2809%; height: 48px; text-align: left;\">Tipo de material<\/td>\n<td style=\"width: 6.74157%; height: 48px;\">Hidrogel de silicona<\/td>\n<td style=\"width: 10.3531%; height: 48px;\">Hidrogel de silicona<\/td>\n<td style=\"width: 10.3531%; height: 48px;\">Hidrogel<\/td>\n<td style=\"width: 5.53772%; height: 48px;\">Hidrogel<\/td>\n<td style=\"width: 5.17655%; height: 48px;\">Hidrogel<\/td>\n<td style=\"width: 10.3531%; height: 48px;\">Hidrogel<\/td>\n<td style=\"width: 10.3531%; height: 48px;\">Hidrogel<\/td>\n<\/tr>\n<tr style=\"text-align: center;\">\n<td style=\"width: 25.2809%; height: 24px; text-align: left;\">Fabricante<\/td>\n<td style=\"width: 6.74157%; height: 24px;\">Contamac<\/td>\n<td style=\"width: 10.3531%; height: 24px;\">Contamac<\/td>\n<td style=\"width: 10.3531%; height: 24px;\">Contamac<\/td>\n<td style=\"width: 5.53772%; height: 24px;\">Lunelle<\/td>\n<td style=\"width: 5.17655%; height: 24px;\">Contamac<\/td>\n<td style=\"width: 10.3531%; height: 24px;\">Contamac<\/td>\n<td style=\"width: 10.3531%; height: 24px;\">Contamac<\/td>\n<\/tr>\n<tr style=\"text-align: center;\">\n<td style=\"width: 25.2809%; height: 24px; text-align: left;\">Clasificaci\u00f3n<\/td>\n<td style=\"width: 6.74157%; height: 24px;\">Filcon V3<\/td>\n<td style=\"width: 10.3531%; height: 24px;\">Filcon V3<\/td>\n<td style=\"width: 10.3531%; height: 24px;\">Filcon II3<\/td>\n<td style=\"width: 5.53772%; height: 24px;\">Filcon II2<\/td>\n<td style=\"width: 5.17655%; height: 24px;\">Filcon II2<\/td>\n<td style=\"width: 10.3531%; height: 24px;\">Filcon II1<\/td>\n<td style=\"width: 10.3531%; height: 24px;\">Filcon II1<\/td>\n<\/tr>\n<tr style=\"text-align: center;\">\n<td style=\"width: 25.2809%; height: 24px; text-align: left;\">Contenido en agua<\/td>\n<td style=\"width: 6.74157%; height: 24px;\">74%<\/td>\n<td style=\"width: 10.3531%; height: 24px;\">62%<\/td>\n<td style=\"width: 10.3531%; height: 24px;\">77%<\/td>\n<td style=\"width: 5.53772%; height: 24px;\">70%<\/td>\n<td style=\"width: 5.17655%; height: 24px;\">67%<\/td>\n<td style=\"width: 10.3531%; height: 24px;\">58%<\/td>\n<td style=\"width: 10.3531%; height: 24px;\">49%<\/td>\n<\/tr>\n<tr style=\"text-align: center;\">\n<td style=\"width: 25.2809%; height: 24px; text-align: left;\">\u00cdndice de refracci\u00f3n<\/td>\n<td style=\"width: 6.74157%; height: 24px;\">1.37<\/td>\n<td style=\"width: 10.3531%; height: 24px;\">1.51<\/td>\n<td style=\"width: 10.3531%; height: 24px;\">1.37<\/td>\n<td style=\"width: 5.53772%; height: 24px;\">1.38<\/td>\n<td style=\"width: 5.17655%; height: 24px;\">1.39<\/td>\n<td style=\"width: 10.3531%; height: 24px;\">1.41<\/td>\n<td style=\"width: 10.3531%; height: 24px;\">1.42<\/td>\n<\/tr>\n<tr style=\"text-align: center;\">\n<td style=\"width: 25.2809%; height: 24px; text-align: left;\">Tinte de manipulaci\u00f3n<\/td>\n<td style=\"width: 6.74157%; height: 24px;\">claro \/ azul<\/td>\n<td style=\"width: 10.3531%; height: 24px;\">azul<\/td>\n<td style=\"width: 10.3531%; height: 24px;\">borrar<\/td>\n<td style=\"width: 5.53772%; height: 24px;\">borrar<\/td>\n<td style=\"width: 5.17655%; height: 24px;\">borrar<\/td>\n<td style=\"width: 10.3531%; height: 24px;\">claro \/ azul<\/td>\n<td style=\"width: 10.3531%; height: 24px;\">claro \/ azul<\/td>\n<\/tr>\n<tr style=\"text-align: center;\">\n<td style=\"width: 25.2809%; height: 24px; text-align: left;\">UV<\/td>\n<td style=\"width: 6.74157%; height: 24px;\">\u221a (azul)<\/td>\n<td style=\"width: 10.3531%; height: 24px;\">\u221a<\/td>\n<td style=\"width: 10.3531%; height: 24px;\">\u221a<\/td>\n<td style=\"width: 5.53772%; height: 24px;\">\u221a<\/td>\n<td style=\"width: 5.17655%; height: 24px;\">\u221a<\/td>\n<td style=\"width: 10.3531%; height: 24px;\">\u221a<\/td>\n<td style=\"width: 10.3531%; height: 24px;\">\u221a<\/td>\n<\/tr>\n<tr style=\"text-align: center;\">\n<td style=\"width: 25.2809%; height: 24px; text-align: left;\">Pel\u00edcula lagrimal normal<\/td>\n<td style=\"width: 6.74157%; height: 24px;\">+++<\/td>\n<td style=\"width: 10.3531%; height: 24px;\">+++<\/td>\n<td style=\"width: 10.3531%; height: 24px;\">++<\/td>\n<td style=\"width: 5.53772%; height: 24px;\">++<\/td>\n<td style=\"width: 5.17655%; height: 24px;\">+++<\/td>\n<td style=\"width: 10.3531%; height: 24px;\">+++<\/td>\n<td style=\"width: 10.3531%; height: 24px;\">++<\/td>\n<\/tr>\n<tr style=\"text-align: center;\">\n<td style=\"width: 25.2809%; height: 24px; text-align: left;\">Pel\u00edcula lagrimal reducida<\/td>\n<td style=\"width: 6.74157%; height: 24px;\">+++<\/td>\n<td style=\"width: 10.3531%; height: 24px;\">+++<\/td>\n<td style=\"width: 10.3531%; height: 24px;\">+<\/td>\n<td style=\"width: 5.53772%; height: 24px;\">++<\/td>\n<td style=\"width: 5.17655%; height: 24px;\">+<\/td>\n<td style=\"width: 10.3531%; height: 24px;\">++<\/td>\n<td style=\"width: 10.3531%; height: 24px;\">+++<\/td>\n<\/tr>\n<tr style=\"text-align: center;\">\n<td style=\"width: 25.2809%; height: 24px; text-align: left;\">Pel\u00edcula lagrimal acuosa<\/td>\n<td style=\"width: 6.74157%; height: 24px;\">+++<\/td>\n<td style=\"width: 10.3531%; height: 24px;\">+++<\/td>\n<td style=\"width: 10.3531%; height: 24px;\">+++<\/td>\n<td style=\"width: 5.53772%; height: 24px;\">++<\/td>\n<td style=\"width: 5.17655%; height: 24px;\">+++<\/td>\n<td style=\"width: 10.3531%; height: 24px;\">++<\/td>\n<td style=\"width: 10.3531%; height: 24px;\">++<\/td>\n<\/tr>\n<tr style=\"text-align: center;\">\n<td style=\"width: 25.2809%; height: 24px; text-align: left;\">Pel\u00edcula lagrimal con l\u00edpidos<\/td>\n<td style=\"width: 6.74157%; height: 24px;\">+<\/td>\n<td style=\"width: 10.3531%; height: 24px;\">++<\/td>\n<td style=\"width: 10.3531%; height: 24px;\">+<\/td>\n<td style=\"width: 5.53772%; height: 24px;\">++<\/td>\n<td style=\"width: 5.17655%; height: 24px;\">+<\/td>\n<td style=\"width: 10.3531%; height: 24px;\">+++<\/td>\n<td style=\"width: 10.3531%; height: 24px;\">+++<\/td>\n<\/tr>\n<tr style=\"text-align: center;\">\n<td style=\"width: 25.2809%; height: 24px; text-align: left;\">Pel\u00edcula lagrimal con prote\u00ednas<\/td>\n<td style=\"width: 6.74157%; height: 24px;\">+<\/td>\n<td style=\"width: 10.3531%; height: 24px;\">++<\/td>\n<td style=\"width: 10.3531%; height: 24px;\">+<\/td>\n<td style=\"width: 5.53772%; height: 24px;\">++<\/td>\n<td style=\"width: 5.17655%; height: 24px;\">+<\/td>\n<td style=\"width: 10.3531%; height: 24px;\">++<\/td>\n<td style=\"width: 10.3531%; height: 24px;\">+++<\/td>\n<\/tr>\n<tr style=\"text-align: center;\">\n<td style=\"width: 25.2809%; height: 24px; text-align: left;\">Durabilidad<\/td>\n<td style=\"width: 6.74157%; height: 24px;\">+<\/td>\n<td style=\"width: 10.3531%; height: 24px;\">++<\/td>\n<td style=\"width: 10.3531%; height: 24px;\">+<\/td>\n<td style=\"width: 5.53772%; height: 24px;\">+++<\/td>\n<td style=\"width: 5.17655%; height: 24px;\">++<\/td>\n<td style=\"width: 10.3531%; height: 24px;\">++<\/td>\n<td style=\"width: 10.3531%; height: 24px;\">+++<\/td>\n<\/tr>\n<tr style=\"text-align: center;\">\n<td style=\"width: 25.2809%; height: 24px; text-align: left;\">Confort inicial<\/td>\n<td style=\"width: 6.74157%; height: 24px;\">+++<\/td>\n<td style=\"width: 10.3531%; height: 24px;\">+++<\/td>\n<td style=\"width: 10.3531%; height: 24px;\">+++<\/td>\n<td style=\"width: 5.53772%; height: 24px;\">+++<\/td>\n<td style=\"width: 5.17655%; height: 24px;\">+++<\/td>\n<td style=\"width: 10.3531%; height: 24px;\">++<\/td>\n<td style=\"width: 10.3531%; height: 24px;\">+<\/td>\n<\/tr>\n<tr style=\"text-align: center;\">\n<td style=\"width: 25.2809%; height: 24px; text-align: left;\">Baja deshidrataci\u00f3n<\/td>\n<td style=\"width: 6.74157%; height: 24px;\">+++<\/td>\n<td style=\"width: 10.3531%; height: 24px;\">+++<\/td>\n<td style=\"width: 10.3531%; height: 24px;\">+<\/td>\n<td style=\"width: 5.53772%; height: 24px;\">++<\/td>\n<td style=\"width: 5.17655%; height: 24px;\">+<\/td>\n<td style=\"width: 10.3531%; height: 24px;\">+++<\/td>\n<td style=\"width: 10.3531%; height: 24px;\">+++<\/td>\n<\/tr>\n<tr style=\"text-align: center;\">\n<td style=\"width: 25.2809%; height: 24px; text-align: left;\">Humectante<\/td>\n<td style=\"width: 6.74157%; height: 24px;\">+++<\/td>\n<td style=\"width: 10.3531%; height: 24px;\">+++<\/td>\n<td style=\"width: 10.3531%; height: 24px;\">++<\/td>\n<td style=\"width: 5.53772%; height: 24px;\">+++<\/td>\n<td style=\"width: 5.17655%; height: 24px;\">++<\/td>\n<td style=\"width: 10.3531%; height: 24px;\">+++<\/td>\n<td style=\"width: 10.3531%; height: 24px;\">+++<\/td>\n<\/tr>\n<tr style=\"text-align: center;\">\n<td style=\"width: 25.2809%; height: 24px; text-align: left;\">Ojo seco<\/td>\n<td style=\"width: 6.74157%; height: 24px;\">+++<\/td>\n<td style=\"width: 10.3531%; height: 24px;\">+++<\/td>\n<td style=\"width: 10.3531%; height: 24px;\">+++<\/td>\n<td style=\"width: 5.53772%; height: 24px;\">++<\/td>\n<td style=\"width: 5.17655%; height: 24px;\">++<\/td>\n<td style=\"width: 10.3531%; height: 24px;\">++<\/td>\n<td style=\"width: 10.3531%; height: 24px;\">+++<\/td>\n<\/tr>\n<tr style=\"text-align: center;\">\n<td style=\"width: 25.2809%; height: 24px; text-align: left;\">No i\u00f3nico<\/td>\n<td style=\"width: 6.74157%; height: 24px;\">\u221a<\/td>\n<td style=\"width: 10.3531%; height: 24px;\">\u221a<\/td>\n<td style=\"width: 10.3531%; height: 24px;\">\u221a<\/td>\n<td style=\"width: 5.53772%; height: 24px;\">\u221a<\/td>\n<td style=\"width: 5.17655%; height: 24px;\">\u221a<\/td>\n<td style=\"width: 10.3531%; height: 24px;\">\u221a<\/td>\n<td style=\"width: 10.3531%; height: 24px;\">\u221a<\/td>\n<\/tr>\n<\/tbody>\n<\/table>\n<\/div>\n<p style=\"text-align: center;\">[\/et_pb_text][et_pb_text _builder_version=\u00bb4.27.2&#8243; _module_preset=\u00bbdefault\u00bb text_font_size=\u00bb12px\u00bb text_line_height=\u00bb1.5em\u00bb text_orientation=\u00bbright\u00bb custom_margin=\u00bb27px|30px|||false|false\u00bb custom_padding=\u00bb|20px|20px|20px|false|false\u00bb global_colors_info=\u00bb{}\u00bb]<\/p>\n<p>* \u00d710-11 (cm2\/seg)  [ml 02\/(ml \u00d7 mm Hg)]<\/p>\n<p>** \u00d710-11 (cm2\/seg)  [ml 02\/(ml \u00d7 hPa)]<\/p>\n<p><strong>Material por defecto: GM3 58% blanco<\/strong><\/p>\n<p>[\/et_pb_text][\/et_pb_column][\/et_pb_row][et_pb_row custom_padding_last_edited=\u00bbon|phone\u00bb _builder_version=\u00bb4.27.2&#8243; custom_margin=\u00bb||||false|false\u00bb custom_padding=\u00bb|0px|45px|0px|false|true\u00bb custom_padding_tablet=\u00bb|0px|45px|0px|false|true\u00bb custom_padding_phone=\u00bb|5px|45px|5px|false|true\u00bb locked=\u00bboff\u00bb global_colors_info=\u00bb{}\u00bb][et_pb_column type=\u00bb4_4&#8243; _builder_version=\u00bb4.27.2&#8243; custom_padding=\u00bb|||\u00bb global_colors_info=\u00bb{}\u00bb custom_padding__hover=\u00bb|||\u00bb][et_pb_testimonial url=\u00bbhttps:\/\/www.contamac.com\/\u00bb url_new_window=\u00bbon\u00bb portrait_url=\u00bbhttp:\/\/www.swisslens.ch\/wp-content\/uploads\/Contamac-Shorthand-Logo-RGB-X.png\u00bb quote_icon=\u00bboff\u00bb _builder_version=\u00bb4.27.0&#8243; _module_preset=\u00bbdefault\u00bb body_font=\u00bb|300|||||||\u00bb body_font_size=\u00bb16px\u00bb background_color=\u00bb#FFFFFF\u00bb custom_padding=\u00bb20px|20px|20px|20px|false|false\u00bb border_radii=\u00bbon|20px|20px|20px|20px\u00bb box_shadow_style=\u00bbpreset1&#8243; box_shadow_color=\u00bbrgba(0,0,0,0.1)\u00bb global_colors_info=\u00bb{}\u00bb]<\/p>\n<p>Contamac es una empresa de renombre y pionera en el campo de los materiales y la tecnolog\u00eda de las lentes de contacto.<br \/>\nCon una rica historia que abarca varias d\u00e9cadas, Contamac se ha consolidado como l\u00edder mundial, ampliando continuamente los l\u00edmites de la innovaci\u00f3n en el sector de las lentes de contacto. <\/p>\n<p>Como fabricante y proveedor de confianza, Contamac se especializa en el desarrollo y la producci\u00f3n de materiales de alta calidad utilizados en la fabricaci\u00f3n de diversos tipos de lentes de contacto.<br \/>\nSus avanzados materiales son conocidos por su excepcional biocompatibilidad, durabilidad y propiedades \u00f3pticas, que garantizan un confort y un rendimiento visual \u00f3ptimos para los usuarios de lentes de contacto. <\/p>\n<p>La dedicaci\u00f3n de Contamac a la investigaci\u00f3n y el desarrollo, unida a su compromiso con unas estrictas normas de calidad, le han granjeado una s\u00f3lida reputaci\u00f3n en el sector.<br \/>\nSus colaboraciones con profesionales de la salud ocular y expertos en visi\u00f3n han dado lugar a avances revolucionarios que han contribuido al progreso de la tecnolog\u00eda de las lentes de contacto. <\/p>\n<p>Con un enfoque incesante en la innovaci\u00f3n, Contamac sigue introduciendo nuevos materiales y soluciones que responden a las necesidades cambiantes de los usuarios de lentes de contacto de todo el mundo.<br \/>\nSu inquebrantable dedicaci\u00f3n a la excelencia les ha convertido en un socio de confianza para los profesionales de la visi\u00f3n y en la opci\u00f3n preferida para quienes buscan materiales excepcionales para lentes de contacto. <\/p>\n<p>[\/et_pb_testimonial][et_pb_text _builder_version=\u00bb4.27.2&#8243; _module_preset=\u00bbdefault\u00bb text_font=\u00bb|300|||||||\u00bb text_font_size=\u00bb16px\u00bb background_color=\u00bb#FFFFFF\u00bb module_alignment=\u00bbcenter\u00bb height=\u00bb100%\u00bb custom_margin=\u00bb0px||||false|false\u00bb custom_margin_tablet=\u00bb0px||||false|false\u00bb custom_margin_phone=\u00bb80px||||false|false\u00bb custom_margin_last_edited=\u00bbon|phone\u00bb custom_padding=\u00bb20px|20px|20px|20px|false|false\u00bb border_radii=\u00bbon|20px|20px|20px|20px\u00bb box_shadow_style=\u00bbpreset1&#8243; box_shadow_color=\u00bbrgba(0,0,0,0.1)\u00bb global_colors_info=\u00bb{}\u00bb]<\/p>\n<h4>Garant\u00eda de calidad<\/h4>\n<p>Estos materiales cumplen la norma ISO 10993-1 que define la biocompatibilidad de los materiales.<\/p>\n<p>El proceso de fabricaci\u00f3n de SwissLens garantiza esta biocompatibilidad incluso despu\u00e9s del proceso de fabricaci\u00f3n, en particular sin a\u00f1adir material de pulido.<br \/>\nEsta norma es exigida por el sistema de garant\u00eda de calidad de SwissLens <\/p>\n<p>[\/et_pb_text][\/et_pb_column][\/et_pb_row][\/et_pb_section]<\/p>\n","protected":false},"excerpt":{"rendered":"<p>Materiales para lentes de contacto blandas Descubra una amplia gama de materiales de vanguardia meticulosamente elaborados para proporcionar una comodidad y una claridad visual incomparables. Tanto si desea la suavidad [&hellip;]<\/p>\n","protected":false},"author":1,"featured_media":0,"parent":0,"menu_order":218,"comment_status":"closed","ping_status":"closed","template":"","meta":{"_et_pb_use_builder":"on","_et_pb_old_content":"","_et_gb_content_width":"","_price":"","_stock":"","_tribe_ticket_header":"","_tribe_default_ticket_provider":"","_tribe_ticket_capacity":"0","_ticket_start_date":"","_ticket_end_date":"","_tribe_ticket_show_description":"","_tribe_ticket_show_not_going":false,"_tribe_ticket_use_global_stock":"","_tribe_ticket_global_stock_level":"","_global_stock_mode":"","_global_stock_cap":"","_tribe_rsvp_for_event":"","_tribe_ticket_going_count":"","_tribe_ticket_not_going_count":"","_tribe_tickets_list":"[]","_tribe_ticket_has_attendee_info_fields":false,"footnotes":""},"class_list":["post-1115915","page","type-page","status-publish","hentry"],"_links":{"self":[{"href":"https:\/\/www.swisslens.ch\/es\/wp-json\/wp\/v2\/pages\/1115915","targetHints":{"allow":["GET"]}}],"collection":[{"href":"https:\/\/www.swisslens.ch\/es\/wp-json\/wp\/v2\/pages"}],"about":[{"href":"https:\/\/www.swisslens.ch\/es\/wp-json\/wp\/v2\/types\/page"}],"author":[{"embeddable":true,"href":"https:\/\/www.swisslens.ch\/es\/wp-json\/wp\/v2\/users\/1"}],"replies":[{"embeddable":true,"href":"https:\/\/www.swisslens.ch\/es\/wp-json\/wp\/v2\/comments?post=1115915"}],"version-history":[{"count":3,"href":"https:\/\/www.swisslens.ch\/es\/wp-json\/wp\/v2\/pages\/1115915\/revisions"}],"predecessor-version":[{"id":1167943,"href":"https:\/\/www.swisslens.ch\/es\/wp-json\/wp\/v2\/pages\/1115915\/revisions\/1167943"}],"wp:attachment":[{"href":"https:\/\/www.swisslens.ch\/es\/wp-json\/wp\/v2\/media?parent=1115915"}],"curies":[{"name":"wp","href":"https:\/\/api.w.org\/{rel}","templated":true}]}}