{"id":1115843,"date":"2022-08-25T18:09:07","date_gmt":"2022-08-25T16:09:07","guid":{"rendered":"https:\/\/www.swisslens.ch\/scleraflex\/"},"modified":"2026-01-29T09:37:25","modified_gmt":"2026-01-29T08:37:25","slug":"scleraflex-mini","status":"publish","type":"page","link":"https:\/\/www.swisslens.ch\/es\/scleraflex-mini\/","title":{"rendered":"ScleraFlex"},"content":{"rendered":"<p>[et_pb_section fb_built=\u00bb1&#8243; specialty=\u00bbon\u00bb padding_bottom_2=\u00bb40px\u00bb admin_label=\u00bbServices\u00bb _builder_version=\u00bb4.25.1&#8243; background_color=\u00bbRGBA(255,255,255,0)\u00bb custom_padding=\u00bb54px|0px|0px|0|false|false\u00bb bottom_divider_height=\u00bb50px\u00bb bottom_divider_arrangement=\u00bbabove_content\u00bb global_colors_info=\u00bb{}\u00bb][et_pb_column type=\u00bb1_2&#8243; _builder_version=\u00bb4.16&#8243; custom_padding=\u00bb|||\u00bb global_colors_info=\u00bb{}\u00bb custom_padding__hover=\u00bb|||\u00bb][et_pb_image src=\u00bbhttp:\/\/www.swisslens.ch\/wp-content\/uploads\/Illustration-scleraflex.png\u00bb title_text=\u00bbIlustraci\u00f3n escleraflex\u00bb show_bottom_space=\u00bboff\u00bb align=\u00bbcenter\u00bb align_tablet=\u00bbcenter\u00bb align_phone=\u00bb\u00bb align_last_edited=\u00bbon|desktop\u00bb disabled_on=\u00bboff|off|off\u00bb _builder_version=\u00bb4.27.2&#8243; parallax=\u00bbon\u00bb background_blend=\u00bbhard-light\u00bb width=\u00bb100%\u00bb max_width=\u00bb100%\u00bb module_alignment=\u00bbleft\u00bb max_height=\u00bb370px\u00bb custom_margin=\u00bb48px|||||\u00bb custom_margin_tablet=\u00bb48px|||||\u00bb custom_margin_phone=\u00bb0px||||false|false\u00bb custom_margin_last_edited=\u00bbon|desktop\u00bb custom_padding=\u00bb3px||||false|false\u00bb custom_padding_tablet=\u00bb3px||||false|false\u00bb custom_padding_phone=\u00bb|||10px|false|false\u00bb custom_padding_last_edited=\u00bbon|desktop\u00bb animation_style=\u00bbslide\u00bb animation_direction=\u00bbright\u00bb animation_intensity_slide=\u00bb2%\u00bb global_colors_info=\u00bb{}\u00bb][\/et_pb_image][\/et_pb_column][et_pb_column type=\u00bb1_2&#8243; specialty_columns=\u00bb2&#8243; _builder_version=\u00bb4.16&#8243; custom_padding=\u00bb|||\u00bb global_colors_info=\u00bb{}\u00bb custom_padding__hover=\u00bb|||\u00bb][et_pb_row_inner _builder_version=\u00bb4.16&#8243; custom_padding=\u00bb24px|0px|15px|0px|false|false\u00bb global_colors_info=\u00bb{}\u00bb][et_pb_column_inner saved_specialty_column_type=\u00bb1_2&#8243; _builder_version=\u00bb4.16&#8243; custom_padding=\u00bb|||\u00bb global_colors_info=\u00bb{}\u00bb custom_padding__hover=\u00bb|||\u00bb][et_pb_text _builder_version=\u00bb4.25.1&#8243; text_font=\u00bbRoboto|300|||||||\u00bb text_font_size=\u00bb16px\u00bb text_line_height=\u00bb1.8em\u00bb link_font=\u00bbMontserrat|700|||||||\u00bb link_text_color=\u00bb#fa546d\u00bb link_font_size=\u00bb22px\u00bb link_line_height=\u00bb1.5em\u00bb header_font=\u00bb||||||||\u00bb header_2_font=\u00bbSwissLens|700|||||||\u00bb header_2_font_size=\u00bb40px\u00bb header_2_line_height=\u00bb1.4em\u00bb header_6_font=\u00bbMontserrat|600||on|||||\u00bb header_6_text_color=\u00bb#ffb342&#8243; header_6_font_size=\u00bb16px\u00bb header_6_letter_spacing=\u00bb2px\u00bb header_6_line_height=\u00bb1.5em\u00bb max_width_last_edited=\u00bboff|desktop\u00bb module_alignment=\u00bbleft\u00bb custom_margin=\u00bb|||\u00bb custom_padding=\u00bb|||\u00bb header_2_font_size_tablet=\u00bb\u00bb header_2_font_size_phone=\u00bb24px\u00bb header_2_font_size_last_edited=\u00bbon|phone\u00bb global_colors_info=\u00bb{}\u00bb]<\/p>\n<h2>ScleraFlex Mini<\/h2>\n<h6 style=\"color: #000!important;\"><\/h6>\n<p style=\"text-align: justify;\"><span>Una excepcional lente de contacto escleral dise\u00f1ada para proporcionar una c\u00f3moda adaptaci\u00f3n a cualquier c\u00f3rnea. ScleraFlex ofrece un proceso de adaptaci\u00f3n sin fisuras, lo que garantiza la facilidad de uso tanto para los profesionales como para los pacientes. ScleraFlex incorpora materiales de alta calidad con una \u00f3ptima permeabilidad al ox\u00edgeno (DK). Esto garantiza que la c\u00f3rnea reciba el aporte de ox\u00edgeno necesario, favoreciendo unos ojos m\u00e1s sanos.<\/span><\/p>\n<p>[\/et_pb_text][\/et_pb_column_inner][\/et_pb_row_inner][et_pb_row_inner column_structure=\u00bb1_2,1_2&#8243; use_custom_gutter=\u00bbon\u00bb gutter_width=\u00bb2&#8243; _builder_version=\u00bb4.25.1&#8243; custom_margin=\u00bb0px||0px||false|false\u00bb global_colors_info=\u00bb{}\u00bb][et_pb_column_inner type=\u00bb1_2&#8243; saved_specialty_column_type=\u00bb1_2&#8243; _builder_version=\u00bb4.16&#8243; custom_padding=\u00bb|||\u00bb global_colors_info=\u00bb{}\u00bb custom_padding__hover=\u00bb|||\u00bb][et_pb_text module_class=\u00bbdoc-button\u00bb _builder_version=\u00bb4.27.4&#8243; text_font=\u00bbRoboto||||||||\u00bb link_font=\u00bb||||||||\u00bb link_text_color=\u00bb#ffffff\u00bb header_4_font=\u00bbRoboto|900|||||||\u00bb header_4_font_size=\u00bb16px\u00bb background_color=\u00bb#1392B1&#8243; background_layout=\u00bbdark\u00bb custom_padding=\u00bb10px|20px|10px|20px|true|true\u00bb animation_style=\u00bbzoom\u00bb animation_delay=\u00bb300ms\u00bb animation_intensity_zoom=\u00bb20%\u00bb hover_enabled=\u00bb0&#8243; border_radii=\u00bbon|6px|6px|6px|6px\u00bb locked=\u00bboff\u00bb global_colors_info=\u00bb{}\u00bb sticky_enabled=\u00bb0&#8243;]<\/p>\n<div style=\"display: flex;\">\n<div style=\"margin-right: 10px;\"><img loading=\"lazy\" decoding=\"async\" src=\"\/wp-content\/uploads\/icon-tecnical-file-pdf.svg\" width=\"48\" height=\"48\" alt=\"\" class=\"wp-image-1118673 alignnone size-full\" \/><\/div>\n<div>\n<h4>Fitting guide<\/h4>\n<p>Download pdf<\/p>\n<\/div>\n<p>[\/et_pb_text][\/et_pb_column_inner][et_pb_column_inner type=\u00bb1_2&#8243; saved_specialty_column_type=\u00bb1_2&#8243; _builder_version=\u00bb4.16&#8243; custom_padding=\u00bb|||\u00bb global_colors_info=\u00bb{}\u00bb custom_padding__hover=\u00bb|||\u00bb][et_pb_text module_class=\u00bbguide-button\u00bb _builder_version=\u00bb4.27.4&#8243; text_font=\u00bbRoboto||||||||\u00bb link_font=\u00bb||||||||\u00bb link_text_color=\u00bb#666666&#8243; header_4_font=\u00bbMontserrat|700|||||||\u00bb header_4_font_size=\u00bb16px\u00bb header_4_line_height=\u00bb0.9em\u00bb background_color=\u00bb#ffffff\u00bb custom_padding=\u00bb10px|20px|10px|20px|true|true\u00bb animation_style=\u00bbzoom\u00bb animation_delay=\u00bb150ms\u00bb animation_intensity_zoom=\u00bb20%\u00bb hover_enabled=\u00bb0&#8243; border_radii=\u00bbon|6px|6px|6px|6px\u00bb box_shadow_style=\u00bbpreset1&#8243; box_shadow_vertical=\u00bb0px\u00bb box_shadow_blur=\u00bb40px\u00bb box_shadow_color=\u00bbrgba(0,0,0,0.1)\u00bb locked=\u00bboff\u00bb global_colors_info=\u00bb{}\u00bb disabled_on=\u00bbon|on|on\u00bb disabled=\u00bbon\u00bb sticky_enabled=\u00bb0&#8243;]<\/p>\n<div style=\"display: flex;\">\n<div style=\"margin-right: 10px;\"><img loading=\"lazy\" decoding=\"async\" src=\"\/wp-content\/uploads\/icon-fitting-guide.svg\" width=\"48\" height=\"48\" alt=\"\" class=\"wp-image-1118673 alignnone size-full\" \/><\/div>\n<div>\n<h4>Gu\u00eda de montaje<\/h4>\n<p><a href=\"\/?p=711&amp;wpdmdl=711&amp;masterkey=e4Ub2S0DWwfCDcrT-SGXUWKfWTjY07flvstgstC-Oft41zOt3Psjgd5h8thuuNBt3sCBbki7Sh-TLj2GQjZGpHwP3v8nQSDwyzXoFYuFzeUmpro#\">Multifocal PDF<\/a><\/p>\n<\/div>\n<\/div>\n<p>[\/et_pb_text][\/et_pb_column_inner][\/et_pb_row_inner][\/et_pb_column][\/et_pb_section][et_pb_section fb_built=\u00bb1&#8243; admin_label=\u00bbProducts\u00bb _builder_version=\u00bb4.25.1&#8243; background_color=\u00bbRGBA(255,255,255,0)\u00bb custom_padding=\u00bb2.6px|0px|53.625px|0|false|false\u00bb global_colors_info=\u00bb{}\u00bb][et_pb_row _builder_version=\u00bb4.16&#8243; locked=\u00bboff\u00bb global_colors_info=\u00bb{}\u00bb][et_pb_column type=\u00bb4_4&#8243; _builder_version=\u00bb4.16&#8243; custom_padding=\u00bb|||\u00bb global_colors_info=\u00bb{}\u00bb custom_padding__hover=\u00bb|||\u00bb][et_pb_text _builder_version=\u00bb4.27.2&#8243; text_font=\u00bbMontserrat||||||||\u00bb text_font_size=\u00bb16px\u00bb text_line_height=\u00bb1.8em\u00bb link_font=\u00bbMontserrat|700|||||||\u00bb link_text_color=\u00bb#fa546d\u00bb link_font_size=\u00bb22px\u00bb link_line_height=\u00bb1.5em\u00bb header_font=\u00bb||||||||\u00bb header_2_font=\u00bb&#8211;et_global_heading_font|700|||||||\u00bb header_2_font_size=\u00bb40px\u00bb header_2_line_height=\u00bb1.4em\u00bb header_6_font=\u00bb&#8211;et_global_heading_font|||on|||||\u00bb header_6_text_color=\u00bb#ffb342&#8243; header_6_font_size=\u00bb16px\u00bb header_6_letter_spacing=\u00bb2px\u00bb header_6_line_height=\u00bb1.5em\u00bb text_orientation=\u00bbcenter\u00bb max_width=\u00bb700px\u00bb max_width_last_edited=\u00bboff|desktop\u00bb module_alignment=\u00bbcenter\u00bb custom_margin=\u00bb|||\u00bb custom_padding=\u00bb|||\u00bb header_2_font_size_tablet=\u00bb\u00bb header_2_font_size_phone=\u00bb24px\u00bb header_2_font_size_last_edited=\u00bbon|phone\u00bb locked=\u00bboff\u00bb global_colors_info=\u00bb{}\u00bb]<\/p>\n<h6><span class=\"ILfuVd\" lang=\"en\"><span class=\"hgKElc\" style=\"color: #404040!important;\">Acerca del producto<\/span><\/span><\/h6>\n<h2>Informaci\u00f3n<\/h2>\n<p>[\/et_pb_text][\/et_pb_column][\/et_pb_row][et_pb_row column_structure=\u00bb1_2,1_2&#8243; use_custom_gutter=\u00bbon\u00bb gutter_width=\u00bb2&#8243; make_equal=\u00bbon\u00bb _builder_version=\u00bb4.25.1&#8243; _module_preset=\u00bbdefault\u00bb custom_padding=\u00bb2px|||||\u00bb global_colors_info=\u00bb{}\u00bb][et_pb_column type=\u00bb1_2&#8243; _builder_version=\u00bb4.21.0&#8243; _module_preset=\u00bbdefault\u00bb global_colors_info=\u00bb{}\u00bb][et_pb_text _builder_version=\u00bb4.27.0&#8243; _module_preset=\u00bbdefault\u00bb text_font=\u00bb|300|||||||\u00bb text_font_size=\u00bb16px\u00bb text_line_height=\u00bb27px\u00bb background_color=\u00bb#FFFFFF\u00bb height=\u00bb100%\u00bb custom_padding=\u00bb20px|30px|20px|30px|false|false\u00bb border_radii=\u00bbon|20px|20px|20px|20px\u00bb box_shadow_style=\u00bbpreset1&#8243; box_shadow_color=\u00bbrgba(0,0,0,0.1)\u00bb global_colors_info=\u00bb{}\u00bb]<\/p>\n<h3>Geometr\u00edas<\/h3>\n<p style=\"text-align: justify;\"><strong>ScleraFlex Mini<\/strong><\/p>\n<p style=\"text-align: justify;\"><span>Con ScleraFlex Mini, la comodidad inicial es prioritaria. La lente est\u00e1 cuidadosamente fabricada para proporcionar una comodidad excelente desde el momento de su inserci\u00f3n, garantizando una transici\u00f3n suave para los pacientes.<\/span><\/p>\n<p style=\"text-align: justify;\"><span>La separaci\u00f3n de la c\u00f3rnea, un aspecto crucial para la adaptaci\u00f3n \u00f3ptima de las lentes de contacto, se consigue con \u00e9xito con el par\u00e1metro de hundimiento adecuado. Seleccionando con precisi\u00f3n el par\u00e1metro de hundimiento, la lente de contacto alcanza la curvatura ideal para proporcionar un ajuste c\u00f3modo y seguro sobre la c\u00f3rnea.<\/span><\/p>\n<p style=\"text-align: justify;\"><span>La zona de aterrizaje escleral, un componente cr\u00edtico de la adaptaci\u00f3n de lentes de contacto esclerales, se personaliza utilizando los par\u00e1metros Edgelift y Asimetr\u00eda. Al ajustar con precisi\u00f3n el Edgelift, la lente de contacto consigue un ajuste y una alineaci\u00f3n \u00f3ptimos en la escler\u00f3tica, garantizando tanto la comodidad como la estabilidad.<\/span><\/p>\n<p style=\"text-align: justify;\"><span>Al adaptar una c\u00f3rnea oblata, la posibilidad de personalizar la forma de la curva central ajustando el par\u00e1metro de esfera es una herramienta valiosa. Permite un ajuste personalizado y optimizado, mejorando tanto la comodidad como el rendimiento visual. Experimente las ventajas de unas lentes de contacto dise\u00f1adas espec\u00edficamente para responder a los requisitos \u00fanicos de una c\u00f3rnea oblata, proporcionando una soluci\u00f3n c\u00f3moda y precisa para sus necesidades.<\/span><\/p>\n<p>[\/et_pb_text][\/et_pb_column][et_pb_column type=\u00bb1_2&#8243; _builder_version=\u00bb4.21.0&#8243; _module_preset=\u00bbdefault\u00bb global_colors_info=\u00bb{}\u00bb][et_pb_text module_class=\u00bbtransparent\u00bb _builder_version=\u00bb4.27.4&#8243; _module_preset=\u00bbdefault\u00bb text_font=\u00bbRoboto|600|||||||\u00bb background_color=\u00bb#FFFFFF\u00bb custom_padding=\u00bb20px|30px|20px|30px|false|false\u00bb border_radii=\u00bbon|20px|20px|20px|20px\u00bb box_shadow_style=\u00bbpreset1&#8243; box_shadow_color=\u00bbrgba(0,0,0,0.1)\u00bb global_colors_info=\u00bb{}\u00bb]<\/p>\n<h3>Par\u00e1metros<\/h3>\n<div class=\"table-block\">\n<table border=\"1\" style=\"height: 216px; width: 100%; border-collapse: collapse; border-style: hidden;\">\n<tbody>\n<tr style=\"height: 24px;\">\n<td style=\"width: 50%; text-align: left; height: 24px;\">Di\u00e1metro total (mm)<\/td>\n<td style=\"width: 50%; height: 24px; text-align: left;\">15.10<\/td>\n<\/tr>\n<tr style=\"height: 24px;\">\n<td style=\"width: 50%; height: 24px;\">Sag (\u00b5m)<\/td>\n<td style=\"width: 50%; height: 24px; text-align: left;\">3500 a 5000 (62.5)<\/td>\n<\/tr>\n<tr style=\"height: 24px;\">\n<td style=\"width: 50%; height: 24px;\">Esfera (D)<\/td>\n<td style=\"width: 50%; height: 24px; text-align: left;\">-40.00 a +40.00 (0.01)<\/td>\n<\/tr>\n<tr style=\"height: 24px;\">\n<td style=\"width: 50%; height: 24px;\">Cilindro (D)<\/td>\n<td style=\"width: 50%; height: 24px; text-align: left;\">-0.50 a -8.00 (0.25)<\/td>\n<\/tr>\n<tr style=\"height: 24px;\">\n<td style=\"width: 50%; height: 24px;\">Eje<span>(\u00b0<\/span>)<\/td>\n<td style=\"width: 50%; height: 24px; text-align: left;\">0 a 180 (1)<\/td>\n<\/tr>\n<tr style=\"height: 24px;\">\n<td style=\"width: 50%; height: 24px;\">Adici\u00f3n (D)<\/td>\n<td style=\"width: 50%; height: 24px; text-align: left;\">De +0.50 a +6.00 (0.01)<\/td>\n<\/tr>\n<tr style=\"height: 24px;\">\n<td style=\"width: 50%; height: 24px;\">Elevaci\u00f3n del borde<\/td>\n<td style=\"width: 50%; height: 24px; text-align: left;\">-2 a +4 (1)<\/td>\n<\/tr>\n<tr style=\"height: 24px;\">\n<td style=\"width: 50%; height: 24px;\">Asimetr\u00eda<\/td>\n<td style=\"width: 50%; text-align: left; height: 24px;\">0.10 a 0.60 (0.10)<\/td>\n<\/tr>\n<tr style=\"height: 24px;\">\n<td style=\"width: 50%; height: 24px;\">Esfera de ajuste (D)<\/td>\n<td style=\"width: 50%; text-align: left; height: 24px;\">0 a +10 (2.50)<\/td>\n<\/tr>\n<tr>\n<td style=\"width: 50%;\">Zoc<\/td>\n<td style=\"width: 50%; text-align: left;\">0.50 a 5.50 (0.10(<\/td>\n<\/tr>\n<tr>\n<td style=\"width: 50%;\">Renovaci\u00f3n<\/td>\n<td style=\"width: 50%; text-align: left;\">12 meses<\/td>\n<\/tr>\n<\/tbody>\n<\/table>\n<\/div>\n<p>[\/et_pb_text][et_pb_text _builder_version=\u00bb4.27.2&#8243; _dynamic_attributes=\u00bblink_option_url\u00bb _module_preset=\u00bbdefault\u00bb text_font=\u00bb|300|||||||\u00bb text_font_size=\u00bb16px\u00bb text_line_height=\u00bb27px\u00bb background_color=\u00bb#FFFFFF\u00bb position_origin_a=\u00bbbottom_center\u00bb position_origin_r=\u00bbbottom_right\u00bb width=\u00bb100%\u00bb custom_margin=\u00bb30px||||false|false\u00bb custom_margin_tablet=\u00bb30px||||false|false\u00bb custom_margin_phone=\u00bb80px||||false|false\u00bb custom_margin_last_edited=\u00bbon|phone\u00bb custom_padding=\u00bb20px|30px|20px|30px|false|false\u00bb link_option_url=\u00bb@ET-DC@eyJkeW5hbWljIjp0cnVlLCJjb250ZW50IjoicG9zdF9saW5rX3VybF9wYWdlIiwic2V0dGluZ3MiOnsicG9zdF9pZCI6IjcwIn19@\u00bb border_radii=\u00bbon|20px|20px|20px|20px\u00bb box_shadow_style=\u00bbpreset1&#8243; box_shadow_color=\u00bbrgba(0,0,0,0.1)\u00bb global_colors_info=\u00bb{}\u00bb]<\/p>\n<h3>Materiales<\/h3>\n<p style=\"text-align: justify;\"><span>ScleraFlex, ofrece una gama de materiales de alta densidad para adaptarse a las preferencias y necesidades individuales. Elija entre las siguientes opciones: Optimum Infinite y Boston XO..<\/span><\/p>\n<p style=\"text-align: justify;\"><span><\/span><\/p>\n<h6 style=\"text-align: justify;\">Ver m\u00e1s <img decoding=\"async\" style=\"position: relative; top: 3px;\" src=\"http:\/\/www.swisslens.ch\/wp-content\/uploads\/teenyicons_arrow-up-solid.svg\" \/><\/h6>\n<p>[\/et_pb_text][\/et_pb_column][\/et_pb_row][\/et_pb_section]<\/p>\n","protected":false},"excerpt":{"rendered":"<p>ScleraFlex Mini Una excepcional lente de contacto escleral dise\u00f1ada para proporcionar una c\u00f3moda adaptaci\u00f3n a cualquier c\u00f3rnea. ScleraFlex ofrece un proceso de adaptaci\u00f3n sin fisuras, lo que garantiza la facilidad [&hellip;]<\/p>\n","protected":false},"author":1,"featured_media":0,"parent":0,"menu_order":957,"comment_status":"closed","ping_status":"closed","template":"","meta":{"_et_pb_use_builder":"on","_et_pb_old_content":"","_et_gb_content_width":"","_price":"","_stock":"","_tribe_ticket_header":"","_tribe_default_ticket_provider":"","_tribe_ticket_capacity":"0","_ticket_start_date":"","_ticket_end_date":"","_tribe_ticket_show_description":"","_tribe_ticket_show_not_going":false,"_tribe_ticket_use_global_stock":"","_tribe_ticket_global_stock_level":"","_global_stock_mode":"","_global_stock_cap":"","_tribe_rsvp_for_event":"","_tribe_ticket_going_count":"","_tribe_ticket_not_going_count":"","_tribe_tickets_list":"[]","_tribe_ticket_has_attendee_info_fields":false,"footnotes":""},"class_list":["post-1115843","page","type-page","status-publish","hentry"],"_links":{"self":[{"href":"https:\/\/www.swisslens.ch\/es\/wp-json\/wp\/v2\/pages\/1115843","targetHints":{"allow":["GET"]}}],"collection":[{"href":"https:\/\/www.swisslens.ch\/es\/wp-json\/wp\/v2\/pages"}],"about":[{"href":"https:\/\/www.swisslens.ch\/es\/wp-json\/wp\/v2\/types\/page"}],"author":[{"embeddable":true,"href":"https:\/\/www.swisslens.ch\/es\/wp-json\/wp\/v2\/users\/1"}],"replies":[{"embeddable":true,"href":"https:\/\/www.swisslens.ch\/es\/wp-json\/wp\/v2\/comments?post=1115843"}],"version-history":[{"count":18,"href":"https:\/\/www.swisslens.ch\/es\/wp-json\/wp\/v2\/pages\/1115843\/revisions"}],"predecessor-version":[{"id":1167612,"href":"https:\/\/www.swisslens.ch\/es\/wp-json\/wp\/v2\/pages\/1115843\/revisions\/1167612"}],"wp:attachment":[{"href":"https:\/\/www.swisslens.ch\/es\/wp-json\/wp\/v2\/media?parent=1115843"}],"curies":[{"name":"wp","href":"https:\/\/api.w.org\/{rel}","templated":true}]}}