{"id":1115796,"date":"2022-08-26T00:06:58","date_gmt":"2022-08-25T22:06:58","guid":{"rendered":"https:\/\/www.swisslens.ch\/one-step-t\/"},"modified":"2024-12-22T14:00:22","modified_gmt":"2024-12-22T13:00:22","slug":"one-step-t","status":"publish","type":"page","link":"https:\/\/www.swisslens.ch\/es\/one-step-t\/","title":{"rendered":"One Step T"},"content":{"rendered":"<p>[et_pb_section fb_built=\u00bb1&#8243; specialty=\u00bbon\u00bb custom_padding_last_edited=\u00bbon|phone\u00bb padding_bottom_2=\u00bb40px\u00bb admin_label=\u00bbServices\u00bb _builder_version=\u00bb4.27.2&#8243; background_color=\u00bbRGBA(255,255,255,0)\u00bb custom_padding=\u00bb54px|0px|0px|0|false|false\u00bb custom_padding_tablet=\u00bb54px|0px|0px|0|false|false\u00bb custom_padding_phone=\u00bb0px|0px|0px|0|false|false\u00bb bottom_divider_height=\u00bb50px\u00bb bottom_divider_arrangement=\u00bbabove_content\u00bb global_colors_info=\u00bb{}\u00bb][et_pb_column type=\u00bb1_2&#8243; _builder_version=\u00bb4.16&#8243; custom_padding=\u00bb|||\u00bb global_colors_info=\u00bb{}\u00bb custom_padding__hover=\u00bb|||\u00bb][et_pb_image src=\u00bbhttps:\/\/www.swisslens.ch\/wp-content\/uploads\/One-step-T-3&#215;360-x1.png\u00bb title_text=\u00bbUn paso T- 3&#215;360 &#8211; x1&#8243; show_bottom_space=\u00bboff\u00bb align=\u00bbright\u00bb align_tablet=\u00bbcenter\u00bb align_phone=\u00bb\u00bb align_last_edited=\u00bbon|desktop\u00bb _builder_version=\u00bb4.27.2&#8243; parallax=\u00bbon\u00bb background_blend=\u00bbhard-light\u00bb width=\u00bb100%\u00bb max_width=\u00bb100%\u00bb module_alignment=\u00bbleft\u00bb height=\u00bb370px\u00bb max_height=\u00bb370px\u00bb custom_padding=\u00bb30px|||||\u00bb animation_style=\u00bbslide\u00bb animation_direction=\u00bbright\u00bb animation_intensity_slide=\u00bb2%\u00bb custom_css_free_form=\u00bb@media(max-width:769px){.et_pb_image_0 .et_pb_image_wrap img {||        width: auto;||        max-width: 90% !important;||    }||}\u00bb global_colors_info=\u00bb{}\u00bb][\/et_pb_image][\/et_pb_column][et_pb_column type=\u00bb1_2&#8243; specialty_columns=\u00bb2&#8243; _builder_version=\u00bb4.16&#8243; custom_padding=\u00bb|||\u00bb global_colors_info=\u00bb{}\u00bb custom_padding__hover=\u00bb|||\u00bb][et_pb_row_inner custom_padding_last_edited=\u00bbon|phone\u00bb _builder_version=\u00bb4.27.2&#8243; custom_padding=\u00bb84px|0px|15px|0px|false|false\u00bb custom_padding_tablet=\u00bb84px|0px|15px|0px|false|false\u00bb custom_padding_phone=\u00bb0px|0px|15px|0px|false|false\u00bb global_colors_info=\u00bb{}\u00bb][et_pb_column_inner saved_specialty_column_type=\u00bb1_2&#8243; _builder_version=\u00bb4.16&#8243; custom_padding=\u00bb|||\u00bb global_colors_info=\u00bb{}\u00bb custom_padding__hover=\u00bb|||\u00bb][et_pb_text _builder_version=\u00bb4.27.2&#8243; text_font=\u00bbRoboto|300|||||||\u00bb text_font_size=\u00bb16px\u00bb text_line_height=\u00bb1.8em\u00bb link_font=\u00bbMontserrat|700|||||||\u00bb link_text_color=\u00bb#fa546d\u00bb link_font_size=\u00bb22px\u00bb link_line_height=\u00bb1.5em\u00bb header_font=\u00bb||||||||\u00bb header_2_font=\u00bbSwissLens|700|||||||\u00bb header_2_font_size=\u00bb38px\u00bb header_2_line_height=\u00bb1.4em\u00bb header_3_text_color=\u00bb#404040&#8243; header_3_font_size=\u00bb30px\u00bb header_6_font=\u00bbMontserrat|600||on|||||\u00bb header_6_text_color=\u00bb#ffb342&#8243; header_6_font_size=\u00bb16px\u00bb header_6_letter_spacing=\u00bb2px\u00bb header_6_line_height=\u00bb1.5em\u00bb max_width_last_edited=\u00bboff|desktop\u00bb module_alignment=\u00bbleft\u00bb custom_margin=\u00bb|||\u00bb custom_padding=\u00bb|||\u00bb header_2_font_size_tablet=\u00bb\u00bb header_2_font_size_phone=\u00bb24px\u00bb header_2_font_size_last_edited=\u00bbon|phone\u00bb header_3_font_size_tablet=\u00bb30px\u00bb header_3_font_size_phone=\u00bb24px\u00bb header_3_font_size_last_edited=\u00bbon|phone\u00bb global_colors_info=\u00bb{}\u00bb]<\/p>\n<h2>Acuacare<\/h2>\n<h3>un paso t<\/h3>\n<h6 style=\"color: #000!important;\"><\/h6>\n<p style=\"text-align: justify;\"><span>Un r\u00e1pido sistema de per\u00f3xido de un solo paso con indicador de color para limpiar todo tipo de lentes de contacto: convencionales, desechables, de hidrogel de silicona y RGP.<\/span><\/p>\n<p>[\/et_pb_text][\/et_pb_column_inner][\/et_pb_row_inner][et_pb_row_inner column_structure=\u00bb1_2,1_2&#8243; use_custom_gutter=\u00bbon\u00bb gutter_width=\u00bb2&#8243; _builder_version=\u00bb4.25.1&#8243; custom_margin=\u00bb0px||0px||false|false\u00bb global_colors_info=\u00bb{}\u00bb][et_pb_column_inner type=\u00bb1_2&#8243; saved_specialty_column_type=\u00bb1_2&#8243; _builder_version=\u00bb4.16&#8243; custom_padding=\u00bb|||\u00bb global_colors_info=\u00bb{}\u00bb custom_padding__hover=\u00bb|||\u00bb][et_pb_text module_class=\u00bbdoc-button\u00bb _builder_version=\u00bb4.27.0&#8243; text_font=\u00bbRoboto||||||||\u00bb link_font=\u00bb||||||||\u00bb link_text_color=\u00bb#ffffff\u00bb header_4_font=\u00bbRoboto|900|||||||\u00bb header_4_font_size=\u00bb16px\u00bb background_color=\u00bb#1392B1&#8243; background_layout=\u00bbdark\u00bb custom_padding=\u00bb10px|20px|10px|20px|true|true\u00bb animation_style=\u00bbzoom\u00bb animation_delay=\u00bb300ms\u00bb animation_intensity_zoom=\u00bb20%\u00bb border_radii=\u00bbon|6px|6px|6px|6px\u00bb locked=\u00bboff\u00bb global_colors_info=\u00bb{}\u00bb]<\/p>\n<div style=\"display: flex;\">\n<div style=\"margin-right: 10px;\"><img loading=\"lazy\" decoding=\"async\" src=\"\/wp-content\/uploads\/icon-tecnical-file-pdf.svg\" width=\"48\" height=\"48\" alt=\"\" class=\"wp-image-1118673 alignnone size-full\"><\/div>\n<div>\n<h4>Ficha t\u00e9cnica<\/h4>\n<p><a href=\"\/?p=711&amp;wpdmdl=711&amp;masterkey=e4Ub2S0DWwfCDcrT-SGXUWKfWTjY07flvstgstC-Oft41zOt3Psjgd5h8thuuNBt3sCBbki7Sh-TLj2GQjZGpHwP3v8nQSDwyzXoFYuFzeUmpro#\">Descargar PDF<\/a><\/p>\n<\/div>\n<\/div>\n<p>[\/et_pb_text][\/et_pb_column_inner][et_pb_column_inner type=\u00bb1_2&#8243; saved_specialty_column_type=\u00bb1_2&#8243; _builder_version=\u00bb4.16&#8243; custom_padding=\u00bb|||\u00bb global_colors_info=\u00bb{}\u00bb custom_padding__hover=\u00bb|||\u00bb][et_pb_text disabled_on=\u00bbon|on|on\u00bb module_class=\u00bbguide-button\u00bb _builder_version=\u00bb4.27.0&#8243; text_font=\u00bbRoboto||||||||\u00bb link_font=\u00bb||||||||\u00bb link_text_color=\u00bb#666666&#8243; header_4_font=\u00bbMontserrat|700|||||||\u00bb header_4_font_size=\u00bb16px\u00bb header_4_line_height=\u00bb0.9em\u00bb background_color=\u00bb#ffffff\u00bb custom_padding=\u00bb10px|20px|10px|20px|true|true\u00bb animation_style=\u00bbzoom\u00bb animation_delay=\u00bb150ms\u00bb animation_intensity_zoom=\u00bb20%\u00bb border_radii=\u00bbon|6px|6px|6px|6px\u00bb box_shadow_style=\u00bbpreset1&#8243; box_shadow_vertical=\u00bb0px\u00bb box_shadow_blur=\u00bb40px\u00bb box_shadow_color=\u00bbrgba(0,0,0,0.1)\u00bb disabled=\u00bbon\u00bb locked=\u00bboff\u00bb global_colors_info=\u00bb{}\u00bb]<\/p>\n<div style=\"display: flex;\">\n<div style=\"margin-right: 10px;\"><img loading=\"lazy\" decoding=\"async\" src=\"\/wp-content\/uploads\/icon-fitting-guide.svg\" width=\"48\" height=\"48\" alt=\"\" class=\"wp-image-1118673 alignnone size-full\"><\/div>\n<div>\n<h4>Gu\u00eda de montaje<\/h4>\n<p><a href=\"\/?p=711&amp;wpdmdl=711&amp;masterkey=e4Ub2S0DWwfCDcrT-SGXUWKfWTjY07flvstgstC-Oft41zOt3Psjgd5h8thuuNBt3sCBbki7Sh-TLj2GQjZGpHwP3v8nQSDwyzXoFYuFzeUmpro#\">Descargar PDF<\/a><\/p>\n<\/div>\n<\/div>\n<p>[\/et_pb_text][\/et_pb_column_inner][\/et_pb_row_inner][\/et_pb_column][\/et_pb_section][et_pb_section fb_built=\u00bb1&#8243; admin_label=\u00bbProducts\u00bb _builder_version=\u00bb4.25.1&#8243; background_color=\u00bbRGBA(255,255,255,0)\u00bb custom_padding=\u00bb2.6px|0px|53.625px|0|false|false\u00bb global_colors_info=\u00bb{}\u00bb][et_pb_row _builder_version=\u00bb4.16&#8243; locked=\u00bboff\u00bb global_colors_info=\u00bb{}\u00bb][et_pb_column type=\u00bb4_4&#8243; _builder_version=\u00bb4.16&#8243; custom_padding=\u00bb|||\u00bb global_colors_info=\u00bb{}\u00bb custom_padding__hover=\u00bb|||\u00bb][et_pb_text _builder_version=\u00bb4.27.2&#8243; text_font=\u00bbMontserrat||||||||\u00bb text_font_size=\u00bb16px\u00bb text_line_height=\u00bb1.8em\u00bb link_font=\u00bbMontserrat|700|||||||\u00bb link_text_color=\u00bb#fa546d\u00bb link_font_size=\u00bb22px\u00bb link_line_height=\u00bb1.5em\u00bb header_font=\u00bb||||||||\u00bb header_2_font=\u00bb&#8211;et_global_heading_font|700|||||||\u00bb header_2_font_size=\u00bb40px\u00bb header_2_line_height=\u00bb1.4em\u00bb header_6_font=\u00bb&#8211;et_global_body_font|||on|||||\u00bb header_6_text_color=\u00bb#404040&#8243; header_6_font_size=\u00bb16px\u00bb header_6_letter_spacing=\u00bb2px\u00bb header_6_line_height=\u00bb1.5em\u00bb text_orientation=\u00bbcenter\u00bb max_width=\u00bb700px\u00bb max_width_last_edited=\u00bboff|desktop\u00bb module_alignment=\u00bbcenter\u00bb custom_margin=\u00bb|||\u00bb custom_padding=\u00bb|||\u00bb hover_enabled=\u00bb0&#8243; header_2_font_size_tablet=\u00bb\u00bb header_2_font_size_phone=\u00bb24px\u00bb header_2_font_size_last_edited=\u00bbon|phone\u00bb locked=\u00bboff\u00bb global_colors_info=\u00bb{}\u00bb sticky_enabled=\u00bb0&#8243;]<\/p>\n<h6><span class=\"ILfuVd\" lang=\"en\"><span class=\"hgKElc\" style=\"color: #404040!important;\">Acerca del producto<\/span><\/span><\/h6>\n<h2>Informaci\u00f3n<\/h2>\n<p>[\/et_pb_text][\/et_pb_column][\/et_pb_row][et_pb_row column_structure=\u00bb1_2,1_2&#8243; use_custom_gutter=\u00bbon\u00bb gutter_width=\u00bb2&#8243; make_equal=\u00bbon\u00bb _builder_version=\u00bb4.25.1&#8243; _module_preset=\u00bbdefault\u00bb custom_padding=\u00bb3px|||||\u00bb global_colors_info=\u00bb{}\u00bb][et_pb_column type=\u00bb1_2&#8243; _builder_version=\u00bb4.21.0&#8243; _module_preset=\u00bbdefault\u00bb global_colors_info=\u00bb{}\u00bb][et_pb_text _builder_version=\u00bb4.27.0&#8243; _module_preset=\u00bbdefault\u00bb text_font=\u00bb|300|||||||\u00bb text_font_size=\u00bb16px\u00bb text_line_height=\u00bb27px\u00bb background_color=\u00bb#FFFFFF\u00bb height=\u00bb100%\u00bb custom_padding=\u00bb20px|30px|20px|30px|false|false\u00bb border_radii=\u00bbon|20px|20px|20px|20px\u00bb box_shadow_style=\u00bbpreset1&#8243; box_shadow_color=\u00bbrgba(0,0,0,0.1)\u00bb global_colors_info=\u00bb{}\u00bb]<\/p>\n<h3 style=\"text-align: justify;\">Qu\u00e9 aporta<\/h3>\n<p style=\"text-align: justify;\">M\u00e1ximo nivel de desinfecci\u00f3n: 100% Desinfecci\u00f3n del 100% de la superficie de la lente. La pastilla neutralizante s\u00f3lo genera burbujas al cabo de 12 minutos, por lo que durante este tiempo las lentillas se sumergen en una soluci\u00f3n de per\u00f3xido de hidr\u00f3geno al 3% en la que no aparecen burbujas, lo que podr\u00eda impedir la desinfecci\u00f3n de determinadas zonas de la lentilla.<\/p>\n<p style=\"text-align: justify;\"><strong>El m\u00e1s r\u00e1pido:<\/strong> El proceso completo (desinfecci\u00f3n + neutralizaci\u00f3n) finaliza en una hora.<\/p>\n<p style=\"text-align: justify;\">Elimina las prote\u00ednas y humedece la lente.<\/p>\n<h3 style=\"text-align: justify;\">Prescripci\u00f3n recomendada<\/h3>\n<p style=\"text-align: justify;\">Especialmente recomendado para usuarios de lentes convencionales, RGP y Ortho-K.<\/p>\n<h3 style=\"text-align: justify;\">Otras especificaciones<\/h3>\n<p style=\"text-align: justify;\"><i>Ojos sensibles o normales<\/i><\/p>\n<p style=\"text-align: justify;\">Usuarios de lentes de hidrogel de silicona, hidrogel convencional, RGP y Ortho-K con ojos sensibles o normales. Si es necesario, utilice un<span> <\/span>soluci\u00f3n salina<span> <\/span>para enjuagarse antes de ponerse las lentillas.<\/p>\n<p style=\"text-align: justify;\"><i>Ojos grasos<\/i><\/p>\n<p style=\"text-align: justify;\">Usuarios de lentes convencionales, RGP y Ortho-K con problemas de ojo graso. El mantenimiento puede realizarse con <a href=\"..\/allclean\">AllClean<\/a> a<span> <\/span>limpiador con alcohol isoprop\u00edlico<span> <\/span>y<span> <\/span>soluci\u00f3n salina<span> <\/span>para enjuagar.<\/p>\n<p style=\"text-align: justify;\"><i>Ojo seco<\/i><\/p>\n<p style=\"text-align: justify;\">En el caso de usuarios de lentes RGP y Orto-K con s\u00edndrome de ojo seco, es aconsejable completar el proceso de limpieza con<span> <\/span>soluci\u00f3n salina<span> <\/span>y colirio hidratante.<\/p>\n<p>[\/et_pb_text][\/et_pb_column][et_pb_column type=\u00bb1_2&#8243; _builder_version=\u00bb4.21.0&#8243; _module_preset=\u00bbdefault\u00bb global_colors_info=\u00bb{}\u00bb][et_pb_text _builder_version=\u00bb4.27.0&#8243; _module_preset=\u00bbdefault\u00bb text_font=\u00bb|300|||||||\u00bb text_font_size=\u00bb16px\u00bb background_color=\u00bb#FFFFFF\u00bb custom_padding=\u00bb20px|30px|20px|30px|false|false\u00bb border_radii=\u00bbon|20px|20px|20px|20px\u00bb box_shadow_style=\u00bbpreset1&#8243; box_shadow_color=\u00bbrgba(0,0,0,0.1)\u00bb global_colors_info=\u00bb{}\u00bb]<\/p>\n<h3>Composici\u00f3n<\/h3>\n<ul>\n<li><strong><span style=\"text-decoration: underline;\">Soluci\u00f3n desinfectante:  <\/span><\/strong>\n<ul>\n<li>Per\u00f3xido de hidr\u00f3geno 3%.<\/li>\n<li>fosfato monos\u00f3dico<\/li>\n<li>edetato dis\u00f3dico en agua purificada.<\/li>\n<\/ul>\n<\/li>\n<li><strong><span style=\"text-decoration: underline;\">Pastilla neutralizante:  <\/span><\/strong>\n<ul>\n<li>Cloruro de sodio<\/li>\n<li>Polivinilpirrolidona<\/li>\n<li>fosfato dis\u00f3dico<\/li>\n<li>vitamina B2 0,075 mg<\/li>\n<li>catalasa 0,1 mg.<\/li>\n<\/ul>\n<\/li>\n<\/ul>\n<p><strong>No contiene conservantes.<\/strong><\/p>\n<p>[\/et_pb_text][et_pb_text _builder_version=\u00bb4.27.2&#8243; _module_preset=\u00bbdefault\u00bb text_font=\u00bb|300|||||||\u00bb text_font_size=\u00bb16px\u00bb text_line_height=\u00bb27px\u00bb background_color=\u00bb#FFFFFF\u00bb position_origin_a=\u00bbbottom_center\u00bb position_origin_r=\u00bbbottom_right\u00bb width=\u00bb100%\u00bb height=\u00bb450px\u00bb height_tablet=\u00bb450px\u00bb height_phone=\u00bb480px\u00bb height_last_edited=\u00bbon|phone\u00bb custom_margin=\u00bb30px||||false|false\u00bb custom_margin_tablet=\u00bb30px||||false|false\u00bb custom_margin_phone=\u00bb80px||||false|false\u00bb custom_margin_last_edited=\u00bbon|phone\u00bb custom_padding=\u00bb20px|30px|20px|30px|false|false\u00bb text_letter_spacing_tablet=\u00bb\u00bb text_letter_spacing_phone=\u00bb\u00bb text_letter_spacing_last_edited=\u00bbon|desktop\u00bb border_radii=\u00bbon|20px|20px|20px|20px\u00bb box_shadow_style=\u00bbpreset1&#8243; box_shadow_color=\u00bbrgba(0,0,0,0.1)\u00bb global_colors_info=\u00bb{}\u00bb]<\/p>\n<h3>Embalaje<\/h3>\n<p style=\"text-align: justify;\">Acuacare One Step T est\u00e1 disponible en una gama de pr\u00e1cticos formatos:<\/p>\n<ul>\n<li style=\"text-align: justify;\">60 ml (6 comprimidos)<\/li>\n<li style=\"text-align: justify;\">360 ml (36 comprimidos)<\/li>\n<li style=\"text-align: justify;\">envase econ\u00f3mico de 3 * 360ml (3 * 36 pastillas)<\/li>\n<\/ul>\n<p style=\"text-align: justify;\">Sean cuales sean sus necesidades, encontrar\u00e1 el formato que se adapte a sus preferencias para garantizar un cuidado completo y eficaz de sus lentes de contacto. Elige Acuacare All-in-One y aprov\u00e9chate de una soluci\u00f3n de cuidado vers\u00e1til y fiable para disfrutar de una experiencia de uso de lentillas \u00f3ptima.<\/p>\n<p>[\/et_pb_text][\/et_pb_column][\/et_pb_row][\/et_pb_section]<\/p>\n","protected":false},"excerpt":{"rendered":"<p>Acuacare un paso t Un r\u00e1pido sistema de per\u00f3xido de un solo paso con indicador de color para limpiar todo tipo de lentes de contacto: convencionales, desechables, de hidrogel de [&hellip;]<\/p>\n","protected":false},"author":1,"featured_media":0,"parent":0,"menu_order":311,"comment_status":"closed","ping_status":"closed","template":"","meta":{"_et_pb_use_builder":"on","_et_pb_old_content":"","_et_gb_content_width":"","_price":"","_stock":"","_tribe_ticket_header":"","_tribe_default_ticket_provider":"","_tribe_ticket_capacity":"0","_ticket_start_date":"","_ticket_end_date":"","_tribe_ticket_show_description":"","_tribe_ticket_show_not_going":false,"_tribe_ticket_use_global_stock":"","_tribe_ticket_global_stock_level":"","_global_stock_mode":"","_global_stock_cap":"","_tribe_rsvp_for_event":"","_tribe_ticket_going_count":"","_tribe_ticket_not_going_count":"","_tribe_tickets_list":"[]","_tribe_ticket_has_attendee_info_fields":false,"footnotes":""},"class_list":["post-1115796","page","type-page","status-publish","hentry"],"_links":{"self":[{"href":"https:\/\/www.swisslens.ch\/es\/wp-json\/wp\/v2\/pages\/1115796","targetHints":{"allow":["GET"]}}],"collection":[{"href":"https:\/\/www.swisslens.ch\/es\/wp-json\/wp\/v2\/pages"}],"about":[{"href":"https:\/\/www.swisslens.ch\/es\/wp-json\/wp\/v2\/types\/page"}],"author":[{"embeddable":true,"href":"https:\/\/www.swisslens.ch\/es\/wp-json\/wp\/v2\/users\/1"}],"replies":[{"embeddable":true,"href":"https:\/\/www.swisslens.ch\/es\/wp-json\/wp\/v2\/comments?post=1115796"}],"version-history":[{"count":0,"href":"https:\/\/www.swisslens.ch\/es\/wp-json\/wp\/v2\/pages\/1115796\/revisions"}],"wp:attachment":[{"href":"https:\/\/www.swisslens.ch\/es\/wp-json\/wp\/v2\/media?parent=1115796"}],"curies":[{"name":"wp","href":"https:\/\/api.w.org\/{rel}","templated":true}]}}