{"id":1099187,"date":"2022-08-25T17:46:45","date_gmt":"2022-08-25T15:46:45","guid":{"rendered":"https:\/\/www.swisslens.ch\/downloads\/"},"modified":"2025-07-22T15:04:46","modified_gmt":"2025-07-22T13:04:46","slug":"downloads","status":"publish","type":"page","link":"https:\/\/www.swisslens.ch\/de\/downloads\/","title":{"rendered":"Downloads"},"content":{"rendered":"<p>[et_pb_section fb_built=&#8220;1&#8243; specialty=&#8220;on&#8220; padding_bottom_2=&#8220;40px&#8220; admin_label=&#8220;Services&#8220; _builder_version=&#8220;4.25.1&#8243; background_color=&#8220;RGBA(255,255,255,0)&#8220; custom_padding=&#8220;54px|0px|0px|0|false|false&#8220; bottom_divider_height=&#8220;50px&#8220; bottom_divider_arrangement=&#8220;above_content&#8220; locked=&#8220;off&#8220; global_colors_info=&#8220;{}&#8220;][et_pb_column type=&#8220;1_2&#8243; _builder_version=&#8220;4.16&#8243; custom_padding=&#8220;|||&#8220; global_colors_info=&#8220;{}&#8220; custom_padding__hover=&#8220;|||&#8220;][et_pb_image src=&#8220;https:\/\/www.swisslens.ch\/wp-content\/uploads\/new-colors-AdobeStock_546262836b-simplified-1-1.png&#8220; title_text=&#8220;neue Farben &#8211; AdobeStock_546262836b &#8211; vereinfacht 1 1&#8243; show_bottom_space=&#8220;off&#8220; align_tablet=&#8220;center&#8220; align_phone=&#8220;&#8220; align_last_edited=&#8220;on|desktop&#8220; _builder_version=&#8220;4.25.1&#8243; parallax=&#8220;on&#8220; background_blend=&#8220;hard-light&#8220; width=&#8220;100%&#8220; max_width=&#8220;100%&#8220; module_alignment=&#8220;left&#8220; height=&#8220;370px&#8220; max_height=&#8220;370px&#8220; custom_margin=&#8220;-45px|||||&#8220; animation_style=&#8220;slide&#8220; animation_direction=&#8220;right&#8220; animation_intensity_slide=&#8220;2%&#8220; global_colors_info=&#8220;{}&#8220;][\/et_pb_image][\/et_pb_column][et_pb_column type=&#8220;1_2&#8243; specialty_columns=&#8220;2&#8243; _builder_version=&#8220;4.16&#8243; custom_padding=&#8220;|||&#8220; global_colors_info=&#8220;{}&#8220; custom_padding__hover=&#8220;|||&#8220;][et_pb_row_inner _builder_version=&#8220;4.21.0&#8243; custom_margin=&#8220;||13px||false|false&#8220; custom_padding=&#8220;5px|0px|25px|0px|false|false&#8220; global_colors_info=&#8220;{}&#8220;][et_pb_column_inner saved_specialty_column_type=&#8220;1_2&#8243; _builder_version=&#8220;4.16&#8243; custom_padding=&#8220;|||&#8220; global_colors_info=&#8220;{}&#8220; custom_padding__hover=&#8220;|||&#8220;][et_pb_text _builder_version=&#8220;4.25.1&#8243; text_font=&#8220;Roboto|300|||||||&#8220; text_font_size=&#8220;16px&#8220; text_line_height=&#8220;1.8em&#8220; link_font=&#8220;Montserrat|700|||||||&#8220; link_text_color=&#8220;#fa546d&#8220; link_font_size=&#8220;22px&#8220; link_line_height=&#8220;1.5em&#8220; header_font=&#8220;SwissLens||||||||&#8220; header_2_font=&#8220;Roboto|700|||||||&#8220; header_2_font_size=&#8220;40px&#8220; header_2_line_height=&#8220;1.4em&#8220; header_6_font=&#8220;Montserrat|600||on|||||&#8220; header_6_text_color=&#8220;#ffb342&#8243; header_6_font_size=&#8220;16px&#8220; header_6_letter_spacing=&#8220;2px&#8220; header_6_line_height=&#8220;1.5em&#8220; max_width_last_edited=&#8220;off|desktop&#8220; module_alignment=&#8220;left&#8220; custom_margin=&#8220;63px|||||&#8220; custom_padding=&#8220;|||&#8220; header_2_font_size_tablet=&#8220;&#8220; header_2_font_size_phone=&#8220;24px&#8220; header_2_font_size_last_edited=&#8220;on|phone&#8220; global_colors_info=&#8220;{}&#8220;]<\/p>\n<h2>Downloads<\/h2>\n<h6 style=\"color: #000!important;\"><\/h6>\n<p style=\"text-align: justify;\"><span>Auf der Download-Seite sind alle Informationen hinterlegt, die Ihnen in Anpassfragen weiterhelfen und Ihre Erfahrungen mit unseren Produkten optimieren k\u00f6nnen. Gerne k\u00f6nnen Sie sich an uns wenden, wenn Sie zus\u00e4tzliche Hilfe oder Informationen ben\u00f6tigen. Ihr Erfolg und Ihre Zufriedenheit sind unsere Priorit\u00e4t.<\/span><\/p>\n<p>[\/et_pb_text][\/et_pb_column_inner][\/et_pb_row_inner][\/et_pb_column][\/et_pb_section][et_pb_section fb_built=&#8220;1&#8243; admin_label=&#8220;Services&#8220; _builder_version=&#8220;4.25.1&#8243; background_color=&#8220;RGBA(255,255,255,0)&#8220; custom_padding=&#8220;||4px|||&#8220; global_colors_info=&#8220;{}&#8220;][et_pb_row _builder_version=&#8220;4.20.0&#8243; global_colors_info=&#8220;{}&#8220;][et_pb_column type=&#8220;4_4&#8243; _builder_version=&#8220;4.20.0&#8243; vertical_offset=&#8220;0px&#8220; custom_padding=&#8220;|||&#8220; global_colors_info=&#8220;{}&#8220; custom_padding__hover=&#8220;|||&#8220;][et_pb_text _builder_version=&#8220;4.27.2&#8243; text_font=&#8220;Montserrat||||||||&#8220; text_font_size=&#8220;16px&#8220; text_line_height=&#8220;1.8em&#8220; link_font=&#8220;Montserrat|700|||||||&#8220; link_text_color=&#8220;#fa546d&#8220; link_font_size=&#8220;22px&#8220; link_line_height=&#8220;1.5em&#8220; header_font=&#8220;Roboto||||||||&#8220; header_2_font=&#8220;Roboto|700|||||||&#8220; header_2_font_size=&#8220;40px&#8220; header_2_line_height=&#8220;1.4em&#8220; header_6_font=&#8220;&#8211;et_global_body_font|||on|||||&#8220; header_6_text_color=&#8220;#404040&#8243; header_6_font_size=&#8220;16px&#8220; header_6_letter_spacing=&#8220;2px&#8220; header_6_line_height=&#8220;1.5em&#8220; text_orientation=&#8220;center&#8220; max_width=&#8220;700px&#8220; max_width_last_edited=&#8220;off|desktop&#8220; module_alignment=&#8220;center&#8220; custom_margin=&#8220;0px|0px|0px|0px|false|false&#8220; custom_padding=&#8220;0px|0px|0px|0px|false|false&#8220; header_2_font_size_tablet=&#8220;&#8220; header_2_font_size_phone=&#8220;24px&#8220; header_2_font_size_last_edited=&#8220;on|phone&#8220; global_colors_info=&#8220;{}&#8220;]<\/p>\n<h6 style=\"color: #404040!important;\">Alles an einem Ort<\/h6>\n<h2>Download-Quellen<\/h2>\n<p>[\/et_pb_text][\/et_pb_column][\/et_pb_row][\/et_pb_section][et_pb_section fb_built=&#8220;1&#8243; _builder_version=&#8220;4.25.1&#8243; _module_preset=&#8220;default&#8220; background_color=&#8220;RGBA(255,255,255,0)&#8220; custom_padding=&#8220;7px||145px|||&#8220; global_colors_info=&#8220;{}&#8220;][et_pb_row _builder_version=&#8220;4.22.1&#8243; _module_preset=&#8220;default&#8220; global_colors_info=&#8220;{}&#8220;][et_pb_column type=&#8220;4_4&#8243; _builder_version=&#8220;4.22.1&#8243; _module_preset=&#8220;default&#8220; global_colors_info=&#8220;{}&#8220;][et_pb_code _builder_version=&#8220;4.24.2&#8243; _module_preset=&#8220;default&#8220; global_colors_info=&#8220;{}&#8220;]\n    <script>\n        jQuery(function($){\n\n            var __dt = $('#wpdmmydls-5c9d4dc284aff4b13e38d95988ae21c9').dataTable({\n                \"dom\": '<\"wpdmdt-toolbar\"lfrB>t<\"wpdmdt-toolbarb\"ip>',\n                responsive: true,\n                \"order\": [[ 0, \"asc\" ]],\n                \"language\": {\n                    \"lengthMenu\": \"Display _MENU_ downloads pro Seite\",\n                    \"zeroRecords\": \"Nothing _START_ to - Entschuldigung\",\n                    \"info\": \"Showing _START_ to _END_ of _TOTAL_ downloads\",\n                    \"infoEmpty\": \"Keine Downloads verf\u00fcgbar\",\n                    \"infoFiltered\": \"(aus _MAX_ total Downloads gefiltert)\",\n                    \"emptyTable\":     \"Keine Daten in Tabelle vorhanden\",\n                    \"infoPostFix\":    \"\",\n                    \"thousands\":      \",\",\n                    \"loadingRecords\": \"Wird geladen\u00a0\u2026\",\n                    \"processing\":     \"Wird verarbeitet\u00a0\u2026\",\n                    \"search\":         \"Suche:\",\n                    \"paginate\": {\n                        \"first\":      \"Erste\",\n                        \"last\":       \"Letzte\",\n                        \"next\":       \"Vor\",\n                        \"previous\":   \"Zur\u00fcck\"\n                    },\n                    \"aria\": {\n                        \"sortAscending\":  \" : aktivieren um Spalte aufsteigend zu sortieren\",\n                        \"sortDescending\": \": aktivieren um Spalte absteigend zu sortieren\"\n                    }\n                },\n                \"iDisplayLength\": 20,\n                \"aLengthMenu\": [[20, 10, 25, 50, -1], [20, 10, 25, 50, \"Alle\"]]\n            });\n\n                    });\n    <\/script>\n<style>\n    .wpdmdt-toolbar {\n        padding: 10px;\n    }\n    .wpdmdt-toolbarb {\n        padding: 5px 10px 10px;\n    }\n    .wpdmdt-toolbar > div {\n        display: inline-block;\n    }\n    table,td,th{\n        border: 0;\n    }\n    #wpdm-all-packages .card{\n        overflow: hidden;\n    }\n    .dataTables_wrapper .table{\n        margin: 0;\n    }\n    #wpdmmydls-5c9d4dc284aff4b13e38d95988ae21c9{\n        border-bottom: 1px solid #dddddd;\n        border-top: 1px solid #dddddd;\n        font-size: 10pt;\n        min-width: 100%;\n    }\n    #wpdmmydls-5c9d4dc284aff4b13e38d95988ae21c9 .wpdm-download-link img{\n        box-shadow: none !important;\n        max-width: 100%;\n    }\n    .w3eden .pagination{\n        margin: 0 !important;\n    }\n    #wpdmmydls-5c9d4dc284aff4b13e38d95988ae21c9 td:not(:first-child){\n        vertical-align: middle !important;\n    }\n    #wpdmmydls-5c9d4dc284aff4b13e38d95988ae21c9 td.__dt_col_download_link .btn{\n        display: block;\n        width: 100%;\n    }\n    #wpdmmydls-5c9d4dc284aff4b13e38d95988ae21c9 td.__dt_col_download_link,\n    #wpdmmydls-5c9d4dc284aff4b13e38d95988ae21c9 th#download_link{\n        max-width: 155px !important;\n        width: 155px;\n\n    }\n    #wpdmmydls-5c9d4dc284aff4b13e38d95988ae21c9 th{\n        background-color: rgba(0,0,0,0.04);\n        border-bottom: 1px solid rgba(0,0,0,0.025);\n    }\n    #wpdmmydls-5c9d4dc284aff4b13e38d95988ae21c9_length label,\n    #wpdmmydls-5c9d4dc284aff4b13e38d95988ae21c9_filter label{\n        font-weight: 400;\n    }\n    #wpdmmydls-5c9d4dc284aff4b13e38d95988ae21c9_filter input[type=search]{\n        display: inline-block;\n        width: 200px;\n    }\n    #wpdmmydls-5c9d4dc284aff4b13e38d95988ae21c9_length select{\n        display: inline-block;\n        width: 60px;\n    }\n\n    #wpdmmydls-5c9d4dc284aff4b13e38d95988ae21c9 .package-title{\n        color:#36597C;\n        font-size: 11pt;\n        font-weight: 700;\n    }\n    #wpdmmydls-5c9d4dc284aff4b13e38d95988ae21c9 .small-txt{\n        margin-right: 7px;\n    }\n    #wpdmmydls-5c9d4dc284aff4b13e38d95988ae21c9 td{\n        min-width: 150px;\n    }\n\n    #wpdmmydls-5c9d4dc284aff4b13e38d95988ae21c9 td.__dt_col_categories{\n        max-width: 300px;\n    }\n\n    #wpdmmydls-5c9d4dc284aff4b13e38d95988ae21c9 .small-txt,\n    #wpdmmydls-5c9d4dc284aff4b13e38d95988ae21c9 small{\n        font-size: 9pt;\n    }\n    .w3eden .table-striped tbody tr:nth-of-type(2n+1) {\n        background-color: rgba(0,0,0,0.015);\n    }\n    .dataTables_wrapper .dataTables_paginate .paginate_button:active,\n    .dataTables_wrapper .dataTables_paginate .paginate_button:focus,\n    .dataTables_wrapper .dataTables_paginate .paginate_button:hover,\n    .dataTables_wrapper .dataTables_paginate .paginate_button{\n        margin: 0 !important;\n        padding: 0 !important;\n        border: 0 !important;\n        background: transparent !important;\n    }\n\n\n    @media (max-width: 799px) {\n        #wpdmmydls-5c9d4dc284aff4b13e38d95988ae21c9 tr {\n            display: block;\n            border: 3px solid rgba(0,0,0,0.3) !important;\n            margin-bottom: 10px !important;\n            position: relative;\n        }\n        #wpdmmydls-5c9d4dc284aff4b13e38d95988ae21c9 thead{\n            display: none;\n        }\n        #wpdmmydls-5c9d4dc284aff4b13e38d95988ae21c9,\n        #wpdmmydls-5c9d4dc284aff4b13e38d95988ae21c9 td:first-child {\n            border: 0 !important;\n        }\n        #wpdmmydls-5c9d4dc284aff4b13e38d95988ae21c9 td {\n            display: block;\n        }\n        #wpdmmydls-5c9d4dc284aff4b13e38d95988ae21c9 td.__dt_col_download_link {\n            display: block;\n            max-width: 100% !important;\n            width: auto !important;\n\n        }\n    }\n\n\n<\/style>\n<div class=\"w3eden\">\n    <div id=\"wpdm-all-packages\">\n        <table id=\"wpdmmydls-5c9d4dc284aff4b13e38d95988ae21c9\" class=\"table table-striped wpdm-all-packages-table\">\n            <thead>\n            <tr>\n                                <th style=\"\"  id=\"title\" class=\"\">Titel<\/th>\n                                <th style=\"\"  id=\"categories\" class=\"hidden-sm hidden-xs\">Kategorien<\/th>\n                                <th style=\"\"  id=\"tags\" class=\"hidden-sm hidden-xs\">Languages<\/th>\n                                <th style=\"\"  id=\"updatedate\" class=\"hidden-sm hidden-xs\">Aktualisierungsdatum<\/th>\n                                <th style=\"width: 155px !important;max-width: 155px !important;\"  id=\"downloadlink\" class=\"hidden-sm hidden-xs\">Download<\/th>\n                \n            <\/tr>\n            <\/thead>\n            <tbody>\n                                    <\/tbody>\n        <\/table>\n\n        <div class='text-center'><ul class='pagination wpdm-pagination pagination-centered text-center'><\/ul><\/div>\n    <\/div>\n<\/div>\n[\/et_pb_code][et_pb_text _builder_version=&#8220;4.22.1&#8243; _module_preset=&#8220;default&#8220; global_colors_info=&#8220;{}&#8220;]<\/p>\n<h4><strong>Produktkataloge <\/strong><\/h4>\n<p><span>Entdecken Sie in unseren aktuellen Produktkatalogen unser umfangreiches Angebot an Kontaktlinsen und finden Sie die perfekte Passform f\u00fcr Ihre Bed\u00fcrfnisse.<\/span><\/p>\n<p>[\/et_pb_text][et_pb_text _builder_version=&#8220;4.22.1&#8243; _module_preset=&#8220;default&#8220; global_colors_info=&#8220;{}&#8220;]<\/p>\n<h4><strong>Anpassleitfaden<\/strong><\/h4>\n<p><span>F\u00fcr \u00c4rzte bieten wir detaillierte Anpassungsprotokolle und -richtlinien, um den Prozess der Verschreibung und Anpassung unserer Kontaktlinsen zu vereinfachen.<\/span><\/p>\n<p>[\/et_pb_text][et_pb_text _builder_version=&#8220;4.22.1&#8243; _module_preset=&#8220;default&#8220; global_colors_info=&#8220;{}&#8220;]<\/p>\n<h4><strong>weiterbildende Materialien<\/strong><\/h4>\n<p>Vertiefen Sie sich in unsere Schulungsunterlagen, einschlie\u00dflich Leitf\u00e4den, Handb\u00fccher und Tutorials, um sicherzustellen, dass Sie alle Informationen haben, die Sie ben\u00f6tigen, um unsere Angebote optimal zu nutzen.<\/p>\n<p>[\/et_pb_text][et_pb_text _builder_version=&#8220;4.24.2&#8243; _module_preset=&#8220;default&#8220; global_colors_info=&#8220;{}&#8220;]<\/p>\n<h4><strong>Studien<\/strong><\/h4>\n<p><span>Hier finden Sie aktuelle Forschungsarbeiten und Studien, die sich mit der Wissenschaft und Technologie unserer Produkte befassen und Einblicke in deren Wirksamkeit und Vorteile bieten.<\/span><\/p>\n<p>[\/et_pb_text][\/et_pb_column][\/et_pb_row][\/et_pb_section]<\/p>\n","protected":false},"excerpt":{"rendered":"<p>Downloads Auf der Download-Seite sind alle Informationen hinterlegt, die Ihnen in Anpassfragen weiterhelfen und Ihre Erfahrungen mit unseren Produkten optimieren k\u00f6nnen. Gerne k\u00f6nnen Sie sich an uns wenden, wenn Sie [&hellip;]<\/p>\n","protected":false},"author":1,"featured_media":0,"parent":0,"menu_order":600,"comment_status":"closed","ping_status":"closed","template":"","meta":{"_et_pb_use_builder":"on","_et_pb_old_content":"","_et_gb_content_width":"","_price":"","_stock":"","_tribe_ticket_header":"","_tribe_default_ticket_provider":"","_tribe_ticket_capacity":"0","_ticket_start_date":"","_ticket_end_date":"","_tribe_ticket_show_description":"","_tribe_ticket_show_not_going":false,"_tribe_ticket_use_global_stock":"","_tribe_ticket_global_stock_level":"","_global_stock_mode":"","_global_stock_cap":"","_tribe_rsvp_for_event":"","_tribe_ticket_going_count":"","_tribe_ticket_not_going_count":"","_tribe_tickets_list":"[]","_tribe_ticket_has_attendee_info_fields":false,"footnotes":""},"class_list":["post-1099187","page","type-page","status-publish","hentry"],"_links":{"self":[{"href":"https:\/\/www.swisslens.ch\/de\/wp-json\/wp\/v2\/pages\/1099187","targetHints":{"allow":["GET"]}}],"collection":[{"href":"https:\/\/www.swisslens.ch\/de\/wp-json\/wp\/v2\/pages"}],"about":[{"href":"https:\/\/www.swisslens.ch\/de\/wp-json\/wp\/v2\/types\/page"}],"author":[{"embeddable":true,"href":"https:\/\/www.swisslens.ch\/de\/wp-json\/wp\/v2\/users\/1"}],"replies":[{"embeddable":true,"href":"https:\/\/www.swisslens.ch\/de\/wp-json\/wp\/v2\/comments?post=1099187"}],"version-history":[{"count":1,"href":"https:\/\/www.swisslens.ch\/de\/wp-json\/wp\/v2\/pages\/1099187\/revisions"}],"predecessor-version":[{"id":1157895,"href":"https:\/\/www.swisslens.ch\/de\/wp-json\/wp\/v2\/pages\/1099187\/revisions\/1157895"}],"wp:attachment":[{"href":"https:\/\/www.swisslens.ch\/de\/wp-json\/wp\/v2\/media?parent=1099187"}],"curies":[{"name":"wp","href":"https:\/\/api.w.org\/{rel}","templated":true}]}}