{"id":1099072,"date":"2022-08-26T00:05:56","date_gmt":"2022-08-25T22:05:56","guid":{"rendered":"https:\/\/www.swisslens.ch\/diagnosestreifen\/"},"modified":"2026-04-01T15:31:54","modified_gmt":"2026-04-01T13:31:54","slug":"diagnosestreifen","status":"publish","type":"page","link":"https:\/\/www.swisslens.ch\/de\/diagnosestreifen\/","title":{"rendered":"Diagnosestreifen"},"content":{"rendered":"<p>[et_pb_section fb_built=&#8220;1&#8243; specialty=&#8220;on&#8220; custom_padding_last_edited=&#8220;on|phone&#8220; padding_bottom_2=&#8220;40px&#8220; admin_label=&#8220;Services&#8220; _builder_version=&#8220;4.27.2&#8243; background_color=&#8220;RGBA(255,255,255,0)&#8220; custom_padding=&#8220;54px|0px|0px|0|false|false&#8220; custom_padding_tablet=&#8220;54px|0px|0px|0|false|false&#8220; custom_padding_phone=&#8220;30px|0px|0px|0|false|false&#8220; bottom_divider_height=&#8220;50px&#8220; bottom_divider_arrangement=&#8220;above_content&#8220; global_colors_info=&#8220;{}&#8220;][et_pb_column type=&#8220;1_2&#8243; _builder_version=&#8220;4.16&#8243; custom_padding=&#8220;|||&#8220; global_colors_info=&#8220;{}&#8220; custom_padding__hover=&#8220;|||&#8220;][et_pb_image src=&#8220;https:\/\/www.swisslens.ch\/wp-content\/uploads\/Group-138.png&#8220; title_text=&#8220;Gruppe 138&#8243; show_bottom_space=&#8220;off&#8220; align_tablet=&#8220;center&#8220; align_phone=&#8220;&#8220; align_last_edited=&#8220;on|desktop&#8220; _builder_version=&#8220;4.27.2&#8243; parallax=&#8220;on&#8220; background_blend=&#8220;hard-light&#8220; width=&#8220;100%&#8220; max_width=&#8220;100%&#8220; module_alignment=&#8220;left&#8220; custom_margin=&#8220;7.4%||||false|false&#8220; custom_margin_tablet=&#8220;7.4%||||false|false&#8220; custom_margin_phone=&#8220;0%||||false|false&#8220; custom_margin_last_edited=&#8220;on|phone&#8220; custom_padding=&#8220;|||30%|false|false&#8220; custom_padding_tablet=&#8220;|||30%|false|false&#8220; custom_padding_phone=&#8220;|||0%|false|false&#8220; custom_padding_last_edited=&#8220;on|phone&#8220; animation_style=&#8220;slide&#8220; animation_direction=&#8220;right&#8220; animation_intensity_slide=&#8220;2%&#8220; custom_css_free_form=&#8220;@media(max-width:769px){.et_pb_image_0 .et_pb_image_wrap img {||        width: auto;||        max-width: 90% !important;||    }||}&#8220; global_colors_info=&#8220;{}&#8220;][\/et_pb_image][\/et_pb_column][et_pb_column type=&#8220;1_2&#8243; specialty_columns=&#8220;2&#8243; _builder_version=&#8220;4.16&#8243; custom_padding=&#8220;|||&#8220; global_colors_info=&#8220;{}&#8220; custom_padding__hover=&#8220;|||&#8220;][et_pb_row_inner custom_padding_last_edited=&#8220;on|phone&#8220; _builder_version=&#8220;4.27.2&#8243; custom_padding=&#8220;24px|0px|15px|0px|false|false&#8220; custom_padding_tablet=&#8220;24px|0px|15px|0px|false|false&#8220; custom_padding_phone=&#8220;0px|0px|15px|0px|false|false&#8220; global_colors_info=&#8220;{}&#8220;][et_pb_column_inner saved_specialty_column_type=&#8220;1_2&#8243; _builder_version=&#8220;4.16&#8243; custom_padding=&#8220;|||&#8220; global_colors_info=&#8220;{}&#8220; custom_padding__hover=&#8220;|||&#8220;][et_pb_text _builder_version=&#8220;4.25.1&#8243; text_font=&#8220;Roboto|300|||||||&#8220; text_font_size=&#8220;16px&#8220; text_line_height=&#8220;1.8em&#8220; link_font=&#8220;Montserrat|700|||||||&#8220; link_text_color=&#8220;#fa546d&#8220; link_font_size=&#8220;22px&#8220; link_line_height=&#8220;1.5em&#8220; header_font=&#8220;||||||||&#8220; header_2_font=&#8220;Roboto|700|||||||&#8220; header_2_font_size=&#8220;40px&#8220; header_2_line_height=&#8220;1.4em&#8220; header_6_font=&#8220;Montserrat|600||on|||||&#8220; header_6_text_color=&#8220;#ffb342&#8243; header_6_font_size=&#8220;16px&#8220; header_6_letter_spacing=&#8220;2px&#8220; header_6_line_height=&#8220;1.5em&#8220; max_width_last_edited=&#8220;off|desktop&#8220; module_alignment=&#8220;left&#8220; custom_margin=&#8220;26px|||||&#8220; custom_padding=&#8220;|||&#8220; header_2_font_size_tablet=&#8220;&#8220; header_2_font_size_phone=&#8220;24px&#8220; header_2_font_size_last_edited=&#8220;on|phone&#8220; global_colors_info=&#8220;{}&#8220;]<\/p>\n<h2>Farbstreifen<\/h2>\n<h6 style=\"color: #000!important;\"><\/h6>\n<p style=\"text-align: justify;\"><span>Mit den CE-Farbstreifen haben Anpasser pr\u00e4zise und zuverl\u00e4ssige M\u00f6glichkeiten, um Kontaktlinsenanpassungen, Tr\u00e4nenfilmqualit\u00e4ten, die Gesundheit der Hornhaut und die Tr\u00e4nenproduktion genaustens zu beurteilen. Vertrauen Sie auf die hervorragende Qualit\u00e4t unserer Farbstreifen zur Bewertung der Augengesundheit.<\/span><\/p>\n<p>[\/et_pb_text][\/et_pb_column_inner][\/et_pb_row_inner][et_pb_row_inner column_structure=&#8220;1_2,1_2&#8243; use_custom_gutter=&#8220;on&#8220; gutter_width=&#8220;2&#8243; _builder_version=&#8220;4.25.1&#8243; custom_margin=&#8220;0px||0px||false|false&#8220; global_colors_info=&#8220;{}&#8220;][et_pb_column_inner type=&#8220;1_2&#8243; saved_specialty_column_type=&#8220;1_2&#8243; _builder_version=&#8220;4.16&#8243; custom_padding=&#8220;|||&#8220; global_colors_info=&#8220;{}&#8220; custom_padding__hover=&#8220;|||&#8220;][et_pb_text module_class=&#8220;doc-button&#8220; _builder_version=&#8220;4.27.4&#8243; text_font=&#8220;Roboto||||||||&#8220; link_font=&#8220;||||||||&#8220; link_text_color=&#8220;#ffffff&#8220; header_4_font=&#8220;Roboto|900|||||||&#8220; header_4_font_size=&#8220;16px&#8220; background_color=&#8220;#1392B1&#8243; background_layout=&#8220;dark&#8220; custom_padding=&#8220;10px|20px|10px|20px|true|true&#8220; animation_style=&#8220;zoom&#8220; animation_delay=&#8220;300ms&#8220; animation_intensity_zoom=&#8220;20%&#8220; border_radii=&#8220;on|6px|6px|6px|6px&#8220; locked=&#8220;off&#8220; global_colors_info=&#8220;{}&#8220;]<\/p>\n<div style=\"display: flex;\">\n<div style=\"margin-right: 10px;\"><img loading=\"lazy\" decoding=\"async\" src=\"\/wp-content\/uploads\/icon-tecnical-file-pdf.svg\" width=\"48\" height=\"48\" alt=\"\" class=\"wp-image-1118673 alignnone size-full\" \/><\/div>\n<div>\n<h4>Fitting guide<\/h4>\n<p>Download pdf<\/p>\n<\/div>\n<\/div>\n<p>[\/et_pb_text][\/et_pb_column_inner][et_pb_column_inner type=&#8220;1_2&#8243; saved_specialty_column_type=&#8220;1_2&#8243; _builder_version=&#8220;4.16&#8243; custom_padding=&#8220;|||&#8220; global_colors_info=&#8220;{}&#8220; custom_padding__hover=&#8220;|||&#8220;][et_pb_text disabled_on=&#8220;on|on|on&#8220; module_class=&#8220;guide-button&#8220; _builder_version=&#8220;4.27.0&#8243; text_font=&#8220;Roboto||||||||&#8220; link_font=&#8220;||||||||&#8220; link_text_color=&#8220;#666666&#8243; header_4_font=&#8220;Montserrat|700|||||||&#8220; header_4_font_size=&#8220;16px&#8220; header_4_line_height=&#8220;0.9em&#8220; background_color=&#8220;#ffffff&#8220; custom_padding=&#8220;10px|20px|10px|20px|true|true&#8220; animation_style=&#8220;zoom&#8220; animation_delay=&#8220;150ms&#8220; animation_intensity_zoom=&#8220;20%&#8220; border_radii=&#8220;on|6px|6px|6px|6px&#8220; box_shadow_style=&#8220;preset1&#8243; box_shadow_vertical=&#8220;0px&#8220; box_shadow_blur=&#8220;40px&#8220; box_shadow_color=&#8220;rgba(0,0,0,0.1)&#8220; disabled=&#8220;on&#8220; locked=&#8220;off&#8220; global_colors_info=&#8220;{}&#8220;]<\/p>\n<div style=\"display: flex;\">\n<div style=\"margin-right: 10px;\"><img loading=\"lazy\" decoding=\"async\" src=\"\/wp-content\/uploads\/icon-fitting-guide.svg\" width=\"48\" height=\"48\" alt=\"\" class=\"wp-image-1118673 alignnone size-full\"><\/div>\n<div>\n<h4>Anpass-Leitfaden<\/h4>\n<p><a href=\"\/?p=711&amp;wpdmdl=711&amp;masterkey=e4Ub2S0DWwfCDcrT-SGXUWKfWTjY07flvstgstC-Oft41zOt3Psjgd5h8thuuNBt3sCBbki7Sh-TLj2GQjZGpHwP3v8nQSDwyzXoFYuFzeUmpro#\">PDF herunterladen<\/a><\/p>\n<\/div>\n<\/div>\n<p>[\/et_pb_text][\/et_pb_column_inner][\/et_pb_row_inner][\/et_pb_column][\/et_pb_section][et_pb_section fb_built=&#8220;1&#8243; admin_label=&#8220;Products&#8220; _builder_version=&#8220;4.25.1&#8243; background_color=&#8220;RGBA(255,255,255,0)&#8220; custom_padding=&#8220;1.6px|0px|53.625px|0|false|false&#8220; global_colors_info=&#8220;{}&#8220;][et_pb_row _builder_version=&#8220;4.16&#8243; locked=&#8220;off&#8220; global_colors_info=&#8220;{}&#8220;][et_pb_column type=&#8220;4_4&#8243; _builder_version=&#8220;4.16&#8243; custom_padding=&#8220;|||&#8220; global_colors_info=&#8220;{}&#8220; custom_padding__hover=&#8220;|||&#8220;][et_pb_text _builder_version=&#8220;4.27.2&#8243; text_font=&#8220;Montserrat||||||||&#8220; text_font_size=&#8220;16px&#8220; text_line_height=&#8220;1.8em&#8220; link_font=&#8220;Montserrat|700|||||||&#8220; link_text_color=&#8220;#fa546d&#8220; link_font_size=&#8220;22px&#8220; link_line_height=&#8220;1.5em&#8220; header_font=&#8220;||||||||&#8220; header_2_font=&#8220;Roboto|700|||||||&#8220; header_2_font_size=&#8220;40px&#8220; header_2_line_height=&#8220;1.4em&#8220; header_6_font=&#8220;Roboto|||on|||||&#8220; header_6_text_color=&#8220;#ffb342&#8243; header_6_font_size=&#8220;16px&#8220; header_6_letter_spacing=&#8220;2px&#8220; header_6_line_height=&#8220;1.5em&#8220; text_orientation=&#8220;center&#8220; max_width=&#8220;700px&#8220; max_width_last_edited=&#8220;off|desktop&#8220; module_alignment=&#8220;center&#8220; custom_margin=&#8220;|||&#8220; custom_padding=&#8220;|||&#8220; header_2_font_size_tablet=&#8220;&#8220; header_2_font_size_phone=&#8220;24px&#8220; header_2_font_size_last_edited=&#8220;on|phone&#8220; locked=&#8220;off&#8220; global_colors_info=&#8220;{}&#8220;]<\/p>\n<h6><span class=\"ILfuVd\" lang=\"en\"><span class=\"hgKElc\" style=\"color: #404040!important;\">\u00dcber Produkte<\/span><\/span><\/h6>\n<h2>Informationen<\/h2>\n<p>[\/et_pb_text][\/et_pb_column][\/et_pb_row][et_pb_row column_structure=&#8220;1_3,1_3,1_3&#8243; _builder_version=&#8220;4.21.0&#8243; _module_preset=&#8220;default&#8220; custom_padding=&#8220;5px|||||&#8220; global_colors_info=&#8220;{}&#8220;][et_pb_column type=&#8220;1_3&#8243; _builder_version=&#8220;4.21.0&#8243; _module_preset=&#8220;default&#8220; global_colors_info=&#8220;{}&#8220;][et_pb_blurb title=&#8220;Fluoreszein&#8220; image=&#8220;https:\/\/www.swisslens.ch\/wp-content\/uploads\/swisslens-fluorescein-strips.jpeg&#8220; module_class=&#8220;productBlock&#8220; _builder_version=&#8220;4.27.2&#8243; _module_preset=&#8220;default&#8220; body_font=&#8220;|300|||||||&#8220; border_radii_image=&#8220;on|20px|20px|20px|20px&#8220; box_shadow_style_image=&#8220;preset1&#8243; box_shadow_vertical_image=&#8220;0px&#8220; box_shadow_blur_image=&#8220;40px&#8220; box_shadow_color_image=&#8220;rgba(10,10,10,0.1)&#8220; global_colors_info=&#8220;{}&#8220;]<\/p>\n<p style=\"text-align: left;\"><span>Unsere Fluoreszein-Streifen wurden speziell entwickelt zur Beurteilung formstabiler Kontaktlinsen, der Integrit\u00e4t des Tr\u00e4nenfilms und zur Erkennung von Unregelm\u00e4\u00dfigkeiten der Hornhaut. Diese Streifen werden zusammen mit kobaltblauen Licht verwendet, um die Aufl\u00f6sung des Tr\u00e4nenfilms sichtbar zu machen und Anomalien auf der Hornhautoberfl\u00e4che zu erkennen. Zus\u00e4tzlich empfehlen wir die Verwendung eines Gelbfilters, um den Kontrast zu erh\u00f6hen.<\/span><\/p>\n<p>[\/et_pb_blurb][\/et_pb_column][et_pb_column type=&#8220;1_3&#8243; _builder_version=&#8220;4.21.0&#8243; _module_preset=&#8220;default&#8220; global_colors_info=&#8220;{}&#8220;][et_pb_blurb title=&#8220;Hochmolekulare Fluoreszein-Streifen&#8220; image=&#8220;https:\/\/www.swisslens.ch\/wp-content\/uploads\/swisslens-high-molecular-fluorescein-strips.jpeg&#8220; _builder_version=&#8220;4.27.2&#8243; _module_preset=&#8220;default&#8220; body_font=&#8220;|300|||||||&#8220; border_radii_image=&#8220;on|20px|20px|20px|20px&#8220; box_shadow_style_image=&#8220;preset1&#8243; box_shadow_vertical_image=&#8220;0px&#8220; box_shadow_blur_image=&#8220;40px&#8220; box_shadow_color_image=&#8220;rgba(10,10,10,0.1)&#8220; global_colors_info=&#8220;{}&#8220;]<\/p>\n<p style=\"text-align: left;\"><span>Durch die Verwendung von hochmolekularen Fluoreszein-Streifen k\u00f6nnen Anpasser pr\u00e4zise und detaillierte Informationen \u00fcber die Interaktion zwischen weicher Kontaktlinse und Hornhaut gewinnen und so eine optimale Anpassung und einen hohen Tragekomfort f\u00fcr Endverwender gew\u00e4hrleisten.\u00a0<\/span><\/p>\n<p>[\/et_pb_blurb][\/et_pb_column][et_pb_column type=&#8220;1_3&#8243; _builder_version=&#8220;4.21.0&#8243; _module_preset=&#8220;default&#8220; global_colors_info=&#8220;{}&#8220;][et_pb_blurb title=&#8220;Schirmer Test&#8220; image=&#8220;https:\/\/www.swisslens.ch\/wp-content\/uploads\/swisslens-schirmer-strips.jpeg&#8220; _builder_version=&#8220;4.27.2&#8243; _module_preset=&#8220;default&#8220; body_font=&#8220;|300|||||||&#8220; border_radii_image=&#8220;on|20px|20px|20px|20px&#8220; box_shadow_style_image=&#8220;preset1&#8243; box_shadow_vertical_image=&#8220;0px&#8220; box_shadow_blur_image=&#8220;40px&#8220; box_shadow_color_image=&#8220;rgba(10,10,10,0.1)&#8220; global_colors_info=&#8220;{}&#8220;]<\/p>\n<p style=\"text-align: left;\"><span>Der Schirmer Test ist ein wertvolles Hilfsmittel zur Messung der Tr\u00e4nenproduktion und zur Beurteilung der Tr\u00e4nenmenge im Auge. Weiterhin kann dieser zur Diagnose von Erkrankungen wie dem Syndrom trockenes Auge eingesetzt werden und liefern wichtige Informationen \u00fcber die Tr\u00e4nensekretion und die Gesundheit der Augenoberfl\u00e4che.<\/span><\/p>\n<p>[\/et_pb_blurb][\/et_pb_column][\/et_pb_row][\/et_pb_section]<\/p>\n","protected":false},"excerpt":{"rendered":"<p>Farbstreifen Mit den CE-Farbstreifen haben Anpasser pr\u00e4zise und zuverl\u00e4ssige M\u00f6glichkeiten, um Kontaktlinsenanpassungen, Tr\u00e4nenfilmqualit\u00e4ten, die Gesundheit der Hornhaut und die Tr\u00e4nenproduktion genaustens zu beurteilen. Vertrauen Sie auf die hervorragende Qualit\u00e4t unserer [&hellip;]<\/p>\n","protected":false},"author":1,"featured_media":0,"parent":0,"menu_order":303,"comment_status":"closed","ping_status":"closed","template":"","meta":{"_et_pb_use_builder":"on","_et_pb_old_content":"","_et_gb_content_width":"","_price":"","_stock":"","_tribe_ticket_header":"","_tribe_default_ticket_provider":"","_tribe_ticket_capacity":"0","_ticket_start_date":"","_ticket_end_date":"","_tribe_ticket_show_description":"","_tribe_ticket_show_not_going":false,"_tribe_ticket_use_global_stock":"","_tribe_ticket_global_stock_level":"","_global_stock_mode":"","_global_stock_cap":"","_tribe_rsvp_for_event":"","_tribe_ticket_going_count":"","_tribe_ticket_not_going_count":"","_tribe_tickets_list":"[]","_tribe_ticket_has_attendee_info_fields":false,"footnotes":""},"class_list":["post-1099072","page","type-page","status-publish","hentry"],"_links":{"self":[{"href":"https:\/\/www.swisslens.ch\/de\/wp-json\/wp\/v2\/pages\/1099072","targetHints":{"allow":["GET"]}}],"collection":[{"href":"https:\/\/www.swisslens.ch\/de\/wp-json\/wp\/v2\/pages"}],"about":[{"href":"https:\/\/www.swisslens.ch\/de\/wp-json\/wp\/v2\/types\/page"}],"author":[{"embeddable":true,"href":"https:\/\/www.swisslens.ch\/de\/wp-json\/wp\/v2\/users\/1"}],"replies":[{"embeddable":true,"href":"https:\/\/www.swisslens.ch\/de\/wp-json\/wp\/v2\/comments?post=1099072"}],"version-history":[{"count":7,"href":"https:\/\/www.swisslens.ch\/de\/wp-json\/wp\/v2\/pages\/1099072\/revisions"}],"predecessor-version":[{"id":1169666,"href":"https:\/\/www.swisslens.ch\/de\/wp-json\/wp\/v2\/pages\/1099072\/revisions\/1169666"}],"wp:attachment":[{"href":"https:\/\/www.swisslens.ch\/de\/wp-json\/wp\/v2\/media?parent=1099072"}],"curies":[{"name":"wp","href":"https:\/\/api.w.org\/{rel}","templated":true}]}}