{"id":1099071,"date":"2022-08-26T00:09:10","date_gmt":"2022-08-25T22:09:10","guid":{"rendered":"https:\/\/www.swisslens.ch\/fresh-unifresh\/"},"modified":"2025-09-26T11:34:26","modified_gmt":"2025-09-26T09:34:26","slug":"fresh-unifresh","status":"publish","type":"page","link":"https:\/\/www.swisslens.ch\/de\/fresh-unifresh\/","title":{"rendered":"Fresh &amp; UniFresh"},"content":{"rendered":"<p>[et_pb_section fb_built=&#8220;1&#8243; specialty=&#8220;on&#8220; custom_padding_last_edited=&#8220;on|phone&#8220; padding_bottom_2=&#8220;40px&#8220; admin_label=&#8220;Services&#8220; _builder_version=&#8220;4.27.2&#8243; background_color=&#8220;RGBA(255,255,255,0)&#8220; custom_padding=&#8220;54px|0px|0px|0|false|false&#8220; custom_padding_tablet=&#8220;54px|0px|0px|0|false|false&#8220; custom_padding_phone=&#8220;0px|0px|0px|0|false|false&#8220; bottom_divider_height=&#8220;50px&#8220; bottom_divider_arrangement=&#8220;above_content&#8220; global_colors_info=&#8220;{}&#8220;][et_pb_column type=&#8220;1_2&#8243; _builder_version=&#8220;4.16&#8243; custom_padding=&#8220;|||&#8220; global_colors_info=&#8220;{}&#8220; custom_padding__hover=&#8220;|||&#8220;][et_pb_image src=&#8220;http:\/\/www.swisslens.ch\/wp-content\/uploads\/442be265fbe810c05ec48994410003ed-min.png&#8220; title_text=&#8220;442be265fbe810c05ec48994410003ed-min&#8220; show_bottom_space=&#8220;off&#8220; align=&#8220;right&#8220; align_tablet=&#8220;center&#8220; align_phone=&#8220;&#8220; align_last_edited=&#8220;on|desktop&#8220; _builder_version=&#8220;4.27.2&#8243; parallax=&#8220;on&#8220; background_blend=&#8220;hard-light&#8220; width=&#8220;600px&#8220; width_tablet=&#8220;600px&#8220; width_phone=&#8220;600px&#8220; width_last_edited=&#8220;on|desktop&#8220; max_width=&#8220;600px&#8220; max_width_tablet=&#8220;600px&#8220; max_width_phone=&#8220;600px&#8220; max_width_last_edited=&#8220;on|desktop&#8220; module_alignment=&#8220;left&#8220; height_tablet=&#8220;&#8220; height_phone=&#8220;&#8220; height_last_edited=&#8220;on|desktop&#8220; max_height_tablet=&#8220;&#8220; max_height_phone=&#8220;&#8220; max_height_last_edited=&#8220;on|desktop&#8220; custom_margin=&#8220;-30px||||false|false&#8220; custom_margin_tablet=&#8220;-30px||||false|false&#8220; custom_margin_phone=&#8220;0px||||false|false&#8220; custom_margin_last_edited=&#8220;on|phone&#8220; animation_style=&#8220;slide&#8220; animation_direction=&#8220;right&#8220; animation_intensity_slide=&#8220;2%&#8220; custom_css_free_form=&#8220;@media(max-width:769px){.et_pb_image_0 .et_pb_image_wrap img {||        width: auto;||        max-width: 100% !important;||    }||}&#8220; global_colors_info=&#8220;{}&#8220;][\/et_pb_image][\/et_pb_column][et_pb_column type=&#8220;1_2&#8243; specialty_columns=&#8220;2&#8243; _builder_version=&#8220;4.16&#8243; custom_padding=&#8220;|||&#8220; global_colors_info=&#8220;{}&#8220; custom_padding__hover=&#8220;|||&#8220;][et_pb_row_inner custom_padding_last_edited=&#8220;on|phone&#8220; _builder_version=&#8220;4.27.2&#8243; custom_padding=&#8220;63px|0px|15px|0px|false|false&#8220; custom_padding_tablet=&#8220;63px|0px|15px|0px|false|false&#8220; custom_padding_phone=&#8220;0px|0px|15px|0px|false|false&#8220; global_colors_info=&#8220;{}&#8220;][et_pb_column_inner saved_specialty_column_type=&#8220;1_2&#8243; _builder_version=&#8220;4.16&#8243; custom_padding=&#8220;|||&#8220; global_colors_info=&#8220;{}&#8220; custom_padding__hover=&#8220;|||&#8220;][et_pb_text _builder_version=&#8220;4.27.2&#8243; text_font=&#8220;Roboto|300|||||||&#8220; text_font_size=&#8220;16px&#8220; text_line_height=&#8220;1.8em&#8220; link_font=&#8220;Montserrat|700|||||||&#8220; link_text_color=&#8220;#fa546d&#8220; link_font_size=&#8220;22px&#8220; link_line_height=&#8220;1.5em&#8220; header_font=&#8220;||||||||&#8220; header_2_font=&#8220;SwissLens|700|||||||&#8220; header_2_font_size=&#8220;40px&#8220; header_2_line_height=&#8220;1.4em&#8220; header_3_text_color=&#8220;#404040&#8243; header_3_font_size=&#8220;30px&#8220; header_6_font=&#8220;Montserrat|600||on|||||&#8220; header_6_text_color=&#8220;#ffb342&#8243; header_6_font_size=&#8220;16px&#8220; header_6_letter_spacing=&#8220;2px&#8220; header_6_line_height=&#8220;1.5em&#8220; max_width_last_edited=&#8220;off|desktop&#8220; module_alignment=&#8220;left&#8220; custom_margin=&#8220;|||&#8220; custom_padding=&#8220;|||&#8220; header_2_font_size_tablet=&#8220;&#8220; header_2_font_size_phone=&#8220;24px&#8220; header_2_font_size_last_edited=&#8220;on|phone&#8220; header_3_font_size_tablet=&#8220;30px&#8220; header_3_font_size_phone=&#8220;24px&#8220; header_3_font_size_last_edited=&#8220;on|phone&#8220; global_colors_info=&#8220;{}&#8220;]<\/p>\n<h2>Acuacare<\/h2>\n<h3>fresh &amp; unifresh<\/h3>\n<h6 style=\"color: #000!important;\"><\/h6>\n<p style=\"text-align: justify;\">\n<p>Acuacare fresh Tr\u00e4nenersatzl\u00f6sung wird bei Diskomfort und m\u00e4\u00dfig trockenen Augen empfohlen. Das hochwertige 0,15 % Hyaluronat sorgt f\u00fcr eine optimale Befeuchtung der Augen und verbessert den Tragekomfort Ihrer Kontaktlinsen. Acuacare fresh ist mit allen<br \/>Kontaktlinsen kompatibel und eignet sich besonders f\u00fcr Sklerallinsen und Orthokeratologie.<br \/>Keine Konservierungsmittel notwendig dank revolution\u00e4rer OSD-Kappe auf der Dosierflasche!<\/p>\n<p style=\"text-align: justify;\"><span>\u00a0<\/span><\/p>\n<p>Acuacare unifresh ist eine konservierungsmittelfreie Tr\u00e4nenersatz-fl\u00fcssigkeit, die die Wirkung zweier Benetzungsmittel (Hyalurons\u00e4ure und HEC) f\u00fcr langanhaltenden Komfort kombiniert. Dadurch ist sie besonders geeignet bei trockenen Augen. Acuacare unifresh als Einzeldosis ist mit allen Arten von Kontaktlinsen kompatibel.<\/p>\n<p style=\"text-align: justify;\"><span>\u00a0<\/span><\/p>\n<p>[\/et_pb_text][\/et_pb_column_inner][\/et_pb_row_inner][et_pb_row_inner column_structure=&#8220;1_2,1_2&#8243; use_custom_gutter=&#8220;on&#8220; gutter_width=&#8220;2&#8243; _builder_version=&#8220;4.25.1&#8243; custom_margin=&#8220;0px||0px||false|false&#8220; global_colors_info=&#8220;{}&#8220;][et_pb_column_inner type=&#8220;1_2&#8243; saved_specialty_column_type=&#8220;1_2&#8243; _builder_version=&#8220;4.16&#8243; custom_padding=&#8220;|||&#8220; global_colors_info=&#8220;{}&#8220; custom_padding__hover=&#8220;|||&#8220;][et_pb_text module_class=&#8220;doc-button&#8220; _builder_version=&#8220;4.27.0&#8243; text_font=&#8220;Roboto||||||||&#8220; link_font=&#8220;||||||||&#8220; link_text_color=&#8220;#ffffff&#8220; header_4_font=&#8220;Roboto|900|||||||&#8220; header_4_font_size=&#8220;16px&#8220; background_color=&#8220;#1392B1&#8243; background_layout=&#8220;dark&#8220; custom_padding=&#8220;10px|20px|10px|20px|true|true&#8220; animation_style=&#8220;zoom&#8220; animation_delay=&#8220;300ms&#8220; animation_intensity_zoom=&#8220;20%&#8220; border_radii=&#8220;on|6px|6px|6px|6px&#8220; locked=&#8220;off&#8220; global_colors_info=&#8220;{}&#8220;]<\/p>\n<div style=\"display: flex;\">\n<div style=\"margin-right: 10px;\"><img loading=\"lazy\" decoding=\"async\" src=\"\/wp-content\/uploads\/icon-tecnical-file-pdf.svg\" width=\"48\" height=\"48\" alt=\"\" class=\"wp-image-1118673 alignnone size-full\"><\/div>\n<div>\n<h4>Technische Daten<\/h4>\n<p><a href=\"\/?p=711&amp;wpdmdl=711&amp;masterkey=e4Ub2S0DWwfCDcrT-SGXUWKfWTjY07flvstgstC-Oft41zOt3Psjgd5h8thuuNBt3sCBbki7Sh-TLj2GQjZGpHwP3v8nQSDwyzXoFYuFzeUmpro#\">PDF herunterladen<\/a><\/p>\n<\/div>\n<\/div>\n<p>[\/et_pb_text][\/et_pb_column_inner][et_pb_column_inner type=&#8220;1_2&#8243; saved_specialty_column_type=&#8220;1_2&#8243; _builder_version=&#8220;4.16&#8243; custom_padding=&#8220;|||&#8220; global_colors_info=&#8220;{}&#8220; custom_padding__hover=&#8220;|||&#8220;][et_pb_text disabled_on=&#8220;on|on|on&#8220; module_class=&#8220;guide-button&#8220; _builder_version=&#8220;4.27.0&#8243; text_font=&#8220;Roboto||||||||&#8220; link_font=&#8220;||||||||&#8220; link_text_color=&#8220;#666666&#8243; header_4_font=&#8220;Montserrat|700|||||||&#8220; header_4_font_size=&#8220;16px&#8220; header_4_line_height=&#8220;0.9em&#8220; background_color=&#8220;#ffffff&#8220; custom_padding=&#8220;10px|20px|10px|20px|true|true&#8220; animation_style=&#8220;zoom&#8220; animation_delay=&#8220;150ms&#8220; animation_intensity_zoom=&#8220;20%&#8220; border_radii=&#8220;on|6px|6px|6px|6px&#8220; box_shadow_style=&#8220;preset1&#8243; box_shadow_vertical=&#8220;0px&#8220; box_shadow_blur=&#8220;40px&#8220; box_shadow_color=&#8220;rgba(0,0,0,0.1)&#8220; disabled=&#8220;on&#8220; locked=&#8220;off&#8220; global_colors_info=&#8220;{}&#8220;]<\/p>\n<div style=\"display: flex;\">\n<div style=\"margin-right: 10px;\"><img loading=\"lazy\" decoding=\"async\" src=\"\/wp-content\/uploads\/icon-fitting-guide.svg\" width=\"48\" height=\"48\" alt=\"\" class=\"wp-image-1118673 alignnone size-full\"><\/div>\n<div>\n<h4>Anpass-Leitfaden<\/h4>\n<p><a href=\"\/?p=711&amp;wpdmdl=711&amp;masterkey=e4Ub2S0DWwfCDcrT-SGXUWKfWTjY07flvstgstC-Oft41zOt3Psjgd5h8thuuNBt3sCBbki7Sh-TLj2GQjZGpHwP3v8nQSDwyzXoFYuFzeUmpro#\">PDF herunterladen<\/a><\/p>\n<\/div>\n<\/div>\n<p>[\/et_pb_text][\/et_pb_column_inner][\/et_pb_row_inner][\/et_pb_column][\/et_pb_section][et_pb_section fb_built=&#8220;1&#8243; admin_label=&#8220;Products&#8220; _builder_version=&#8220;4.25.1&#8243; background_color=&#8220;RGBA(255,255,255,0)&#8220; custom_padding=&#8220;3.6px|0px|53.625px|0|false|false&#8220; global_colors_info=&#8220;{}&#8220;][et_pb_row _builder_version=&#8220;4.16&#8243; locked=&#8220;off&#8220; global_colors_info=&#8220;{}&#8220;][et_pb_column type=&#8220;4_4&#8243; _builder_version=&#8220;4.16&#8243; custom_padding=&#8220;|||&#8220; global_colors_info=&#8220;{}&#8220; custom_padding__hover=&#8220;|||&#8220;][et_pb_text _builder_version=&#8220;4.27.2&#8243; text_font=&#8220;Montserrat||||||||&#8220; text_font_size=&#8220;16px&#8220; text_line_height=&#8220;1.8em&#8220; link_font=&#8220;Montserrat|700|||||||&#8220; link_text_color=&#8220;#fa546d&#8220; link_font_size=&#8220;22px&#8220; link_line_height=&#8220;1.5em&#8220; header_font=&#8220;||||||||&#8220; header_2_font=&#8220;&#8211;et_global_body_font|700|||||||&#8220; header_2_font_size=&#8220;40px&#8220; header_2_line_height=&#8220;1.4em&#8220; header_6_font=&#8220;&#8211;et_global_body_font|||on|||||&#8220; header_6_text_color=&#8220;#404040&#8243; header_6_font_size=&#8220;16px&#8220; header_6_letter_spacing=&#8220;2px&#8220; header_6_line_height=&#8220;1.5em&#8220; text_orientation=&#8220;center&#8220; max_width=&#8220;700px&#8220; max_width_last_edited=&#8220;off|desktop&#8220; module_alignment=&#8220;center&#8220; custom_margin=&#8220;|||&#8220; custom_padding=&#8220;|||&#8220; header_2_font_size_tablet=&#8220;&#8220; header_2_font_size_phone=&#8220;24px&#8220; header_2_font_size_last_edited=&#8220;on|phone&#8220; locked=&#8220;off&#8220; global_colors_info=&#8220;{}&#8220;]<\/p>\n<h6><span class=\"ILfuVd\" lang=\"en\"><span class=\"hgKElc\" style=\"color: #404040!important;\">\u00dcber das Produkt<\/span><\/span><\/h6>\n<h2>Informationen<\/h2>\n<p>[\/et_pb_text][\/et_pb_column][\/et_pb_row][et_pb_row column_structure=&#8220;1_2,1_2&#8243; use_custom_gutter=&#8220;on&#8220; gutter_width=&#8220;2&#8243; make_equal=&#8220;on&#8220; _builder_version=&#8220;4.25.1&#8243; _module_preset=&#8220;default&#8220; custom_padding=&#8220;4px|||||&#8220; global_colors_info=&#8220;{}&#8220;][et_pb_column type=&#8220;1_2&#8243; _builder_version=&#8220;4.21.0&#8243; _module_preset=&#8220;default&#8220; global_colors_info=&#8220;{}&#8220;][et_pb_text _builder_version=&#8220;4.27.2&#8243; _module_preset=&#8220;default&#8220; text_font=&#8220;|300|||||||&#8220; text_font_size=&#8220;16px&#8220; background_color=&#8220;#FFFFFF&#8220; height=&#8220;100%&#8220; custom_padding=&#8220;20px|30px|20px|30px|false|false&#8220; border_radii=&#8220;on|20px|20px|20px|20px&#8220; box_shadow_style=&#8220;preset1&#8243; box_shadow_color=&#8220;rgba(0,0,0,0.1)&#8220; global_colors_info=&#8220;{}&#8220;]<\/p>\n<h3>Wirkung<\/h3>\n<p>Bietet eine sofortige Augenerfrischung.<\/p>\n<p>&nbsp;<\/p>\n<h3>Empfohlene Nutzungshinweise<\/h3>\n<p>Geeignet f\u00fcr <a href=\"..\/nightflex\">NightFlex<\/a> oder andere orthokeratologische Kontaktlinsen, zum Aufsetzen der Kontaktlinse vor dem Schlafengehen.<\/p>\n<p>&nbsp;<\/p>\n<h3>Angenehm bei<\/h3>\n<ul>\n<li>leichter Augentrockenheit, die durch ung\u00fcnstige Bedingungen (Klimaanlagen, Heizung usw.) verursacht wird.<\/li>\n<li>Computer Vision Syndrom. Geringe Blinzelfrequenz, die eine Verschlechterung der Tr\u00e4nenfilmqualit\u00e4t beg\u00fcnstigt und spezielle Schmiermittel.<\/li>\n<li>Problemen aufgrund einer Erkrankung des trockenen Auges.<\/li>\n<\/ul>\n<p>[\/et_pb_text][\/et_pb_column][et_pb_column type=&#8220;1_2&#8243; _builder_version=&#8220;4.21.0&#8243; _module_preset=&#8220;default&#8220; global_colors_info=&#8220;{}&#8220;][et_pb_text _builder_version=&#8220;4.27.2&#8243; _module_preset=&#8220;default&#8220; text_font=&#8220;|300|||||||&#8220; text_font_size=&#8220;16px&#8220; background_color=&#8220;#FFFFFF&#8220; custom_padding=&#8220;20px|30px|20px|30px|false|false&#8220; border_radii=&#8220;on|20px|20px|20px|20px&#8220; box_shadow_style=&#8220;preset1&#8243; box_shadow_color=&#8220;rgba(0,0,0,0.1)&#8220; global_colors_info=&#8220;{}&#8220;]<\/p>\n<h3>Zusammensetzung<\/h3>\n<p><strong>UniFresh:<\/strong><\/p>\n<ul>\n<li style=\"list-style-type: none;\">\n<ul>\n<li><span>Hyalurons\u00e4ure<\/span><\/li>\n<li><span>Hydroxyethylcellulose<\/span><\/li>\n<li><span>Natriumtetraborat<\/span><\/li>\n<li><span>Bors\u00e4ure<\/span><\/li>\n<\/ul>\n<\/li>\n<\/ul>\n<p><strong>Fresh:<\/strong><\/p>\n<ul>\n<li style=\"list-style-type: none;\">\n<ul>\n<li><span>Natriumhyaluronat 0,15%<\/span><\/li>\n<li><span>Natriumchlorid<\/span><\/li>\n<li><span>Dinatriumphosphat<\/span><\/li>\n<li><span>Mononatriumphosphat<\/span><\/li>\n<li><span>Edetat-Dinatrium<\/span><\/li>\n<li><span>Gereinigtes Wasser<\/span><\/li>\n<\/ul>\n<\/li>\n<\/ul>\n<p><span>Die verwendete Hyalurons\u00e4ure entspricht den Normen des Arzneibuchs. Es wird durch ein biotechnologisches Verfahren gewonnen, das eine hohe Reinheit und eine sehr geringe Polydispersion gew\u00e4hrleistet.<\/span><\/p>\n<p>[\/et_pb_text][et_pb_text _builder_version=&#8220;4.27.2&#8243; _module_preset=&#8220;default&#8220; text_font=&#8220;|300|||||||&#8220; text_font_size=&#8220;16px&#8220; background_color=&#8220;#FFFFFF&#8220; position_origin_a=&#8220;bottom_center&#8220; position_origin_r=&#8220;bottom_right&#8220; width=&#8220;100%&#8220; custom_margin=&#8220;30px||||false|false&#8220; custom_margin_tablet=&#8220;30px||||false|false&#8220; custom_margin_phone=&#8220;80px||||false|false&#8220; custom_margin_last_edited=&#8220;on|phone&#8220; custom_padding=&#8220;20px|30px|20px|30px|false|false&#8220; border_radii=&#8220;on|20px|20px|20px|20px&#8220; box_shadow_style=&#8220;preset1&#8243; box_shadow_color=&#8220;rgba(0,0,0,0.1)&#8220; global_colors_info=&#8220;{}&#8220;]<\/p>\n<h3>Verpackung<\/h3>\n<p style=\"text-align: justify;\"><strong>Acuacare UniFresh enth\u00e4lt :<\/strong><\/p>\n<ul>\n<li style=\"list-style-type: none;\">\n<ul>\n<li style=\"text-align: justify;\">20 Dosen (0,35 ml)<\/li>\n<\/ul>\n<\/li>\n<\/ul>\n<p><strong>Acuacare Fresh enth\u00e4lt :<\/strong><\/p>\n<ul>\n<li style=\"list-style-type: none;\">\n<ul>\n<li>10ml<\/li>\n<\/ul>\n<\/li>\n<\/ul>\n<p>[\/et_pb_text][\/et_pb_column][\/et_pb_row][\/et_pb_section]<\/p>\n","protected":false},"excerpt":{"rendered":"<p>Acuacare fresh &amp; unifresh Acuacare fresh Tr\u00e4nenersatzl\u00f6sung wird bei Diskomfort und m\u00e4\u00dfig trockenen Augen empfohlen. Das hochwertige 0,15 % Hyaluronat sorgt f\u00fcr eine optimale Befeuchtung der Augen und verbessert den [&hellip;]<\/p>\n","protected":false},"author":1,"featured_media":0,"parent":0,"menu_order":315,"comment_status":"closed","ping_status":"closed","template":"","meta":{"_et_pb_use_builder":"on","_et_pb_old_content":"","_et_gb_content_width":"","_price":"","_stock":"","_tribe_ticket_header":"","_tribe_default_ticket_provider":"","_tribe_ticket_capacity":"0","_ticket_start_date":"","_ticket_end_date":"","_tribe_ticket_show_description":"","_tribe_ticket_show_not_going":false,"_tribe_ticket_use_global_stock":"","_tribe_ticket_global_stock_level":"","_global_stock_mode":"","_global_stock_cap":"","_tribe_rsvp_for_event":"","_tribe_ticket_going_count":"","_tribe_ticket_not_going_count":"","_tribe_tickets_list":"[]","_tribe_ticket_has_attendee_info_fields":false,"footnotes":""},"class_list":["post-1099071","page","type-page","status-publish","hentry"],"_links":{"self":[{"href":"https:\/\/www.swisslens.ch\/de\/wp-json\/wp\/v2\/pages\/1099071","targetHints":{"allow":["GET"]}}],"collection":[{"href":"https:\/\/www.swisslens.ch\/de\/wp-json\/wp\/v2\/pages"}],"about":[{"href":"https:\/\/www.swisslens.ch\/de\/wp-json\/wp\/v2\/types\/page"}],"author":[{"embeddable":true,"href":"https:\/\/www.swisslens.ch\/de\/wp-json\/wp\/v2\/users\/1"}],"replies":[{"embeddable":true,"href":"https:\/\/www.swisslens.ch\/de\/wp-json\/wp\/v2\/comments?post=1099071"}],"version-history":[{"count":6,"href":"https:\/\/www.swisslens.ch\/de\/wp-json\/wp\/v2\/pages\/1099071\/revisions"}],"predecessor-version":[{"id":1163744,"href":"https:\/\/www.swisslens.ch\/de\/wp-json\/wp\/v2\/pages\/1099071\/revisions\/1163744"}],"wp:attachment":[{"href":"https:\/\/www.swisslens.ch\/de\/wp-json\/wp\/v2\/media?parent=1099071"}],"curies":[{"name":"wp","href":"https:\/\/api.w.org\/{rel}","templated":true}]}}