{"id":1099044,"date":"2022-08-26T00:06:31","date_gmt":"2022-08-25T22:06:31","guid":{"rendered":"https:\/\/www.swisslens.ch\/all-in-one\/"},"modified":"2026-01-29T00:22:47","modified_gmt":"2026-01-28T23:22:47","slug":"all-in-one","status":"publish","type":"page","link":"https:\/\/www.swisslens.ch\/de\/all-in-one\/","title":{"rendered":"All in One"},"content":{"rendered":"<p>[et_pb_section fb_built=&#8220;1&#8243; specialty=&#8220;on&#8220; custom_padding_last_edited=&#8220;on|phone&#8220; padding_bottom_2=&#8220;40px&#8220; admin_label=&#8220;Services&#8220; _builder_version=&#8220;4.27.2&#8243; background_color=&#8220;RGBA(255,255,255,0)&#8220; custom_padding=&#8220;54px|0px|0px|0|false|false&#8220; custom_padding_tablet=&#8220;54px|0px|0px|0|false|false&#8220; custom_padding_phone=&#8220;0px|0px|0px|0|false|false&#8220; bottom_divider_height=&#8220;50px&#8220; bottom_divider_arrangement=&#8220;above_content&#8220; global_colors_info=&#8220;{}&#8220;][et_pb_column type=&#8220;1_2&#8243; _builder_version=&#8220;4.16&#8243; custom_padding=&#8220;|||&#8220; global_colors_info=&#8220;{}&#8220; custom_padding__hover=&#8220;|||&#8220;][et_pb_image src=&#8220;http:\/\/www.swisslens.ch\/wp-content\/uploads\/All-in-one-60-x1.png&#8220; title_text=&#8220;Alles in Einem &#8211; 60 &#8211; x1&#8243; show_bottom_space=&#8220;off&#8220; align=&#8220;right&#8220; align_tablet=&#8220;center&#8220; align_phone=&#8220;&#8220; align_last_edited=&#8220;on|desktop&#8220; _builder_version=&#8220;4.27.2&#8243; parallax=&#8220;on&#8220; background_blend=&#8220;hard-light&#8220; width=&#8220;100%&#8220; max_width=&#8220;100%&#8220; module_alignment=&#8220;left&#8220; height=&#8220;370px&#8220; max_height=&#8220;370px&#8220; custom_padding=&#8220;16px|||||&#8220; animation_style=&#8220;slide&#8220; animation_direction=&#8220;right&#8220; animation_intensity_slide=&#8220;2%&#8220; global_colors_info=&#8220;{}&#8220;][\/et_pb_image][\/et_pb_column][et_pb_column type=&#8220;1_2&#8243; specialty_columns=&#8220;2&#8243; _builder_version=&#8220;4.16&#8243; custom_padding=&#8220;|||&#8220; global_colors_info=&#8220;{}&#8220; custom_padding__hover=&#8220;|||&#8220;][et_pb_row_inner custom_padding_last_edited=&#8220;on|phone&#8220; _builder_version=&#8220;4.27.2&#8243; custom_padding=&#8220;55px|0px|15px|0px|false|false&#8220; custom_padding_tablet=&#8220;55px|0px|15px|0px|false|false&#8220; custom_padding_phone=&#8220;0px|0px|15px|0px|false|false&#8220; global_colors_info=&#8220;{}&#8220;][et_pb_column_inner saved_specialty_column_type=&#8220;1_2&#8243; _builder_version=&#8220;4.16&#8243; custom_padding=&#8220;|||&#8220; global_colors_info=&#8220;{}&#8220; custom_padding__hover=&#8220;|||&#8220;][et_pb_text _builder_version=&#8220;4.27.2&#8243; text_font=&#8220;Roboto|300|||||||&#8220; text_font_size=&#8220;16px&#8220; text_line_height=&#8220;1.8em&#8220; link_font=&#8220;Montserrat|700|||||||&#8220; link_text_color=&#8220;#fa546d&#8220; link_font_size=&#8220;22px&#8220; link_line_height=&#8220;1.5em&#8220; header_font=&#8220;||||||||&#8220; header_2_font=&#8220;SwissLens|700|||||||&#8220; header_2_font_size=&#8220;40px&#8220; header_2_line_height=&#8220;1.4em&#8220; header_3_font=&#8220;||||||||&#8220; header_3_text_color=&#8220;#404040&#8243; header_3_font_size=&#8220;30px&#8220; header_6_font=&#8220;Montserrat|600||on|||||&#8220; header_6_text_color=&#8220;#ffb342&#8243; header_6_font_size=&#8220;16px&#8220; header_6_letter_spacing=&#8220;2px&#8220; header_6_line_height=&#8220;1.5em&#8220; max_width_last_edited=&#8220;off|desktop&#8220; module_alignment=&#8220;left&#8220; custom_margin=&#8220;|||&#8220; custom_padding=&#8220;|||&#8220; header_2_font_size_tablet=&#8220;&#8220; header_2_font_size_phone=&#8220;24px&#8220; header_2_font_size_last_edited=&#8220;on|phone&#8220; header_3_font_size_tablet=&#8220;30px&#8220; header_3_font_size_phone=&#8220;24px&#8220; header_3_font_size_last_edited=&#8220;on|phone&#8220; global_colors_info=&#8220;{}&#8220;]<\/p>\n<h2>Acuacare<\/h2>\n<h3>all in one<\/h3>\n<h6 style=\"color: #000!important;\"><\/h6>\n<p style=\"text-align: justify;\"><span>Ein Kombi-Pflegemittel neuster Generation mit Hyalurons\u00e4ure f\u00fcr die Pflege aller weichen Kontaktlinsen, einschlie\u00dflich Silikon-Hydrogel-Linsen. Es enth\u00e4lt einen Proteinentferner und bis zu 70 % mehr feuchtigkeitsspendende Hyalurons\u00e4ure als andere Pflegemittel. Im Lieferumfang ist ein antimikrobieller Flachbeh\u00e4lter f\u00fcr die Kontaktlinsen enthalten.<\/span><\/p>\n<p style=\"text-align: justify;\">\n<p>[\/et_pb_text][\/et_pb_column_inner][\/et_pb_row_inner][et_pb_row_inner column_structure=&#8220;1_2,1_2&#8243; use_custom_gutter=&#8220;on&#8220; gutter_width=&#8220;2&#8243; _builder_version=&#8220;4.25.1&#8243; custom_margin=&#8220;0px||-1px||false|false&#8220; global_colors_info=&#8220;{}&#8220;][et_pb_column_inner type=&#8220;1_2&#8243; saved_specialty_column_type=&#8220;1_2&#8243; _builder_version=&#8220;4.16&#8243; custom_padding=&#8220;|||&#8220; global_colors_info=&#8220;{}&#8220; custom_padding__hover=&#8220;|||&#8220;][et_pb_text module_class=&#8220;doc-button&#8220; _builder_version=&#8220;4.27.4&#8243; text_font=&#8220;Roboto||||||||&#8220; link_font=&#8220;||||||||&#8220; link_text_color=&#8220;#ffffff&#8220; header_4_font=&#8220;Roboto|900|||||||&#8220; header_4_font_size=&#8220;16px&#8220; background_color=&#8220;#1392B1&#8243; background_layout=&#8220;dark&#8220; custom_padding=&#8220;10px|20px|10px|20px|true|true&#8220; animation_style=&#8220;zoom&#8220; animation_delay=&#8220;300ms&#8220; animation_intensity_zoom=&#8220;20%&#8220; hover_enabled=&#8220;0&#8243; border_radii=&#8220;on|6px|6px|6px|6px&#8220; locked=&#8220;off&#8220; global_colors_info=&#8220;{}&#8220; sticky_enabled=&#8220;0&#8243;]<\/p>\n<div style=\"display: flex;\">\n<div style=\"margin-right: 10px;\"><img loading=\"lazy\" decoding=\"async\" src=\"\/wp-content\/uploads\/icon-tecnical-file-pdf.svg\" width=\"48\" height=\"48\" alt=\"\" class=\"wp-image-1118673 alignnone size-full\" \/><\/div>\n<div>\n<h4>Fitting guide<\/h4>\n<p>Download pdf<\/p>\n<\/div>\n<\/div>\n<p>[\/et_pb_text][\/et_pb_column_inner][et_pb_column_inner type=&#8220;1_2&#8243; saved_specialty_column_type=&#8220;1_2&#8243; _builder_version=&#8220;4.16&#8243; custom_padding=&#8220;|||&#8220; global_colors_info=&#8220;{}&#8220; custom_padding__hover=&#8220;|||&#8220;][et_pb_text disabled_on=&#8220;on|on|on&#8220; module_class=&#8220;guide-button&#8220; _builder_version=&#8220;4.27.0&#8243; text_font=&#8220;Roboto||||||||&#8220; link_font=&#8220;||||||||&#8220; link_text_color=&#8220;#666666&#8243; header_4_font=&#8220;Montserrat|700|||||||&#8220; header_4_font_size=&#8220;16px&#8220; header_4_line_height=&#8220;0.9em&#8220; background_color=&#8220;#ffffff&#8220; custom_padding=&#8220;10px|20px|10px|20px|true|true&#8220; animation_style=&#8220;zoom&#8220; animation_delay=&#8220;150ms&#8220; animation_intensity_zoom=&#8220;20%&#8220; border_radii=&#8220;on|6px|6px|6px|6px&#8220; box_shadow_style=&#8220;preset1&#8243; box_shadow_vertical=&#8220;0px&#8220; box_shadow_blur=&#8220;40px&#8220; box_shadow_color=&#8220;rgba(0,0,0,0.1)&#8220; disabled=&#8220;on&#8220; locked=&#8220;off&#8220; global_colors_info=&#8220;{}&#8220;]<\/p>\n<div style=\"display: flex;\">\n<div style=\"margin-right: 10px;\"><img loading=\"lazy\" decoding=\"async\" src=\"\/wp-content\/uploads\/icon-fitting-guide.svg\" width=\"48\" height=\"48\" alt=\"\" class=\"wp-image-1118673 alignnone size-full\"><\/div>\n<div>\n<h4>Anpass-Leitfaden<\/h4>\n<p><a href=\"\/?p=711&amp;wpdmdl=711&amp;masterkey=e4Ub2S0DWwfCDcrT-SGXUWKfWTjY07flvstgstC-Oft41zOt3Psjgd5h8thuuNBt3sCBbki7Sh-TLj2GQjZGpHwP3v8nQSDwyzXoFYuFzeUmpro#\">PDF herunterladen<\/a><\/p>\n<\/div>\n<\/div>\n<p>[\/et_pb_text][\/et_pb_column_inner][\/et_pb_row_inner][\/et_pb_column][\/et_pb_section][et_pb_section fb_built=&#8220;1&#8243; admin_label=&#8220;Products&#8220; _builder_version=&#8220;4.25.1&#8243; background_color=&#8220;RGBA(255,255,255,0)&#8220; custom_padding=&#8220;1.6px|0px|53.625px|0|false|false&#8220; global_colors_info=&#8220;{}&#8220;][et_pb_row _builder_version=&#8220;4.16&#8243; locked=&#8220;off&#8220; global_colors_info=&#8220;{}&#8220;][et_pb_column type=&#8220;4_4&#8243; _builder_version=&#8220;4.16&#8243; custom_padding=&#8220;|||&#8220; global_colors_info=&#8220;{}&#8220; custom_padding__hover=&#8220;|||&#8220;][et_pb_text _builder_version=&#8220;4.27.2&#8243; text_font=&#8220;Montserrat||||||||&#8220; text_font_size=&#8220;16px&#8220; text_line_height=&#8220;1.8em&#8220; link_font=&#8220;Montserrat|700|||||||&#8220; link_text_color=&#8220;#fa546d&#8220; link_font_size=&#8220;22px&#8220; link_line_height=&#8220;1.5em&#8220; header_font=&#8220;||||||||&#8220; header_2_font=&#8220;&#8211;et_global_body_font|700|||||||&#8220; header_2_font_size=&#8220;40px&#8220; header_2_line_height=&#8220;1.4em&#8220; header_6_font=&#8220;&#8211;et_global_body_font|||on|||||&#8220; header_6_text_color=&#8220;#404040&#8243; header_6_font_size=&#8220;16px&#8220; header_6_letter_spacing=&#8220;2px&#8220; header_6_line_height=&#8220;1.5em&#8220; text_orientation=&#8220;center&#8220; max_width=&#8220;700px&#8220; max_width_last_edited=&#8220;off|desktop&#8220; module_alignment=&#8220;center&#8220; custom_margin=&#8220;|||&#8220; custom_padding=&#8220;|||&#8220; header_2_font_size_tablet=&#8220;&#8220; header_2_font_size_phone=&#8220;24px&#8220; header_2_font_size_last_edited=&#8220;on|phone&#8220; locked=&#8220;off&#8220; global_colors_info=&#8220;{}&#8220;]<\/p>\n<h6><span class=\"ILfuVd\" lang=\"en\"><span class=\"hgKElc\" style=\"color: #404040!important;\">\u00dcber das Produkt<\/span><\/span><\/h6>\n<h2>Informationen<\/h2>\n<p>[\/et_pb_text][\/et_pb_column][\/et_pb_row][et_pb_row column_structure=&#8220;1_2,1_2&#8243; use_custom_gutter=&#8220;on&#8220; gutter_width=&#8220;2&#8243; make_equal=&#8220;on&#8220; _builder_version=&#8220;4.25.1&#8243; _module_preset=&#8220;default&#8220; custom_padding=&#8220;3px|||||&#8220; global_colors_info=&#8220;{}&#8220;][et_pb_column type=&#8220;1_2&#8243; _builder_version=&#8220;4.21.0&#8243; _module_preset=&#8220;default&#8220; global_colors_info=&#8220;{}&#8220;][et_pb_text _builder_version=&#8220;4.27.0&#8243; _module_preset=&#8220;default&#8220; text_font=&#8220;|300|||||||&#8220; text_font_size=&#8220;16px&#8220; text_line_height=&#8220;27px&#8220; background_color=&#8220;#FFFFFF&#8220; height=&#8220;100%&#8220; custom_padding=&#8220;20px|30px|20px|30px|false|false&#8220; border_radii=&#8220;on|20px|20px|20px|20px&#8220; box_shadow_style=&#8220;preset1&#8243; box_shadow_color=&#8220;rgba(0,0,0,0.1)&#8220; global_colors_info=&#8220;{}&#8220;]<\/p>\n<h3>Wirkung<\/h3>\n<p><span>Ganzt\u00e4giger Tragekomfort und maximale Feuchtigkeitszufuhr dank der Hyalurons\u00e4ure. Es hydratisiert die Kontaktlinse und sch\u00fctzt sie vor Lipiden.<\/span><\/p>\n<h3>Empfohlene Nutzungshinweise<\/h3>\n<p style=\"text-align: justify;\">Speziell entwickelt f\u00fcr Kontaktlinsentr\u00e4ger, die Ihre Kontaktlinsen \u00fcber den ganzen Tag komfortabel tragen wollen.<\/p>\n<h3 style=\"text-align: justify;\"><\/h3>\n<h3 style=\"text-align: justify;\">Angenehm bei<\/h3>\n<p style=\"text-align: justify;\"><i>Trockene Augen<\/i><\/p>\n<p style=\"text-align: justify;\">F\u00fcr Tr\u00e4ger von Hydrogel- und Silikon-Hydrogel-Kontaktlinsen, die das Symptom Augentrockenheit kennen. Zus\u00e4tzlich ist es sinnvoll\u00a0 feuchtigkeitsspendende Augentropfen zu verwenden.<\/p>\n<p style=\"text-align: justify;\"><i>Lipidhaltiger Tr\u00e4nenfilm<\/i><\/p>\n<p style=\"text-align: justify;\">F\u00fcr Kontaktlinsentr\u00e4ger von Hydrogel- und Silikon-Hydrogel-Kontaktlinsen mit Lipidablagerungen. Zus\u00e4tzlich wird zum manuellen Reinigen ein Reiniger mit Isopropylalkohol (AllClean) empfohlen.<\/p>\n<p style=\"text-align: justify;\"><i>Empfindliche Augen<\/i><\/p>\n<p style=\"text-align: justify;\">F\u00fcr Tr\u00e4ger von Hydrogel-Kontaktlinsen mit dem Anspruch ganzt\u00e4gig hohen Tragekomfort zu haben trotz empfindlicher Augen. Gern kann zus\u00e4tzlich noch Kochsalzl\u00f6sung<span> zum Absp\u00fclen genutzt werden.<\/span><\/p>\n<p><span><\/span><\/p>\n<p>[\/et_pb_text][\/et_pb_column][et_pb_column type=&#8220;1_2&#8243; _builder_version=&#8220;4.21.0&#8243; _module_preset=&#8220;default&#8220; global_colors_info=&#8220;{}&#8220;][et_pb_text _builder_version=&#8220;4.27.0&#8243; _module_preset=&#8220;default&#8220; text_font=&#8220;|300|||||||&#8220; text_font_size=&#8220;16px&#8220; background_color=&#8220;#FFFFFF&#8220; custom_padding=&#8220;20px|30px|20px|30px|false|false&#8220; border_radii=&#8220;on|20px|20px|20px|20px&#8220; box_shadow_style=&#8220;preset1&#8243; box_shadow_color=&#8220;rgba(0,0,0,0.1)&#8220; global_colors_info=&#8220;{}&#8220;]<\/p>\n<h3>Zusammensetzung<\/h3>\n<ul>\n<li><span>Hyalurons\u00e4ure<\/span><\/li>\n<li><span>  Natriumcitrat<\/span><\/li>\n<li><span>Natriumchlorid<\/span><\/li>\n<li><span>Poloxamer<\/span><\/li>\n<li><span>EDTA<\/span><\/li>\n<li><span>PHMB (0,0001%)<\/span><\/li>\n<\/ul>\n<p>[\/et_pb_text][et_pb_text _builder_version=&#8220;4.27.2&#8243; _module_preset=&#8220;default&#8220; text_font=&#8220;|300|||||||&#8220; text_font_size=&#8220;16px&#8220; text_line_height=&#8220;27px&#8220; background_color=&#8220;#FFFFFF&#8220; position_origin_a=&#8220;bottom_center&#8220; position_origin_r=&#8220;bottom_right&#8220; width=&#8220;100%&#8220; height=&#8220;435px&#8220; height_tablet=&#8220;435px&#8220; height_phone=&#8220;460px&#8220; height_last_edited=&#8220;on|phone&#8220; max_height=&#8220;100%&#8220; custom_margin=&#8220;30px||||false|false&#8220; custom_margin_tablet=&#8220;30px||||false|false&#8220; custom_margin_phone=&#8220;80px||||false|false&#8220; custom_margin_last_edited=&#8220;on|phone&#8220; custom_padding=&#8220;20px|30px|20px|30px|false|false&#8220; border_radii=&#8220;on|20px|20px|20px|20px&#8220; box_shadow_style=&#8220;preset1&#8243; box_shadow_color=&#8220;rgba(0,0,0,0.1)&#8220; global_colors_info=&#8220;{}&#8220;]<\/p>\n<h3>Verpackung<\/h3>\n<p style=\"text-align: justify;\">Acuacare all in one ist in in verschiedenen Verpackungseinheiten erh\u00e4ltlich:<\/p>\n<ul>\n<li style=\"text-align: justify;\">60ml<\/li>\n<li style=\"text-align: justify;\">360ml<\/li>\n<li style=\"text-align: justify;\">Sparpackung mit 3 * 360ml.<\/li>\n<\/ul>\n<p style=\"text-align: justify;\">W\u00e4hlen Sie die f\u00fcr Sie passende Verpackungsgr\u00f6\u00dfe und genie\u00dfen Sie die vollst\u00e4ndige und effektive Pflege Ihrer Kontaktlinsen. Entscheiden Sie sich f\u00fcr Acuacare all in one und nutzen Sie die Vorteile eines Kombipflegemittels f\u00fcr das optimales Trageerlebnis.<\/p>\n<p>[\/et_pb_text][et_pb_text _builder_version=&#8220;4.27.2&#8243; _module_preset=&#8220;default&#8220; text_font=&#8220;|300|||||||&#8220; text_font_size=&#8220;16px&#8220; text_line_height=&#8220;27px&#8220; background_color=&#8220;#FFFFFF&#8220; position_origin_a=&#8220;bottom_center&#8220; position_origin_r=&#8220;bottom_right&#8220; width=&#8220;100%&#8220; height=&#8220;435px&#8220; height_tablet=&#8220;435px&#8220; height_phone=&#8220;460px&#8220; height_last_edited=&#8220;on|phone&#8220; max_height=&#8220;100%&#8220; custom_margin=&#8220;30px||||false|false&#8220; custom_margin_tablet=&#8220;30px||||false|false&#8220; custom_margin_phone=&#8220;80px||||false|false&#8220; custom_margin_last_edited=&#8220;on|phone&#8220; custom_padding=&#8220;20px|30px|20px|30px|false|false&#8220; border_radii=&#8220;on|20px|20px|20px|20px&#8220; box_shadow_style=&#8220;preset1&#8243; box_shadow_color=&#8220;rgba(0,0,0,0.1)&#8220; global_colors_info=&#8220;{}&#8220;][\/et_pb_text][\/et_pb_column][\/et_pb_row][\/et_pb_section]<\/p>\n","protected":false},"excerpt":{"rendered":"<p>Acuacare all in one Ein Kombi-Pflegemittel neuster Generation mit Hyalurons\u00e4ure f\u00fcr die Pflege aller weichen Kontaktlinsen, einschlie\u00dflich Silikon-Hydrogel-Linsen. Es enth\u00e4lt einen Proteinentferner und bis zu 70 % mehr feuchtigkeitsspendende Hyalurons\u00e4ure [&hellip;]<\/p>\n","protected":false},"author":1,"featured_media":0,"parent":0,"menu_order":310,"comment_status":"closed","ping_status":"closed","template":"","meta":{"_et_pb_use_builder":"on","_et_pb_old_content":"","_et_gb_content_width":"","_price":"","_stock":"","_tribe_ticket_header":"","_tribe_default_ticket_provider":"","_tribe_ticket_capacity":"0","_ticket_start_date":"","_ticket_end_date":"","_tribe_ticket_show_description":"","_tribe_ticket_show_not_going":false,"_tribe_ticket_use_global_stock":"","_tribe_ticket_global_stock_level":"","_global_stock_mode":"","_global_stock_cap":"","_tribe_rsvp_for_event":"","_tribe_ticket_going_count":"","_tribe_ticket_not_going_count":"","_tribe_tickets_list":"[]","_tribe_ticket_has_attendee_info_fields":false,"footnotes":""},"class_list":["post-1099044","page","type-page","status-publish","hentry"],"_links":{"self":[{"href":"https:\/\/www.swisslens.ch\/de\/wp-json\/wp\/v2\/pages\/1099044","targetHints":{"allow":["GET"]}}],"collection":[{"href":"https:\/\/www.swisslens.ch\/de\/wp-json\/wp\/v2\/pages"}],"about":[{"href":"https:\/\/www.swisslens.ch\/de\/wp-json\/wp\/v2\/types\/page"}],"author":[{"embeddable":true,"href":"https:\/\/www.swisslens.ch\/de\/wp-json\/wp\/v2\/users\/1"}],"replies":[{"embeddable":true,"href":"https:\/\/www.swisslens.ch\/de\/wp-json\/wp\/v2\/comments?post=1099044"}],"version-history":[{"count":15,"href":"https:\/\/www.swisslens.ch\/de\/wp-json\/wp\/v2\/pages\/1099044\/revisions"}],"predecessor-version":[{"id":1166937,"href":"https:\/\/www.swisslens.ch\/de\/wp-json\/wp\/v2\/pages\/1099044\/revisions\/1166937"}],"wp:attachment":[{"href":"https:\/\/www.swisslens.ch\/de\/wp-json\/wp\/v2\/media?parent=1099044"}],"curies":[{"name":"wp","href":"https:\/\/api.w.org\/{rel}","templated":true}]}}