{"id":1115453,"date":"2022-08-25T17:58:04","date_gmt":"2022-08-25T15:58:04","guid":{"rendered":"https:\/\/www.swisslens.ch\/mekke-materialy\/"},"modified":"2026-01-28T17:18:41","modified_gmt":"2026-01-28T16:18:41","slug":"mekke-materialy","status":"publish","type":"page","link":"https:\/\/www.swisslens.ch\/cz\/mekke-materialy\/","title":{"rendered":"M\u011bkk\u00e9 materi\u00e1ly"},"content":{"rendered":"<p>[et_pb_section fb_built=&#8220;1&#8243; specialty=&#8220;on&#8220; custom_padding_last_edited=&#8220;on|desktop&#8220; padding_bottom_2=&#8220;40px&#8220; admin_label=&#8220;Services&#8220; _builder_version=&#8220;4.27.2&#8243; background_color=&#8220;RGBA(255,255,255,0)&#8220; custom_padding=&#8220;4px|10px|71px|10px|false|false&#8220; custom_padding_tablet=&#8220;4px|10px|0px|10px|false|false&#8220; custom_padding_phone=&#8220;|15px||15px|false|false&#8220; bottom_divider_height=&#8220;50px&#8220; bottom_divider_arrangement=&#8220;above_content&#8220; custom_css_free_form=&#8220;@media(max-width:769px){||  .et_pb_row {||    width: 90%;||    max-width: 1080px;||    margin: auto;||    position: relative;||}||}&#8220; global_colors_info=&#8220;{}&#8220;][et_pb_column type=&#8220;1_2&#8243; _builder_version=&#8220;4.16&#8243; custom_padding=&#8220;|||&#8220; global_colors_info=&#8220;{}&#8220; custom_padding__hover=&#8220;|||&#8220;][et_pb_image src=&#8220;http:\/\/www.swisslens.ch\/wp-content\/uploads\/Illustration-Lentille-souple.png&#8220; title_text=&#8220;Ilustrace Lentille souple&#8220; show_bottom_space=&#8220;off&#8220; align=&#8220;center&#8220; align_tablet=&#8220;center&#8220; align_phone=&#8220;&#8220; align_last_edited=&#8220;on|desktop&#8220; _builder_version=&#8220;4.27.2&#8243; parallax=&#8220;on&#8220; background_blend=&#8220;hard-light&#8220; width=&#8220;100%&#8220; max_width=&#8220;100%&#8220; module_alignment=&#8220;left&#8220; height=&#8220;370px&#8220; max_height=&#8220;370px&#8220; custom_margin=&#8220;0px||||false|false&#8220; custom_margin_tablet=&#8220;0px||||false|false&#8220; custom_margin_phone=&#8220;30px||||false|false&#8220; custom_margin_last_edited=&#8220;on|phone&#8220; animation_style=&#8220;slide&#8220; animation_direction=&#8220;right&#8220; animation_intensity_slide=&#8220;2%&#8220; custom_css_free_form=&#8220;@media(max-width:769px){.et_pb_image_0 .et_pb_image_wrap img {||        width: auto;||        max-width: 70% !important;||    }||}&#8220; global_colors_info=&#8220;{}&#8220;][\/et_pb_image][\/et_pb_column][et_pb_column type=&#8220;1_2&#8243; specialty_columns=&#8220;2&#8243; _builder_version=&#8220;4.16&#8243; custom_padding=&#8220;|||&#8220; global_colors_info=&#8220;{}&#8220; custom_padding__hover=&#8220;|||&#8220;][et_pb_row_inner _builder_version=&#8220;4.27.2&#8243; custom_margin=&#8220;60px|||-50px|false|false&#8220; custom_margin_tablet=&#8220;|||0px|false|false&#8220; custom_margin_phone=&#8220;0px|||0px|false|false&#8220; custom_margin_last_edited=&#8220;on|phone&#8220; custom_padding=&#8220;2px|0px|0px|0px|false|false&#8220; global_colors_info=&#8220;{}&#8220;][et_pb_column_inner saved_specialty_column_type=&#8220;1_2&#8243; _builder_version=&#8220;4.16&#8243; custom_padding=&#8220;|||&#8220; global_colors_info=&#8220;{}&#8220; custom_padding__hover=&#8220;|||&#8220;][et_pb_text _builder_version=&#8220;4.25.1&#8243; text_font=&#8220;Roboto|300|||||||&#8220; text_font_size=&#8220;16px&#8220; text_line_height=&#8220;1.8em&#8220; link_font=&#8220;Montserrat|700|||||||&#8220; link_text_color=&#8220;#fa546d&#8220; link_font_size=&#8220;22px&#8220; link_line_height=&#8220;1.5em&#8220; header_font=&#8220;SwissLens||||||||&#8220; header_2_font=&#8220;Roboto|700|||||||&#8220; header_2_font_size=&#8220;40px&#8220; header_2_line_height=&#8220;1.4em&#8220; header_6_font=&#8220;Montserrat|600||on|||||&#8220; header_6_text_color=&#8220;#ffb342&#8243; header_6_font_size=&#8220;16px&#8220; header_6_letter_spacing=&#8220;2px&#8220; header_6_line_height=&#8220;1.5em&#8220; max_width_last_edited=&#8220;off|desktop&#8220; module_alignment=&#8220;left&#8220; custom_margin=&#8220;|||&#8220; custom_padding=&#8220;0px||0px|||&#8220; header_2_font_size_tablet=&#8220;&#8220; header_2_font_size_phone=&#8220;24px&#8220; header_2_font_size_last_edited=&#8220;on|phone&#8220; global_colors_info=&#8220;{}&#8220;]<\/p>\n<h2>M\u011bkk\u00e9 kontaktn\u00ed \u010do\u010dky<\/h2>\n<h6 style=\"color: #000!important;\"><\/h6>\n<p style=\"text-align: justify;\"><span>Objevte \u0161irokou \u0161k\u00e1lu \u0161pi\u010dkov\u00fdch materi\u00e1l\u016f pe\u010dliv\u011b zpracovan\u00fdch tak, aby poskytovaly bezkonkuren\u010dn\u00ed pohodl\u00ed a jasn\u00fd zrak.<br \/>A\u0165 u\u017e tou\u017e\u00edte po hedv\u00e1bn\u00e9 hladkosti silikonhydrogelu nebo po osv\u011bd\u010den\u00e9m pohodl\u00ed hydrogelu, na\u0161e nejmodern\u011bj\u0161\u00ed varianty materi\u00e1l\u016f nab\u00edzej\u00ed dokonalou rovnov\u00e1hu mezi pohodl\u00edm, prody\u0161nost\u00ed a trvanlivost\u00ed. <\/span><\/p>\n<p>[\/et_pb_text][\/et_pb_column_inner][\/et_pb_row_inner][et_pb_row_inner column_structure=&#8220;1_2,1_2&#8243; use_custom_gutter=&#8220;on&#8220; gutter_width=&#8220;2&#8243; _builder_version=&#8220;4.27.2&#8243; custom_margin=&#8220;30px||50px|-50px|false|false&#8220; custom_margin_tablet=&#8220;|||0px|false|false&#8220; custom_margin_phone=&#8220;20px||20px|0px|true|false&#8220; custom_margin_last_edited=&#8220;on|phone&#8220; custom_padding=&#8220;2px|||||&#8220; global_colors_info=&#8220;{}&#8220;][et_pb_column_inner type=&#8220;1_2&#8243; saved_specialty_column_type=&#8220;1_2&#8243; _builder_version=&#8220;4.16&#8243; custom_padding=&#8220;|||&#8220; global_colors_info=&#8220;{}&#8220; custom_padding__hover=&#8220;|||&#8220;][et_pb_text module_class=&#8220;doc-button&#8220; _builder_version=&#8220;4.27.4&#8243; text_font=&#8220;Roboto||||||||&#8220; link_font=&#8220;||||||||&#8220; link_text_color=&#8220;#ffffff&#8220; header_4_font=&#8220;Roboto|900|||||||&#8220; header_4_font_size=&#8220;16px&#8220; background_color=&#8220;#1392B1&#8243; background_layout=&#8220;dark&#8220; custom_margin=&#8220;0px||||false|false&#8220; custom_padding=&#8220;10px|20px|10px|20px|true|true&#8220; animation_style=&#8220;zoom&#8220; animation_delay=&#8220;300ms&#8220; animation_intensity_zoom=&#8220;20%&#8220; hover_enabled=&#8220;0&#8243; border_radii=&#8220;on|6px|6px|6px|6px&#8220; locked=&#8220;off&#8220; global_colors_info=&#8220;{}&#8220; sticky_enabled=&#8220;0&#8243;]<\/p>\n<div style=\"display: flex;\">\n<div style=\"margin-right: 10px;\"><img loading=\"lazy\" decoding=\"async\" src=\"\/wp-content\/uploads\/icon-tecnical-file-pdf.svg\" width=\"48\" height=\"48\" alt=\"\" class=\"wp-image-1118673 alignnone size-full\" \/><\/div>\n<div>\n<h4>Fitting guide<\/h4>\n<p>Download pdf<\/p>\n<\/div>\n<\/div>\n<p>[\/et_pb_text][\/et_pb_column_inner][et_pb_column_inner type=&#8220;1_2&#8243; saved_specialty_column_type=&#8220;1_2&#8243; _builder_version=&#8220;4.16&#8243; custom_padding=&#8220;|||&#8220; global_colors_info=&#8220;{}&#8220; custom_padding__hover=&#8220;|||&#8220;][\/et_pb_column_inner][\/et_pb_row_inner][\/et_pb_column][\/et_pb_section][et_pb_section fb_built=&#8220;1&#8243; custom_padding_last_edited=&#8220;on|phone&#8220; admin_label=&#8220;Products&#8220; _builder_version=&#8220;4.27.2&#8243; background_color=&#8220;RGBA(255,255,255,0)&#8220; custom_margin=&#8220;||||false|false&#8220; custom_padding=&#8220;5.6px||1px||false|false&#8220; custom_padding_tablet=&#8220;5.6px||1px||false|false&#8220; custom_padding_phone=&#8220;|15px||15px|false|false&#8220; global_colors_info=&#8220;{}&#8220;][et_pb_row _builder_version=&#8220;4.27.2&#8243; _module_preset=&#8220;default&#8220; background_color=&#8220;#FFFFFF&#8220; custom_margin=&#8220;50px|auto||auto|false|false&#8220; custom_margin_tablet=&#8220;||||false|false&#8220; custom_margin_phone=&#8220;1px|auto||auto|false|false&#8220; custom_margin_last_edited=&#8220;on|phone&#8220; custom_padding=&#8220;15px|15px|0px|15px|false|false&#8220; border_radii=&#8220;on|20px|20px|20px|20px&#8220; box_shadow_style=&#8220;preset1&#8243; box_shadow_color=&#8220;rgba(0,0,0,0.1)&#8220; global_colors_info=&#8220;{}&#8220;][et_pb_column type=&#8220;4_4&#8243; _builder_version=&#8220;4.21.0&#8243; _module_preset=&#8220;default&#8220; global_colors_info=&#8220;{}&#8220;][et_pb_text _builder_version=&#8220;4.27.2&#8243; _module_preset=&#8220;default&#8220; text_font=&#8220;|300|||||||&#8220; text_font_size=&#8220;15px&#8220; text_letter_spacing=&#8220;-1px&#8220; text_line_height=&#8220;1.5em&#8220; module_alignment=&#8220;center&#8220; custom_margin=&#8220;||-5px||false|false&#8220; custom_css_free_form=&#8220;.entry-content tr td {||    border-color: #f2f2f2 !important;||      max-width: 100% !important;||}||.entry-content table:not(.variations) {||  ||    margin: 0 0 15px;||    text-align: left;||    border: none;||    width: 100%;||}||.entry-content tr td {||    max-width: 100% !important;||  hyphens: auto;||}||||table{||  width:100% !important;||}&#8220; global_colors_info=&#8220;{}&#8220;]<\/p>\n<div class=\"table-block\">\n<p>&nbsp;<\/p>\n<table border=\"1\" style=\"height: 528px; width: 89.2354%; border-collapse: collapse; margin-left: auto; margin-right: auto;\">\n<thead>\n<tr style=\"height: 48px; background-color: #fff;\">\n<th style=\"width: 25.2809%; height: 48px; text-align: left;\">\n<h6>Funkce<\/h6>\n<\/th>\n<th style=\"width: 6.74157%; height: 48px;\">\n<h6>Definitive 74 (SiH)<\/h6>\n<\/th>\n<th style=\"width: 10.3531%; height: 48px;\">\n<h6>UniSil 62 (SiH)<\/h6>\n<\/th>\n<th style=\"width: 10.3531%; height: 48px;\">\n<h6>Igel 77<\/h6>\n<\/th>\n<th style=\"width: 5.53772%; height: 48px;\">\n<h6>ES70 UV<\/h6>\n<\/th>\n<th style=\"width: 5.17655%; height: 48px;\">\n<h6>CTF 67<\/h6>\n<\/th>\n<th style=\"width: 10.3531%; height: 48px;\">\n<h6>GM3 58<\/h6>\n<\/th>\n<th style=\"width: 10.3531%; height: 48px;\">\n<h6>GM3 49<\/h6>\n<\/th>\n<\/tr>\n<\/thead>\n<tbody>\n<tr style=\"text-align: center;\">\n<td style=\"width: 25.2809%; height: 24px; text-align: left;\">DK Fatt ISO 9913-1<\/td>\n<td style=\"width: 6.74157%; height: 24px;\">60*\/44**<\/td>\n<td style=\"width: 10.3531%; height: 24px;\">50*\/37**<\/td>\n<td style=\"width: 10.3531%; height: 24px;\">39*\/29**<\/td>\n<td style=\"width: 5.53772%; height: 24px;\">35*\/26**<\/td>\n<td style=\"width: 5.17655%; height: 24px;\">30*\/22**<\/td>\n<td style=\"width: 10.3531%; height: 24px;\">25*\/19**<\/td>\n<td style=\"width: 10.3531%; height: 24px;\">16*\/12**<\/td>\n<\/tr>\n<tr style=\"text-align: center;\">\n<td style=\"width: 25.2809%; height: 48px; text-align: left;\">Typ materi\u00e1lu<\/td>\n<td style=\"width: 6.74157%; height: 48px;\">Silikonhydrogel<\/td>\n<td style=\"width: 10.3531%; height: 48px;\">Silikonhydrogel<\/td>\n<td style=\"width: 10.3531%; height: 48px;\">Hydrogel<\/td>\n<td style=\"width: 5.53772%; height: 48px;\">Hydrogel<\/td>\n<td style=\"width: 5.17655%; height: 48px;\">Hydrogel<\/td>\n<td style=\"width: 10.3531%; height: 48px;\">Hydrogel<\/td>\n<td style=\"width: 10.3531%; height: 48px;\">Hydrogel<\/td>\n<\/tr>\n<tr style=\"text-align: center;\">\n<td style=\"width: 25.2809%; height: 24px; text-align: left;\">V\u00fdrobce<\/td>\n<td style=\"width: 6.74157%; height: 24px;\">Contamac<\/td>\n<td style=\"width: 10.3531%; height: 24px;\">Contamac<\/td>\n<td style=\"width: 10.3531%; height: 24px;\">Contamac<\/td>\n<td style=\"width: 5.53772%; height: 24px;\">Lunelle<\/td>\n<td style=\"width: 5.17655%; height: 24px;\">Contamac<\/td>\n<td style=\"width: 10.3531%; height: 24px;\">Contamac<\/td>\n<td style=\"width: 10.3531%; height: 24px;\">Contamac<\/td>\n<\/tr>\n<tr style=\"text-align: center;\">\n<td style=\"width: 25.2809%; height: 24px; text-align: left;\">Klasifikace<\/td>\n<td style=\"width: 6.74157%; height: 24px;\">Filcon V3<\/td>\n<td style=\"width: 10.3531%; height: 24px;\">Filcon V3<\/td>\n<td style=\"width: 10.3531%; height: 24px;\">Filcon II3<\/td>\n<td style=\"width: 5.53772%; height: 24px;\">Filcon II2<\/td>\n<td style=\"width: 5.17655%; height: 24px;\">Filcon II2<\/td>\n<td style=\"width: 10.3531%; height: 24px;\">Filcon II1<\/td>\n<td style=\"width: 10.3531%; height: 24px;\">Filcon II1<\/td>\n<\/tr>\n<tr style=\"text-align: center;\">\n<td style=\"width: 25.2809%; height: 24px; text-align: left;\">Obsah vody<\/td>\n<td style=\"width: 6.74157%; height: 24px;\">74%<\/td>\n<td style=\"width: 10.3531%; height: 24px;\">62%<\/td>\n<td style=\"width: 10.3531%; height: 24px;\">77%<\/td>\n<td style=\"width: 5.53772%; height: 24px;\">70%<\/td>\n<td style=\"width: 5.17655%; height: 24px;\">67%<\/td>\n<td style=\"width: 10.3531%; height: 24px;\">58%<\/td>\n<td style=\"width: 10.3531%; height: 24px;\">49%<\/td>\n<\/tr>\n<tr style=\"text-align: center;\">\n<td style=\"width: 25.2809%; height: 24px; text-align: left;\">Index lomu<\/td>\n<td style=\"width: 6.74157%; height: 24px;\">1.37<\/td>\n<td style=\"width: 10.3531%; height: 24px;\">1.51<\/td>\n<td style=\"width: 10.3531%; height: 24px;\">1.37<\/td>\n<td style=\"width: 5.53772%; height: 24px;\">1.38<\/td>\n<td style=\"width: 5.17655%; height: 24px;\">1.39<\/td>\n<td style=\"width: 10.3531%; height: 24px;\">1.41<\/td>\n<td style=\"width: 10.3531%; height: 24px;\">1.42<\/td>\n<\/tr>\n<tr style=\"text-align: center;\">\n<td style=\"width: 25.2809%; height: 24px; text-align: left;\">Manipulace s odst\u00ednem<\/td>\n<td style=\"width: 6.74157%; height: 24px;\">\u010dir\u00e1 \/ modr\u00e1<\/td>\n<td style=\"width: 10.3531%; height: 24px;\">modr\u00e1<\/td>\n<td style=\"width: 10.3531%; height: 24px;\">\u010dir\u00e1<\/td>\n<td style=\"width: 5.53772%; height: 24px;\">\u010dir\u00e1<\/td>\n<td style=\"width: 5.17655%; height: 24px;\">\u010dir\u00e1<\/td>\n<td style=\"width: 10.3531%; height: 24px;\">\u010dir\u00e1 \/ modr\u00e1<\/td>\n<td style=\"width: 10.3531%; height: 24px;\">\u010dir\u00e1 \/ modr\u00e1<\/td>\n<\/tr>\n<tr style=\"text-align: center;\">\n<td style=\"width: 25.2809%; height: 24px; text-align: left;\">UV<\/td>\n<td style=\"width: 6.74157%; height: 24px;\">\u221a (modr\u00e1)<\/td>\n<td style=\"width: 10.3531%; height: 24px;\">\u221a<\/td>\n<td style=\"width: 10.3531%; height: 24px;\">\u221a<\/td>\n<td style=\"width: 5.53772%; height: 24px;\">\u221a<\/td>\n<td style=\"width: 5.17655%; height: 24px;\">\u221a<\/td>\n<td style=\"width: 10.3531%; height: 24px;\">\u221a<\/td>\n<td style=\"width: 10.3531%; height: 24px;\">\u221a<\/td>\n<\/tr>\n<tr style=\"text-align: center;\">\n<td style=\"width: 25.2809%; height: 24px; text-align: left;\">Norm\u00e1ln\u00ed slzn\u00fd film<\/td>\n<td style=\"width: 6.74157%; height: 24px;\">+++<\/td>\n<td style=\"width: 10.3531%; height: 24px;\">+++<\/td>\n<td style=\"width: 10.3531%; height: 24px;\">++<\/td>\n<td style=\"width: 5.53772%; height: 24px;\">++<\/td>\n<td style=\"width: 5.17655%; height: 24px;\">+++<\/td>\n<td style=\"width: 10.3531%; height: 24px;\">+++<\/td>\n<td style=\"width: 10.3531%; height: 24px;\">++<\/td>\n<\/tr>\n<tr style=\"text-align: center;\">\n<td style=\"width: 25.2809%; height: 24px; text-align: left;\">Sn\u00ed\u017een\u00fd slzn\u00fd film<\/td>\n<td style=\"width: 6.74157%; height: 24px;\">+++<\/td>\n<td style=\"width: 10.3531%; height: 24px;\">+++<\/td>\n<td style=\"width: 10.3531%; height: 24px;\">+<\/td>\n<td style=\"width: 5.53772%; height: 24px;\">++<\/td>\n<td style=\"width: 5.17655%; height: 24px;\">+<\/td>\n<td style=\"width: 10.3531%; height: 24px;\">++<\/td>\n<td style=\"width: 10.3531%; height: 24px;\">+++<\/td>\n<\/tr>\n<tr style=\"text-align: center;\">\n<td style=\"width: 25.2809%; height: 24px; text-align: left;\">Vodnat\u00fd slzn\u00fd film<\/td>\n<td style=\"width: 6.74157%; height: 24px;\">+++<\/td>\n<td style=\"width: 10.3531%; height: 24px;\">+++<\/td>\n<td style=\"width: 10.3531%; height: 24px;\">+++<\/td>\n<td style=\"width: 5.53772%; height: 24px;\">++<\/td>\n<td style=\"width: 5.17655%; height: 24px;\">+++<\/td>\n<td style=\"width: 10.3531%; height: 24px;\">++<\/td>\n<td style=\"width: 10.3531%; height: 24px;\">++<\/td>\n<\/tr>\n<tr style=\"text-align: center;\">\n<td style=\"width: 25.2809%; height: 24px; text-align: left;\">Slzn\u00fd film s lipidy<\/td>\n<td style=\"width: 6.74157%; height: 24px;\">+<\/td>\n<td style=\"width: 10.3531%; height: 24px;\">++<\/td>\n<td style=\"width: 10.3531%; height: 24px;\">+<\/td>\n<td style=\"width: 5.53772%; height: 24px;\">++<\/td>\n<td style=\"width: 5.17655%; height: 24px;\">+<\/td>\n<td style=\"width: 10.3531%; height: 24px;\">+++<\/td>\n<td style=\"width: 10.3531%; height: 24px;\">+++<\/td>\n<\/tr>\n<tr style=\"text-align: center;\">\n<td style=\"width: 25.2809%; height: 24px; text-align: left;\">Slzn\u00fd film s b\u00edlkovinami<\/td>\n<td style=\"width: 6.74157%; height: 24px;\">+<\/td>\n<td style=\"width: 10.3531%; height: 24px;\">++<\/td>\n<td style=\"width: 10.3531%; height: 24px;\">+<\/td>\n<td style=\"width: 5.53772%; height: 24px;\">++<\/td>\n<td style=\"width: 5.17655%; height: 24px;\">+<\/td>\n<td style=\"width: 10.3531%; height: 24px;\">++<\/td>\n<td style=\"width: 10.3531%; height: 24px;\">+++<\/td>\n<\/tr>\n<tr style=\"text-align: center;\">\n<td style=\"width: 25.2809%; height: 24px; text-align: left;\">Odolnost<\/td>\n<td style=\"width: 6.74157%; height: 24px;\">+<\/td>\n<td style=\"width: 10.3531%; height: 24px;\">++<\/td>\n<td style=\"width: 10.3531%; height: 24px;\">+<\/td>\n<td style=\"width: 5.53772%; height: 24px;\">+++<\/td>\n<td style=\"width: 5.17655%; height: 24px;\">++<\/td>\n<td style=\"width: 10.3531%; height: 24px;\">++<\/td>\n<td style=\"width: 10.3531%; height: 24px;\">+++<\/td>\n<\/tr>\n<tr style=\"text-align: center;\">\n<td style=\"width: 25.2809%; height: 24px; text-align: left;\">Po\u010d\u00e1te\u010dn\u00ed pohodl\u00ed<\/td>\n<td style=\"width: 6.74157%; height: 24px;\">+++<\/td>\n<td style=\"width: 10.3531%; height: 24px;\">+++<\/td>\n<td style=\"width: 10.3531%; height: 24px;\">+++<\/td>\n<td style=\"width: 5.53772%; height: 24px;\">+++<\/td>\n<td style=\"width: 5.17655%; height: 24px;\">+++<\/td>\n<td style=\"width: 10.3531%; height: 24px;\">++<\/td>\n<td style=\"width: 10.3531%; height: 24px;\">+<\/td>\n<\/tr>\n<tr style=\"text-align: center;\">\n<td style=\"width: 25.2809%; height: 24px; text-align: left;\">N\u00edzk\u00e1 dehydratace<\/td>\n<td style=\"width: 6.74157%; height: 24px;\">+++<\/td>\n<td style=\"width: 10.3531%; height: 24px;\">+++<\/td>\n<td style=\"width: 10.3531%; height: 24px;\">+<\/td>\n<td style=\"width: 5.53772%; height: 24px;\">++<\/td>\n<td style=\"width: 5.17655%; height: 24px;\">+<\/td>\n<td style=\"width: 10.3531%; height: 24px;\">+++<\/td>\n<td style=\"width: 10.3531%; height: 24px;\">+++<\/td>\n<\/tr>\n<tr style=\"text-align: center;\">\n<td style=\"width: 25.2809%; height: 24px; text-align: left;\">Zvlh\u010dov\u00e1n\u00ed<\/td>\n<td style=\"width: 6.74157%; height: 24px;\">+++<\/td>\n<td style=\"width: 10.3531%; height: 24px;\">+++<\/td>\n<td style=\"width: 10.3531%; height: 24px;\">++<\/td>\n<td style=\"width: 5.53772%; height: 24px;\">+++<\/td>\n<td style=\"width: 5.17655%; height: 24px;\">++<\/td>\n<td style=\"width: 10.3531%; height: 24px;\">+++<\/td>\n<td style=\"width: 10.3531%; height: 24px;\">+++<\/td>\n<\/tr>\n<tr style=\"text-align: center;\">\n<td style=\"width: 25.2809%; height: 24px; text-align: left;\">Such\u00e9 oko<\/td>\n<td style=\"width: 6.74157%; height: 24px;\">+++<\/td>\n<td style=\"width: 10.3531%; height: 24px;\">+++<\/td>\n<td style=\"width: 10.3531%; height: 24px;\">+++<\/td>\n<td style=\"width: 5.53772%; height: 24px;\">++<\/td>\n<td style=\"width: 5.17655%; height: 24px;\">++<\/td>\n<td style=\"width: 10.3531%; height: 24px;\">++<\/td>\n<td style=\"width: 10.3531%; height: 24px;\">+++<\/td>\n<\/tr>\n<tr style=\"text-align: center;\">\n<td style=\"width: 25.2809%; height: 24px; text-align: left;\">Neiontov\u00e9<\/td>\n<td style=\"width: 6.74157%; height: 24px;\">\u221a<\/td>\n<td style=\"width: 10.3531%; height: 24px;\">\u221a<\/td>\n<td style=\"width: 10.3531%; height: 24px;\">\u221a<\/td>\n<td style=\"width: 5.53772%; height: 24px;\">\u221a<\/td>\n<td style=\"width: 5.17655%; height: 24px;\">\u221a<\/td>\n<td style=\"width: 10.3531%; height: 24px;\">\u221a<\/td>\n<td style=\"width: 10.3531%; height: 24px;\">\u221a<\/td>\n<\/tr>\n<\/tbody>\n<\/table>\n<\/div>\n<p style=\"text-align: center;\">\n<p>[\/et_pb_text][et_pb_text _builder_version=&#8220;4.27.2&#8243; _module_preset=&#8220;default&#8220; text_font_size=&#8220;12px&#8220; text_line_height=&#8220;1.5em&#8220; text_orientation=&#8220;right&#8220; custom_margin=&#8220;27px|30px|||false|false&#8220; custom_padding=&#8220;|20px|20px|20px|false|false&#8220; global_colors_info=&#8220;{}&#8220;]<\/p>\n<p>* \u00d710-11 (cm2\/sec) [ml 02\/(ml \u00d7 mm Hg)]<\/p>\n<p>** \u00d710-11 (cm2\/sec) [ml 02\/(ml \u00d7 hPa)]<\/p>\n<p><strong>V\u00fdchoz\u00ed materi\u00e1l: GM3 58% \u010dir\u00e1<\/strong><\/p>\n<p>[\/et_pb_text][\/et_pb_column][\/et_pb_row][et_pb_row custom_padding_last_edited=&#8220;on|phone&#8220; _builder_version=&#8220;4.27.2&#8243; custom_margin=&#8220;||||false|false&#8220; custom_padding=&#8220;|0px|45px|0px|false|true&#8220; custom_padding_tablet=&#8220;|0px|45px|0px|false|true&#8220; custom_padding_phone=&#8220;|5px|45px|5px|false|true&#8220; locked=&#8220;off&#8220; global_colors_info=&#8220;{}&#8220;][et_pb_column type=&#8220;4_4&#8243; _builder_version=&#8220;4.27.2&#8243; custom_padding=&#8220;|||&#8220; global_colors_info=&#8220;{}&#8220; custom_padding__hover=&#8220;|||&#8220;][et_pb_testimonial url=&#8220;https:\/\/www.contamac.com\/&#8220; url_new_window=&#8220;on&#8220; portrait_url=&#8220;http:\/\/www.swisslens.ch\/wp-content\/uploads\/Contamac-Shorthand-Logo-RGB-X.png&#8220; quote_icon=&#8220;off&#8220; _builder_version=&#8220;4.27.0&#8243; _module_preset=&#8220;default&#8220; body_font=&#8220;|300|||||||&#8220; body_font_size=&#8220;16px&#8220; background_color=&#8220;#FFFFFF&#8220; custom_padding=&#8220;20px|20px|20px|20px|false|false&#8220; border_radii=&#8220;on|20px|20px|20px|20px&#8220; box_shadow_style=&#8220;preset1&#8243; box_shadow_color=&#8220;rgba(0,0,0,0.1)&#8220; global_colors_info=&#8220;{}&#8220;]<\/p>\n<p>Contamac je renomovan\u00e1 a progresivn\u00ed spole\u010dnost v oblasti materi\u00e1l\u016f a technologi\u00ed pro kontaktn\u00ed \u010do\u010dky.<br \/>D\u00edky sv\u00e9 bohat\u00e9 historii trvaj\u00edc\u00ed n\u011bkolik desetilet\u00ed se spole\u010dnost Contamac etablovala jako glob\u00e1ln\u00ed l\u00eddr, kter\u00fd neust\u00e1le posouv\u00e1 hranice inovac\u00ed v oboru kontaktn\u00edch \u010do\u010dek.<\/p>\n<p>Spole\u010dnost Contamac se jako d\u016fv\u011bryhodn\u00fd v\u00fdrobce a dodavatel specializuje na v\u00fdvoj a v\u00fdrobu vysoce kvalitn\u00edch materi\u00e1l\u016f pou\u017e\u00edvan\u00fdch p\u0159i v\u00fdrob\u011b r\u016fzn\u00fdch typ\u016f kontaktn\u00edch \u010do\u010dek.<br \/>Jejich pokro\u010dil\u00e9 materi\u00e1ly jsou zn\u00e1m\u00e9 svou v\u00fdjime\u010dnou biokompatibilitou, trvanlivost\u00ed a optick\u00fdmi vlastnostmi, kter\u00e9 zaji\u0161\u0165uj\u00ed optim\u00e1ln\u00ed pohodl\u00ed a zrakov\u00fd v\u00fdkon pro nositele kontaktn\u00edch \u010do\u010dek.<\/p>\n<p>Spole\u010dnost Contamac si d\u00edky sv\u00e9mu odhodl\u00e1n\u00ed v\u011bnovat se v\u00fdzkumu a v\u00fdvoji spolu se z\u00e1vazkem dodr\u017eovat p\u0159\u00edsn\u00e9 normy kvality z\u00edskala v oboru dobrou pov\u011bst.<br \/>Jejich spolupr\u00e1ce s o\u010dn\u00edmi specialisty a odborn\u00edky na zrak vedla k p\u0159evratn\u00fdm pokrok\u016fm, kter\u00e9 p\u0159isp\u011bly k rozvoji technologie kontaktn\u00edch \u010do\u010dek.<\/p>\n<p>Spole\u010dnost Contamac se neust\u00e1le soust\u0159ed\u00ed na inovace, a proto neust\u00e1le uv\u00e1d\u00ed na trh nov\u00e9 materi\u00e1ly a \u0159e\u0161en\u00ed, kter\u00e9 reaguj\u00ed na m\u011bn\u00edc\u00ed se pot\u0159eby nositel\u016f kontaktn\u00edch \u010do\u010dek po cel\u00e9m sv\u011bt\u011b.<br \/>D\u00edky sv\u00e9mu neochv\u011bjn\u00e9mu odhodl\u00e1n\u00ed dosahovat dokonalosti se stala d\u016fv\u011bryhodn\u00fdm partnerem pro o\u010dn\u00ed specialisty a preferovanou volbou pro ty, kte\u0159\u00ed hledaj\u00ed v\u00fdjime\u010dn\u00e9 materi\u00e1ly pro kontaktn\u00ed \u010do\u010dky.<\/p>\n<p>[\/et_pb_testimonial][et_pb_text _builder_version=&#8220;4.27.2&#8243; _module_preset=&#8220;default&#8220; text_font=&#8220;|300|||||||&#8220; text_font_size=&#8220;16px&#8220; background_color=&#8220;#FFFFFF&#8220; module_alignment=&#8220;center&#8220; height=&#8220;100%&#8220; custom_margin=&#8220;0px||||false|false&#8220; custom_margin_tablet=&#8220;0px||||false|false&#8220; custom_margin_phone=&#8220;80px||||false|false&#8220; custom_margin_last_edited=&#8220;on|phone&#8220; custom_padding=&#8220;20px|20px|20px|20px|false|false&#8220; border_radii=&#8220;on|20px|20px|20px|20px&#8220; box_shadow_style=&#8220;preset1&#8243; box_shadow_color=&#8220;rgba(0,0,0,0.1)&#8220; global_colors_info=&#8220;{}&#8220;]<\/p>\n<h4>Zaji\u0161t\u011bn\u00ed kvality<\/h4>\n<p>Tyto materi\u00e1ly jsou v souladu s normou ISO 10993-1 definuj\u00edc\u00ed biokompatibilitu materi\u00e1l\u016f.<\/p>\n<p>V\u00fdrobn\u00ed proces SwissLens zaru\u010duje tuto biokompatibilitu i po dokon\u010den\u00ed v\u00fdrobn\u00edho procesu, zejm\u00e9na bez p\u0159id\u00e1n\u00ed le\u0161tic\u00edho materi\u00e1lu.<br \/>Tento standard je vy\u017eadov\u00e1n syst\u00e9mem zaji\u0161t\u011bn\u00ed kvality spole\u010dnosti SwissLens.<\/p>\n<p>[\/et_pb_text][\/et_pb_column][\/et_pb_row][\/et_pb_section]<\/p>\n","protected":false},"excerpt":{"rendered":"<p>M\u011bkk\u00e9 kontaktn\u00ed \u010do\u010dky Objevte \u0161irokou \u0161k\u00e1lu \u0161pi\u010dkov\u00fdch materi\u00e1l\u016f pe\u010dliv\u011b zpracovan\u00fdch tak, aby poskytovaly bezkonkuren\u010dn\u00ed pohodl\u00ed a jasn\u00fd zrak.A\u0165 u\u017e tou\u017e\u00edte po hedv\u00e1bn\u00e9 hladkosti silikonhydrogelu nebo po osv\u011bd\u010den\u00e9m pohodl\u00ed hydrogelu, na\u0161e [&hellip;]<\/p>\n","protected":false},"author":1,"featured_media":0,"parent":0,"menu_order":218,"comment_status":"closed","ping_status":"closed","template":"","meta":{"_et_pb_use_builder":"on","_et_pb_old_content":"","_et_gb_content_width":"","_price":"","_stock":"","_tribe_ticket_header":"","_tribe_default_ticket_provider":"","_tribe_ticket_capacity":"0","_ticket_start_date":"","_ticket_end_date":"","_tribe_ticket_show_description":"","_tribe_ticket_show_not_going":false,"_tribe_ticket_use_global_stock":"","_tribe_ticket_global_stock_level":"","_global_stock_mode":"","_global_stock_cap":"","_tribe_rsvp_for_event":"","_tribe_ticket_going_count":"","_tribe_ticket_not_going_count":"","_tribe_tickets_list":"[]","_tribe_ticket_has_attendee_info_fields":false,"footnotes":""},"class_list":["post-1115453","page","type-page","status-publish","hentry"],"_links":{"self":[{"href":"https:\/\/www.swisslens.ch\/cz\/wp-json\/wp\/v2\/pages\/1115453","targetHints":{"allow":["GET"]}}],"collection":[{"href":"https:\/\/www.swisslens.ch\/cz\/wp-json\/wp\/v2\/pages"}],"about":[{"href":"https:\/\/www.swisslens.ch\/cz\/wp-json\/wp\/v2\/types\/page"}],"author":[{"embeddable":true,"href":"https:\/\/www.swisslens.ch\/cz\/wp-json\/wp\/v2\/users\/1"}],"replies":[{"embeddable":true,"href":"https:\/\/www.swisslens.ch\/cz\/wp-json\/wp\/v2\/comments?post=1115453"}],"version-history":[{"count":24,"href":"https:\/\/www.swisslens.ch\/cz\/wp-json\/wp\/v2\/pages\/1115453\/revisions"}],"predecessor-version":[{"id":1166355,"href":"https:\/\/www.swisslens.ch\/cz\/wp-json\/wp\/v2\/pages\/1115453\/revisions\/1166355"}],"wp:attachment":[{"href":"https:\/\/www.swisslens.ch\/cz\/wp-json\/wp\/v2\/media?parent=1115453"}],"curies":[{"name":"wp","href":"https:\/\/api.w.org\/{rel}","templated":true}]}}