{"id":1115319,"date":"2022-08-25T18:03:43","date_gmt":"2022-08-25T16:03:43","guid":{"rendered":"https:\/\/www.swisslens.ch\/hydromed\/"},"modified":"2026-03-24T12:34:54","modified_gmt":"2026-03-24T11:34:54","slug":"hydromed","status":"publish","type":"page","link":"https:\/\/www.swisslens.ch\/cz\/hydromed\/","title":{"rendered":"HydroMed"},"content":{"rendered":"<p>[et_pb_section fb_built=&#8220;1&#8243; specialty=&#8220;on&#8220; padding_bottom_2=&#8220;40px&#8220; admin_label=&#8220;Services&#8220; _builder_version=&#8220;4.25.1&#8243; background_color=&#8220;RGBA(255,255,255,0)&#8220; custom_padding=&#8220;54px|0px|0px|0|false|false&#8220; bottom_divider_height=&#8220;50px&#8220; bottom_divider_arrangement=&#8220;above_content&#8220; global_colors_info=&#8220;{}&#8220;][et_pb_column type=&#8220;1_2&#8243; _builder_version=&#8220;4.16&#8243; custom_padding=&#8220;|||&#8220; global_colors_info=&#8220;{}&#8220; custom_padding__hover=&#8220;|||&#8220;][et_pb_image src=&#8220;https:\/\/www.swisslens.ch\/wp-content\/uploads\/Illustration-souple-medicale-hydrocone-hydroMed.png&#8220; title_text=&#8220;Illustration souple medicale hydrocone hydroMed&#8220; show_bottom_space=&#8220;off&#8220; align_tablet=&#8220;center&#8220; align_phone=&#8220;&#8220; align_last_edited=&#8220;on|desktop&#8220; disabled_on=&#8220;off|off|off&#8220; _builder_version=&#8220;4.27.2&#8243; parallax=&#8220;on&#8220; background_blend=&#8220;hard-light&#8220; width=&#8220;60%&#8220; max_width=&#8220;100%&#8220; module_alignment=&#8220;right&#8220; custom_margin=&#8220;21px|||||&#8220; custom_margin_tablet=&#8220;21px|||||&#8220; custom_margin_phone=&#8220;0px||||false|false&#8220; custom_margin_last_edited=&#8220;on|phone&#8220; custom_padding=&#8220;|20%|||false|false&#8220; animation_style=&#8220;slide&#8220; animation_direction=&#8220;right&#8220; animation_intensity_slide=&#8220;2%&#8220; custom_css_free_form=&#8220;@media(max-width:769px){.et_pb_image_0 .et_pb_image_wrap img {||        width: auto;||        max-width: 100% !important;||  \tmargin-left:-80px;||    }||}&#8220; global_colors_info=&#8220;{}&#8220;][\/et_pb_image][\/et_pb_column][et_pb_column type=&#8220;1_2&#8243; specialty_columns=&#8220;2&#8243; _builder_version=&#8220;4.16&#8243; custom_padding=&#8220;|||&#8220; global_colors_info=&#8220;{}&#8220; custom_padding__hover=&#8220;|||&#8220;][et_pb_row_inner _builder_version=&#8220;4.16&#8243; custom_padding=&#8220;24px|0px|15px|0px|false|false&#8220; global_colors_info=&#8220;{}&#8220;][et_pb_column_inner saved_specialty_column_type=&#8220;1_2&#8243; _builder_version=&#8220;4.16&#8243; custom_padding=&#8220;|||&#8220; global_colors_info=&#8220;{}&#8220; custom_padding__hover=&#8220;|||&#8220;][et_pb_text _builder_version=&#8220;4.25.1&#8243; text_font=&#8220;Roboto|300|||||||&#8220; text_font_size=&#8220;16px&#8220; text_line_height=&#8220;1.8em&#8220; link_font=&#8220;Montserrat|700|||||||&#8220; link_text_color=&#8220;#fa546d&#8220; link_font_size=&#8220;22px&#8220; link_line_height=&#8220;1.5em&#8220; header_font=&#8220;||||||||&#8220; header_2_font=&#8220;SwissLens|700|||||||&#8220; header_2_font_size=&#8220;40px&#8220; header_2_line_height=&#8220;1.4em&#8220; header_6_font=&#8220;Montserrat|600||on|||||&#8220; header_6_text_color=&#8220;#ffb342&#8243; header_6_font_size=&#8220;16px&#8220; header_6_letter_spacing=&#8220;2px&#8220; header_6_line_height=&#8220;1.5em&#8220; max_width_last_edited=&#8220;off|desktop&#8220; module_alignment=&#8220;left&#8220; custom_margin=&#8220;|||&#8220; custom_padding=&#8220;|||&#8220; header_2_font_size_tablet=&#8220;&#8220; header_2_font_size_phone=&#8220;24px&#8220; header_2_font_size_last_edited=&#8220;on|phone&#8220; global_colors_info=&#8220;{}&#8220;]<\/p>\n<h2>HydroMed<\/h2>\n<h6 style=\"color: #000!important;\"><\/h6>\n<p style=\"text-align: justify;\"><span>V\u00fdjime\u010dn\u00e9 m\u011bkk\u00e9 poopera\u010dn\u00ed kontaktn\u00ed \u010do\u010dky na m\u00edru s jedine\u010dn\u00fdm a pln\u011b p\u0159izp\u016fsobiteln\u00fdm designem.<br \/>\nPatentovan\u00e1 dynamick\u00e1 stabilizace zaji\u0161\u0165uje st\u00e1l\u00fd p\u0159\u00edsun kysl\u00edku do limbu, \u010d\u00edm\u017e p\u0159ekon\u00e1v\u00e1 standardn\u00ed prizmatick\u00e9 kontaktn\u00ed \u010do\u010dky. <\/span><\/p>\n<p>[\/et_pb_text][\/et_pb_column_inner][\/et_pb_row_inner][et_pb_row_inner column_structure=&#8220;1_2,1_2&#8243; use_custom_gutter=&#8220;on&#8220; gutter_width=&#8220;2&#8243; _builder_version=&#8220;4.25.1&#8243; custom_margin=&#8220;0px||0px||false|false&#8220; global_colors_info=&#8220;{}&#8220;][et_pb_column_inner type=&#8220;1_2&#8243; saved_specialty_column_type=&#8220;1_2&#8243; _builder_version=&#8220;4.16&#8243; custom_padding=&#8220;|||&#8220; global_colors_info=&#8220;{}&#8220; custom_padding__hover=&#8220;|||&#8220;][et_pb_text module_class=&#8220;doc-button&#8220; _builder_version=&#8220;4.27.4&#8243; text_font=&#8220;Roboto||||||||&#8220; link_font=&#8220;||||||||&#8220; link_text_color=&#8220;#ffffff&#8220; header_4_font=&#8220;Roboto|900|||||||&#8220; header_4_font_size=&#8220;16px&#8220; background_color=&#8220;#1392B1&#8243; background_layout=&#8220;dark&#8220; custom_padding=&#8220;10px|20px|10px|20px|true|true&#8220; animation_style=&#8220;zoom&#8220; animation_delay=&#8220;300ms&#8220; animation_intensity_zoom=&#8220;20%&#8220; hover_enabled=&#8220;0&#8243; border_radii=&#8220;on|6px|6px|6px|6px&#8220; locked=&#8220;off&#8220; global_colors_info=&#8220;{}&#8220; link_option_url=&#8220;http:\/\/www.swisslens.ch\/wp-content\/uploads\/Fittingguide_multifocal_cz.pdf&#8220; link_option_url_new_window=&#8220;on&#8220; sticky_enabled=&#8220;0&#8243;]<\/p>\n<div style=\"display: flex;\">\n<div style=\"margin-right: 10px;\"><img loading=\"lazy\" decoding=\"async\" src=\"\/wp-content\/uploads\/icon-tecnical-file-pdf.svg\" width=\"48\" height=\"48\" alt=\"\" class=\"wp-image-1118673 alignnone size-full\" \/><\/div>\n<div>\n<h4>Fitting guide<\/h4>\n<p>Multifocal Lenses<\/p>\n<p>Download pdf<\/p>\n<\/div>\n<\/div>\n<p>[\/et_pb_text][\/et_pb_column_inner][et_pb_column_inner type=&#8220;1_2&#8243; saved_specialty_column_type=&#8220;1_2&#8243; _builder_version=&#8220;4.16&#8243; custom_padding=&#8220;|||&#8220; global_colors_info=&#8220;{}&#8220; custom_padding__hover=&#8220;|||&#8220;][\/et_pb_column_inner][\/et_pb_row_inner][\/et_pb_column][\/et_pb_section][et_pb_section fb_built=&#8220;1&#8243; admin_label=&#8220;Products&#8220; _builder_version=&#8220;4.25.1&#8243; background_color=&#8220;RGBA(255,255,255,0)&#8220; custom_padding=&#8220;4px|0px|53.625px|0|false|false&#8220; global_colors_info=&#8220;{}&#8220;][et_pb_row _builder_version=&#8220;4.16&#8243; locked=&#8220;off&#8220; global_colors_info=&#8220;{}&#8220;][et_pb_column type=&#8220;4_4&#8243; _builder_version=&#8220;4.16&#8243; custom_padding=&#8220;|||&#8220; global_colors_info=&#8220;{}&#8220; custom_padding__hover=&#8220;|||&#8220;][et_pb_text _builder_version=&#8220;4.27.2&#8243; text_font=&#8220;Montserrat||||||||&#8220; text_font_size=&#8220;16px&#8220; text_line_height=&#8220;1.8em&#8220; link_font=&#8220;Montserrat|700|||||||&#8220; link_text_color=&#8220;#fa546d&#8220; link_font_size=&#8220;22px&#8220; link_line_height=&#8220;1.5em&#8220; header_font=&#8220;||||||||&#8220; header_2_font=&#8220;&#8211;et_global_heading_font|700|||||||&#8220; header_2_font_size=&#8220;40px&#8220; header_2_line_height=&#8220;1.4em&#8220; header_6_font=&#8220;&#8211;et_global_heading_font|||on|||||&#8220; header_6_text_color=&#8220;#ffb342&#8243; header_6_font_size=&#8220;16px&#8220; header_6_letter_spacing=&#8220;2px&#8220; header_6_line_height=&#8220;1.5em&#8220; text_orientation=&#8220;center&#8220; max_width=&#8220;700px&#8220; max_width_last_edited=&#8220;off|desktop&#8220; module_alignment=&#8220;center&#8220; custom_margin=&#8220;|||&#8220; custom_padding=&#8220;|||&#8220; header_2_font_size_tablet=&#8220;&#8220; header_2_font_size_phone=&#8220;24px&#8220; header_2_font_size_last_edited=&#8220;on|phone&#8220; locked=&#8220;off&#8220; global_colors_info=&#8220;{}&#8220;]<\/p>\n<h6><span class=\"ILfuVd\" lang=\"en\"><span class=\"hgKElc\" style=\"color: #404040!important;\">O produktu<\/span><\/span><\/h6>\n<h2>Informace<\/h2>\n<p>[\/et_pb_text][\/et_pb_column][\/et_pb_row][et_pb_row column_structure=&#8220;1_2,1_2&#8243; use_custom_gutter=&#8220;on&#8220; gutter_width=&#8220;2&#8243; make_equal=&#8220;on&#8220; _builder_version=&#8220;4.25.1&#8243; _module_preset=&#8220;default&#8220; custom_padding=&#8220;2px|||||&#8220; global_colors_info=&#8220;{}&#8220;][et_pb_column type=&#8220;1_2&#8243; _builder_version=&#8220;4.21.0&#8243; _module_preset=&#8220;default&#8220; global_colors_info=&#8220;{}&#8220;][et_pb_text _builder_version=&#8220;4.27.2&#8243; _module_preset=&#8220;default&#8220; text_font=&#8220;|300|||||||&#8220; text_font_size=&#8220;16px&#8220; text_line_height=&#8220;27px&#8220; background_color=&#8220;#FFFFFF&#8220; height=&#8220;100%&#8220; custom_padding=&#8220;20px|30px|20px|30px|false|false&#8220; custom_css_free_form=&#8220;.et_pb_column_3 .entry-content tr td {||  text-align:center !important;||}&#8220; border_radii=&#8220;on|20px|20px|20px|20px&#8220; box_shadow_style=&#8220;preset1&#8243; box_shadow_color=&#8220;rgba(0,0,0,0.1)&#8220; global_colors_info=&#8220;{}&#8220;]<\/p>\n<h3>Geometrie<\/h3>\n<p>&nbsp;<\/p>\n<p style=\"text-align: justify;\"><span>V z\u00e1vislosti na topografii je HydroMed k dispozici s jedn\u00edm nebo dv\u011bma perifern\u00edmi za\u0159\u00edzen\u00edmi.  <\/span><span>p\u0159izp\u016fsobiteln\u00e9 k\u0159ivky.<br \/>\nTento na m\u00edru \u0161it\u00fd p\u0159\u00edstup zaru\u010duje pohodl\u00ed srovnateln\u00e9 se standardn\u00edmi m\u011bkk\u00fdmi kontaktn\u00edmi \u010do\u010dkami a z\u00e1rove\u0148 umo\u017e\u0148uje \u00fapravu optick\u00e9 z\u00f3ny tak, aby bylo dosa\u017eeno zrakov\u00e9 ostrosti srovnateln\u00e9 s pevn\u00fdmi \u010do\u010dkami. <\/span><\/p>\n<div class=\"table-block-g\">\n<table border=\"1\" style=\"width: 100%; border-collapse: collapse; border-style: hidden;\">\n<tbody>\n<tr>\n<td style=\"width: 69.95px;\"><\/td>\n<td style=\"width: 125.412px; text-align: center;\">Zadn\u00ed povrch<\/td>\n<td style=\"width: 105.438px; text-align: center;\">P\u0159edn\u00ed povrch<\/td>\n<\/tr>\n<tr>\n<td style=\"width: 69.95px; text-align: center;\"><img loading=\"lazy\" decoding=\"async\" src=\"https:\/\/www.swisslens.ch\/wp-content\/uploads\/ext@4x-8.png\" width=\"22\" height=\"32\" alt=\"\" class=\"wp-image-1089586 alignnone size-full\">  <img loading=\"lazy\" decoding=\"async\" src=\"https:\/\/www.swisslens.ch\/wp-content\/uploads\/Dyn@4x-8.png\" width=\"22\" height=\"32\" alt=\"\" class=\"wp-image-1089568 alignnone size-full\"><\/td>\n<td style=\"width: 105.412px; text-align: center !important;\">Sf\u00e9rick\u00e9<\/td>\n<td style=\"width: 105.438px; text-align: center;\">Dynamick\u00fd torick\u00fd<\/td>\n<\/tr>\n<\/tbody>\n<\/table>\n<\/div>\n<p style=\"text-align: justify;\"><span>K dispozici jsou jak jednoohniskov\u00e9, tak multifok\u00e1ln\u00ed verze.  <\/span>T\u0159i r\u016fzn\u00e1 proveden\u00ed multifok\u00e1ln\u00edch br\u00fdl\u00ed, kter\u00e1 vyhovuj\u00ed jedine\u010dn\u00fdm po\u017eadavk\u016fm na zrak.<br \/>\nU\u017eijte si plynul\u00e9 p\u0159echody, v\u00fdjime\u010dnou p\u0159ehlednost a svobodu soust\u0159edit se na to, co je pro v\u00e1s nejd\u016fle\u017eit\u011bj\u0161\u00ed. <\/p>\n<div class=\"table-block-g\">\n<table border=\"1\" style=\"width: 100%; border-collapse: collapse; border-style: hidden;\">\n<tbody>\n<tr>\n<td style=\"width: 69.95px; text-align: center;\"><img loading=\"lazy\" decoding=\"async\" src=\"https:\/\/www.swisslens.ch\/wp-content\/uploads\/BF@4x-8.png\" width=\"22\" height=\"32\" alt=\"\" class=\"wp-image-1089637 alignnone size-full\"><\/td>\n<td style=\"width: 105.412px; text-align: center;\">Bifok\u00e1ln\u00ed<\/td>\n<td style=\"width: 105.438px; text-align: center;\">CD nebo CN<\/td>\n<\/tr>\n<tr>\n<td style=\"width: 69.95px; text-align: center;\"><img loading=\"lazy\" decoding=\"async\" src=\"https:\/\/www.swisslens.ch\/wp-content\/uploads\/Sp@4x-8.png\" width=\"22\" height=\"32\" alt=\"\" class=\"wp-image-1089654 alignnone size-full\"><\/td>\n<td style=\"width: 105.412px; text-align: center;\">Simple Progressive<\/td>\n<td style=\"width: 105.438px; text-align: center;\">CD nebo CN<\/td>\n<\/tr>\n<tr>\n<td style=\"width: 69.95px; text-align: center;\"><img loading=\"lazy\" decoding=\"async\" src=\"https:\/\/www.swisslens.ch\/wp-content\/uploads\/MP@4x-8.png\" width=\"22\" height=\"32\" alt=\"\" class=\"wp-image-1089671 alignnone size-full\"><\/td>\n<td style=\"width: 105.412px; text-align: center;\">Multi Progressive<\/td>\n<td style=\"width: 105.438px; text-align: center;\">CN<\/td>\n<\/tr>\n<\/tbody>\n<\/table>\n<\/div>\n<p>[\/et_pb_text][\/et_pb_column][et_pb_column type=&#8220;1_2&#8243; _builder_version=&#8220;4.21.0&#8243; _module_preset=&#8220;default&#8220; global_colors_info=&#8220;{}&#8220;][et_pb_text _builder_version=&#8220;4.27.2&#8243; _module_preset=&#8220;default&#8220; text_font=&#8220;|600|||||||&#8220; background_color=&#8220;#FFFFFF&#8220; custom_padding=&#8220;20px|30px|20px|30px|false|false&#8220; border_radii=&#8220;on|20px|20px|20px|20px&#8220; box_shadow_style=&#8220;preset1&#8243; box_shadow_color=&#8220;rgba(0,0,0,0.1)&#8220; global_colors_info=&#8220;{}&#8220;]<\/p>\n<h3>Parametry<\/h3>\n<div class=\"table-block\">\n<table border=\"1\" style=\"height: 192px; width: 100%; border-collapse: collapse; border-style: hidden;\">\n<tbody>\n<tr style=\"height: 24px;\">\n<td style=\"width: 50%; text-align: left; height: 24px;\">Celkov\u00fd pr\u016fm\u011br (mm)<\/td>\n<td style=\"width: 50%; height: 24px; text-align: left;\">12,00 a\u017e 17,00 (0,01)<\/td>\n<\/tr>\n<tr style=\"height: 24px;\">\n<td style=\"width: 50%; height: 24px;\">Zak\u0159iven\u00ed (mm)<\/td>\n<td style=\"width: 50%; height: 24px; text-align: left;\">7,00 a\u017e 12,00 (0,01)<\/td>\n<\/tr>\n<tr style=\"height: 24px;\">\n<td style=\"width: 50%; height: 24px;\">Sf\u00e9ra (D)<\/td>\n<td style=\"width: 50%; height: 24px; text-align: left;\">-40.00 a\u017e +40.00 (0.01)<\/td>\n<\/tr>\n<tr style=\"height: 24px;\">\n<td style=\"width: 50%; height: 24px;\">Cylindr (D)<\/td>\n<td style=\"width: 50%; height: 24px; text-align: left;\">-0,25 a\u017e -8,00 (0,01)<\/td>\n<\/tr>\n<tr style=\"height: 24px;\">\n<td style=\"width: 50%; height: 24px;\">Osa<span>(\u00b0)<\/span><\/td>\n<td style=\"width: 50%; height: 24px; text-align: left;\">0 a\u017e 180 (1)<\/td>\n<\/tr>\n<tr style=\"height: 24px;\">\n<td style=\"width: 50%; height: 24px;\">Adice (D)<\/td>\n<td style=\"width: 50%; height: 24px; text-align: left;\">+0,50 a\u017e +4,00 (0,01)<\/td>\n<\/tr>\n<tr style=\"height: 24px;\">\n<td style=\"width: 50%; height: 24px;\">Centr\u00e1ln\u00ed optick\u00e1 z\u00f3na (mm)<\/td>\n<td style=\"width: 50%; height: 24px; text-align: left;\">1,00 a\u017e 5,50 (0,01)<\/td>\n<\/tr>\n<tr style=\"height: 24px;\">\n<td style=\"width: 50%; height: 24px;\">Flattening<\/td>\n<td style=\"width: 50%; height: 24px; text-align: left;\"><span>1 nebo 2 p\u0159izp\u016fsobiteln\u00e9 perifern\u00ed z\u00f3ny<\/span><\/td>\n<\/tr>\n<tr>\n<td style=\"width: 50%;\">Frekvence v\u00fdm\u011bny<\/td>\n<td style=\"width: 50%; text-align: left;\">3 nebo 6 m\u011bs\u00edc\u016f<\/td>\n<\/tr>\n<\/tbody>\n<\/table>\n<\/div>\n<p>[\/et_pb_text][et_pb_text _builder_version=&#8220;4.27.2&#8243; _dynamic_attributes=&#8220;link_option_url&#8220; _module_preset=&#8220;default&#8220; text_font=&#8220;|300|||||||&#8220; text_font_size=&#8220;16px&#8220; background_color=&#8220;#FFFFFF&#8220; position_origin_a=&#8220;bottom_center&#8220; position_origin_r=&#8220;bottom_right&#8220; width=&#8220;100%&#8220; custom_margin=&#8220;30px||||false|false&#8220; custom_margin_tablet=&#8220;30px||||false|false&#8220; custom_margin_phone=&#8220;80px||||false|false&#8220; custom_margin_last_edited=&#8220;on|phone&#8220; custom_padding=&#8220;20px|30px|20px|30px|false|false&#8220; link_option_url=&#8220;@ET-DC@eyJkeW5hbWljIjp0cnVlLCJjb250ZW50IjoicG9zdF9saW5rX3VybF9wYWdlIiwic2V0dGluZ3MiOnsicG9zdF9pZCI6IjY4In19@&#8220; border_radii=&#8220;on|20px|20px|20px|20px&#8220; box_shadow_style=&#8220;preset1&#8243; box_shadow_color=&#8220;rgba(0,0,0,0.1)&#8220; global_colors_info=&#8220;{}&#8220;]<\/p>\n<h3>Materi\u00e1ly<\/h3>\n<p style=\"text-align: justify;\"><span>Objevte \u0161irokou \u0161k\u00e1lu nejmodern\u011bj\u0161\u00edch materi\u00e1l\u016f pe\u010dliv\u011b vyroben\u00fdch tak, aby poskytovaly bezkonkuren\u010dn\u00ed pohodl\u00ed a jasn\u00fd zrak s HydroMedem. A\u0165 u\u017e si p\u0159ejete hladkost silikonov\u00e9ho hydrogelu nebo d\u016fv\u011bryhodn\u00fd komfort hydrogelu, na\u0161e pokro\u010dil\u00e9 varianty materi\u00e1l\u016f nab\u00edzej\u00ed dokonalou rovnov\u00e1hu mezi pohodl\u00edm, prody\u0161nost\u00ed a odolnost\u00ed.<\/p>\n<p><\/span><\/p>\n<h6 style=\"text-align: justify;\">Zobrazit v\u00edce  <img decoding=\"async\" style=\"position: relative; top: 3px;\" src=\"https:\/\/www.swisslens.ch\/wp-content\/uploads\/teenyicons_arrow-up-solid.svg\"><\/h6>\n<p>[\/et_pb_text][\/et_pb_column][\/et_pb_row][\/et_pb_section]<\/p>\n","protected":false},"excerpt":{"rendered":"<p>HydroMed V\u00fdjime\u010dn\u00e9 m\u011bkk\u00e9 poopera\u010dn\u00ed kontaktn\u00ed \u010do\u010dky na m\u00edru s jedine\u010dn\u00fdm a pln\u011b p\u0159izp\u016fsobiteln\u00fdm designem. Patentovan\u00e1 dynamick\u00e1 stabilizace zaji\u0161\u0165uje st\u00e1l\u00fd p\u0159\u00edsun kysl\u00edku do limbu, \u010d\u00edm\u017e p\u0159ekon\u00e1v\u00e1 standardn\u00ed prizmatick\u00e9 kontaktn\u00ed \u010do\u010dky. Fitting [&hellip;]<\/p>\n","protected":false},"author":1,"featured_media":0,"parent":0,"menu_order":906,"comment_status":"closed","ping_status":"closed","template":"","meta":{"_et_pb_use_builder":"on","_et_pb_old_content":"","_et_gb_content_width":"","_price":"","_stock":"","_tribe_ticket_header":"","_tribe_default_ticket_provider":"","_tribe_ticket_capacity":"0","_ticket_start_date":"","_ticket_end_date":"","_tribe_ticket_show_description":"","_tribe_ticket_show_not_going":false,"_tribe_ticket_use_global_stock":"","_tribe_ticket_global_stock_level":"","_global_stock_mode":"","_global_stock_cap":"","_tribe_rsvp_for_event":"","_tribe_ticket_going_count":"","_tribe_ticket_not_going_count":"","_tribe_tickets_list":"[]","_tribe_ticket_has_attendee_info_fields":false,"footnotes":""},"class_list":["post-1115319","page","type-page","status-publish","hentry"],"_links":{"self":[{"href":"https:\/\/www.swisslens.ch\/cz\/wp-json\/wp\/v2\/pages\/1115319","targetHints":{"allow":["GET"]}}],"collection":[{"href":"https:\/\/www.swisslens.ch\/cz\/wp-json\/wp\/v2\/pages"}],"about":[{"href":"https:\/\/www.swisslens.ch\/cz\/wp-json\/wp\/v2\/types\/page"}],"author":[{"embeddable":true,"href":"https:\/\/www.swisslens.ch\/cz\/wp-json\/wp\/v2\/users\/1"}],"replies":[{"embeddable":true,"href":"https:\/\/www.swisslens.ch\/cz\/wp-json\/wp\/v2\/comments?post=1115319"}],"version-history":[{"count":7,"href":"https:\/\/www.swisslens.ch\/cz\/wp-json\/wp\/v2\/pages\/1115319\/revisions"}],"predecessor-version":[{"id":1169068,"href":"https:\/\/www.swisslens.ch\/cz\/wp-json\/wp\/v2\/pages\/1115319\/revisions\/1169068"}],"wp:attachment":[{"href":"https:\/\/www.swisslens.ch\/cz\/wp-json\/wp\/v2\/media?parent=1115319"}],"curies":[{"name":"wp","href":"https:\/\/api.w.org\/{rel}","templated":true}]}}