{"id":1115295,"date":"2022-08-25T18:04:24","date_gmt":"2022-08-25T16:04:24","guid":{"rendered":"https:\/\/www.swisslens.ch\/odstiny-hydrocolor\/"},"modified":"2026-01-28T23:02:20","modified_gmt":"2026-01-28T22:02:20","slug":"odstiny-hydrocolor","status":"publish","type":"page","link":"https:\/\/www.swisslens.ch\/cz\/odstiny-hydrocolor\/","title":{"rendered":"HydroColor Tint"},"content":{"rendered":"<p>[et_pb_section fb_built=&#8220;1&#8243; specialty=&#8220;on&#8220; padding_bottom_2=&#8220;40px&#8220; admin_label=&#8220;Services&#8220; _builder_version=&#8220;4.25.1&#8243; background_color=&#8220;RGBA(255,255,255,0)&#8220; custom_padding=&#8220;54px|0px|0px|0|false|false&#8220; bottom_divider_height=&#8220;50px&#8220; bottom_divider_arrangement=&#8220;above_content&#8220; global_colors_info=&#8220;{}&#8220;][et_pb_column type=&#8220;1_2&#8243; _builder_version=&#8220;4.16&#8243; custom_padding=&#8220;|||&#8220; global_colors_info=&#8220;{}&#8220; custom_padding__hover=&#8220;|||&#8220;][et_pb_image src=&#8220;http:\/\/www.swisslens.ch\/wp-content\/uploads\/Illustration-HydroColor-coloree.png&#8220; title_text=&#8220;Ilustrace HydroColor &#8211; color\u00e9e&#8220; show_bottom_space=&#8220;off&#8220; align_tablet=&#8220;center&#8220; align_phone=&#8220;&#8220; align_last_edited=&#8220;on|desktop&#8220; disabled_on=&#8220;off|off|off&#8220; _builder_version=&#8220;4.27.2&#8243; parallax=&#8220;on&#8220; background_blend=&#8220;hard-light&#8220; width=&#8220;100%&#8220; max_width=&#8220;100%&#8220; module_alignment=&#8220;left&#8220; height=&#8220;370px&#8220; max_height=&#8220;370px&#8220; custom_margin=&#8220;35px|||||&#8220; custom_margin_tablet=&#8220;35px|||||&#8220; custom_margin_phone=&#8220;0px||||false|false&#8220; custom_margin_last_edited=&#8220;on|phone&#8220; animation_style=&#8220;slide&#8220; animation_direction=&#8220;right&#8220; animation_intensity_slide=&#8220;2%&#8220; custom_css_free_form=&#8220;@media(max-width:769px){.et_pb_image_0 .et_pb_image_wrap img {||        width: auto;||        max-width: 80% !important;||    }||}&#8220; global_colors_info=&#8220;{}&#8220;][\/et_pb_image][\/et_pb_column][et_pb_column type=&#8220;1_2&#8243; specialty_columns=&#8220;2&#8243; _builder_version=&#8220;4.16&#8243; custom_padding=&#8220;|||&#8220; global_colors_info=&#8220;{}&#8220; custom_padding__hover=&#8220;|||&#8220;][et_pb_row_inner _builder_version=&#8220;4.16&#8243; custom_padding=&#8220;24px|0px|15px|0px|false|false&#8220; global_colors_info=&#8220;{}&#8220;][et_pb_column_inner saved_specialty_column_type=&#8220;1_2&#8243; _builder_version=&#8220;4.16&#8243; custom_padding=&#8220;|||&#8220; global_colors_info=&#8220;{}&#8220; custom_padding__hover=&#8220;|||&#8220;][et_pb_text _builder_version=&#8220;4.25.1&#8243; text_font=&#8220;Roboto|300|||||||&#8220; text_font_size=&#8220;16px&#8220; text_line_height=&#8220;1.8em&#8220; link_font=&#8220;Montserrat|700|||||||&#8220; link_text_color=&#8220;#fa546d&#8220; link_font_size=&#8220;22px&#8220; link_line_height=&#8220;1.5em&#8220; header_font=&#8220;SwissLens||||||||&#8220; header_2_font=&#8220;SwissLens|700|||||||&#8220; header_2_font_size=&#8220;40px&#8220; header_2_line_height=&#8220;1.4em&#8220; header_6_font=&#8220;Montserrat|600||on|||||&#8220; header_6_text_color=&#8220;#ffb342&#8243; header_6_font_size=&#8220;16px&#8220; header_6_letter_spacing=&#8220;2px&#8220; header_6_line_height=&#8220;1.5em&#8220; max_width_last_edited=&#8220;off|desktop&#8220; module_alignment=&#8220;left&#8220; custom_margin=&#8220;|||&#8220; custom_padding=&#8220;|||&#8220; header_2_font_size_tablet=&#8220;&#8220; header_2_font_size_phone=&#8220;24px&#8220; header_2_font_size_last_edited=&#8220;on|phone&#8220; global_colors_info=&#8220;{}&#8220;]<\/p>\n<h2>HydroColor Tint<\/h2>\n<p style=\"text-align: justify;\">Objevte sv\u011bt mo\u017enost\u00ed s technologi\u00ed HydroColor Tint, kter\u00e1 nab\u00edz\u00ed mo\u017enost obohatit va\u0161e m\u011bkk\u00e9 kontaktn\u00ed \u010do\u010dky vyroben\u00e9 na m\u00edru o barevn\u00fd n\u00e1dech.<br \/>Na\u0161e barevn\u00e1 kosmetick\u00e1 zabarven\u00ed jsou k dispozici v \u0159ad\u011b geometri\u00ed, v\u010detn\u011b \u010do\u010dek Orbis, Toris, Borelis a Torelis.<\/p>\n<p style=\"text-align: justify;\">Na\u0161e odst\u00edny se vyzna\u010duj\u00ed pr\u016fhlednost\u00ed.<br \/>Na rozd\u00edl od n\u011bkter\u00fdch barevn\u00fdch \u010do\u010dek na\u0161e zabarven\u00ed neohro\u017euj\u00ed propustnost kysl\u00edku (hodnota DK).<br \/>Zachov\u00e1vaj\u00ed si stejn\u011b vysokou hodnotu DK jako \u010dir\u00e9 kontaktn\u00ed \u010do\u010dky a up\u0159ednost\u0148uj\u00ed zdrav\u00ed a pohodl\u00ed va\u0161ich o\u010d\u00ed.<\/p>\n<p>[\/et_pb_text][\/et_pb_column_inner][\/et_pb_row_inner][et_pb_row_inner column_structure=&#8220;1_2,1_2&#8243; use_custom_gutter=&#8220;on&#8220; gutter_width=&#8220;2&#8243; _builder_version=&#8220;4.25.1&#8243; custom_margin=&#8220;0px||1px||false|false&#8220; global_colors_info=&#8220;{}&#8220;][et_pb_column_inner type=&#8220;1_2&#8243; saved_specialty_column_type=&#8220;1_2&#8243; _builder_version=&#8220;4.16&#8243; custom_padding=&#8220;|||&#8220; global_colors_info=&#8220;{}&#8220; custom_padding__hover=&#8220;|||&#8220;][et_pb_text module_class=&#8220;doc-button&#8220; _builder_version=&#8220;4.27.4&#8243; text_font=&#8220;Roboto||||||||&#8220; link_font=&#8220;||||||||&#8220; link_text_color=&#8220;#ffffff&#8220; header_4_font=&#8220;Roboto|900|||||||&#8220; header_4_font_size=&#8220;16px&#8220; background_color=&#8220;#1392B1&#8243; background_layout=&#8220;dark&#8220; custom_padding=&#8220;10px|20px|10px|20px|true|true&#8220; animation_style=&#8220;zoom&#8220; animation_delay=&#8220;300ms&#8220; animation_intensity_zoom=&#8220;20%&#8220; link_option_url=&#8220;http:\/\/www.swisslens.ch\/wp-content\/uploads\/Flyer-Hydrocolorpro_cz.pdf&#8220; link_option_url_new_window=&#8220;on&#8220; hover_enabled=&#8220;0&#8243; border_radii=&#8220;on|6px|6px|6px|6px&#8220; locked=&#8220;off&#8220; global_colors_info=&#8220;{}&#8220; sticky_enabled=&#8220;0&#8243;]<\/p>\n<div style=\"display: flex;\">\n<div style=\"margin-right: 10px;\"><img loading=\"lazy\" decoding=\"async\" src=\"\/wp-content\/uploads\/icon-tecnical-file-pdf.svg\" width=\"48\" height=\"48\" alt=\"\" class=\"wp-image-1118673 alignnone size-full\" \/><\/div>\n<div>\n<h4>Fitting guide<\/h4>\n<p>Download pdf<\/p>\n<\/div>\n<\/div>\n<p>[\/et_pb_text][\/et_pb_column_inner][et_pb_column_inner type=&#8220;1_2&#8243; saved_specialty_column_type=&#8220;1_2&#8243; _builder_version=&#8220;4.16&#8243; custom_padding=&#8220;|||&#8220; global_colors_info=&#8220;{}&#8220; custom_padding__hover=&#8220;|||&#8220;][et_pb_text module_class=&#8220;guide-button&#8220; _builder_version=&#8220;4.27.4&#8243; text_font=&#8220;Roboto||||||||&#8220; link_font=&#8220;||||||||&#8220; link_text_color=&#8220;#666666&#8243; header_4_font=&#8220;Montserrat|700|||||||&#8220; header_4_font_size=&#8220;16px&#8220; header_4_line_height=&#8220;0.9em&#8220; background_color=&#8220;#ffffff&#8220; custom_padding=&#8220;10px|20px|10px|20px|true|true&#8220; animation_style=&#8220;zoom&#8220; animation_delay=&#8220;150ms&#8220; animation_intensity_zoom=&#8220;20%&#8220; hover_enabled=&#8220;0&#8243; border_radii=&#8220;on|6px|6px|6px|6px&#8220; box_shadow_style=&#8220;preset1&#8243; box_shadow_vertical=&#8220;0px&#8220; box_shadow_blur=&#8220;40px&#8220; box_shadow_color=&#8220;rgba(0,0,0,0.1)&#8220; locked=&#8220;off&#8220; global_colors_info=&#8220;{}&#8220; disabled_on=&#8220;on|on|on&#8220; disabled=&#8220;on&#8220; sticky_enabled=&#8220;0&#8243;]<\/p>\n<div style=\"display: flex;\">\n<div style=\"margin-right: 10px;\"><img loading=\"lazy\" decoding=\"async\" src=\"\/wp-content\/uploads\/icon-fitting-guide.svg\" width=\"48\" height=\"48\" alt=\"\" class=\"wp-image-1118673 alignnone size-full\" \/><\/div>\n<div>\n<h4>Aplika\u010dn\u00ed n\u00e1vod<\/h4>\n<p><a href=\"\/?p=711&amp;wpdmdl=711&amp;masterkey=e4Ub2S0DWwfCDcrT-SGXUWKfWTjY07flvstgstC-Oft41zOt3Psjgd5h8thuuNBt3sCBbki7Sh-TLj2GQjZGpHwP3v8nQSDwyzXoFYuFzeUmpro#\">St\u00e1hnout PDF<\/a><\/p>\n<\/div>\n<\/div>\n<p>[\/et_pb_text][\/et_pb_column_inner][\/et_pb_row_inner][\/et_pb_column][\/et_pb_section][et_pb_section fb_built=&#8220;1&#8243; admin_label=&#8220;Products&#8220; _builder_version=&#8220;4.25.1&#8243; background_color=&#8220;RGBA(255,255,255,0)&#8220; custom_padding=&#8220;3.6px|0px|53.625px|0|false|false&#8220; global_colors_info=&#8220;{}&#8220;][et_pb_row _builder_version=&#8220;4.16&#8243; locked=&#8220;off&#8220; global_colors_info=&#8220;{}&#8220;][et_pb_column type=&#8220;4_4&#8243; _builder_version=&#8220;4.16&#8243; custom_padding=&#8220;|||&#8220; global_colors_info=&#8220;{}&#8220; custom_padding__hover=&#8220;|||&#8220;][et_pb_text _builder_version=&#8220;4.27.2&#8243; text_font=&#8220;&#8211;et_global_heading_font||||||||&#8220; text_font_size=&#8220;16px&#8220; text_line_height=&#8220;1.8em&#8220; link_font=&#8220;Montserrat|700|||||||&#8220; link_text_color=&#8220;#fa546d&#8220; link_font_size=&#8220;22px&#8220; link_line_height=&#8220;1.5em&#8220; header_font=&#8220;||||||||&#8220; header_2_font=&#8220;&#8211;et_global_body_font|700|||||||&#8220; header_2_font_size=&#8220;40px&#8220; header_2_line_height=&#8220;1.4em&#8220; header_6_font=&#8220;&#8211;et_global_body_font|||on|||||&#8220; header_6_text_color=&#8220;#ffb342&#8243; header_6_font_size=&#8220;16px&#8220; header_6_letter_spacing=&#8220;2px&#8220; header_6_line_height=&#8220;1.5em&#8220; text_orientation=&#8220;center&#8220; max_width=&#8220;700px&#8220; max_width_last_edited=&#8220;off|desktop&#8220; module_alignment=&#8220;center&#8220; custom_margin=&#8220;|||&#8220; custom_padding=&#8220;|||&#8220; header_2_font_size_tablet=&#8220;&#8220; header_2_font_size_phone=&#8220;24px&#8220; header_2_font_size_last_edited=&#8220;on|phone&#8220; locked=&#8220;off&#8220; global_colors_info=&#8220;{}&#8220;]<\/p>\n<h6><span class=\"ILfuVd\" lang=\"en\"><span class=\"hgKElc\" style=\"color: #404040!important;\">O produktu<\/span><\/span><\/h6>\n<h2>Informace<\/h2>\n<p>[\/et_pb_text][\/et_pb_column][\/et_pb_row][et_pb_row column_structure=&#8220;1_2,1_2&#8243; use_custom_gutter=&#8220;on&#8220; gutter_width=&#8220;2&#8243; make_equal=&#8220;on&#8220; _builder_version=&#8220;4.25.1&#8243; _module_preset=&#8220;default&#8220; custom_padding=&#8220;4px|||||&#8220; global_colors_info=&#8220;{}&#8220;][et_pb_column type=&#8220;1_2&#8243; _builder_version=&#8220;4.21.0&#8243; _module_preset=&#8220;default&#8220; global_colors_info=&#8220;{}&#8220;][et_pb_text _builder_version=&#8220;4.27.2&#8243; _module_preset=&#8220;default&#8220; text_font=&#8220;|300|||||||&#8220; text_font_size=&#8220;16px&#8220; text_line_height=&#8220;27px&#8220; background_color=&#8220;#FFFFFF&#8220; height=&#8220;100%&#8220; custom_padding=&#8220;20px|30px|20px|30px|false|false&#8220; text_letter_spacing_tablet=&#8220;&#8220; text_letter_spacing_phone=&#8220;&#8220; text_letter_spacing_last_edited=&#8220;on|desktop&#8220; border_radii=&#8220;on|20px|20px|20px|20px&#8220; box_shadow_style=&#8220;preset1&#8243; box_shadow_color=&#8220;rgba(0,0,0,0.1)&#8220; global_colors_info=&#8220;{}&#8220;]<\/p>\n<h3>Odst\u00edny Hydrocolor<\/h3>\n<p style=\"text-align: justify;\"><span>S kontaktn\u00edmi \u010do\u010dkami HydroColor Tint m\u016f\u017eete vyj\u00e1d\u0159it sv\u016fj styl a podtrhnout svou p\u0159irozenou kr\u00e1su a z\u00e1rove\u0148 si u\u017e\u00edvat stejn\u011b v\u00fdjime\u010dnou \u010distotu a pohodl\u00ed, jak\u00e9 o\u010dek\u00e1v\u00e1te od na\u0161ich kontaktn\u00edch \u010do\u010dek.<br \/>Prozkoumejte mo\u017enosti a ud\u011blejte dojem s t\u00f3novac\u00edmi barvami HydroColor je\u0161t\u011b dnes. <\/span><span><\/span><\/p>\n<p style=\"text-align: justify;\"><span><\/span><\/p>\n<div class=\"elementor-element elementor-element-3c00da1 elementor-widget elementor-widget-heading\" data-id=\"3c00da1\" data-element_type=\"widget\" data-widget_type=\"heading.default\">\n<div class=\"elementor-widget-container\">\n<h3 class=\"elementor-heading-title elementor-size-default\">Doporu\u010den\u00ed pro aplikaci<\/h3>\n<\/div>\n<\/div>\n<div class=\"elementor-element elementor-element-a6dc3a0 elementor-widget elementor-widget-text-editor\" data-id=\"a6dc3a0\" data-element_type=\"widget\" data-widget_type=\"text-editor.default\">\n<div class=\"elementor-widget-container\">\n<div class=\"elementor-text-editor elementor-clearfix\">\n<p>Pou\u017eijte stejnou radu pro porovn\u00e1v\u00e1n\u00ed geometrie.<br \/>D\u016frazn\u011b doporu\u010dujeme nejprve pou\u017e\u00edt \u010dir\u00e9 zku\u0161ebn\u00ed \u010do\u010dky.<\/p>\n<h3>Jak vy\u010distit za\u0159\u00edzen\u00ed HydroColor ?<\/h3>\n<p>Aby nedo\u0161lo k po\u0161kozen\u00ed barvy, zejm\u00e9na k jej\u00edmu vyblednut\u00ed, pou\u017e\u00edvejte pouze doporu\u010den\u00fd roztok.<br \/>Acuacare one step-T je testovan\u00fd a optim\u00e1ln\u011b kompatibiln\u00ed.<\/p>\n<p>Pozor!<br \/>Nepou\u017e\u00edvejte \u017e\u00e1dn\u00fd syst\u00e9m p\u00e9\u010de, kter\u00fd obsahuje EDTA.<\/p>\n<p><a href=\"https:\/\/www.swisslens.ch\/care\/\">Zde najdete kompatibiln\u00ed \u0159e\u0161en\u00ed p\u00e9\u010de.<\/a><\/p>\n<\/div>\n<\/div>\n<\/div>\n<p>[\/et_pb_text][\/et_pb_column][et_pb_column type=&#8220;1_2&#8243; _builder_version=&#8220;4.21.0&#8243; _module_preset=&#8220;default&#8220; global_colors_info=&#8220;{}&#8220;][et_pb_text _builder_version=&#8220;4.27.2&#8243; _module_preset=&#8220;default&#8220; text_font=&#8220;|600|||||||&#8220; background_color=&#8220;#FFFFFF&#8220; custom_padding=&#8220;20px|30px|20px|30px|false|false&#8220; border_radii=&#8220;on|20px|20px|20px|20px&#8220; box_shadow_style=&#8220;preset1&#8243; box_shadow_color=&#8220;rgba(0,0,0,0.1)&#8220; global_colors_info=&#8220;{}&#8220;]<\/p>\n<h3>Parametry<\/h3>\n<div class=\"table-block\">\n<table border=\"1\" style=\"height: 192px; width: 100%; border-collapse: collapse; border-style: hidden;\">\n<tbody>\n<tr style=\"height: 24px;\">\n<td style=\"width: 50%; text-align: left; height: 24px;\">Celkov\u00fd pr\u016fm\u011br (mm)<\/td>\n<td style=\"width: 50%; height: 24px; text-align: left;\">12,00 a\u017e 15,00 (0,01)<\/td>\n<\/tr>\n<tr style=\"height: 24px;\">\n<td style=\"width: 50%; height: 24px;\">Zak\u0159iven\u00ed (mm)<\/td>\n<td style=\"width: 50%; height: 24px; text-align: left;\">7,00 a\u017e 12,00 (0,01)<\/td>\n<\/tr>\n<tr style=\"height: 24px;\">\n<td style=\"width: 50%; height: 24px;\">Sf\u00e9ra (D)<\/td>\n<td style=\"width: 50%; height: 24px; text-align: left;\">-40.00 a\u017e +40.00 (0.01)<\/td>\n<\/tr>\n<tr style=\"height: 24px;\">\n<td style=\"width: 50%; height: 24px;\">Cylindr (D)<\/td>\n<td style=\"width: 50%; height: 24px; text-align: left;\">-0,25 a\u017e -8,00 (0,01)<\/td>\n<\/tr>\n<tr style=\"height: 24px;\">\n<td style=\"width: 50%; height: 24px;\">Osa<span>(\u00b0)<\/span><\/td>\n<td style=\"width: 50%; height: 24px; text-align: left;\">0 a\u017e 180 (1)<\/td>\n<\/tr>\n<tr style=\"height: 24px;\">\n<td style=\"width: 50%; height: 24px;\">Adice (D)<\/td>\n<td style=\"width: 50%; height: 24px; text-align: left;\">+0,50 a\u017e +4,00 (0,01)<\/td>\n<\/tr>\n<tr style=\"height: 24px;\">\n<td style=\"width: 50%; height: 24px;\">Centr\u00e1ln\u00ed optick\u00e1 z\u00f3na (mm)<\/td>\n<td style=\"width: 50%; height: 24px; text-align: left;\">1,00 a\u017e 5,50 (0,01)<\/td>\n<\/tr>\n<tr style=\"height: 24px;\">\n<td style=\"width: 50%; height: 24px;\">Flattening<\/td>\n<td style=\"width: 50%; height: 24px; text-align: left;\"><span data-teams=\"true\">Mono \/ (-) \/ (+) \/ TG<\/span><\/td>\n<\/tr>\n<tr>\n<td style=\"width: 50%;\">Frekvence v\u00fdm\u011bny<\/td>\n<td style=\"width: 50%; text-align: left;\">6 a 12 m\u011bs\u00edc\u016f<\/td>\n<\/tr>\n<\/tbody>\n<\/table>\n<\/div>\n<p>[\/et_pb_text][et_pb_text _builder_version=&#8220;4.27.2&#8243; _dynamic_attributes=&#8220;link_option_url&#8220; _module_preset=&#8220;default&#8220; text_font=&#8220;|300|||||||&#8220; text_font_size=&#8220;16px&#8220; text_line_height=&#8220;27px&#8220; background_color=&#8220;#FFFFFF&#8220; position_origin_a=&#8220;bottom_center&#8220; position_origin_r=&#8220;bottom_right&#8220; width=&#8220;100%&#8220; custom_margin=&#8220;30px||||false|false&#8220; custom_margin_tablet=&#8220;30px||||false|false&#8220; custom_margin_phone=&#8220;80px||||false|false&#8220; custom_margin_last_edited=&#8220;on|phone&#8220; custom_padding=&#8220;20px|30px|20px|30px|false|false&#8220; link_option_url=&#8220;@ET-DC@eyJkeW5hbWljIjp0cnVlLCJjb250ZW50IjoicG9zdF9saW5rX3VybF9wYWdlIiwic2V0dGluZ3MiOnsicG9zdF9pZCI6IjY4In19@&#8220; border_radii=&#8220;on|20px|20px|20px|20px&#8220; box_shadow_style=&#8220;preset1&#8243; box_shadow_color=&#8220;rgba(0,0,0,0.1)&#8220; global_colors_info=&#8220;{}&#8220;]<\/p>\n<h3>Materi\u00e1ly<\/h3>\n<p style=\"text-align: justify;\"><span>Barvy HydroColor jsou k dispozici ve dvou materi\u00e1lech Contaflex 67 a Definitive 74, tak\u017ee si m\u016f\u017eete svobodn\u011b vybrat dokonalou kombinaci stylu, pohodl\u00ed a pr\u016fhlednosti podle sv\u00fdch jedine\u010dn\u00fdch preferenc\u00ed.<\/p>\n<p><\/span><\/p>\n<h6 style=\"text-align: justify;\">Zobrazit v\u00edce <img decoding=\"async\" style=\"position: relative; top: 3px;\" src=\"http:\/\/www.swisslens.ch\/wp-content\/uploads\/teenyicons_arrow-up-solid.svg\" \/><\/h6>\n<p>[\/et_pb_text][\/et_pb_column][\/et_pb_row][\/et_pb_section]<\/p>\n","protected":false},"excerpt":{"rendered":"<p>HydroColor Tint Objevte sv\u011bt mo\u017enost\u00ed s technologi\u00ed HydroColor Tint, kter\u00e1 nab\u00edz\u00ed mo\u017enost obohatit va\u0161e m\u011bkk\u00e9 kontaktn\u00ed \u010do\u010dky vyroben\u00e9 na m\u00edru o barevn\u00fd n\u00e1dech.Na\u0161e barevn\u00e1 kosmetick\u00e1 zabarven\u00ed jsou k dispozici v [&hellip;]<\/p>\n","protected":false},"author":1,"featured_media":0,"parent":0,"menu_order":907,"comment_status":"closed","ping_status":"closed","template":"","meta":{"_et_pb_use_builder":"on","_et_pb_old_content":"","_et_gb_content_width":"","_price":"","_stock":"","_tribe_ticket_header":"","_tribe_default_ticket_provider":"","_tribe_ticket_capacity":"0","_ticket_start_date":"","_ticket_end_date":"","_tribe_ticket_show_description":"","_tribe_ticket_show_not_going":false,"_tribe_ticket_use_global_stock":"","_tribe_ticket_global_stock_level":"","_global_stock_mode":"","_global_stock_cap":"","_tribe_rsvp_for_event":"","_tribe_ticket_going_count":"","_tribe_ticket_not_going_count":"","_tribe_tickets_list":"[]","_tribe_ticket_has_attendee_info_fields":false,"footnotes":""},"class_list":["post-1115295","page","type-page","status-publish","hentry"],"_links":{"self":[{"href":"https:\/\/www.swisslens.ch\/cz\/wp-json\/wp\/v2\/pages\/1115295","targetHints":{"allow":["GET"]}}],"collection":[{"href":"https:\/\/www.swisslens.ch\/cz\/wp-json\/wp\/v2\/pages"}],"about":[{"href":"https:\/\/www.swisslens.ch\/cz\/wp-json\/wp\/v2\/types\/page"}],"author":[{"embeddable":true,"href":"https:\/\/www.swisslens.ch\/cz\/wp-json\/wp\/v2\/users\/1"}],"replies":[{"embeddable":true,"href":"https:\/\/www.swisslens.ch\/cz\/wp-json\/wp\/v2\/comments?post=1115295"}],"version-history":[{"count":24,"href":"https:\/\/www.swisslens.ch\/cz\/wp-json\/wp\/v2\/pages\/1115295\/revisions"}],"predecessor-version":[{"id":1166429,"href":"https:\/\/www.swisslens.ch\/cz\/wp-json\/wp\/v2\/pages\/1115295\/revisions\/1166429"}],"wp:attachment":[{"href":"https:\/\/www.swisslens.ch\/cz\/wp-json\/wp\/v2\/media?parent=1115295"}],"curies":[{"name":"wp","href":"https:\/\/api.w.org\/{rel}","templated":true}]}}