{"id":1115239,"date":"2022-08-25T17:56:26","date_gmt":"2022-08-25T15:56:26","guid":{"rendered":"https:\/\/www.swisslens.ch\/barevne-kontaktni-cocky\/"},"modified":"2025-08-23T19:51:15","modified_gmt":"2025-08-23T17:51:15","slug":"barevne-kontaktni-cocky","status":"publish","type":"page","link":"https:\/\/www.swisslens.ch\/cz\/barevne-kontaktni-cocky\/","title":{"rendered":"Barevn\u00e9 kontaktn\u00ed \u010do\u010dky"},"content":{"rendered":"<p>[et_pb_section fb_built=&#8220;1&#8243; specialty=&#8220;on&#8220; padding_bottom_2=&#8220;40px&#8220; admin_label=&#8220;Services&#8220; _builder_version=&#8220;4.27.2&#8243; background_color=&#8220;RGBA(255,255,255,0)&#8220; custom_padding=&#8220;54px|0px|0px|0|false|false&#8220; bottom_divider_height=&#8220;50px&#8220; bottom_divider_arrangement=&#8220;above_content&#8220; custom_css_free_form=&#8220;@media(min-width:1600px){||  footer{||  position: absolute;||    bottom: 0;||    width: 100%;||}||}&#8220; global_colors_info=&#8220;{}&#8220;][et_pb_column type=&#8220;1_2&#8243; _builder_version=&#8220;4.16&#8243; custom_padding=&#8220;|||&#8220; global_colors_info=&#8220;{}&#8220; custom_padding__hover=&#8220;|||&#8220;][et_pb_image src=&#8220;https:\/\/www.swisslens.ch\/wp-content\/uploads\/Illustration-HydroColor-coloree.png&#8220; title_text=&#8220;Ilustrace HydroColor &#8211; color\u00e9e&#8220; show_bottom_space=&#8220;off&#8220; align_tablet=&#8220;center&#8220; align_phone=&#8220;&#8220; align_last_edited=&#8220;on|desktop&#8220; disabled_on=&#8220;off|off|off&#8220; _builder_version=&#8220;4.27.4&#8243; parallax=&#8220;on&#8220; background_blend=&#8220;hard-light&#8220; width=&#8220;100%&#8220; max_width=&#8220;100%&#8220; module_alignment=&#8220;left&#8220; min_height_tablet=&#8220;&#8220; min_height_phone=&#8220;&#8220; min_height_last_edited=&#8220;on|phone&#8220; height=&#8220;370px&#8220; height_tablet=&#8220;370px&#8220; height_phone=&#8220;239px&#8220; height_last_edited=&#8220;on|phone&#8220; max_height=&#8220;370px&#8220; custom_margin=&#8220;-2px|||-3px|false|false&#8220; animation_style=&#8220;slide&#8220; animation_direction=&#8220;right&#8220; animation_intensity_slide=&#8220;2%&#8220; global_colors_info=&#8220;{}&#8220;][\/et_pb_image][\/et_pb_column][et_pb_column type=&#8220;1_2&#8243; specialty_columns=&#8220;2&#8243; _builder_version=&#8220;4.16&#8243; custom_padding=&#8220;|||&#8220; global_colors_info=&#8220;{}&#8220; custom_padding__hover=&#8220;|||&#8220;][et_pb_row_inner _builder_version=&#8220;4.27.2&#8243; custom_padding=&#8220;4px|0px|0px|0px|false|false&#8220; global_colors_info=&#8220;{}&#8220;][et_pb_column_inner saved_specialty_column_type=&#8220;1_2&#8243; _builder_version=&#8220;4.16&#8243; custom_padding=&#8220;|||&#8220; global_colors_info=&#8220;{}&#8220; custom_padding__hover=&#8220;|||&#8220;][et_pb_text _builder_version=&#8220;4.25.1&#8243; text_font=&#8220;Roboto|300|||||||&#8220; text_font_size=&#8220;16px&#8220; text_line_height=&#8220;1.8em&#8220; link_font=&#8220;Montserrat|700|||||||&#8220; link_text_color=&#8220;#fa546d&#8220; link_font_size=&#8220;22px&#8220; link_line_height=&#8220;1.5em&#8220; header_font=&#8220;||||||||&#8220; header_2_font=&#8220;Roboto|700|||||||&#8220; header_2_font_size=&#8220;40px&#8220; header_2_line_height=&#8220;1.4em&#8220; header_6_font=&#8220;Montserrat|600||on|||||&#8220; header_6_text_color=&#8220;#ffb342&#8243; header_6_font_size=&#8220;16px&#8220; header_6_letter_spacing=&#8220;2px&#8220; header_6_line_height=&#8220;1.5em&#8220; max_width_last_edited=&#8220;off|desktop&#8220; module_alignment=&#8220;left&#8220; custom_margin=&#8220;||-3px|||&#8220; custom_padding=&#8220;||0px|||&#8220; header_2_font_size_tablet=&#8220;&#8220; header_2_font_size_phone=&#8220;24px&#8220; header_2_font_size_last_edited=&#8220;on|phone&#8220; global_colors_info=&#8220;{}&#8220;]<\/p>\n<h2 style=\"text-align: left;\">Barevn\u00e9 kontaktn\u00ed \u010do\u010dky<\/h2>\n<p style=\"text-align: justify;\">P\u0159edstavujeme HydroColor, na\u0161i exkluzivn\u00ed \u0159adu barevn\u00fdch kontaktn\u00edch \u010do\u010dek vyr\u00e1b\u011bn\u00fdch na zak\u00e1zku, kter\u00e1 je charakteristick\u00fdm znakem \u0159emesln\u00e9ho zpracov\u00e1n\u00ed SwissLens. \u010co\u010dky HydroColor jsou navr\u017eeny tak, aby nab\u00edzely maxim\u00e1ln\u00ed estetiku a pohodl\u00ed, a jsou dokonalou volbou pro ty, kte\u0159\u00ed hledaj\u00ed individu\u00e1ln\u00ed a v\u00fdrazn\u00fd pohled.<\/p>\n<p style=\"text-align: justify;\">Tyto \u00fa\u017easn\u00e9 barvy jsou bezprobl\u00e9mov\u011b integrov\u00e1ny do r\u016fzn\u00fdch typ\u016f kontaktn\u00edch \u010do\u010dek, v\u010detn\u011b \u010do\u010dek Orbis, Toris, Borelis and Torelis. Pozoruhodn\u00e9 na \u010do\u010dk\u00e1ch HydroColor je jejich neochv\u011bjn\u00e1 snaha o zachov\u00e1n\u00ed nejvy\u0161\u0161\u00ed hodnoty DK, kter\u00e1 se podob\u00e1 hodnot\u011b \u010dir\u00fdch kontaktn\u00edch \u010do\u010dek. M\u016f\u017eete se t\u011b\u0161it z kr\u00e1sy \u017eiv\u00fdch barev, ani\u017e byste museli sni\u017eovat z\u00e1kladn\u00ed propustnost kysl\u00edku pot\u0159ebnou pro zdrav\u00ed o\u010d\u00ed.<\/p>\n<p>[\/et_pb_text][\/et_pb_column_inner][\/et_pb_row_inner][\/et_pb_column][\/et_pb_section][et_pb_section fb_built=&#8220;1&#8243; disabled_on=&#8220;on|on|on&#8220; admin_label=&#8220;Products&#8220; _builder_version=&#8220;4.25.1&#8243; background_color=&#8220;RGBA(255,255,255,0)&#8220; custom_padding=&#8220;0px|0px|8.6px|0|false|false&#8220; disabled=&#8220;on&#8220; global_colors_info=&#8220;{}&#8220;][et_pb_row _builder_version=&#8220;4.16&#8243; locked=&#8220;off&#8220; global_colors_info=&#8220;{}&#8220;][et_pb_column type=&#8220;4_4&#8243; _builder_version=&#8220;4.16&#8243; custom_padding=&#8220;|||&#8220; global_colors_info=&#8220;{}&#8220; custom_padding__hover=&#8220;|||&#8220;][et_pb_text _builder_version=&#8220;4.21.0&#8243; text_font=&#8220;Montserrat||||||||&#8220; text_font_size=&#8220;16px&#8220; text_line_height=&#8220;1.8em&#8220; link_font=&#8220;Montserrat|700|||||||&#8220; link_text_color=&#8220;#fa546d&#8220; link_font_size=&#8220;22px&#8220; link_line_height=&#8220;1.5em&#8220; header_font=&#8220;||||||||&#8220; header_2_font=&#8220;Montserrat|700|||||||&#8220; header_2_font_size=&#8220;40px&#8220; header_2_line_height=&#8220;1.4em&#8220; header_6_font=&#8220;Montserrat|600||on|||||&#8220; header_6_text_color=&#8220;#ffb342&#8243; header_6_font_size=&#8220;16px&#8220; header_6_letter_spacing=&#8220;2px&#8220; header_6_line_height=&#8220;1.5em&#8220; text_orientation=&#8220;center&#8220; max_width=&#8220;700px&#8220; max_width_last_edited=&#8220;off|desktop&#8220; module_alignment=&#8220;center&#8220; custom_margin=&#8220;|||&#8220; custom_padding=&#8220;|||&#8220; header_2_font_size_tablet=&#8220;&#8220; header_2_font_size_phone=&#8220;24px&#8220; header_2_font_size_last_edited=&#8220;on|phone&#8220; locked=&#8220;off&#8220; global_colors_info=&#8220;{}&#8220;]<\/p>\n<h6><span class=\"ILfuVd\" lang=\"en\"><span class=\"hgKElc\" style=\"color:#000!important;\">O produktu<\/span><\/span><\/h6>\n<h2>Informace<\/h2>\n<p>[\/et_pb_text][\/et_pb_column][\/et_pb_row][\/et_pb_section][et_pb_section fb_built=&#8220;1&#8243; _builder_version=&#8220;4.27.4&#8243; _module_preset=&#8220;default&#8220; background_color=&#8220;rgba(206,206,206,0)&#8220; min_height=&#8220;0px&#8220; locked=&#8220;off&#8220; global_colors_info=&#8220;{}&#8220;][et_pb_row column_structure=&#8220;1_4,1_4,1_4,1_4&#8243; _builder_version=&#8220;4.27.4&#8243; _module_preset=&#8220;default&#8220; width=&#8220;1300px&#8220; max_width=&#8220;100%&#8220; max_width_tablet=&#8220;100%&#8220; max_width_phone=&#8220;100%&#8220; max_width_last_edited=&#8220;on|desktop&#8220; global_colors_info=&#8220;{}&#8220;][et_pb_column type=&#8220;1_4&#8243; _builder_version=&#8220;4.27.4&#8243; _module_preset=&#8220;default&#8220; global_colors_info=&#8220;{}&#8220;][et_pb_button button_url=&#8220;\/cz\/hydrocolor-tints\/&#8220; button_text=&#8220;HydroColor Tint&#8220; module_class=&#8220;color-button&#8220; _builder_version=&#8220;4.27.4&#8243; _module_preset=&#8220;default&#8220; custom_css_free_form=&#8220;.color-button {||      font-family: &#8218;SwissLens&#8216;, Helvetica, Arial, Lucida, sans-serif !important;||    font-weight: 700;||||  text-align: center;||    font-weight: bold;||  color: #1392B0;||  background-color: #f1f3f5;||  border-radius: 10px;||  box-shadow: 0 4px 10px rgba(0, 150, 199, 0.15);||  text-decoration: none;||  transition: all 0.3s ease;||  position: relative;||  width:100%;||}||||.color-button::after {||display:none;||}||||.color-button:hover {||  background-color: #0096c7;||  box-shadow: 0 8px 20px rgba(0, 150, 199, 0.3);||    padding-left:20px !important;||       padding-right:20px !important;||       padding-top:0px !important;||       padding-bottom:10px !important;||}||||.color-button:hover::after {||  transform: translateX(0px) !important;||||}||&#8220; global_colors_info=&#8220;{}&#8220;][\/et_pb_button][\/et_pb_column][et_pb_column type=&#8220;1_4&#8243; _builder_version=&#8220;4.27.4&#8243; _module_preset=&#8220;default&#8220; global_colors_info=&#8220;{}&#8220;][et_pb_button button_url=&#8220;\/cz\/hydrocolor-intense&#8220; button_text=&#8220;HydroColor Intense&#8220; admin_label=&#8220;Button&#8220; module_class=&#8220;color-button&#8220; _builder_version=&#8220;4.27.4&#8243; _module_preset=&#8220;default&#8220; custom_button=&#8220;on&#8220; button_text_size=&#8220;19px&#8220; global_colors_info=&#8220;{}&#8220;][\/et_pb_button][\/et_pb_column][et_pb_column type=&#8220;1_4&#8243; _builder_version=&#8220;4.27.4&#8243; _module_preset=&#8220;default&#8220; global_colors_info=&#8220;{}&#8220;][et_pb_button button_url=&#8220;\/cz\/hydrocolor-filter\/&#8220; button_text=&#8220;HydroColor Filter&#8220; module_class=&#8220;color-button&#8220; _builder_version=&#8220;4.27.4&#8243; _module_preset=&#8220;default&#8220; global_colors_info=&#8220;{}&#8220;][\/et_pb_button][\/et_pb_column][et_pb_column type=&#8220;1_4&#8243; _builder_version=&#8220;4.27.4&#8243; _module_preset=&#8220;default&#8220; global_colors_info=&#8220;{}&#8220;][et_pb_button button_url=&#8220;\/cz\/hydrocolor-prosthetic\/&#8220; button_text=&#8220;HydroColor Pro&#8220; module_class=&#8220;color-button&#8220; _builder_version=&#8220;4.27.4&#8243; _module_preset=&#8220;default&#8220; custom_css_free_form=&#8220;||&#8220; global_colors_info=&#8220;{}&#8220;][\/et_pb_button][\/et_pb_column][\/et_pb_row][\/et_pb_section]<\/p>\n","protected":false},"excerpt":{"rendered":"<p>Barevn\u00e9 kontaktn\u00ed \u010do\u010dky P\u0159edstavujeme HydroColor, na\u0161i exkluzivn\u00ed \u0159adu barevn\u00fdch kontaktn\u00edch \u010do\u010dek vyr\u00e1b\u011bn\u00fdch na zak\u00e1zku, kter\u00e1 je charakteristick\u00fdm znakem \u0159emesln\u00e9ho zpracov\u00e1n\u00ed SwissLens. \u010co\u010dky HydroColor jsou navr\u017eeny tak, aby nab\u00edzely maxim\u00e1ln\u00ed estetiku [&hellip;]<\/p>\n","protected":false},"author":1,"featured_media":0,"parent":0,"menu_order":216,"comment_status":"closed","ping_status":"closed","template":"","meta":{"_et_pb_use_builder":"on","_et_pb_old_content":"","_et_gb_content_width":"","_price":"","_stock":"","_tribe_ticket_header":"","_tribe_default_ticket_provider":"","_tribe_ticket_capacity":"0","_ticket_start_date":"","_ticket_end_date":"","_tribe_ticket_show_description":"","_tribe_ticket_show_not_going":false,"_tribe_ticket_use_global_stock":"","_tribe_ticket_global_stock_level":"","_global_stock_mode":"","_global_stock_cap":"","_tribe_rsvp_for_event":"","_tribe_ticket_going_count":"","_tribe_ticket_not_going_count":"","_tribe_tickets_list":"[]","_tribe_ticket_has_attendee_info_fields":false,"footnotes":""},"class_list":["post-1115239","page","type-page","status-publish","hentry"],"_links":{"self":[{"href":"https:\/\/www.swisslens.ch\/cz\/wp-json\/wp\/v2\/pages\/1115239","targetHints":{"allow":["GET"]}}],"collection":[{"href":"https:\/\/www.swisslens.ch\/cz\/wp-json\/wp\/v2\/pages"}],"about":[{"href":"https:\/\/www.swisslens.ch\/cz\/wp-json\/wp\/v2\/types\/page"}],"author":[{"embeddable":true,"href":"https:\/\/www.swisslens.ch\/cz\/wp-json\/wp\/v2\/users\/1"}],"replies":[{"embeddable":true,"href":"https:\/\/www.swisslens.ch\/cz\/wp-json\/wp\/v2\/comments?post=1115239"}],"version-history":[{"count":37,"href":"https:\/\/www.swisslens.ch\/cz\/wp-json\/wp\/v2\/pages\/1115239\/revisions"}],"predecessor-version":[{"id":1162695,"href":"https:\/\/www.swisslens.ch\/cz\/wp-json\/wp\/v2\/pages\/1115239\/revisions\/1162695"}],"wp:attachment":[{"href":"https:\/\/www.swisslens.ch\/cz\/wp-json\/wp\/v2\/media?parent=1115239"}],"curies":[{"name":"wp","href":"https:\/\/api.w.org\/{rel}","templated":true}]}}