{"id":1115203,"date":"2022-08-25T17:52:48","date_gmt":"2022-08-25T15:52:48","guid":{"rendered":"https:\/\/www.swisslens.ch\/rizeni-kratkozrakosti\/"},"modified":"2025-04-28T13:56:29","modified_gmt":"2025-04-28T11:56:29","slug":"rizeni-kratkozrakosti","status":"publish","type":"page","link":"https:\/\/www.swisslens.ch\/cz\/rizeni-kratkozrakosti\/","title":{"rendered":"\u0158\u00edzen\u00ed kr\u00e1tkozrakosti"},"content":{"rendered":"[et_pb_section admin_label=&#8220;section&#8220;]\n\t\t\t[et_pb_row admin_label=&#8220;row&#8220;]\n\t\t\t\t[et_pb_column type=&#8220;4_4&#8243;][et_pb_text admin_label=&#8220;Text&#8220;][\/et_pb_text][\/et_pb_column]\n\t\t\t[\/et_pb_row]\n\t\t[\/et_pb_section]","protected":false},"excerpt":{"rendered":"","protected":false},"author":1,"featured_media":0,"parent":0,"menu_order":210,"comment_status":"closed","ping_status":"closed","template":"","meta":{"_et_pb_use_builder":"on","_et_pb_old_content":"<!-- wp:divi\/placeholder \/-->","_et_gb_content_width":"","_price":"","_stock":"","_tribe_ticket_header":"","_tribe_default_ticket_provider":"","_tribe_ticket_capacity":"0","_ticket_start_date":"","_ticket_end_date":"","_tribe_ticket_show_description":"","_tribe_ticket_show_not_going":false,"_tribe_ticket_use_global_stock":"","_tribe_ticket_global_stock_level":"","_global_stock_mode":"","_global_stock_cap":"","_tribe_rsvp_for_event":"","_tribe_ticket_going_count":"","_tribe_ticket_not_going_count":"","_tribe_tickets_list":"[]","_tribe_ticket_has_attendee_info_fields":false,"footnotes":""},"class_list":["post-1115203","page","type-page","status-publish","hentry"],"_links":{"self":[{"href":"https:\/\/www.swisslens.ch\/cz\/wp-json\/wp\/v2\/pages\/1115203","targetHints":{"allow":["GET"]}}],"collection":[{"href":"https:\/\/www.swisslens.ch\/cz\/wp-json\/wp\/v2\/pages"}],"about":[{"href":"https:\/\/www.swisslens.ch\/cz\/wp-json\/wp\/v2\/types\/page"}],"author":[{"embeddable":true,"href":"https:\/\/www.swisslens.ch\/cz\/wp-json\/wp\/v2\/users\/1"}],"replies":[{"embeddable":true,"href":"https:\/\/www.swisslens.ch\/cz\/wp-json\/wp\/v2\/comments?post=1115203"}],"version-history":[{"count":1,"href":"https:\/\/www.swisslens.ch\/cz\/wp-json\/wp\/v2\/pages\/1115203\/revisions"}],"predecessor-version":[{"id":1152557,"href":"https:\/\/www.swisslens.ch\/cz\/wp-json\/wp\/v2\/pages\/1115203\/revisions\/1152557"}],"wp:attachment":[{"href":"https:\/\/www.swisslens.ch\/cz\/wp-json\/wp\/v2\/media?parent=1115203"}],"curies":[{"name":"wp","href":"https:\/\/api.w.org\/{rel}","templated":true}]}}