{"id":1115178,"date":"2022-08-25T17:46:27","date_gmt":"2022-08-25T15:46:27","guid":{"rendered":"https:\/\/www.swisslens.ch\/akademie\/"},"modified":"2025-01-07T16:06:07","modified_gmt":"2025-01-07T15:06:07","slug":"akademie","status":"publish","type":"page","link":"https:\/\/www.swisslens.ch\/cz\/akademie\/","title":{"rendered":"Akademie"},"content":{"rendered":"<p>[et_pb_section fb_built=&#8220;1&#8243; custom_padding_last_edited=&#8220;on|tablet&#8220; admin_label=&#8220;Hero&#8220; _builder_version=&#8220;4.27.2&#8243; background_color=&#8220;RGBA(255,255,255,0)&#8220; background_enable_image=&#8220;off&#8220; custom_margin_tablet=&#8220;&#8220; custom_margin_phone=&#8220;&#8220; custom_margin_last_edited=&#8220;on|desktop&#8220; custom_padding=&#8220;50px|0px|30px|0px|false|false&#8220; custom_padding_tablet=&#8220;50px||50px||true&#8220; custom_padding_phone=&#8220;|||&#8220; bottom_divider_height=&#8220;50px&#8220; bottom_divider_flip=&#8220;horizontal&#8220; bottom_divider_height_tablet=&#8220;90px&#8220; bottom_divider_height_phone=&#8220;80px&#8220; hover_enabled=&#8220;0&#8243; global_colors_info=&#8220;{}&#8220; sticky_enabled=&#8220;0&#8243;][et_pb_row column_structure=&#8220;3_5,2_5&#8243; use_custom_gutter=&#8220;on&#8220; gutter_width=&#8220;2&#8243; _builder_version=&#8220;4.27.2&#8243; _module_preset=&#8220;default&#8220; width=&#8220;100%&#8220; max_width=&#8220;1200px&#8220; custom_margin=&#8220;0px||||false|true&#8220; custom_margin_tablet=&#8220;0px||||false|true&#8220; custom_margin_phone=&#8220;10px|10px|10px|10px|true|true&#8220; custom_margin_last_edited=&#8220;on|phone&#8220; custom_padding=&#8220;0px|10px|0px|10px|true|true&#8220; hover_enabled=&#8220;0&#8243; custom_css_free_form=&#8220;.et_pb_column .et_pb_text {||  border-radius:20px !important;||        box-shadow: 0px 0px 10px #0000000a;||}||&#8220; global_colors_info=&#8220;{}&#8220; sticky_enabled=&#8220;0&#8243;][et_pb_column type=&#8220;3_5&#8243; _builder_version=&#8220;4.27.2&#8243; _module_preset=&#8220;default&#8220; background_color=&#8220;RGBA(255,255,255,0)&#8220; custom_padding=&#8220;0px|0px|0px|0px|true|true&#8220; custom_padding_tablet=&#8220;0px|0px|0px|0px|true|true&#8220; custom_padding_phone=&#8220;0px|0px|0px|0px|true|true&#8220; custom_padding_last_edited=&#8220;on|phone&#8220; animation_style=&#8220;fade&#8220; background_last_edited=&#8220;on|phone&#8220; border_radii=&#8220;on|20px|20px|20px|20px&#8220; box_shadow_style=&#8220;preset1&#8243; box_shadow_vertical=&#8220;0px&#8220; box_shadow_blur=&#8220;20px&#8220; box_shadow_color=&#8220;rgba(10,10,10,0.1)&#8220; box_shadow_spread_tablet=&#8220;&#8220; box_shadow_spread_phone=&#8220;&#8220; box_shadow_spread_last_edited=&#8220;on|desktop&#8220; global_colors_info=&#8220;{}&#8220; background__hover_enabled=&#8220;on|desktop&#8220;][et_pb_text _builder_version=&#8220;4.27.2&#8243; _dynamic_attributes=&#8220;link_option_url&#8220; text_font=&#8220;SwissLens|300|||||||&#8220; text_font_size=&#8220;20px&#8220; link_font=&#8220;||||||||&#8220; link_text_color=&#8220;#666666&#8243; header_font=&#8220;Roboto|600|||||||&#8220; header_font_size=&#8220;26px&#8220; header_4_font=&#8220;Montserrat|700|||||||&#8220; header_4_font_size=&#8220;16px&#8220; header_4_line_height=&#8220;1.5em&#8220; background_color=&#8220;#ffffff&#8220; background_image=&#8220;https:\/\/www.swisslens.ch\/wp-content\/uploads\/Group-1.png&#8220; background_size=&#8220;custom&#8220; background_image_width=&#8220;35%&#8220; background_position=&#8220;bottom_center&#8220; background_vertical_offset=&#8220;24%&#8220; background_blend=&#8220;multiply&#8220; width=&#8220;100%&#8220; max_width=&#8220;100%&#8220; min_height=&#8220;400px&#8220; min_height_tablet=&#8220;400px&#8220; min_height_phone=&#8220;300px&#8220; min_height_last_edited=&#8220;on|phone&#8220; custom_margin=&#8220;0px|0px|0px|0px|true|true&#8220; custom_padding=&#8220;40px|40px|20px|40px|false|true&#8220; hover_transition_duration=&#8220;0ms&#8220; link_option_url=&#8220;@ET-DC@eyJkeW5hbWljIjp0cnVlLCJjb250ZW50IjoicG9zdF9saW5rX3VybF9wYWdlIiwic2V0dGluZ3MiOnsicG9zdF9pZCI6IjIwOCJ9fQ==@&#8220; hover_enabled=&#8220;0&#8243; background_last_edited=&#8220;off|desktop&#8220; border_radii=&#8220;on|20px|20px|20px|20px&#8220; locked=&#8220;off&#8220; global_colors_info=&#8220;{}&#8220; background__hover_enabled=&#8220;on|desktop&#8220; sticky_enabled=&#8220;0&#8243;]<\/p>\n<h1>Webov\u00e9 semin\u00e1\u0159e<\/h1>\n<p><span>Posilte svou praxi, zvy\u0161te svou odbornost<\/span><\/p>\n<p>[\/et_pb_text][\/et_pb_column][et_pb_column type=&#8220;2_5&#8243; _builder_version=&#8220;4.27.2&#8243; _module_preset=&#8220;default&#8220; custom_padding=&#8220;0px|0px|0px|0px|true|true&#8220; animation_style=&#8220;fade&#8220; border_radii=&#8220;on|20px|20px|20px|20px&#8220; box_shadow_style=&#8220;preset1&#8243; box_shadow_vertical=&#8220;0px&#8220; box_shadow_blur=&#8220;20px&#8220; box_shadow_color=&#8220;rgba(10,10,10,0.1)&#8220; global_colors_info=&#8220;{}&#8220;][et_pb_text _builder_version=&#8220;4.27.2&#8243; text_font=&#8220;&#8211;et_global_body_font|300|||||||&#8220; text_text_color=&#8220;#404040&#8243; text_font_size=&#8220;20px&#8220; link_font=&#8220;||||||||&#8220; link_text_color=&#8220;#666666&#8243; header_font=&#8220;SwissLens|600|||||||&#8220; header_font_size=&#8220;26px&#8220; header_4_font=&#8220;SwissLens|700|||||||&#8220; header_4_font_size=&#8220;16px&#8220; header_4_line_height=&#8220;1.5em&#8220; background_color=&#8220;#ffffff&#8220; background_enable_image=&#8220;off&#8220; background_size=&#8220;initial&#8220; background_position=&#8220;bottom_left&#8220; background_horizontal_offset=&#8220;75%&#8220; background_vertical_offset=&#8220;-10%&#8220; background_blend=&#8220;multiply&#8220; width=&#8220;100%&#8220; max_width=&#8220;100%&#8220; min_height=&#8220;400px&#8220; min_height_tablet=&#8220;400px&#8220; min_height_phone=&#8220;200px&#8220; min_height_last_edited=&#8220;on|phone&#8220; custom_margin=&#8220;0px|0px|0px|0px|true|true&#8220; custom_padding=&#8220;40px|40px|20px|40px|false|true&#8220; hover_transition_duration=&#8220;0ms&#8220; border_radii=&#8220;on|6px|6px|6px|6px&#8220; locked=&#8220;off&#8220; global_colors_info=&#8220;{}&#8220;]<\/p>\n<p>V sou\u010dasn\u00e9 dob\u011b nejsou napl\u00e1nov\u00e1ny \u017e\u00e1dn\u00e9 webov\u00e9 semin\u00e1\u0159e<\/p>\n<p>[\/et_pb_text][\/et_pb_column][\/et_pb_row][\/et_pb_section][et_pb_section fb_built=&#8220;1&#8243; admin_label=&#8220;Products&#8220; _builder_version=&#8220;4.27.2&#8243; background_color=&#8220;RGBA(255,255,255,0)&#8220; custom_margin=&#8220;-30px|||||&#8220; custom_padding=&#8220;1.6px|0px|29.6px|0|false|false&#8220; hover_enabled=&#8220;0&#8243; global_colors_info=&#8220;{}&#8220; sticky_enabled=&#8220;0&#8243; animation_style=&#8220;fade&#8220; animation_duration=&#8220;2000ms&#8220;][et_pb_row column_structure=&#8220;3_5,2_5&#8243; use_custom_gutter=&#8220;on&#8220; gutter_width=&#8220;2&#8243; _builder_version=&#8220;4.27.2&#8243; width=&#8220;100%&#8220; max_width=&#8220;1200px&#8220; max_width_tablet=&#8220;1200px&#8220; max_width_phone=&#8220;1200px&#8220; max_width_last_edited=&#8220;on|phone&#8220; custom_margin=&#8220;25px|auto||auto|false|true&#8220; custom_margin_tablet=&#8220;0px||||false|true&#8220; custom_margin_phone=&#8220;0px|0px|0px|0px|true|true&#8220; custom_margin_last_edited=&#8220;on|phone&#8220; custom_padding=&#8220;10px|10px|10px|10px|true|true&#8220; hover_enabled=&#8220;0&#8243; locked=&#8220;off&#8220; global_colors_info=&#8220;{}&#8220; sticky_enabled=&#8220;0&#8243;][et_pb_column type=&#8220;3_5&#8243; _builder_version=&#8220;4.27.2&#8243; custom_padding=&#8220;|||&#8220; border_radii=&#8220;on|20px|20px|20px|20px&#8220; box_shadow_style=&#8220;preset1&#8243; box_shadow_vertical=&#8220;0px&#8220; box_shadow_blur=&#8220;20px&#8220; box_shadow_color=&#8220;rgba(0,0,0,0.1)&#8220; global_colors_info=&#8220;{}&#8220; custom_padding__hover=&#8220;|||&#8220;][et_pb_text _builder_version=&#8220;4.27.2&#8243; _dynamic_attributes=&#8220;link_option_url&#8220; text_font=&#8220;SwissLens|300|||||||&#8220; text_font_size=&#8220;20px&#8220; link_font=&#8220;||||||||&#8220; link_text_color=&#8220;#666666&#8243; header_font=&#8220;Roboto|600|||||||&#8220; header_font_size=&#8220;26px&#8220; header_4_font=&#8220;SwissLens|700|||||||&#8220; header_4_font_size=&#8220;16px&#8220; header_4_line_height=&#8220;1.5em&#8220; background_color=&#8220;#ffffff&#8220; background_image=&#8220;https:\/\/www.swisslens.ch\/wp-content\/uploads\/new-colors-AdobeStock_592365887b-meeting-with-charts-1.png&#8220; background_size=&#8220;custom&#8220; background_image_width=&#8220;53%&#8220; background_position=&#8220;bottom_left&#8220; background_horizontal_offset=&#8220;77%&#8220; background_vertical_offset=&#8220;24%&#8220; background_blend=&#8220;multiply&#8220; width=&#8220;100%&#8220; max_width=&#8220;100%&#8220; min_height=&#8220;400px&#8220; min_height_tablet=&#8220;400px&#8220; min_height_phone=&#8220;300px&#8220; min_height_last_edited=&#8220;on|phone&#8220; custom_margin=&#8220;0px|0px|0px|0px|true|true&#8220; custom_padding=&#8220;40px|40px|20px|40px|false|true&#8220; link_option_url=&#8220;@ET-DC@eyJkeW5hbWljIjp0cnVlLCJjb250ZW50IjoicG9zdF9saW5rX3VybF9wYWdlIiwic2V0dGluZ3MiOnsicG9zdF9pZCI6IjIxMCJ9fQ==@&#8220; border_radii=&#8220;on|6px|6px|6px|6px&#8220; locked=&#8220;off&#8220; global_colors_info=&#8220;{}&#8220; background__hover_enabled=&#8220;on|desktop&#8220;]<\/p>\n<h1>Semin\u00e1\u0159e<\/h1>\n<p><span>Zlep\u0161ete sv\u00e9 dovednosti se SwissLens<\/span><\/p>\n<p>[\/et_pb_text][\/et_pb_column][et_pb_column type=&#8220;2_5&#8243; _builder_version=&#8220;4.27.2&#8243; custom_padding=&#8220;|||&#8220; border_radii=&#8220;on|20px|20px|20px|20px&#8220; box_shadow_style=&#8220;preset1&#8243; box_shadow_vertical=&#8220;0px&#8220; box_shadow_blur=&#8220;20px&#8220; box_shadow_color=&#8220;rgba(0,0,0,0.1)&#8220; global_colors_info=&#8220;{}&#8220; custom_padding__hover=&#8220;|||&#8220;][et_pb_text _builder_version=&#8220;4.27.2&#8243; text_font=&#8220;SwissLens|300|||||||&#8220; text_font_size=&#8220;20px&#8220; text_line_height=&#8220;1.8em&#8220; link_font=&#8220;||||||||&#8220; link_text_color=&#8220;#666666&#8243; header_font=&#8220;SwissLens|600|||||||&#8220; header_font_size=&#8220;26px&#8220; header_4_font=&#8220;SwissLens|700|||||||&#8220; header_4_font_size=&#8220;16px&#8220; header_4_line_height=&#8220;1.5em&#8220; background_color=&#8220;#ffffff&#8220; background_enable_image=&#8220;off&#8220; background_size=&#8220;initial&#8220; background_position=&#8220;bottom_left&#8220; background_horizontal_offset=&#8220;75%&#8220; background_vertical_offset=&#8220;-10%&#8220; background_blend=&#8220;multiply&#8220; width=&#8220;100%&#8220; max_width=&#8220;100%&#8220; min_height=&#8220;400px&#8220; min_height_tablet=&#8220;400px&#8220; min_height_phone=&#8220;200px&#8220; min_height_last_edited=&#8220;on|phone&#8220; custom_margin=&#8220;0px|0px|0px|0px|true|true&#8220; custom_padding=&#8220;40px|40px|20px|40px|false|true&#8220; border_radii=&#8220;on|6px|6px|6px|6px&#8220; locked=&#8220;off&#8220; global_colors_info=&#8220;{}&#8220;]<\/p>\n<p><span>V sou\u010dasn\u00e9 dob\u011b nejsou napl\u00e1nov\u00e1ny \u017e\u00e1dn\u00e9 semin\u00e1\u0159e<\/span><\/p>\n<p>[\/et_pb_text][\/et_pb_column][\/et_pb_row][\/et_pb_section][et_pb_section fb_built=&#8220;1&#8243; admin_label=&#8220;Services&#8220; _builder_version=&#8220;4.25.1&#8243; background_color=&#8220;RGBA(255,255,255,0)&#8220; custom_margin=&#8220;-23px|||||&#8220; custom_padding=&#8220;4px||140px|||&#8220; global_colors_info=&#8220;{}&#8220;][et_pb_row column_structure=&#8220;3_5,2_5&#8243; use_custom_gutter=&#8220;on&#8220; gutter_width=&#8220;2&#8243; _builder_version=&#8220;4.27.2&#8243; _module_preset=&#8220;default&#8220; width=&#8220;100%&#8220; max_width=&#8220;1200px&#8220; custom_margin=&#8220;|auto||auto|false|true&#8220; custom_margin_tablet=&#8220;0px||||false|true&#8220; custom_margin_phone=&#8220;0px|0px|0px|0px|true|true&#8220; custom_margin_last_edited=&#8220;on|phone&#8220; custom_padding=&#8220;10px|10px|10px|10px|true|true&#8220; global_colors_info=&#8220;{}&#8220;][et_pb_column type=&#8220;3_5&#8243; _builder_version=&#8220;4.27.2&#8243; _module_preset=&#8220;default&#8220; background_color=&#8220;RGBA(255,255,255,0)&#8220; custom_padding=&#8220;0px|0px|0px|0px|true|true&#8220; custom_padding_tablet=&#8220;0px|0px|0px|0px|true|true&#8220; custom_padding_phone=&#8220;0px|0px|0px|0px|true|true&#8220; custom_padding_last_edited=&#8220;on|phone&#8220; animation_style=&#8220;fade&#8220; background_last_edited=&#8220;on|phone&#8220; border_radii=&#8220;on|20px|20px|20px|20px&#8220; box_shadow_style=&#8220;preset1&#8243; box_shadow_vertical=&#8220;0px&#8220; box_shadow_blur=&#8220;20px&#8220; box_shadow_color=&#8220;rgba(0,0,0,0.1)&#8220; global_colors_info=&#8220;{}&#8220; background__hover_enabled=&#8220;on|desktop&#8220;][et_pb_text _builder_version=&#8220;4.27.2&#8243; _dynamic_attributes=&#8220;link_option_url&#8220; text_font=&#8220;SwissLens|300|||||||&#8220; text_font_size=&#8220;20px&#8220; link_font=&#8220;||||||||&#8220; link_text_color=&#8220;#666666&#8243; header_font=&#8220;Roboto|600|||||||&#8220; header_font_size=&#8220;26px&#8220; header_4_font=&#8220;SwissLens|700|||||||&#8220; header_4_font_size=&#8220;16px&#8220; header_4_line_height=&#8220;1.5em&#8220; background_color=&#8220;#ffffff&#8220; background_image=&#8220;https:\/\/www.swisslens.ch\/wp-content\/uploads\/new-colors-AdobeStock_615717195-no-face-1-1.png&#8220; background_size=&#8220;custom&#8220; background_image_width=&#8220;80%&#8220; background_position=&#8220;bottom_left&#8220; background_horizontal_offset=&#8220;75%&#8220; background_vertical_offset=&#8220;20%&#8220; background_blend=&#8220;multiply&#8220; width=&#8220;100%&#8220; max_width=&#8220;100%&#8220; min_height=&#8220;400px&#8220; min_height_tablet=&#8220;400px&#8220; min_height_phone=&#8220;350px&#8220; min_height_last_edited=&#8220;on|phone&#8220; custom_margin=&#8220;0px|0px|0px|0px|true|true&#8220; custom_padding=&#8220;40px|40px|20px|40px|false|true&#8220; link_option_url=&#8220;@ET-DC@eyJkeW5hbWljIjp0cnVlLCJjb250ZW50IjoicG9zdF9saW5rX3VybF9wYWdlIiwic2V0dGluZ3MiOnsicG9zdF9pZCI6IjIxMiJ9fQ==@&#8220; border_radii=&#8220;on|6px|6px|6px|6px&#8220; locked=&#8220;off&#8220; global_colors_info=&#8220;{}&#8220; background__hover_enabled=&#8220;on|desktop&#8220;]<\/p>\n<h1>Kongresy a veletrhy<\/h1>\n<p><span>Glob\u00e1ln\u00ed propojen\u00ed, m\u00edstn\u00ed rozvoj vize<\/span><\/p>\n<p>[\/et_pb_text][\/et_pb_column][et_pb_column type=&#8220;2_5&#8243; _builder_version=&#8220;4.27.2&#8243; _module_preset=&#8220;default&#8220; custom_padding=&#8220;0px|0px|0px|0px|true|true&#8220; custom_padding_tablet=&#8220;0px|0px|0px|0px|true|true&#8220; custom_padding_phone=&#8220;0px|0px|0px|0px|true|true&#8220; custom_padding_last_edited=&#8220;on|phone&#8220; animation_style=&#8220;fade&#8220; background_last_edited=&#8220;on|phone&#8220; border_radii=&#8220;on|20px|20px|20px|20px&#8220; box_shadow_style=&#8220;preset1&#8243; box_shadow_vertical=&#8220;0px&#8220; box_shadow_blur=&#8220;20px&#8220; box_shadow_color=&#8220;rgba(0,0,0,0.1)&#8220; global_colors_info=&#8220;{}&#8220; background__hover_enabled=&#8220;on|desktop&#8220;][et_pb_text _builder_version=&#8220;4.27.2&#8243; text_font=&#8220;&#8211;et_global_body_font|300|||||||&#8220; text_font_size=&#8220;20px&#8220; text_line_height=&#8220;1.8em&#8220; link_font=&#8220;||||||||&#8220; link_text_color=&#8220;#666666&#8243; header_font=&#8220;SwissLens|600|||||||&#8220; header_font_size=&#8220;26px&#8220; header_4_font=&#8220;SwissLens|700|||||||&#8220; header_4_font_size=&#8220;16px&#8220; header_4_line_height=&#8220;1.5em&#8220; background_color=&#8220;#ffffff&#8220; background_enable_image=&#8220;off&#8220; background_size=&#8220;initial&#8220; background_position=&#8220;bottom_left&#8220; background_horizontal_offset=&#8220;75%&#8220; background_vertical_offset=&#8220;-10%&#8220; background_blend=&#8220;multiply&#8220; width=&#8220;100%&#8220; max_width=&#8220;100%&#8220; min_height=&#8220;400px&#8220; min_height_tablet=&#8220;400px&#8220; min_height_phone=&#8220;200px&#8220; min_height_last_edited=&#8220;on|phone&#8220; custom_margin=&#8220;0px|0px|0px|0px|true|true&#8220; custom_padding=&#8220;40px|40px|20px|40px|false|true&#8220; border_radii=&#8220;on|6px|6px|6px|6px&#8220; locked=&#8220;off&#8220; global_colors_info=&#8220;{}&#8220;]<\/p>\n<p><span>V sou\u010dasn\u00e9 dob\u011b nejsou napl\u00e1nov\u00e1ny \u017e\u00e1dn\u00e9 kongresy ani veletrhy.<\/span><\/p>\n<p>[\/et_pb_text][\/et_pb_column][\/et_pb_row][\/et_pb_section]<\/p>\n","protected":false},"excerpt":{"rendered":"<p>Webov\u00e9 semin\u00e1\u0159e Posilte svou praxi, zvy\u0161te svou odbornostV sou\u010dasn\u00e9 dob\u011b nejsou napl\u00e1nov\u00e1ny \u017e\u00e1dn\u00e9 webov\u00e9 semin\u00e1\u0159eSemin\u00e1\u0159e Zlep\u0161ete sv\u00e9 dovednosti se SwissLensV sou\u010dasn\u00e9 dob\u011b nejsou napl\u00e1nov\u00e1ny \u017e\u00e1dn\u00e9 semin\u00e1\u0159eKongresy a veletrhy Glob\u00e1ln\u00ed propojen\u00ed, [&hellip;]<\/p>\n","protected":false},"author":1,"featured_media":0,"parent":0,"menu_order":500,"comment_status":"closed","ping_status":"closed","template":"","meta":{"_et_pb_use_builder":"on","_et_pb_old_content":"","_et_gb_content_width":"","_price":"","_stock":"","_tribe_ticket_header":"","_tribe_default_ticket_provider":"","_tribe_ticket_capacity":"0","_ticket_start_date":"","_ticket_end_date":"","_tribe_ticket_show_description":"","_tribe_ticket_show_not_going":false,"_tribe_ticket_use_global_stock":"","_tribe_ticket_global_stock_level":"","_global_stock_mode":"","_global_stock_cap":"","_tribe_rsvp_for_event":"","_tribe_ticket_going_count":"","_tribe_ticket_not_going_count":"","_tribe_tickets_list":"[]","_tribe_ticket_has_attendee_info_fields":false,"footnotes":""},"class_list":["post-1115178","page","type-page","status-publish","hentry"],"_links":{"self":[{"href":"https:\/\/www.swisslens.ch\/cz\/wp-json\/wp\/v2\/pages\/1115178","targetHints":{"allow":["GET"]}}],"collection":[{"href":"https:\/\/www.swisslens.ch\/cz\/wp-json\/wp\/v2\/pages"}],"about":[{"href":"https:\/\/www.swisslens.ch\/cz\/wp-json\/wp\/v2\/types\/page"}],"author":[{"embeddable":true,"href":"https:\/\/www.swisslens.ch\/cz\/wp-json\/wp\/v2\/users\/1"}],"replies":[{"embeddable":true,"href":"https:\/\/www.swisslens.ch\/cz\/wp-json\/wp\/v2\/comments?post=1115178"}],"version-history":[{"count":0,"href":"https:\/\/www.swisslens.ch\/cz\/wp-json\/wp\/v2\/pages\/1115178\/revisions"}],"wp:attachment":[{"href":"https:\/\/www.swisslens.ch\/cz\/wp-json\/wp\/v2\/media?parent=1115178"}],"curies":[{"name":"wp","href":"https:\/\/api.w.org\/{rel}","templated":true}]}}