{"id":1114837,"date":"2022-08-26T00:02:52","date_gmt":"2022-08-25T22:02:52","guid":{"rendered":"https:\/\/www.swisslens.ch\/webove-seminare\/"},"modified":"2025-01-07T13:09:58","modified_gmt":"2025-01-07T12:09:58","slug":"webove-seminare","status":"publish","type":"page","link":"https:\/\/www.swisslens.ch\/cz\/webove-seminare\/","title":{"rendered":"Webov\u00e9 semin\u00e1\u0159e"},"content":{"rendered":"<p>[et_pb_section fb_built=&#8220;1&#8243; specialty=&#8220;on&#8220; padding_bottom_2=&#8220;40px&#8220; admin_label=&#8220;Services&#8220; _builder_version=&#8220;4.25.1&#8243; background_color=&#8220;RGBA(255,255,255,0)&#8220; custom_padding=&#8220;54px|0px|0px|0|false|false&#8220; bottom_divider_height=&#8220;50px&#8220; bottom_divider_arrangement=&#8220;above_content&#8220; hover_enabled=&#8220;0&#8243; locked=&#8220;off&#8220; global_colors_info=&#8220;{}&#8220; sticky_enabled=&#8220;0&#8243;][et_pb_column type=&#8220;1_2&#8243; _builder_version=&#8220;4.16&#8243; custom_padding=&#8220;|||&#8220; global_colors_info=&#8220;{}&#8220; custom_padding__hover=&#8220;|||&#8220;][et_pb_image src=&#8220;https:\/\/www.swisslens.ch\/wp-content\/uploads\/Group-1.png&#8220; title_text=&#8220;Skupina (1)&#8220; show_bottom_space=&#8220;off&#8220; align_tablet=&#8220;center&#8220; align_phone=&#8220;&#8220; align_last_edited=&#8220;on|desktop&#8220; _builder_version=&#8220;4.25.1&#8243; parallax=&#8220;on&#8220; background_blend=&#8220;hard-light&#8220; width=&#8220;60%&#8220; max_width=&#8220;100%&#8220; module_alignment=&#8220;center&#8220; animation_style=&#8220;slide&#8220; animation_direction=&#8220;right&#8220; animation_intensity_slide=&#8220;2%&#8220; hover_enabled=&#8220;0&#8243; global_colors_info=&#8220;{}&#8220; align=&#8220;center&#8220; sticky_enabled=&#8220;0&#8243;][\/et_pb_image][\/et_pb_column][et_pb_column type=&#8220;1_2&#8243; specialty_columns=&#8220;2&#8243; _builder_version=&#8220;4.16&#8243; custom_padding=&#8220;|||&#8220; global_colors_info=&#8220;{}&#8220; custom_padding__hover=&#8220;|||&#8220;][et_pb_row_inner _builder_version=&#8220;4.21.0&#8243; custom_margin=&#8220;||50px||false|false&#8220; custom_padding=&#8220;24px|0px|25px|0px|false|false&#8220; hover_enabled=&#8220;0&#8243; global_colors_info=&#8220;{}&#8220; sticky_enabled=&#8220;0&#8243;][et_pb_column_inner saved_specialty_column_type=&#8220;1_2&#8243; _builder_version=&#8220;4.16&#8243; custom_padding=&#8220;|||&#8220; global_colors_info=&#8220;{}&#8220; custom_padding__hover=&#8220;|||&#8220;][et_pb_text _builder_version=&#8220;4.25.1&#8243; text_font=&#8220;Montserrat|300|||||||&#8220; text_font_size=&#8220;16px&#8220; text_line_height=&#8220;1.8em&#8220; link_font=&#8220;Montserrat|700|||||||&#8220; link_text_color=&#8220;#fa546d&#8220; link_font_size=&#8220;22px&#8220; link_line_height=&#8220;1.5em&#8220; header_font=&#8220;||||||||&#8220; header_2_font=&#8220;&#8211;et_global_body_font|700|||||||&#8220; header_2_font_size=&#8220;40px&#8220; header_2_line_height=&#8220;1.4em&#8220; header_6_font=&#8220;Montserrat|600||on|||||&#8220; header_6_text_color=&#8220;#ffb342&#8243; header_6_font_size=&#8220;16px&#8220; header_6_letter_spacing=&#8220;2px&#8220; header_6_line_height=&#8220;1.5em&#8220; max_width_last_edited=&#8220;off|desktop&#8220; module_alignment=&#8220;left&#8220; custom_margin=&#8220;43px|||||&#8220; custom_padding=&#8220;|||&#8220; hover_enabled=&#8220;0&#8243; header_2_font_size_tablet=&#8220;&#8220; header_2_font_size_phone=&#8220;24px&#8220; header_2_font_size_last_edited=&#8220;on|phone&#8220; global_colors_info=&#8220;{}&#8220; sticky_enabled=&#8220;0&#8243;]<\/p>\n<h2 style=\"text-align: justify;\">Webov\u00e9 semin\u00e1\u0159e<\/h2>\n<p style=\"text-align: left;\"><span>Spole\u010dnost SwissLens s hrdost\u00ed p\u0159edstavuje s\u00e9rii pou\u010dn\u00fdch webov\u00fdch semin\u00e1\u0159\u016f, kter\u00e9 po\u0159\u00e1d\u00e1 n\u00e1\u0161 specializovan\u00fd t\u00fdm profesion\u00e1ln\u00edch slu\u017eeb. Tyto webov\u00e9 semin\u00e1\u0159e jsou navr\u017eeny tak, aby odborn\u00edk\u016fm na o\u010dn\u00ed p\u00e9\u010di poskytly nejnov\u011bj\u0161\u00ed poznatky, informace o nasazov\u00e1n\u00ed kontaktn\u00edch \u010do\u010dek, topografi\u00edch a nejmodern\u011bj\u0161\u00edch technologi\u00edch ve sv\u011bt\u011b kontaktn\u00edch \u010do\u010dek.<\/span><\/p>\n<p>[\/et_pb_text][\/et_pb_column_inner][\/et_pb_row_inner][\/et_pb_column][\/et_pb_section][et_pb_section fb_built=&#8220;1&#8243; admin_label=&#8220;Contact Info&#8220; _builder_version=&#8220;4.25.1&#8243; background_color_gradient_direction=&#8220;0deg&#8220; custom_padding=&#8220;|||&#8220; hover_enabled=&#8220;0&#8243; locked=&#8220;off&#8220; global_colors_info=&#8220;{}&#8220; background_color=&#8220;RGBA(255,255,255,0)&#8220; sticky_enabled=&#8220;0&#8243;][et_pb_row _builder_version=&#8220;4.16&#8243; locked=&#8220;off&#8220; global_colors_info=&#8220;{}&#8220;][et_pb_column type=&#8220;4_4&#8243; _builder_version=&#8220;4.16&#8243; custom_padding=&#8220;|||&#8220; global_colors_info=&#8220;{}&#8220; custom_padding__hover=&#8220;|||&#8220;][et_pb_text _builder_version=&#8220;4.25.1&#8243; text_font=&#8220;Montserrat||||||||&#8220; text_font_size=&#8220;16px&#8220; text_line_height=&#8220;1.8em&#8220; link_font=&#8220;Montserrat|700|||||||&#8220; link_text_color=&#8220;#fa546d&#8220; link_font_size=&#8220;22px&#8220; link_line_height=&#8220;1.5em&#8220; header_font=&#8220;||||||||&#8220; header_2_font=&#8220;&#8211;et_global_heading_font|700|||||||&#8220; header_2_font_size=&#8220;40px&#8220; header_2_line_height=&#8220;1.4em&#8220; header_6_font=&#8220;&#8211;et_global_body_font|||on|||||&#8220; header_6_text_color=&#8220;#ffb342&#8243; header_6_font_size=&#8220;16px&#8220; header_6_letter_spacing=&#8220;2px&#8220; header_6_line_height=&#8220;1.5em&#8220; text_orientation=&#8220;center&#8220; max_width=&#8220;700px&#8220; max_width_last_edited=&#8220;off|desktop&#8220; module_alignment=&#8220;center&#8220; custom_margin=&#8220;|||&#8220; custom_padding=&#8220;|||&#8220; hover_enabled=&#8220;0&#8243; header_2_font_size_tablet=&#8220;&#8220; header_2_font_size_phone=&#8220;24px&#8220; header_2_font_size_last_edited=&#8220;on|phone&#8220; locked=&#8220;off&#8220; global_colors_info=&#8220;{}&#8220; sticky_enabled=&#8220;0&#8243;]<\/p>\n<h6><span style=\"color: #000000;\"><span>P\u0159ipojte se k n\u00e1m na na\u0161ich webin\u00e1\u0159\u00edch<\/span>!<\/span><\/h6>\n<h2>Kalend\u00e1\u0159<\/h2>\n<p>[\/et_pb_text][\/et_pb_column][\/et_pb_row][et_pb_row _builder_version=&#8220;4.25.1&#8243; custom_margin=&#8220;25px||25px||false|false&#8220; custom_padding=&#8220;20px|20px|20px|20px|false|false&#8220; hover_enabled=&#8220;0&#8243; border_radii=&#8220;on|20px|20px|20px|20px&#8220; box_shadow_style=&#8220;preset1&#8243; global_colors_info=&#8220;{}&#8220; box_shadow_vertical=&#8220;0px&#8220; box_shadow_blur=&#8220;40px&#8220; box_shadow_color=&#8220;rgba(0,0,0,0.1)&#8220; sticky_enabled=&#8220;0&#8243; background_color=&#8220;#FFFFFF&#8220;][et_pb_column type=&#8220;4_4&#8243; _builder_version=&#8220;4.16&#8243; custom_padding=&#8220;|||&#8220; global_colors_info=&#8220;{}&#8220; custom_padding__hover=&#8220;|||&#8220;][et_pb_code _builder_version=&#8220;4.22.1&#8243; _module_preset=&#8220;default&#8220; text_orientation=&#8220;left&#8220; custom_padding=&#8220;10px|10px|10px|10px|false|false&#8220; global_colors_info=&#8220;{}&#8220;]<div class=\"ecs-no-events\">\u017d\u00e1dn\u00e9 nadch\u00e1zej\u00edc\u00ed ud\u00e1losti akce.<\/div>[\/et_pb_code][\/et_pb_column][\/et_pb_row][et_pb_row _builder_version=&#8220;4.22.1&#8243; _module_preset=&#8220;default&#8220; global_colors_info=&#8220;{}&#8220;][et_pb_column type=&#8220;4_4&#8243; _builder_version=&#8220;4.22.1&#8243; _module_preset=&#8220;default&#8220; global_colors_info=&#8220;{}&#8220;][et_pb_accordion _builder_version=&#8220;4.22.1&#8243; _module_preset=&#8220;default&#8220; global_colors_info=&#8220;{}&#8220;][et_pb_accordion_item title=&#8220;Pro\u010d se \u00fa\u010dastnit na\u0161ich webin\u00e1\u0159\u016f&#8220; open=&#8220;on&#8220; _builder_version=&#8220;4.22.1&#8243; _module_preset=&#8220;default&#8220; global_colors_info=&#8220;{}&#8220;]<\/p>\n<ul>\n<li>\n<p><strong>Pohledy odborn\u00edk\u016f:<\/strong> Na\u0161e webin\u00e1\u0159e vedou zku\u0161en\u00ed odborn\u00edci z oboru, kte\u0159\u00ed se d\u011bl\u00ed o sv\u00e9 bohat\u00e9 znalosti a zku\u0161enosti. Z\u00edskejte cenn\u00e9 informace o nasazov\u00e1n\u00ed kontaktn\u00edch \u010do\u010dek, p\u00e9\u010di o pacienty a nejnov\u011bj\u0161\u00edch pokroc\u00edch v oblasti korekce zraku.<\/p>\n<\/li>\n<li>\n<p><strong>Z\u016fsta\u0148te informov\u00e1ni:<\/strong> Z\u016fsta\u0148te informov\u00e1ni o rychle se rozv\u00edjej\u00edc\u00edm oboru o\u010dn\u00ed p\u00e9\u010de. Zab\u00fdv\u00e1me se t\u00e9maty od l\u00e9\u010dby kr\u00e1tkozrakosti a\u017e po speci\u00e1ln\u00ed \u010do\u010dky a zaji\u0161\u0165ujeme, abyste byli dob\u0159e informov\u00e1ni o nejnov\u011bj\u0161\u00edm v\u00fdvoji.<\/p>\n<\/li>\n<li>\n<p><strong>Interaktivn\u00ed u\u010den\u00ed:<\/strong> Na\u0161e webov\u00e9 semin\u00e1\u0159e poskytuj\u00ed platformu pro interaktivn\u00ed u\u010den\u00ed. Zapojte se do diskus\u00ed, pokl\u00e1dejte ot\u00e1zky a nava\u017ete kontakty s kolegy o\u010dn\u00edmi l\u00e9ka\u0159i z cel\u00e9ho sv\u011bta.<\/p>\n<\/li>\n<li>\n<p><strong>Praktick\u00e9 tipy:<\/strong> Odejd\u011bte s praktick\u00fdmi tipy a technikami, kter\u00e9 m\u016f\u017eete okam\u017eit\u011b pou\u017e\u00edt ve sv\u00e9 praxi a zlep\u0161it tak v\u00fdsledky a spokojenost pacient\u016f.<\/p>\n<\/li>\n<\/ul>\n<p>[\/et_pb_accordion_item][et_pb_accordion_item title=&#8220;T\u00e9mata, kter\u00fdmi se zab\u00fdv\u00e1me:&#8220; _builder_version=&#8220;4.22.1&#8243; _module_preset=&#8220;default&#8220; global_colors_info=&#8220;{}&#8220; open=&#8220;off&#8220;]<\/p>\n<p>T\u00e9mata na\u0161ich webin\u00e1\u0159\u016f jsou r\u016fznorod\u00e1 a t\u00fdkaj\u00ed se r\u016fzn\u00fdch aspekt\u016f p\u00e9\u010de o o\u010di. Mezi t\u00e9mata, kter\u00fdm se v\u011bnujeme, pat\u0159\u00ed:<\/p>\n<ul>\n<li>\n<p><strong>Myopia management:<\/strong> Objevte \u00fa\u010dinn\u00e9 strategie a nejnov\u011bj\u0161\u00ed n\u00e1stroje pro kontrolu kr\u00e1tkozrakosti, kter\u00e9 v\u00e1m pomohou poskytovat komplexn\u00ed p\u00e9\u010di o mlad\u00e9 pacienty.<\/p>\n<\/li>\n<li>\n<p><strong>Speci\u00e1ln\u00ed mont\u00e1\u017e \u010do\u010dek:<\/strong> Zjist\u011bte v\u00edce o nasazov\u00e1n\u00ed a aplikaci speci\u00e1ln\u00edch kontaktn\u00edch \u010do\u010dek, v\u010detn\u011b torick\u00fdch, multifok\u00e1ln\u00edch a ortokeratologick\u00fdch \u010do\u010dek.<\/p>\n<\/li>\n<li>\n<p><strong>Klinick\u00e9 poznatky:<\/strong> Z\u00edskejte klinick\u00e9 poznatky o \u0159e\u0161en\u00ed slo\u017eit\u00fdch p\u0159\u00edpad\u016f, abyste byli dob\u0159e p\u0159ipraveni \u0159e\u0161it n\u00e1ro\u010dn\u00e9 sc\u00e9n\u00e1\u0159e u pacient\u016f.<\/p>\n<\/li>\n<li>\n<p><strong>Aktualizace produktu:<\/strong> Z\u016fsta\u0148te informov\u00e1ni o nejnov\u011bj\u0161\u00edch produktech a inovac\u00edch spole\u010dnosti SwissLens, kter\u00e9 v\u00e1m pomohou informovan\u011b se rozhodnout pro va\u0161e pacienty.<\/p>\n<\/li>\n<\/ul>\n<p>[\/et_pb_accordion_item][\/et_pb_accordion][\/et_pb_column][\/et_pb_row][et_pb_row column_structure=&#8220;1_3,2_3&#8243; make_equal=&#8220;on&#8220; padding_top_bottom_link_1=&#8220;true&#8220; padding_left_right_link_1=&#8220;false&#8220; _builder_version=&#8220;4.25.1&#8243; background_color=&#8220;#ffffff&#8220; custom_margin=&#8220;||40px|&#8220; custom_padding=&#8220;0|0px|0|0px|false|false&#8220; animation_style=&#8220;fold&#8220; animation_intensity_fold=&#8220;10%&#8220; hover_enabled=&#8220;0&#8243; border_radii=&#8220;on|20px|20px|20px|20px&#8220; box_shadow_style=&#8220;preset1&#8243; box_shadow_color=&#8220;rgba(0,0,0,0.1)&#8220; global_colors_info=&#8220;{}&#8220; box_shadow_vertical=&#8220;0px&#8220; box_shadow_blur=&#8220;40px&#8220; sticky_enabled=&#8220;0&#8243;][et_pb_column type=&#8220;1_3&#8243; _builder_version=&#8220;4.16&#8243; custom_padding=&#8220;60px||60px|40px&#8220; custom_padding_tablet=&#8220;40px|30px|0px|30px|false|true&#8220; custom_padding_phone=&#8220;&#8220; custom_padding_last_edited=&#8220;on|tablet&#8220; global_colors_info=&#8220;{}&#8220; padding_tablet=&#8220;40px|30px|0px|30px|false|true&#8220; padding_last_edited=&#8220;on|tablet&#8220; custom_padding__hover=&#8220;|||&#8220; padding_phone=&#8220;40px|30px|0px|30px|false|true&#8220;][et_pb_image src=&#8220;https:\/\/www.swisslens.ch\/wp-content\/uploads\/SwissLens-Logo.png&#8220; title_text=&#8220;SwissLens&#8220; _builder_version=&#8220;4.21.0&#8243; _module_preset=&#8220;default&#8220; global_colors_info=&#8220;{}&#8220;][\/et_pb_image][et_pb_blurb title=&#8220;Adresa&#8220; use_icon=&#8220;on&#8220; font_icon=&#8220;&#xf275;||fa||900&#8243; icon_color=&#8220;#1392B1&#8243; icon_placement=&#8220;left&#8220; image_icon_width=&#8220;20px&#8220; admin_label=&#8220;Contact Info&#8220; _builder_version=&#8220;4.25.1&#8243; header_font=&#8220;&#8211;et_global_heading_font||||||||&#8220; header_font_size=&#8220;16px&#8220; header_line_height=&#8220;1.5em&#8220; body_font=&#8220;&#8211;et_global_body_font|300|||||||&#8220; body_text_color=&#8220;#404040&#8243; body_line_height=&#8220;1.8em&#8220; custom_margin=&#8220;|||&#8220; custom_padding=&#8220;|||&#8220; hover_enabled=&#8220;0&#8243; border_radii=&#8220;on|10px|10px|10px|10px&#8220; global_colors_info=&#8220;{}&#8220; sticky_enabled=&#8220;0&#8243;]<\/p>\n<p>Chemin des Creuses 9<br \/>CH &#8211; 1008 Prilly<br \/>\u0160v\u00fdcarsko<\/p>\n<p>[\/et_pb_blurb][et_pb_code _builder_version=&#8220;4.21.0&#8243; _module_preset=&#8220;default&#8220; global_colors_info=&#8220;{}&#8220;]<script>jQuery('body').delegate('span[data-replace]', 'click', function(event){    event.preventDefault();    var older_value = jQuery(this).html();    jQuery(this)        .html(jQuery(this)        .attr('data-replace'))        .attr('data-replace',older_value);});<\/script>[\/et_pb_code][et_pb_blurb title=&#8220;Soci\u00e1ln\u00ed m\u00e9dia&#8220; use_icon=&#8220;on&#8220; font_icon=&#8220;&#xe0a0;||divi||400&#8243; icon_color=&#8220;#1392B1&#8243; icon_placement=&#8220;left&#8220; image_icon_width=&#8220;20px&#8220; admin_label=&#8220;Social Media&#8220; _builder_version=&#8220;4.25.1&#8243; _module_preset=&#8220;default&#8220; body_font=&#8220;Roboto||||||||&#8220; body_text_align=&#8220;justify&#8220; body_font_size=&#8220;12px&#8220; body_link_font=&#8220;Roboto||||||||&#8220; body_link_text_color=&#8220;#1392B1&#8243; hover_enabled=&#8220;0&#8243; global_colors_info=&#8220;{}&#8220; custom_margin=&#8220;||10px|||&#8220; header_font=&#8220;&#8211;et_global_heading_font||||||||&#8220; sticky_enabled=&#8220;0&#8243;][\/et_pb_blurb][et_pb_social_media_follow icon_color=&#8220;#FFFFFF&#8220; use_icon_font_size=&#8220;on&#8220; _builder_version=&#8220;4.25.1&#8243; _module_preset=&#8220;default&#8220; hover_enabled=&#8220;0&#8243; text_orientation_tablet=&#8220;center&#8220; text_orientation_phone=&#8220;center&#8220; text_orientation_last_edited=&#8220;on|desktop&#8220; global_colors_info=&#8220;{}&#8220; theme_builder_area=&#8220;post_content&#8220; custom_margin=&#8220;|||50px|false|false&#8220; sticky_enabled=&#8220;0&#8243;][et_pb_social_media_follow_network social_network=&#8220;facebook&#8220; url=&#8220;https:\/\/www.facebook.com\/swisslens\/&#8220; _builder_version=&#8220;4.25.1&#8243; _module_preset=&#8220;default&#8220; background_color=&#8220;#1392B0&#8243; background_enable_color=&#8220;on&#8220; global_colors_info=&#8220;{}&#8220; theme_builder_area=&#8220;post_content&#8220; follow_button=&#8220;off&#8220; url_new_window=&#8220;on&#8220;]facebook[\/et_pb_social_media_follow_network][et_pb_social_media_follow_network social_network=&#8220;linkedin&#8220; url=&#8220;https:\/\/www.linkedin.com\/company\/swisslens&#8220; _builder_version=&#8220;4.25.1&#8243; _module_preset=&#8220;default&#8220; background_color=&#8220;#1392B0&#8243; background_enable_color=&#8220;on&#8220; global_colors_info=&#8220;{}&#8220; theme_builder_area=&#8220;post_content&#8220; follow_button=&#8220;off&#8220; url_new_window=&#8220;on&#8220;]linkedin[\/et_pb_social_media_follow_network][et_pb_social_media_follow_network social_network=&#8220;instagram&#8220; url=&#8220;https:\/\/www.instagram.com\/swisslens_sa\/&#8220; _builder_version=&#8220;4.25.1&#8243; _module_preset=&#8220;default&#8220; background_color=&#8220;#1392B0&#8243; background_enable_color=&#8220;on&#8220; global_colors_info=&#8220;{}&#8220; theme_builder_area=&#8220;post_content&#8220; follow_button=&#8220;off&#8220; url_new_window=&#8220;on&#8220;]instagram[\/et_pb_social_media_follow_network][et_pb_social_media_follow_network social_network=&#8220;youtube&#8220; url=&#8220;https:\/\/www.youtube.com\/c\/swisslens&#8220; _builder_version=&#8220;4.25.1&#8243; _module_preset=&#8220;default&#8220; background_color=&#8220;#1392B0&#8243; background_enable_color=&#8220;on&#8220; global_colors_info=&#8220;{}&#8220; theme_builder_area=&#8220;post_content&#8220; follow_button=&#8220;off&#8220; url_new_window=&#8220;on&#8220;]youtube[\/et_pb_social_media_follow_network][\/et_pb_social_media_follow][\/et_pb_column][et_pb_column type=&#8220;2_3&#8243; _builder_version=&#8220;4.16&#8243; custom_padding=&#8220;|||&#8220; global_colors_info=&#8220;{}&#8220; custom_padding__hover=&#8220;|||&#8220;][et_pb_map address=&#8220;swiss&#8220; admin_label=&#8220;Map&#8220; _builder_version=&#8220;4.21.0&#8243; _module_preset=&#8220;default&#8220; height=&#8220;500px&#8220; custom_padding=&#8220;20px|20px|20px|20px|true|true&#8220; module_alignment_tablet=&#8220;&#8220; module_alignment_phone=&#8220;&#8220; module_alignment_last_edited=&#8220;on|desktop&#8220; global_colors_info=&#8220;{}&#8220;][et_pb_map_pin _builder_version=&#8220;4.21.0&#8243; _module_preset=&#8220;default&#8220; global_colors_info=&#8220;{}&#8220;][\/et_pb_map_pin][\/et_pb_map][\/et_pb_column][\/et_pb_row][\/et_pb_section]<\/p>\n","protected":false},"excerpt":{"rendered":"<p>Webov\u00e9 semin\u00e1\u0159e Spole\u010dnost SwissLens s hrdost\u00ed p\u0159edstavuje s\u00e9rii pou\u010dn\u00fdch webov\u00fdch semin\u00e1\u0159\u016f, kter\u00e9 po\u0159\u00e1d\u00e1 n\u00e1\u0161 specializovan\u00fd t\u00fdm profesion\u00e1ln\u00edch slu\u017eeb. Tyto webov\u00e9 semin\u00e1\u0159e jsou navr\u017eeny tak, aby odborn\u00edk\u016fm na o\u010dn\u00ed p\u00e9\u010di poskytly [&hellip;]<\/p>\n","protected":false},"author":1,"featured_media":0,"parent":0,"menu_order":501,"comment_status":"closed","ping_status":"closed","template":"","meta":{"_et_pb_use_builder":"on","_et_pb_old_content":"","_et_gb_content_width":"","_price":"","_stock":"","_tribe_ticket_header":"","_tribe_default_ticket_provider":"","_tribe_ticket_capacity":"0","_ticket_start_date":"","_ticket_end_date":"","_tribe_ticket_show_description":"","_tribe_ticket_show_not_going":false,"_tribe_ticket_use_global_stock":"","_tribe_ticket_global_stock_level":"","_global_stock_mode":"","_global_stock_cap":"","_tribe_rsvp_for_event":"","_tribe_ticket_going_count":"","_tribe_ticket_not_going_count":"","_tribe_tickets_list":"[]","_tribe_ticket_has_attendee_info_fields":false,"footnotes":""},"class_list":["post-1114837","page","type-page","status-publish","hentry"],"_links":{"self":[{"href":"https:\/\/www.swisslens.ch\/cz\/wp-json\/wp\/v2\/pages\/1114837","targetHints":{"allow":["GET"]}}],"collection":[{"href":"https:\/\/www.swisslens.ch\/cz\/wp-json\/wp\/v2\/pages"}],"about":[{"href":"https:\/\/www.swisslens.ch\/cz\/wp-json\/wp\/v2\/types\/page"}],"author":[{"embeddable":true,"href":"https:\/\/www.swisslens.ch\/cz\/wp-json\/wp\/v2\/users\/1"}],"replies":[{"embeddable":true,"href":"https:\/\/www.swisslens.ch\/cz\/wp-json\/wp\/v2\/comments?post=1114837"}],"version-history":[{"count":0,"href":"https:\/\/www.swisslens.ch\/cz\/wp-json\/wp\/v2\/pages\/1114837\/revisions"}],"wp:attachment":[{"href":"https:\/\/www.swisslens.ch\/cz\/wp-json\/wp\/v2\/media?parent=1114837"}],"curies":[{"name":"wp","href":"https:\/\/api.w.org\/{rel}","templated":true}]}}