{"id":1114813,"date":"2022-08-26T00:04:18","date_gmt":"2022-08-25T22:04:18","guid":{"rendered":"https:\/\/www.swisslens.ch\/kongresy-a-veletrhy\/"},"modified":"2025-01-07T13:10:10","modified_gmt":"2025-01-07T12:10:10","slug":"kongresy-a-veletrhy","status":"publish","type":"page","link":"https:\/\/www.swisslens.ch\/cz\/kongresy-a-veletrhy\/","title":{"rendered":"Kongresy a veletrhy"},"content":{"rendered":"<p>[et_pb_section fb_built=&#8220;1&#8243; specialty=&#8220;on&#8220; padding_bottom_2=&#8220;40px&#8220; admin_label=&#8220;Services&#8220; _builder_version=&#8220;4.25.1&#8243; background_color=&#8220;RGBA(255,255,255,0)&#8220; custom_padding=&#8220;54px|0px|0px|0|false|false&#8220; bottom_divider_height=&#8220;50px&#8220; bottom_divider_arrangement=&#8220;above_content&#8220; hover_enabled=&#8220;0&#8243; locked=&#8220;off&#8220; global_colors_info=&#8220;{}&#8220; sticky_enabled=&#8220;0&#8243;][et_pb_column type=&#8220;1_2&#8243; _builder_version=&#8220;4.16&#8243; custom_padding=&#8220;|||&#8220; global_colors_info=&#8220;{}&#8220; custom_padding__hover=&#8220;|||&#8220;][et_pb_image src=&#8220;https:\/\/www.swisslens.ch\/wp-content\/uploads\/four-89037167.webp&#8220; title_text=&#8220;\u010dty\u0159i-89037167&#8243; show_bottom_space=&#8220;off&#8220; align_tablet=&#8220;center&#8220; align_phone=&#8220;&#8220; align_last_edited=&#8220;on|desktop&#8220; _builder_version=&#8220;4.25.1&#8243; parallax=&#8220;on&#8220; background_blend=&#8220;hard-light&#8220; width=&#8220;100%&#8220; max_width=&#8220;100%&#8220; module_alignment=&#8220;left&#8220; max_height=&#8220;370px&#8220; animation_style=&#8220;slide&#8220; animation_direction=&#8220;right&#8220; animation_intensity_slide=&#8220;2%&#8220; hover_enabled=&#8220;0&#8243; global_colors_info=&#8220;{}&#8220; sticky_enabled=&#8220;0&#8243; align=&#8220;center&#8220; custom_margin=&#8220;10%||||false|false&#8220;][\/et_pb_image][\/et_pb_column][et_pb_column type=&#8220;1_2&#8243; specialty_columns=&#8220;2&#8243; _builder_version=&#8220;4.16&#8243; custom_padding=&#8220;|||&#8220; global_colors_info=&#8220;{}&#8220; custom_padding__hover=&#8220;|||&#8220;][et_pb_row_inner _builder_version=&#8220;4.21.0&#8243; custom_margin=&#8220;||50px||false|false&#8220; custom_padding=&#8220;24px|0px|25px|0px|false|false&#8220; hover_enabled=&#8220;0&#8243; global_colors_info=&#8220;{}&#8220; sticky_enabled=&#8220;0&#8243;][et_pb_column_inner saved_specialty_column_type=&#8220;1_2&#8243; _builder_version=&#8220;4.16&#8243; custom_padding=&#8220;|||&#8220; global_colors_info=&#8220;{}&#8220; custom_padding__hover=&#8220;|||&#8220;][et_pb_text _builder_version=&#8220;4.25.1&#8243; text_font=&#8220;Roboto|300|||||||&#8220; text_font_size=&#8220;16px&#8220; text_line_height=&#8220;1.8em&#8220; link_font=&#8220;Montserrat|700|||||||&#8220; link_text_color=&#8220;#fa546d&#8220; link_font_size=&#8220;22px&#8220; link_line_height=&#8220;1.5em&#8220; header_font=&#8220;||||||||&#8220; header_2_font=&#8220;Roboto|700|||||||&#8220; header_2_font_size=&#8220;40px&#8220; header_2_line_height=&#8220;1.4em&#8220; header_6_font=&#8220;Montserrat|600||on|||||&#8220; header_6_text_color=&#8220;#ffb342&#8243; header_6_font_size=&#8220;16px&#8220; header_6_letter_spacing=&#8220;2px&#8220; header_6_line_height=&#8220;1.5em&#8220; max_width_last_edited=&#8220;off|desktop&#8220; module_alignment=&#8220;left&#8220; custom_margin=&#8220;|||&#8220; custom_padding=&#8220;|||&#8220; hover_enabled=&#8220;0&#8243; header_2_font_size_tablet=&#8220;&#8220; header_2_font_size_phone=&#8220;24px&#8220; header_2_font_size_last_edited=&#8220;on|phone&#8220; global_colors_info=&#8220;{}&#8220; sticky_enabled=&#8220;0&#8243;]<\/p>\n<h2>Kongresy a veletrhy<\/h2>\n<p style=\"text-align: justify;\">Spole\u010dnost SwissLens se hrd\u011b \u00fa\u010dastn\u00ed mnoha kongres\u016f a veletrh\u016f v\u011bnovan\u00fdch p\u00e9\u010di o zrak a zrakov\u00fdm technologi\u00edm. Jako p\u0159edn\u00ed poskytovatel inovativn\u00edch \u0159e\u0161en\u00ed kontaktn\u00edch \u010do\u010dek se sna\u017e\u00edme b\u00fdt v \u010dele pokroku v oboru a spolupracovat s o\u010dn\u00edmi specialisty i z\u00e1kazn\u00edky.<\/p>\n<p style=\"text-align: justify;\">\u00da\u010dast\u00ed na t\u011bchto akc\u00edch m\u00e1me mo\u017enost prezentovat na\u0161e nejnov\u011bj\u0161\u00ed produkty, sd\u00edlet na\u0161e \u0161pi\u010dkov\u00e9 technologie a vym\u011b\u0148ovat si poznatky s odborn\u00edky v oboru. Tyto kongresy a veletrhy slou\u017e\u00ed jako platformy pro navazov\u00e1n\u00ed smyslupln\u00fdch kontakt\u016f, informov\u00e1n\u00ed o nejnov\u011bj\u0161\u00edch trendech a z\u00edsk\u00e1v\u00e1n\u00ed cenn\u00fdch poznatk\u016f o vyv\u00edjej\u00edc\u00edch se pot\u0159eb\u00e1ch na\u0161ich z\u00e1kazn\u00edk\u016f.<\/p>\n<p>[\/et_pb_text][\/et_pb_column_inner][\/et_pb_row_inner][\/et_pb_column][\/et_pb_section][et_pb_section fb_built=&#8220;1&#8243; admin_label=&#8220;Contact Info&#8220; _builder_version=&#8220;4.25.1&#8243; background_color_gradient_direction=&#8220;0deg&#8220; custom_padding=&#8220;|||&#8220; hover_enabled=&#8220;0&#8243; locked=&#8220;off&#8220; global_colors_info=&#8220;{}&#8220; sticky_enabled=&#8220;0&#8243; background_color=&#8220;RGBA(255,255,255,0)&#8220;][et_pb_row _builder_version=&#8220;4.16&#8243; locked=&#8220;off&#8220; global_colors_info=&#8220;{}&#8220;][et_pb_column type=&#8220;4_4&#8243; _builder_version=&#8220;4.16&#8243; custom_padding=&#8220;|||&#8220; global_colors_info=&#8220;{}&#8220; custom_padding__hover=&#8220;|||&#8220;][et_pb_text _builder_version=&#8220;4.25.1&#8243; text_font=&#8220;Montserrat||||||||&#8220; text_font_size=&#8220;16px&#8220; text_line_height=&#8220;1.8em&#8220; link_font=&#8220;Montserrat|700|||||||&#8220; link_text_color=&#8220;#fa546d&#8220; link_font_size=&#8220;22px&#8220; link_line_height=&#8220;1.5em&#8220; header_font=&#8220;||||||||&#8220; header_2_font=&#8220;Roboto|700|||||||&#8220; header_2_font_size=&#8220;40px&#8220; header_2_line_height=&#8220;1.4em&#8220; header_6_font=&#8220;Roboto|600||on|||||&#8220; header_6_text_color=&#8220;#ffb342&#8243; header_6_font_size=&#8220;16px&#8220; header_6_letter_spacing=&#8220;2px&#8220; header_6_line_height=&#8220;1.5em&#8220; text_orientation=&#8220;center&#8220; max_width=&#8220;700px&#8220; max_width_last_edited=&#8220;off|desktop&#8220; module_alignment=&#8220;center&#8220; custom_margin=&#8220;|||&#8220; custom_padding=&#8220;|||&#8220; hover_enabled=&#8220;0&#8243; header_2_font_size_tablet=&#8220;&#8220; header_2_font_size_phone=&#8220;24px&#8220; header_2_font_size_last_edited=&#8220;on|phone&#8220; locked=&#8220;off&#8220; global_colors_info=&#8220;{}&#8220; sticky_enabled=&#8220;0&#8243;]<\/p>\n<h6><span style=\"color: #000000;\">Nem\u016f\u017eeme se do\u010dkat, a\u017e v\u00e1s uvid\u00edme!<\/span><\/h6>\n<h2>Kalend\u00e1\u0159<\/h2>\n<p>[\/et_pb_text][\/et_pb_column][\/et_pb_row][et_pb_row _builder_version=&#8220;4.25.1&#8243; custom_margin=&#8220;25px||25px||false|false&#8220; custom_padding=&#8220;20px|20px|20px|20px|false|false&#8220; hover_enabled=&#8220;0&#8243; border_radii=&#8220;on|20px|20px|20px|20px&#8220; box_shadow_style=&#8220;preset1&#8243; global_colors_info=&#8220;{}&#8220; box_shadow_vertical=&#8220;0px&#8220; box_shadow_blur=&#8220;40px&#8220; box_shadow_color=&#8220;rgba(0,0,0,0.1)&#8220; sticky_enabled=&#8220;0&#8243; background_color=&#8220;#FFFFFF&#8220;][et_pb_column type=&#8220;4_4&#8243; _builder_version=&#8220;4.16&#8243; custom_padding=&#8220;|||&#8220; global_colors_info=&#8220;{}&#8220; custom_padding__hover=&#8220;|||&#8220;][et_pb_code _builder_version=&#8220;4.21.0&#8243; _module_preset=&#8220;default&#8220; text_orientation=&#8220;left&#8220; custom_padding=&#8220;10px|10px|10px|10px|false|false&#8220; global_colors_info=&#8220;{}&#8220;]<div class=\"ecs-no-events\">\u017d\u00e1dn\u00e9 nadch\u00e1zej\u00edc\u00ed ud\u00e1losti akce.<\/div>[\/et_pb_code][\/et_pb_column][\/et_pb_row][et_pb_row column_structure=&#8220;1_3,2_3&#8243; make_equal=&#8220;on&#8220; padding_top_bottom_link_1=&#8220;true&#8220; padding_left_right_link_1=&#8220;false&#8220; _builder_version=&#8220;4.25.1&#8243; background_color=&#8220;#ffffff&#8220; custom_margin=&#8220;||40px|&#8220; custom_padding=&#8220;0|0px|0|0px|false|false&#8220; animation_style=&#8220;fold&#8220; animation_intensity_fold=&#8220;10%&#8220; hover_enabled=&#8220;0&#8243; border_radii=&#8220;on|20px|20px|20px|20px&#8220; box_shadow_style=&#8220;preset1&#8243; box_shadow_color=&#8220;rgba(0,0,0,0.1)&#8220; global_colors_info=&#8220;{}&#8220; box_shadow_vertical=&#8220;0px&#8220; box_shadow_blur=&#8220;40px&#8220; sticky_enabled=&#8220;0&#8243;][et_pb_column type=&#8220;1_3&#8243; _builder_version=&#8220;4.16&#8243; custom_padding=&#8220;60px||60px|40px&#8220; custom_padding_tablet=&#8220;40px|30px|0px|30px|false|true&#8220; custom_padding_phone=&#8220;&#8220; custom_padding_last_edited=&#8220;on|tablet&#8220; global_colors_info=&#8220;{}&#8220; padding_tablet=&#8220;40px|30px|0px|30px|false|true&#8220; padding_last_edited=&#8220;on|tablet&#8220; custom_padding__hover=&#8220;|||&#8220; padding_phone=&#8220;40px|30px|0px|30px|false|true&#8220;][et_pb_image src=&#8220;https:\/\/www.swisslens.ch\/wp-content\/uploads\/SwissLens-Logo.png&#8220; title_text=&#8220;SwissLens&#8220; _builder_version=&#8220;4.21.0&#8243; _module_preset=&#8220;default&#8220; global_colors_info=&#8220;{}&#8220;][\/et_pb_image][et_pb_blurb title=&#8220;Adresa&#8220; use_icon=&#8220;on&#8220; font_icon=&#8220;&#xf275;||fa||900&#8243; icon_color=&#8220;#1392B1&#8243; icon_placement=&#8220;left&#8220; image_icon_width=&#8220;20px&#8220; admin_label=&#8220;Contact Info&#8220; _builder_version=&#8220;4.25.1&#8243; header_font=&#8220;Roboto||||||||&#8220; header_font_size=&#8220;16px&#8220; header_line_height=&#8220;1.5em&#8220; body_font=&#8220;Roboto|300|||||||&#8220; body_text_color=&#8220;#404040&#8243; body_line_height=&#8220;1.8em&#8220; custom_margin=&#8220;|||&#8220; custom_padding=&#8220;|||&#8220; hover_enabled=&#8220;0&#8243; border_radii=&#8220;on|10px|10px|10px|10px&#8220; global_colors_info=&#8220;{}&#8220; sticky_enabled=&#8220;0&#8243;]<\/p>\n<p>Chemin des Creuses 9<br \/>CH &#8211; 1008 Prilly<br \/>\u0160v\u00fdcarsko<\/p>\n<p>[\/et_pb_blurb][et_pb_code _builder_version=&#8220;4.21.0&#8243; _module_preset=&#8220;default&#8220; global_colors_info=&#8220;{}&#8220;]<script>jQuery('body').delegate('span[data-replace]', 'click', function(event){    event.preventDefault();    var older_value = jQuery(this).html();    jQuery(this)        .html(jQuery(this)        .attr('data-replace'))        .attr('data-replace',older_value);});<\/script>[\/et_pb_code][et_pb_blurb title=&#8220;Soci\u00e1ln\u00ed m\u00e9dia&#8220; use_icon=&#8220;on&#8220; font_icon=&#8220;&#xe0a0;||divi||400&#8243; icon_color=&#8220;#1392B1&#8243; icon_placement=&#8220;left&#8220; image_icon_width=&#8220;20px&#8220; admin_label=&#8220;Social Media&#8220; _builder_version=&#8220;4.21.0&#8243; _module_preset=&#8220;default&#8220; body_font=&#8220;Roboto||||||||&#8220; body_text_align=&#8220;justify&#8220; body_font_size=&#8220;12px&#8220; body_link_font=&#8220;Roboto||||||||&#8220; body_link_text_color=&#8220;#1392B1&#8243; global_colors_info=&#8220;{}&#8220; custom_margin=&#8220;||1px|||&#8220;][\/et_pb_blurb][et_pb_social_media_follow icon_color=&#8220;#FFFFFF&#8220; use_icon_font_size=&#8220;on&#8220; _builder_version=&#8220;4.25.1&#8243; _module_preset=&#8220;default&#8220; hover_enabled=&#8220;0&#8243; text_orientation_tablet=&#8220;center&#8220; text_orientation_phone=&#8220;center&#8220; text_orientation_last_edited=&#8220;on|desktop&#8220; global_colors_info=&#8220;{}&#8220; theme_builder_area=&#8220;post_content&#8220; text_orientation=&#8220;center&#8220; sticky_enabled=&#8220;0&#8243; min_height=&#8220;42px&#8220; custom_margin=&#8220;7px|||-30px|false|false&#8220;][et_pb_social_media_follow_network social_network=&#8220;facebook&#8220; url=&#8220;https:\/\/www.facebook.com\/swisslens\/&#8220; _builder_version=&#8220;4.25.1&#8243; _module_preset=&#8220;default&#8220; background_color=&#8220;#1392B0&#8243; background_enable_color=&#8220;on&#8220; global_colors_info=&#8220;{}&#8220; theme_builder_area=&#8220;post_content&#8220; follow_button=&#8220;off&#8220; url_new_window=&#8220;on&#8220;]facebook[\/et_pb_social_media_follow_network][et_pb_social_media_follow_network social_network=&#8220;linkedin&#8220; url=&#8220;https:\/\/www.linkedin.com\/company\/swisslens&#8220; _builder_version=&#8220;4.25.1&#8243; _module_preset=&#8220;default&#8220; background_color=&#8220;#1392B0&#8243; background_enable_color=&#8220;on&#8220; global_colors_info=&#8220;{}&#8220; theme_builder_area=&#8220;post_content&#8220; follow_button=&#8220;off&#8220; url_new_window=&#8220;on&#8220;]linkedin[\/et_pb_social_media_follow_network][et_pb_social_media_follow_network social_network=&#8220;instagram&#8220; url=&#8220;https:\/\/www.instagram.com\/swisslens_sa\/&#8220; _builder_version=&#8220;4.25.1&#8243; _module_preset=&#8220;default&#8220; background_color=&#8220;#1392B0&#8243; background_enable_color=&#8220;on&#8220; global_colors_info=&#8220;{}&#8220; theme_builder_area=&#8220;post_content&#8220; follow_button=&#8220;off&#8220; url_new_window=&#8220;on&#8220;]instagram[\/et_pb_social_media_follow_network][et_pb_social_media_follow_network social_network=&#8220;youtube&#8220; url=&#8220;https:\/\/www.youtube.com\/c\/swisslens&#8220; _builder_version=&#8220;4.25.1&#8243; _module_preset=&#8220;default&#8220; background_color=&#8220;#1392B0&#8243; background_enable_color=&#8220;on&#8220; global_colors_info=&#8220;{}&#8220; theme_builder_area=&#8220;post_content&#8220; follow_button=&#8220;off&#8220; url_new_window=&#8220;on&#8220;]youtube[\/et_pb_social_media_follow_network][\/et_pb_social_media_follow][\/et_pb_column][et_pb_column type=&#8220;2_3&#8243; _builder_version=&#8220;4.16&#8243; custom_padding=&#8220;|||&#8220; global_colors_info=&#8220;{}&#8220; custom_padding__hover=&#8220;|||&#8220;][et_pb_map address=&#8220;swiss&#8220; admin_label=&#8220;Map&#8220; _builder_version=&#8220;4.25.1&#8243; _module_preset=&#8220;default&#8220; height=&#8220;500px&#8220; custom_padding=&#8220;20px|20px|20px|20px|true|true&#8220; hover_enabled=&#8220;0&#8243; module_alignment_tablet=&#8220;&#8220; module_alignment_phone=&#8220;&#8220; module_alignment_last_edited=&#8220;on|desktop&#8220; global_colors_info=&#8220;{}&#8220; sticky_enabled=&#8220;0&#8243;][et_pb_map_pin _builder_version=&#8220;4.25.1&#8243; _module_preset=&#8220;default&#8220; global_colors_info=&#8220;{}&#8220; pin_address=&#8220;Chemin des Creuses 9 CH &#8211; 1008 Prilly Switzerland&#8220; hover_enabled=&#8220;0&#8243; sticky_enabled=&#8220;0&#8243;][\/et_pb_map_pin][\/et_pb_map][\/et_pb_column][\/et_pb_row][\/et_pb_section]<\/p>\n","protected":false},"excerpt":{"rendered":"<p>Kongresy a veletrhy Spole\u010dnost SwissLens se hrd\u011b \u00fa\u010dastn\u00ed mnoha kongres\u016f a veletrh\u016f v\u011bnovan\u00fdch p\u00e9\u010di o zrak a zrakov\u00fdm technologi\u00edm. Jako p\u0159edn\u00ed poskytovatel inovativn\u00edch \u0159e\u0161en\u00ed kontaktn\u00edch \u010do\u010dek se sna\u017e\u00edme b\u00fdt v [&hellip;]<\/p>\n","protected":false},"author":1,"featured_media":0,"parent":0,"menu_order":503,"comment_status":"closed","ping_status":"closed","template":"","meta":{"_et_pb_use_builder":"on","_et_pb_old_content":"","_et_gb_content_width":"","_price":"","_stock":"","_tribe_ticket_header":"","_tribe_default_ticket_provider":"","_tribe_ticket_capacity":"0","_ticket_start_date":"","_ticket_end_date":"","_tribe_ticket_show_description":"","_tribe_ticket_show_not_going":false,"_tribe_ticket_use_global_stock":"","_tribe_ticket_global_stock_level":"","_global_stock_mode":"","_global_stock_cap":"","_tribe_rsvp_for_event":"","_tribe_ticket_going_count":"","_tribe_ticket_not_going_count":"","_tribe_tickets_list":"[]","_tribe_ticket_has_attendee_info_fields":false,"footnotes":""},"class_list":["post-1114813","page","type-page","status-publish","hentry"],"_links":{"self":[{"href":"https:\/\/www.swisslens.ch\/cz\/wp-json\/wp\/v2\/pages\/1114813","targetHints":{"allow":["GET"]}}],"collection":[{"href":"https:\/\/www.swisslens.ch\/cz\/wp-json\/wp\/v2\/pages"}],"about":[{"href":"https:\/\/www.swisslens.ch\/cz\/wp-json\/wp\/v2\/types\/page"}],"author":[{"embeddable":true,"href":"https:\/\/www.swisslens.ch\/cz\/wp-json\/wp\/v2\/users\/1"}],"replies":[{"embeddable":true,"href":"https:\/\/www.swisslens.ch\/cz\/wp-json\/wp\/v2\/comments?post=1114813"}],"version-history":[{"count":0,"href":"https:\/\/www.swisslens.ch\/cz\/wp-json\/wp\/v2\/pages\/1114813\/revisions"}],"wp:attachment":[{"href":"https:\/\/www.swisslens.ch\/cz\/wp-json\/wp\/v2\/media?parent=1114813"}],"curies":[{"name":"wp","href":"https:\/\/api.w.org\/{rel}","templated":true}]}}