{"id":1114801,"date":"2022-08-26T00:06:58","date_gmt":"2022-08-25T22:06:58","guid":{"rendered":"https:\/\/www.swisslens.ch\/one-step-t\/"},"modified":"2026-01-28T17:21:54","modified_gmt":"2026-01-28T16:21:54","slug":"one-step-t","status":"publish","type":"page","link":"https:\/\/www.swisslens.ch\/cz\/one-step-t\/","title":{"rendered":"One Step T"},"content":{"rendered":"<p>[et_pb_section fb_built=&#8220;1&#8243; specialty=&#8220;on&#8220; custom_padding_last_edited=&#8220;on|phone&#8220; padding_bottom_2=&#8220;40px&#8220; admin_label=&#8220;Services&#8220; _builder_version=&#8220;4.27.2&#8243; background_color=&#8220;RGBA(255,255,255,0)&#8220; custom_padding=&#8220;54px|0px|0px|0|false|false&#8220; custom_padding_tablet=&#8220;54px|0px|0px|0|false|false&#8220; custom_padding_phone=&#8220;0px|0px|0px|0|false|false&#8220; bottom_divider_height=&#8220;50px&#8220; bottom_divider_arrangement=&#8220;above_content&#8220; global_colors_info=&#8220;{}&#8220;][et_pb_column type=&#8220;1_2&#8243; _builder_version=&#8220;4.16&#8243; custom_padding=&#8220;|||&#8220; global_colors_info=&#8220;{}&#8220; custom_padding__hover=&#8220;|||&#8220;][et_pb_image src=&#8220;http:\/\/www.swisslens.ch\/wp-content\/uploads\/One-step-T-3&#215;360-x1.png&#8220; title_text=&#8220;Jeden krok T- 3&#215;360 &#8211; x1&#8243; show_bottom_space=&#8220;off&#8220; align=&#8220;right&#8220; align_tablet=&#8220;center&#8220; align_phone=&#8220;&#8220; align_last_edited=&#8220;on|desktop&#8220; _builder_version=&#8220;4.27.2&#8243; parallax=&#8220;on&#8220; background_blend=&#8220;hard-light&#8220; width=&#8220;100%&#8220; max_width=&#8220;100%&#8220; module_alignment=&#8220;left&#8220; height=&#8220;370px&#8220; max_height=&#8220;370px&#8220; custom_padding=&#8220;30px|||||&#8220; animation_style=&#8220;slide&#8220; animation_direction=&#8220;right&#8220; animation_intensity_slide=&#8220;2%&#8220; custom_css_free_form=&#8220;@media(max-width:769px){.et_pb_image_0 .et_pb_image_wrap img {||        width: auto;||        max-width: 90% !important;||    }||}&#8220; global_colors_info=&#8220;{}&#8220;][\/et_pb_image][\/et_pb_column][et_pb_column type=&#8220;1_2&#8243; specialty_columns=&#8220;2&#8243; _builder_version=&#8220;4.16&#8243; custom_padding=&#8220;|||&#8220; global_colors_info=&#8220;{}&#8220; custom_padding__hover=&#8220;|||&#8220;][et_pb_row_inner custom_padding_last_edited=&#8220;on|phone&#8220; _builder_version=&#8220;4.27.2&#8243; custom_padding=&#8220;84px|0px|15px|0px|false|false&#8220; custom_padding_tablet=&#8220;84px|0px|15px|0px|false|false&#8220; custom_padding_phone=&#8220;0px|0px|15px|0px|false|false&#8220; global_colors_info=&#8220;{}&#8220;][et_pb_column_inner saved_specialty_column_type=&#8220;1_2&#8243; _builder_version=&#8220;4.16&#8243; custom_padding=&#8220;|||&#8220; global_colors_info=&#8220;{}&#8220; custom_padding__hover=&#8220;|||&#8220;][et_pb_text _builder_version=&#8220;4.27.2&#8243; text_font=&#8220;Roboto|300|||||||&#8220; text_font_size=&#8220;16px&#8220; text_line_height=&#8220;1.8em&#8220; link_font=&#8220;Montserrat|700|||||||&#8220; link_text_color=&#8220;#fa546d&#8220; link_font_size=&#8220;22px&#8220; link_line_height=&#8220;1.5em&#8220; header_font=&#8220;||||||||&#8220; header_2_font=&#8220;SwissLens|700|||||||&#8220; header_2_font_size=&#8220;38px&#8220; header_2_line_height=&#8220;1.4em&#8220; header_3_text_color=&#8220;#404040&#8243; header_3_font_size=&#8220;30px&#8220; header_6_font=&#8220;Montserrat|600||on|||||&#8220; header_6_text_color=&#8220;#ffb342&#8243; header_6_font_size=&#8220;16px&#8220; header_6_letter_spacing=&#8220;2px&#8220; header_6_line_height=&#8220;1.5em&#8220; max_width_last_edited=&#8220;off|desktop&#8220; module_alignment=&#8220;left&#8220; custom_margin=&#8220;|||&#8220; custom_padding=&#8220;|||&#8220; header_2_font_size_tablet=&#8220;&#8220; header_2_font_size_phone=&#8220;24px&#8220; header_2_font_size_last_edited=&#8220;on|phone&#8220; header_3_font_size_tablet=&#8220;30px&#8220; header_3_font_size_phone=&#8220;24px&#8220; header_3_font_size_last_edited=&#8220;on|phone&#8220; global_colors_info=&#8220;{}&#8220;]<\/p>\n<h2>Acuacare<\/h2>\n<h3>jeden krok t<\/h3>\n<h6 style=\"color: #000!important;\"><\/h6>\n<p style=\"text-align: justify;\"><span>Rychl\u00fd jednokrokov\u00fd peroxidov\u00fd syst\u00e9m s barevn\u00fdm indik\u00e1torem pro \u010di\u0161t\u011bn\u00ed v\u0161ech typ\u016f kontaktn\u00edch \u010do\u010dek: b\u011b\u017en\u00fdch, jednor\u00e1zov\u00fdch, silikon-hydrogelov\u00fdch a RGP.<\/span><\/p>\n<p>[\/et_pb_text][\/et_pb_column_inner][\/et_pb_row_inner][et_pb_row_inner column_structure=&#8220;1_2,1_2&#8243; use_custom_gutter=&#8220;on&#8220; gutter_width=&#8220;2&#8243; _builder_version=&#8220;4.25.1&#8243; custom_margin=&#8220;0px||0px||false|false&#8220; global_colors_info=&#8220;{}&#8220;][et_pb_column_inner type=&#8220;1_2&#8243; saved_specialty_column_type=&#8220;1_2&#8243; _builder_version=&#8220;4.16&#8243; custom_padding=&#8220;|||&#8220; global_colors_info=&#8220;{}&#8220; custom_padding__hover=&#8220;|||&#8220;][et_pb_text module_class=&#8220;doc-button&#8220; _builder_version=&#8220;4.27.4&#8243; text_font=&#8220;Roboto||||||||&#8220; link_font=&#8220;||||||||&#8220; link_text_color=&#8220;#ffffff&#8220; header_4_font=&#8220;Roboto|900|||||||&#8220; header_4_font_size=&#8220;16px&#8220; background_color=&#8220;#1392B1&#8243; background_layout=&#8220;dark&#8220; custom_padding=&#8220;10px|20px|10px|20px|true|true&#8220; animation_style=&#8220;zoom&#8220; animation_delay=&#8220;300ms&#8220; animation_intensity_zoom=&#8220;20%&#8220; hover_enabled=&#8220;0&#8243; border_radii=&#8220;on|6px|6px|6px|6px&#8220; locked=&#8220;off&#8220; global_colors_info=&#8220;{}&#8220; sticky_enabled=&#8220;0&#8243;]<\/p>\n<div style=\"display: flex;\">\n<div style=\"margin-right: 10px;\"><img loading=\"lazy\" decoding=\"async\" src=\"\/wp-content\/uploads\/icon-tecnical-file-pdf.svg\" width=\"48\" height=\"48\" alt=\"\" class=\"wp-image-1118673 alignnone size-full\" \/><\/div>\n<div>\n<h4>Fitting guide<\/h4>\n<p>Download pdf<\/p>\n<\/div>\n<\/div>\n<p>[\/et_pb_text][\/et_pb_column_inner][et_pb_column_inner type=&#8220;1_2&#8243; saved_specialty_column_type=&#8220;1_2&#8243; _builder_version=&#8220;4.16&#8243; custom_padding=&#8220;|||&#8220; global_colors_info=&#8220;{}&#8220; custom_padding__hover=&#8220;|||&#8220;][et_pb_text disabled_on=&#8220;on|on|on&#8220; module_class=&#8220;guide-button&#8220; _builder_version=&#8220;4.27.0&#8243; text_font=&#8220;Roboto||||||||&#8220; link_font=&#8220;||||||||&#8220; link_text_color=&#8220;#666666&#8243; header_4_font=&#8220;Montserrat|700|||||||&#8220; header_4_font_size=&#8220;16px&#8220; header_4_line_height=&#8220;0.9em&#8220; background_color=&#8220;#ffffff&#8220; custom_padding=&#8220;10px|20px|10px|20px|true|true&#8220; animation_style=&#8220;zoom&#8220; animation_delay=&#8220;150ms&#8220; animation_intensity_zoom=&#8220;20%&#8220; border_radii=&#8220;on|6px|6px|6px|6px&#8220; box_shadow_style=&#8220;preset1&#8243; box_shadow_vertical=&#8220;0px&#8220; box_shadow_blur=&#8220;40px&#8220; box_shadow_color=&#8220;rgba(0,0,0,0.1)&#8220; disabled=&#8220;on&#8220; locked=&#8220;off&#8220; global_colors_info=&#8220;{}&#8220;]<\/p>\n<div style=\"display: flex;\">\n<div style=\"margin-right: 10px;\"><img loading=\"lazy\" decoding=\"async\" src=\"\/wp-content\/uploads\/icon-fitting-guide.svg\" width=\"48\" height=\"48\" alt=\"\" class=\"wp-image-1118673 alignnone size-full\"><\/div>\n<div>\n<h4>Aplika\u010dn\u00ed n\u00e1vod<\/h4>\n<p><a href=\"\/?p=711&amp;wpdmdl=711&amp;masterkey=e4Ub2S0DWwfCDcrT-SGXUWKfWTjY07flvstgstC-Oft41zOt3Psjgd5h8thuuNBt3sCBbki7Sh-TLj2GQjZGpHwP3v8nQSDwyzXoFYuFzeUmpro#\">St\u00e1hnout PDF<\/a><\/p>\n<\/div>\n<\/div>\n<p>[\/et_pb_text][\/et_pb_column_inner][\/et_pb_row_inner][\/et_pb_column][\/et_pb_section][et_pb_section fb_built=&#8220;1&#8243; admin_label=&#8220;Products&#8220; _builder_version=&#8220;4.25.1&#8243; background_color=&#8220;RGBA(255,255,255,0)&#8220; custom_padding=&#8220;2.6px|0px|53.625px|0|false|false&#8220; global_colors_info=&#8220;{}&#8220;][et_pb_row _builder_version=&#8220;4.16&#8243; locked=&#8220;off&#8220; global_colors_info=&#8220;{}&#8220;][et_pb_column type=&#8220;4_4&#8243; _builder_version=&#8220;4.16&#8243; custom_padding=&#8220;|||&#8220; global_colors_info=&#8220;{}&#8220; custom_padding__hover=&#8220;|||&#8220;][et_pb_text _builder_version=&#8220;4.27.2&#8243; text_font=&#8220;Montserrat||||||||&#8220; text_font_size=&#8220;16px&#8220; text_line_height=&#8220;1.8em&#8220; link_font=&#8220;Montserrat|700|||||||&#8220; link_text_color=&#8220;#fa546d&#8220; link_font_size=&#8220;22px&#8220; link_line_height=&#8220;1.5em&#8220; header_font=&#8220;||||||||&#8220; header_2_font=&#8220;&#8211;et_global_heading_font|700|||||||&#8220; header_2_font_size=&#8220;40px&#8220; header_2_line_height=&#8220;1.4em&#8220; header_6_font=&#8220;&#8211;et_global_body_font|||on|||||&#8220; header_6_text_color=&#8220;#404040&#8243; header_6_font_size=&#8220;16px&#8220; header_6_letter_spacing=&#8220;2px&#8220; header_6_line_height=&#8220;1.5em&#8220; text_orientation=&#8220;center&#8220; max_width=&#8220;700px&#8220; max_width_last_edited=&#8220;off|desktop&#8220; module_alignment=&#8220;center&#8220; custom_margin=&#8220;|||&#8220; custom_padding=&#8220;|||&#8220; header_2_font_size_tablet=&#8220;&#8220; header_2_font_size_phone=&#8220;24px&#8220; header_2_font_size_last_edited=&#8220;on|phone&#8220; locked=&#8220;off&#8220; global_colors_info=&#8220;{}&#8220;]<\/p>\n<h6><span class=\"ILfuVd\" lang=\"en\"><span class=\"hgKElc\" style=\"color: #404040!important;\">O produktu<\/span><\/span><\/h6>\n<h2>Informace<\/h2>\n<p>[\/et_pb_text][\/et_pb_column][\/et_pb_row][et_pb_row column_structure=&#8220;1_2,1_2&#8243; use_custom_gutter=&#8220;on&#8220; gutter_width=&#8220;2&#8243; make_equal=&#8220;on&#8220; _builder_version=&#8220;4.25.1&#8243; _module_preset=&#8220;default&#8220; custom_padding=&#8220;3px|||||&#8220; global_colors_info=&#8220;{}&#8220;][et_pb_column type=&#8220;1_2&#8243; _builder_version=&#8220;4.21.0&#8243; _module_preset=&#8220;default&#8220; global_colors_info=&#8220;{}&#8220;][et_pb_text _builder_version=&#8220;4.27.0&#8243; _module_preset=&#8220;default&#8220; text_font=&#8220;|300|||||||&#8220; text_font_size=&#8220;16px&#8220; text_line_height=&#8220;27px&#8220; background_color=&#8220;#FFFFFF&#8220; height=&#8220;100%&#8220; custom_padding=&#8220;20px|30px|20px|30px|false|false&#8220; border_radii=&#8220;on|20px|20px|20px|20px&#8220; box_shadow_style=&#8220;preset1&#8243; box_shadow_color=&#8220;rgba(0,0,0,0.1)&#8220; global_colors_info=&#8220;{}&#8220;]<\/p>\n<h3 style=\"text-align: justify;\">Co poskytuje<\/h3>\n<p style=\"text-align: justify;\">Nejvy\u0161\u0161\u00ed \u00farove\u0148 dezinfekce: 100 % Dezinfekce 100 % povrchu \u010do\u010dky. Neutraliza\u010dn\u00ed tableta vytv\u00e1\u0159\u00ed bublinky a\u017e po 12 minut\u00e1ch, tak\u017ee b\u011bhem t\u00e9to doby jsou \u010do\u010dky pono\u0159eny do 3% roztoku peroxidu vod\u00edku, ve kter\u00e9m se \u017e\u00e1dn\u00e9 bublinky neobjevuj\u00ed, co\u017e by mohlo zabr\u00e1nit dezinfekci n\u011bkter\u00fdch oblast\u00ed \u010do\u010dek.<\/p>\n<p style=\"text-align: justify;\"><strong>Nejrychlej\u0161\u00ed:<\/strong> Cel\u00fd proces (dezinfekce + neutralizace) je hotov\u00fd za jednu hodinu.<\/p>\n<p style=\"text-align: justify;\">Odstra\u0148uje proteiny a zvlh\u010duje \u010do\u010dku.<\/p>\n<h3 style=\"text-align: justify;\">Doporu\u010den\u00fd p\u0159edpis<\/h3>\n<p style=\"text-align: justify;\">Doporu\u010dujeme zejm\u00e9na pro u\u017eivatele b\u011b\u017en\u00fdch \u010do\u010dek, \u010do\u010dek RGP a \u010do\u010dek Ortho-K.<\/p>\n<h3 style=\"text-align: justify;\">Dal\u0161\u00ed specifikace<\/h3>\n<p style=\"text-align: justify;\"><i>Citliv\u00e9 nebo norm\u00e1ln\u00ed o\u010di<\/i><\/p>\n<p style=\"text-align: justify;\">U\u017eivatel\u00e9 silikon-hydrogelov\u00fdch, konven\u010dn\u00edch hydrogelov\u00fdch, RGP a Ortho-K \u010do\u010dek s citliv\u00fdma nebo norm\u00e1ln\u00edma o\u010dima. V p\u0159\u00edpad\u011b pot\u0159eby pou\u017eijte<span> <\/span>fyziologick\u00fd roztok<span> <\/span>pro opl\u00e1chnut\u00ed p\u0159ed nasazen\u00edm \u010do\u010dek.<\/p>\n<p style=\"text-align: justify;\"><i>Mastn\u00e9 oko<\/i><\/p>\n<p style=\"text-align: justify;\">U\u017eivatel\u00e9 b\u011b\u017en\u00fdch, RGP a Ortho-K \u010do\u010dek s probl\u00e9my s mastn\u00fdm okem. \u00dadr\u017ebu lze prov\u00e1d\u011bt pomoc\u00ed <a href=\"..\/allclean\">AllClean<\/a> a<span> <\/span>\u010disti\u010d s izopropylalkoholem<span> <\/span>a<span> <\/span>fyziologick\u00fd roztok<span> <\/span>pro oplachov\u00e1n\u00ed.<\/p>\n<p style=\"text-align: justify;\"><i>Such\u00e9 oko<\/i><\/p>\n<p style=\"text-align: justify;\">V p\u0159\u00edpad\u011b u\u017eivatel\u016f \u010do\u010dek RGP a Ortho-K se syndromem such\u00e9ho oka se doporu\u010duje doplnit proces \u010di\u0161t\u011bn\u00ed o<span> <\/span>fyziologick\u00fd roztok<span> <\/span>a zvlh\u010duj\u00edc\u00ed o\u010dn\u00ed kapky.<\/p>\n<p>[\/et_pb_text][\/et_pb_column][et_pb_column type=&#8220;1_2&#8243; _builder_version=&#8220;4.21.0&#8243; _module_preset=&#8220;default&#8220; global_colors_info=&#8220;{}&#8220;][et_pb_text _builder_version=&#8220;4.27.0&#8243; _module_preset=&#8220;default&#8220; text_font=&#8220;|300|||||||&#8220; text_font_size=&#8220;16px&#8220; background_color=&#8220;#FFFFFF&#8220; custom_padding=&#8220;20px|30px|20px|30px|false|false&#8220; border_radii=&#8220;on|20px|20px|20px|20px&#8220; box_shadow_style=&#8220;preset1&#8243; box_shadow_color=&#8220;rgba(0,0,0,0.1)&#8220; global_colors_info=&#8220;{}&#8220;]<\/p>\n<h3>Slo\u017een\u00ed<\/h3>\n<ul>\n<li><strong><span style=\"text-decoration: underline;\">Dezinfek\u010dn\u00ed roztok:  <\/span><\/strong>\n<ul>\n<li>Peroxid vod\u00edku 3%<\/li>\n<li>fosfore\u010dnan sodn\u00fd<\/li>\n<li>edetan disodn\u00fd v \u010di\u0161t\u011bn\u00e9 vod\u011b.<\/li>\n<\/ul>\n<\/li>\n<li><strong><span style=\"text-decoration: underline;\">Neutraliza\u010dn\u00ed tableta:  <\/span><\/strong>\n<ul>\n<li>Chlorid sodn\u00fd<\/li>\n<li>Polyvinylpyrrolidon<\/li>\n<li>fosfore\u010dnan disodn\u00fd<\/li>\n<li>vitamin B2 0,075 mg<\/li>\n<li>katal\u00e1za 0,1 mg.<\/li>\n<\/ul>\n<\/li>\n<\/ul>\n<p><strong>Neobsahuje konzerva\u010dn\u00ed l\u00e1tky.<\/strong><\/p>\n<p>[\/et_pb_text][et_pb_text _builder_version=&#8220;4.27.2&#8243; _module_preset=&#8220;default&#8220; text_font=&#8220;|300|||||||&#8220; text_font_size=&#8220;16px&#8220; text_line_height=&#8220;27px&#8220; background_color=&#8220;#FFFFFF&#8220; position_origin_a=&#8220;bottom_center&#8220; position_origin_r=&#8220;bottom_right&#8220; width=&#8220;100%&#8220; height=&#8220;450px&#8220; height_tablet=&#8220;450px&#8220; height_phone=&#8220;480px&#8220; height_last_edited=&#8220;on|phone&#8220; custom_margin=&#8220;30px||||false|false&#8220; custom_margin_tablet=&#8220;30px||||false|false&#8220; custom_margin_phone=&#8220;80px||||false|false&#8220; custom_margin_last_edited=&#8220;on|phone&#8220; custom_padding=&#8220;20px|30px|20px|30px|false|false&#8220; text_letter_spacing_tablet=&#8220;&#8220; text_letter_spacing_phone=&#8220;&#8220; text_letter_spacing_last_edited=&#8220;on|desktop&#8220; border_radii=&#8220;on|20px|20px|20px|20px&#8220; box_shadow_style=&#8220;preset1&#8243; box_shadow_color=&#8220;rgba(0,0,0,0.1)&#8220; global_colors_info=&#8220;{}&#8220;]<\/p>\n<h3>Balen\u00ed<\/h3>\n<p style=\"text-align: justify;\">Acuacare One Step T je k dispozici v \u0159ad\u011b praktick\u00fdch form\u00e1t\u016f:<\/p>\n<ul>\n<li style=\"text-align: justify;\">60 ml (6 tabs)<\/li>\n<li style=\"text-align: justify;\">360 ml (36 tabs)<\/li>\n<li style=\"text-align: justify;\">ekonomick\u00e9 balen\u00ed 3 * 360 ml (3 * 36 tabs)<\/li>\n<\/ul>\n<p style=\"text-align: justify;\">A\u0165 u\u017e jsou va\u0161e pot\u0159eby jak\u00e9koli, najdete zde form\u00e1t, kter\u00fd vyhovuje va\u0161im preferenc\u00edm a zajist\u00ed kompletn\u00ed a \u00fa\u010dinnou p\u00e9\u010di o va\u0161e kontaktn\u00ed \u010do\u010dky. Vyberte si Acuacare All-in-One a vyu\u017eijte v\u00fdhod v\u0161estrann\u00e9ho a spolehliv\u00e9ho \u0159e\u0161en\u00ed p\u00e9\u010de pro optim\u00e1ln\u00ed no\u0161en\u00ed \u010do\u010dek.<\/p>\n<p>[\/et_pb_text][\/et_pb_column][\/et_pb_row][\/et_pb_section]<\/p>\n","protected":false},"excerpt":{"rendered":"<p>Acuacare jeden krok t Rychl\u00fd jednokrokov\u00fd peroxidov\u00fd syst\u00e9m s barevn\u00fdm indik\u00e1torem pro \u010di\u0161t\u011bn\u00ed v\u0161ech typ\u016f kontaktn\u00edch \u010do\u010dek: b\u011b\u017en\u00fdch, jednor\u00e1zov\u00fdch, silikon-hydrogelov\u00fdch a RGP. Fitting guide Download pdf Pr\u016fvodce mont\u00e1\u017e\u00ed St\u00e1hnout PDF [&hellip;]<\/p>\n","protected":false},"author":1,"featured_media":0,"parent":0,"menu_order":311,"comment_status":"closed","ping_status":"closed","template":"","meta":{"_et_pb_use_builder":"on","_et_pb_old_content":"","_et_gb_content_width":"","_price":"","_stock":"","_tribe_ticket_header":"","_tribe_default_ticket_provider":"","_tribe_ticket_capacity":"0","_ticket_start_date":"","_ticket_end_date":"","_tribe_ticket_show_description":"","_tribe_ticket_show_not_going":false,"_tribe_ticket_use_global_stock":"","_tribe_ticket_global_stock_level":"","_global_stock_mode":"","_global_stock_cap":"","_tribe_rsvp_for_event":"","_tribe_ticket_going_count":"","_tribe_ticket_not_going_count":"","_tribe_tickets_list":"[]","_tribe_ticket_has_attendee_info_fields":false,"footnotes":""},"class_list":["post-1114801","page","type-page","status-publish","hentry"],"_links":{"self":[{"href":"https:\/\/www.swisslens.ch\/cz\/wp-json\/wp\/v2\/pages\/1114801","targetHints":{"allow":["GET"]}}],"collection":[{"href":"https:\/\/www.swisslens.ch\/cz\/wp-json\/wp\/v2\/pages"}],"about":[{"href":"https:\/\/www.swisslens.ch\/cz\/wp-json\/wp\/v2\/types\/page"}],"author":[{"embeddable":true,"href":"https:\/\/www.swisslens.ch\/cz\/wp-json\/wp\/v2\/users\/1"}],"replies":[{"embeddable":true,"href":"https:\/\/www.swisslens.ch\/cz\/wp-json\/wp\/v2\/comments?post=1114801"}],"version-history":[{"count":3,"href":"https:\/\/www.swisslens.ch\/cz\/wp-json\/wp\/v2\/pages\/1114801\/revisions"}],"predecessor-version":[{"id":1166370,"href":"https:\/\/www.swisslens.ch\/cz\/wp-json\/wp\/v2\/pages\/1114801\/revisions\/1166370"}],"wp:attachment":[{"href":"https:\/\/www.swisslens.ch\/cz\/wp-json\/wp\/v2\/media?parent=1114801"}],"curies":[{"name":"wp","href":"https:\/\/api.w.org\/{rel}","templated":true}]}}