{"id":1114656,"date":"2023-12-07T15:24:06","date_gmt":"2023-12-07T14:24:06","guid":{"rendered":"https:\/\/www.swisslens.ch\/zpravodaj\/"},"modified":"2025-02-27T10:04:36","modified_gmt":"2025-02-27T09:04:36","slug":"zpravodaj","status":"publish","type":"page","link":"https:\/\/www.swisslens.ch\/cz\/zpravodaj\/","title":{"rendered":"Zpravodaj"},"content":{"rendered":"<p>[et_pb_section fb_built=&#8220;1&#8243; specialty=&#8220;on&#8220; padding_bottom_2=&#8220;40px&#8220; admin_label=&#8220;Services&#8220; _builder_version=&#8220;4.25.1&#8243; background_color=&#8220;RGBA(255,255,255,0)&#8220; custom_padding=&#8220;54px|0px|6px|0|false|false&#8220; bottom_divider_height=&#8220;50px&#8220; bottom_divider_arrangement=&#8220;above_content&#8220; locked=&#8220;off&#8220; global_colors_info=&#8220;{}&#8220;][et_pb_column type=&#8220;1_2&#8243; _builder_version=&#8220;4.16&#8243; custom_padding=&#8220;|||&#8220; global_colors_info=&#8220;{}&#8220; custom_padding__hover=&#8220;|||&#8220;][et_pb_image src=&#8220;https:\/\/www.swisslens.ch\/wp-content\/uploads\/6823d5a89a28a0dcec4b111a84260a99.png&#8220; title_text=&#8220;6823d5a89a28a0dcec4b111a84260a99&#8243; show_bottom_space=&#8220;off&#8220; align_tablet=&#8220;center&#8220; align_phone=&#8220;&#8220; align_last_edited=&#8220;on|desktop&#8220; _builder_version=&#8220;4.27.2&#8243; parallax=&#8220;on&#8220; background_blend=&#8220;hard-light&#8220; width=&#8220;100%&#8220; max_width=&#8220;100%&#8220; module_alignment=&#8220;left&#8220; height=&#8220;370px&#8220; height_tablet=&#8220;370px&#8220; height_phone=&#8220;370px&#8220; height_last_edited=&#8220;on|phone&#8220; max_height=&#8220;370px&#8220; animation_style=&#8220;slide&#8220; animation_direction=&#8220;right&#8220; animation_intensity_slide=&#8220;2%&#8220; global_colors_info=&#8220;{}&#8220;][\/et_pb_image][\/et_pb_column][et_pb_column type=&#8220;1_2&#8243; specialty_columns=&#8220;2&#8243; _builder_version=&#8220;4.16&#8243; custom_padding=&#8220;|||&#8220; global_colors_info=&#8220;{}&#8220; custom_padding__hover=&#8220;|||&#8220;][et_pb_row_inner _builder_version=&#8220;4.23.1&#8243; custom_margin=&#8220;||50px||false|false&#8220; custom_padding=&#8220;24px|0px|25px|0px|false|false&#8220; global_colors_info=&#8220;{}&#8220;][et_pb_column_inner saved_specialty_column_type=&#8220;1_2&#8243; _builder_version=&#8220;4.16&#8243; custom_padding=&#8220;|||&#8220; global_colors_info=&#8220;{}&#8220; custom_padding__hover=&#8220;|||&#8220;][et_pb_text _builder_version=&#8220;4.27.2&#8243; text_font=&#8220;Roboto|300|||||||&#8220; text_font_size=&#8220;16px&#8220; text_line_height=&#8220;1.8em&#8220; link_font=&#8220;Montserrat|700|||||||&#8220; link_text_color=&#8220;#fa546d&#8220; link_font_size=&#8220;22px&#8220; link_line_height=&#8220;1.5em&#8220; header_font=&#8220;Roboto||||||||&#8220; header_2_font=&#8220;&#8211;et_global_heading_font|700|||||||&#8220; header_2_font_size=&#8220;40px&#8220; header_2_line_height=&#8220;1.4em&#8220; header_6_font=&#8220;SwissLens|600||on|||||&#8220; header_6_text_color=&#8220;#ffb342&#8243; header_6_font_size=&#8220;16px&#8220; header_6_letter_spacing=&#8220;2px&#8220; header_6_line_height=&#8220;1.5em&#8220; max_width_last_edited=&#8220;off|desktop&#8220; module_alignment=&#8220;left&#8220; custom_margin=&#8220;||||false|false&#8220; custom_padding=&#8220;70px||||false|false&#8220; custom_padding_tablet=&#8220;70px||||false|false&#8220; custom_padding_phone=&#8220;0px||||false|false&#8220; custom_padding_last_edited=&#8220;on|phone&#8220; header_2_font_size_tablet=&#8220;&#8220; header_2_font_size_phone=&#8220;24px&#8220; header_2_font_size_last_edited=&#8220;on|phone&#8220; global_colors_info=&#8220;{}&#8220;]<\/p>\n<h2><span>Zpravodaj<\/span><\/h2>\n<h6 style=\"color: #000!important;\"><\/h6>\n<p style=\"text-align: justify;\">Odemkn\u011bte exkluzivn\u00ed informace a nab\u00eddky &#8211; p\u0159ihlaste se k odb\u011bru na\u0161eho newsletteru!<\/p>\n<p style=\"text-align: justify;\">Vydejte se na cestu za pozn\u00e1n\u00edm s na\u0161\u00edm newsletterem! P\u0159edplatn\u00fdm z\u00edsk\u00e1te VIP p\u0159\u00edstup do sv\u011bta exkluzivn\u00edho obsahu, speci\u00e1ln\u00edch nab\u00eddek a zasv\u011bcen\u00fdch informac\u00ed. Bu\u010fte v obraze d\u00edky nejnov\u011bj\u0161\u00edm aktualizac\u00edm produkt\u016f, odborn\u00fdm tip\u016fm a trend\u016fm v oboru, kter\u00e9 v\u00e1m budou doru\u010deny p\u0159\u00edmo do schr\u00e1nky.  <\/p>\n<p>[\/et_pb_text][\/et_pb_column_inner][\/et_pb_row_inner][\/et_pb_column][\/et_pb_section][et_pb_section fb_built=&#8220;1&#8243; admin_label=&#8220;Contact Info&#8220; _builder_version=&#8220;4.25.1&#8243; background_color=&#8220;RGBA(255,255,255,0)&#8220; background_color_gradient_direction=&#8220;0deg&#8220; custom_padding=&#8220;12px|||||&#8220; global_colors_info=&#8220;{}&#8220;][et_pb_row _builder_version=&#8220;4.16&#8243; locked=&#8220;off&#8220; global_colors_info=&#8220;{}&#8220;][et_pb_column type=&#8220;4_4&#8243; _builder_version=&#8220;4.16&#8243; custom_padding=&#8220;|||&#8220; global_colors_info=&#8220;{}&#8220; custom_padding__hover=&#8220;|||&#8220;][et_pb_text _builder_version=&#8220;4.27.2&#8243; text_font=&#8220;SwissLens||||||||&#8220; text_font_size=&#8220;16px&#8220; text_line_height=&#8220;1.8em&#8220; link_font=&#8220;Montserrat|700|||||||&#8220; link_text_color=&#8220;#fa546d&#8220; link_font_size=&#8220;22px&#8220; link_line_height=&#8220;1.5em&#8220; header_font=&#8220;||||||||&#8220; header_2_font=&#8220;Roboto|700|||||||&#8220; header_2_font_size=&#8220;40px&#8220; header_2_line_height=&#8220;1.4em&#8220; header_6_font=&#8220;&#8211;et_global_heading_font|||on|||||&#8220; header_6_text_color=&#8220;#ffb342&#8243; header_6_font_size=&#8220;16px&#8220; header_6_letter_spacing=&#8220;2px&#8220; header_6_line_height=&#8220;1.5em&#8220; text_orientation=&#8220;center&#8220; max_width=&#8220;700px&#8220; max_width_last_edited=&#8220;off|desktop&#8220; module_alignment=&#8220;center&#8220; custom_margin=&#8220;|||&#8220; custom_padding=&#8220;|||&#8220; header_2_font_size_tablet=&#8220;&#8220; header_2_font_size_phone=&#8220;24px&#8220; header_2_font_size_last_edited=&#8220;on|phone&#8220; locked=&#8220;off&#8220; global_colors_info=&#8220;{}&#8220;]<\/p>\n<h6><span style=\"color: #404040;\">Profesion\u00e1ln\u00ed o\u010dn\u00ed p\u00e9\u010de<\/span><\/h6>\n<h2>Zpravodaj<\/h2>\n<p>[\/et_pb_text][\/et_pb_column][\/et_pb_row][et_pb_row admin_label=&#8220;kontaktn\u00ed formul\u00e1\u0159&#8220; module_id=&#8220;contactform&#8220; _builder_version=&#8220;4.27.2&#8243; background_color=&#8220;#FFFFFF&#8220; custom_margin=&#8220;25px||25px||false|false&#8220; custom_padding=&#8220;20px|20px|20px|20px|false|false&#8220; border_radii=&#8220;on|20px|20px|20px|20px&#8220; box_shadow_style=&#8220;preset1&#8243; box_shadow_vertical=&#8220;0px&#8220; box_shadow_blur=&#8220;40px&#8220; box_shadow_color=&#8220;rgba(0,0,0,0.1)&#8220; global_colors_info=&#8220;{}&#8220;][et_pb_column type=&#8220;4_4&#8243; _builder_version=&#8220;4.27.2&#8243; background_color=&#8220;RGBA(255,255,255,0)&#8220; custom_padding=&#8220;|||&#8220; global_colors_info=&#8220;{}&#8220; custom_padding__hover=&#8220;|||&#8220;][et_pb_signup mailchimp_list=&#8220;SwissLens|79e589c53c&#8220; use_custom_fields=&#8220;on&#8220; title=&#8220;P\u0159ipojte se k n\u00e1m&#8220; description=&#8220;<\/p>\n<p><strong>Bu\u010fte prvn\u00ed, kdo se dozv\u00ed:<\/strong> Z\u00edskejte n\u00e1hled na nadch\u00e1zej\u00edc\u00ed vyd\u00e1n\u00ed, propaga\u010dn\u00ed akce a ud\u00e1losti. Bu\u010fte v obraze a jako prvn\u00ed se seznamte s novinkami. <\/p>\n<p><strong>Exkluzivn\u00ed nab\u00eddky:<\/strong> Vyu\u017eijte slevy a propaga\u010dn\u00ed akce ur\u010den\u00e9 pouze pro p\u0159edplatitele. N\u00e1\u0161 newsletter je kl\u00ed\u010dem k odemknut\u00ed speci\u00e1ln\u00edch nab\u00eddek navr\u017een\u00fdch s ohledem na v\u00e1s. <\/p>\n<p><strong>Tipy a rady odborn\u00edk\u016f:<\/strong> Z\u00edskejte tipy a rady od odborn\u00edk\u016f z oboru. N\u00e1\u0161 newsletter je pln\u00fd informac\u00ed, kter\u00e9 v\u00e1m pomohou optimalizovat va\u0161e z\u00e1\u017eitky. <\/p>\n<p><strong>Vzd\u011bl\u00e1vac\u00ed obsah:<\/strong> Pono\u0159te se do informa\u010dn\u00edho obsahu, kter\u00fd v\u00e1m poskytne znalosti o na\u0161ich produktech, technologi\u00edch a nejnov\u011bj\u0161\u00edch pokroc\u00edch v oboru.<\/p>\n<p><strong>Spojen\u00ed s komunitou:<\/strong> P\u0159ipojte se ke komunit\u011b podobn\u011b sm\u00fd\u0161lej\u00edc\u00edch lid\u00ed. Pod\u011blte se o sv\u00e9 zku\u0161enosti, u\u010dte se od ostatn\u00edch a sta\u0148te se sou\u010d\u00e1st\u00ed komunity, kter\u00e1 si cen\u00ed zdrav\u00ed o\u010d\u00ed a optim\u00e1ln\u00edho vid\u011bn\u00ed. <\/p>\n<p>&#8220; _builder_version=&#8220;4.27.4&#8243; _module_preset=&#8220;default&#8220; form_field_custom_padding=&#8220;14px||14px|0px|false|false&#8220; body_font=&#8220;|300|||||||&#8220; body_font_size=&#8220;16px&#8220; background_color=&#8220;RGBA(255,255,255,0)&#8220; custom_button=&#8220;on&#8220; button_text_color=&#8220;#FFFFFF&#8220; button_bg_color=&#8220;#1392B0&#8243; text_orientation=&#8220;justified&#8220; background_layout=&#8220;light&#8220; hover_enabled=&#8220;0&#8243; custom_css_free_form=&#8220;input{||      background: transparent !important;||    border-bottom: 1px solid #c9c9c9  !important;||    border-radius: 0px  !important;||  padding-left:0px !important;||}||textarea{||  background:#f7f7f7 !important;||  color:#404040 !important; ||  border-radius:10px !important;||}||||.et_pb_contact_field_options_title{||  font-family: Roboto;||font-size: 28.05px;||font-weight: 700;||line-height: 56.1px;||letter-spacing: -1.0403341054916382px;||text-align: left;||||}||.et_pb_contact_field_options_wrapper .et_pb_contact_field_options_title {||    margin-bottom: .5em;||    font-weight: 600;||    letter-spacing: normal;||}||label{||  font-weight:300 !important;||}||.et_contact_bottom_container {||    float: right;||    text-align: right;||    margin-top: -7%;||}||.et_pb_signup_0 .et_pb_newsletter_form p input%91type=%22text%22%93, .et_pb_signup_0 .et_pb_newsletter_form p textarea, .et_pb_signup_0 .et_pb_newsletter_form p select, .et_pb_signup_0 .et_pb_newsletter_form p .input%91type=%22radio%22%93+label i, .et_pb_signup_0 .et_pb_newsletter_form p .input%91type=%22checkbox%22%93+label i {||    border-width: 0px !important;||    border-color: #1392B0;||  padding-left: 0px !important;||}||body #page-container .et_pb_section .et_pb_signup_0.et_pb_subscribe .et_pb_newsletter_button.et_pb_button {||    color: #fff !important;||    font-family: &#8218;Roboto&#8216; !important;||    background: #1392B0 !important;||    width: 50%;||    border-radius: 10px;||}||.et_pb_newsletter_button_wrap{||  padding-top:20px;||}&#8220; border_color_all_fields=&#8220;#1392B0&#8243; global_colors_info=&#8220;{}&#8220; sticky_enabled=&#8220;0&#8243;][et_pb_signup_custom_field field_id=&#8220;3&#8243; field_title=&#8220;Company name&#8220; field_type=&#8220;input&#8220; _builder_version=&#8220;4.27.4&#8243; _module_preset=&#8220;default&#8220; global_colors_info=&#8220;{}&#8220; predefined_field=&#8220;3&#8243;][\/et_pb_signup_custom_field][et_pb_signup_custom_field _builder_version=&#8220;4.27.4&#8243; _module_preset=&#8220;default&#8220; predefined_field=&#8220;4&#8243; field_id=&#8220;4&#8243; field_title=&#8220;City&#8220; field_type=&#8220;input&#8220; hover_enabled=&#8220;0&#8243; sticky_enabled=&#8220;0&#8243;][\/et_pb_signup_custom_field][et_pb_signup_custom_field _builder_version=&#8220;4.27.4&#8243; _module_preset=&#8220;default&#8220; predefined_field=&#8220;6&#8243; field_id=&#8220;6&#8243; field_title=&#8220;Country&#8220; field_type=&#8220;input&#8220; hover_enabled=&#8220;0&#8243; sticky_enabled=&#8220;0&#8243;][\/et_pb_signup_custom_field][et_pb_signup_custom_field _builder_version=&#8220;4.27.4&#8243; _module_preset=&#8220;default&#8220; predefined_field=&#8220;7&#8243; field_id=&#8220;7&#8243; field_title=&#8220;Language&#8220; field_type=&#8220;input&#8220; hover_enabled=&#8220;0&#8243; sticky_enabled=&#8220;0&#8243;][\/et_pb_signup_custom_field][\/et_pb_signup][\/et_pb_column][\/et_pb_row][\/et_pb_section]<\/p>\n","protected":false},"excerpt":{"rendered":"<p>Zpravodaj Odemkn\u011bte exkluzivn\u00ed informace a nab\u00eddky &#8211; p\u0159ihlaste se k odb\u011bru na\u0161eho newsletteru! Vydejte se na cestu za pozn\u00e1n\u00edm s na\u0161\u00edm newsletterem! P\u0159edplatn\u00fdm z\u00edsk\u00e1te VIP p\u0159\u00edstup do sv\u011bta exkluzivn\u00edho obsahu, [&hellip;]<\/p>\n","protected":false},"author":1,"featured_media":0,"parent":0,"menu_order":998,"comment_status":"closed","ping_status":"closed","template":"","meta":{"_et_pb_use_builder":"on","_et_pb_old_content":"","_et_gb_content_width":"","_price":"","_stock":"","_tribe_ticket_header":"","_tribe_default_ticket_provider":"","_tribe_ticket_capacity":"0","_ticket_start_date":"","_ticket_end_date":"","_tribe_ticket_show_description":"","_tribe_ticket_show_not_going":false,"_tribe_ticket_use_global_stock":"","_tribe_ticket_global_stock_level":"","_global_stock_mode":"","_global_stock_cap":"","_tribe_rsvp_for_event":"","_tribe_ticket_going_count":"","_tribe_ticket_not_going_count":"","_tribe_tickets_list":"[]","_tribe_ticket_has_attendee_info_fields":false,"footnotes":""},"class_list":["post-1114656","page","type-page","status-publish","hentry"],"_links":{"self":[{"href":"https:\/\/www.swisslens.ch\/cz\/wp-json\/wp\/v2\/pages\/1114656","targetHints":{"allow":["GET"]}}],"collection":[{"href":"https:\/\/www.swisslens.ch\/cz\/wp-json\/wp\/v2\/pages"}],"about":[{"href":"https:\/\/www.swisslens.ch\/cz\/wp-json\/wp\/v2\/types\/page"}],"author":[{"embeddable":true,"href":"https:\/\/www.swisslens.ch\/cz\/wp-json\/wp\/v2\/users\/1"}],"replies":[{"embeddable":true,"href":"https:\/\/www.swisslens.ch\/cz\/wp-json\/wp\/v2\/comments?post=1114656"}],"version-history":[{"count":3,"href":"https:\/\/www.swisslens.ch\/cz\/wp-json\/wp\/v2\/pages\/1114656\/revisions"}],"predecessor-version":[{"id":1152137,"href":"https:\/\/www.swisslens.ch\/cz\/wp-json\/wp\/v2\/pages\/1114656\/revisions\/1152137"}],"wp:attachment":[{"href":"https:\/\/www.swisslens.ch\/cz\/wp-json\/wp\/v2\/media?parent=1114656"}],"curies":[{"name":"wp","href":"https:\/\/api.w.org\/{rel}","templated":true}]}}